{"id":7108,"date":"2024-06-14T11:53:54","date_gmt":"2024-06-14T03:53:54","guid":{"rendered":"https:\/\/www.lite-move.com\/product\/acn-1200-fern-abblendlicht\/"},"modified":"2024-10-23T03:47:51","modified_gmt":"2024-10-22T19:47:51","slug":"acn-1200-fern-abblendlicht","status":"publish","type":"product","link":"https:\/\/www.lite-move.com\/de\/product\/acn-1200-fern-abblendlicht\/","title":{"rendered":"ACN-1200 (Fern-\/Abblendlicht)"},"content":{"rendered":"\n\t<section class=\"section hide-for-medium\" id=\"section_1475421550\">\n\t\t<div class=\"section-bg fill\" >\n\t\t\t\t\t\t\t\t\t\n\t\t\t\n\n\t\t<\/div>\n\n\t\t\n\n\t\t<div class=\"section-content relative\">\n\t\t\t\n\n\t\t<div class=\"tabbed-content\">\n\t\t\t\n\t\t\t<ul class=\"nav nav-tabs nav-uppercase nav-size-normal nav-center\" role=\"tablist\"><li id=\"tab-beschreibung\" class=\"tab active has-icon\" role=\"presentation\"><a href=\"#tab_beschreibung\" role=\"tab\" aria-selected=\"true\" aria-controls=\"tab_beschreibung\"><span>Beschreibung<\/span><\/a><\/li>\n<li id=\"tab-spezifikation\" class=\"tab has-icon\" role=\"presentation\"><a href=\"#tab_spezifikation\" tabindex=\"-1\" role=\"tab\" aria-selected=\"false\" aria-controls=\"tab_spezifikation\"><span>Spezifikation<\/span><\/a><\/li>\n<li id=\"tab-video\" class=\"tab has-icon\" role=\"presentation\"><a href=\"#tab_video\" tabindex=\"-1\" role=\"tab\" aria-selected=\"false\" aria-controls=\"tab_video\"><span>Video<\/span><\/a><\/li>\n<li id=\"tab-systemkompatibilit\u00e4t\" class=\"tab has-icon\" role=\"presentation\"><a href=\"#tab_systemkompatibilit\u00e4t\" tabindex=\"-1\" role=\"tab\" aria-selected=\"false\" aria-controls=\"tab_systemkompatibilit\u00e4t\"><span>Systemkompatibilit\u00e4t<\/span><\/a><\/li><\/ul><div class=\"tab-panels\"><div id=\"tab_beschreibung\" class=\"panel active entry-content\" role=\"tabpanel\" aria-labelledby=\"tab-beschreibung\">\n<h3><strong>Performance<\/strong><\/h3>\n<p>Litemove&#8217;s ACN-1200 ist ein leistungsstarkes E-Bike-Licht, das 1200 Lumen mit Abblend- und Fernlichtfunktion liefert. Durch die Verwendung der zweiten Generation der MTi-Plus-Optiktechnologie bietet der ACN-1200 ein verfeinertes Lichtmuster, das eine optimale Beleuchtung f\u00fcr Hochgeschwindigkeitsfahrten auf unterschiedlichem Terrain gew\u00e4hrleistet. Die robuste Aluminiumkonstruktion in Kombination mit effizienter K\u00fchltechnologie sorgt daf\u00fcr, dass die Leuchte den Elementen standh\u00e4lt und gleichzeitig eine konstante, langanhaltende Leistung bietet.<\/p>\n<h3><strong>Montage<\/strong><\/h3>\n<p>\u00dcberpr\u00fcfe <a href=\"https:\/\/www.lite-move.com\/de\/produkt-kategorie\/befestigungshalterungen\/\">Kompatibilit\u00e4t mit dem Halter \/ der Montage<\/a><\/p>\n<h3><strong>Hinweis:<\/strong><\/h3>\n<ul>\n<li>Dieser Scheinwerfer kann NUR \u00fcber 12V (10,5V ~ 16V) Gleichstrom geladen werden.<\/li>\n<li>Nicht \u00fcber eine Wechselstromquelle (z. B. einen Dynamo) aufladen<\/li>\n<li>Das Anschlie\u00dfen an Stromquellen, die die Spannungsgrenze \u00fcberschreiten, kann zu Sch\u00e4den an der Leuchte f\u00fchren<\/li>\n<li>Die Leuchte verf\u00fcgt \u00fcber keinen Schalter, sie wird \u00fcber das E-Bike-System gesteuert<\/li>\n<\/ul>\n<\/div>\n<div id=\"tab_spezifikation\" class=\"panel entry-content\" role=\"tabpanel\" aria-labelledby=\"tab-spezifikation\">\n<div class=\"row row-collapse\"  id=\"row-1637330408\">\n\n\t<div id=\"col-743756461\" class=\"col medium-10 small-12 large-10\"  >\n\t\t\t\t<div class=\"col-inner\"  >\n\t\t\t\n\t\t\t\n\t\t<\/div>\n\t\t\t\t\t<\/div>\n\n\t\n<p><span style=\"font-size: 14.4px;\"> <\/span><\/p>\n<table style=\"height: 501px;\" width=\"719\">\n<tbody>\n<tr>\n<td width=\"30%\">Modellname<\/td>\n<td width=\"70%\">ACN-1200<\/td>\n<\/tr>\n<tr>\n<td>Modellnummer<\/td>\n<td width=\"155\">ACN1200D\/ACN1200S\/ACN1200U<\/td>\n<\/tr>\n<tr>\n<td>S\/N<\/td>\n<td width=\"155\">0032<\/td>\n<\/tr>\n<tr>\n<td>Lichtst\u00e4rke<\/td>\n<td>Fernlicht: 155 lux\/ 1200 Lumens<br \/>\nAbblendlicht: 130 lux\/ 990 Lumens<\/td>\n<\/tr>\n<tr>\n<td>Optische Technologie<\/td>\n<td>MTi Plus<\/td>\n<\/tr>\n<tr>\n<td>Lichtquelle<\/td>\n<td>LED *12<\/td>\n<\/tr>\n<tr>\n<td>Eingangsspannung (DC)<\/td>\n<td>12V(10,5V ~ 16V)<\/td>\n<\/tr>\n<tr>\n<td>Leistungsaufnahme:<\/td>\n<td>Fernlicht: 18W max.<br \/>\nAbblendlicht: 11W<\/td>\n<\/tr>\n<tr>\n<td>Kabeldurchmesser:<\/td>\n<td>Strom: \u00f84mm<br \/>\nSchalter: \u00f82.55mm<\/td>\n<\/tr>\n<tr>\n<td>Kabell\u00e4nge<\/td>\n<td>Strom: 1400mm<br \/>\nSchalter: 300mm\/650mm<\/td>\n<\/tr>\n<tr>\n<td>Schutzart<\/td>\n<td>IP56<\/td>\n<\/tr>\n<tr>\n<td>Betriebstemperatur (\u00b0C)<\/td>\n<td>-25 ~ +50<\/td>\n<\/tr>\n<tr>\n<td>Material<\/td>\n<td>Aluminum<\/td>\n<\/tr>\n<tr>\n<td>Gewicht (ohne Kabel)<\/td>\n<td>128g<\/td>\n<\/tr>\n<tr>\n<td>Abmessungen (BxHxL)<\/td>\n<td>\u00f846 x 52mm<\/td>\n<\/tr>\n<tr>\n<td>Schalterhalterung \/ -montage<\/td>\n<td>\u00f822,2mm<\/td>\n<\/tr>\n<tr>\n<td>Reflektor (Optional)<\/td>\n<td>RF1 \/ RFD<\/td>\n<\/tr>\n<tr>\n<td>Zertifizierungen<\/td>\n<td>CE\/ ROHS\/ REACH<\/td>\n<\/tr>\n<tr>\n<td><\/td>\n<td><\/td>\n<\/tr>\n<tr>\n<td><\/td>\n<td><\/td>\n<\/tr>\n<\/tbody>\n<\/table>\n<\/div>\n<\/div>\n<div id=\"tab_video\" class=\"panel entry-content\" role=\"tabpanel\" aria-labelledby=\"tab-video\">\n<\/div>\n<div id=\"tab_systemkompatibilit\u00e4t\" class=\"panel entry-content\" role=\"tabpanel\" aria-labelledby=\"tab-systemkompatibilit\u00e4t\">\n<p>Systemkompatibilit\u00e4t &#8211; <a href=\"https:\/\/www.lite-move.com\/download\/\">Download<\/a><\/p>\n\t<div class=\"img has-hover x md-x lg-x y md-y lg-y\" id=\"image_369234308\">\n\t\t\t\t\t\t\t\t<div class=\"img-inner dark\" >\n\t\t\t\t\t\t\t\t\t\n\t\t\t\t\t<\/div>\n\t\t\t\t\t\t\t\t\n<style>\n#image_369234308 {\n  width: 100%;\n}\n<\/style>\n\t<\/div>\n\t\n<\/div><\/div><\/div>\n\t\t<\/div>\n\n\t\t\n<style>\n#section_1475421550 {\n  padding-top: 0px;\n  padding-bottom: 0px;\n}\n<\/style>\n\t<\/section>\n\t\n\n\t<section class=\"section show-for-medium\" id=\"section_1498679173\">\n\t\t<div class=\"section-bg fill\" >\n\t\t\t\t\t\t\t\t\t\n\t\t\t\n\n\t\t<\/div>\n\n\t\t\n\n\t\t<div class=\"section-content relative\">\n\t\t\t\n<div class=\"accordion\">\n\t<div id=\"accordion-3010821952\" class=\"accordion-item\">\n\t\t<a id=\"accordion-3010821952-label\" class=\"accordion-title plain\" href=\"#accordion-item-beschreibung\" aria-expanded=\"false\" aria-controls=\"accordion-3010821952-content\" >\n\t\t\t<button class=\"toggle\" aria-label=\"Toggle\"><i class=\"icon-angle-down\"><\/i><\/button>\n\t\t\t<span>BESCHREIBUNG<\/span>\n\t\t<\/a>\n\t\t<div id=\"accordion-3010821952-content\" class=\"accordion-inner\" aria-labelledby=\"accordion-3010821952-label\" >\n\t\t\t\n<div class=\"row\"  id=\"row-1883979129\">\n\n\t<div id=\"col-1942771894\" class=\"col medium-10 small-12 large-10\"  >\n\t\t\t\t<div class=\"col-inner\"  >\n\t\t\t\n\t\t\t\n<h3><strong>Performance<\/strong><\/h3>\n<p>Litemove&#8217;s ACN-1200 ist ein leistungsstarkes E-Bike-Licht, das 1200 Lumen mit Abblend- und Fernlichtfunktion liefert. Durch die Verwendung der zweiten Generation der MTi-Plus-Optiktechnologie bietet der ACN-1200 ein verfeinertes Lichtmuster, das eine optimale Beleuchtung f\u00fcr Hochgeschwindigkeitsfahrten auf unterschiedlichem Terrain gew\u00e4hrleistet. Die robuste Aluminiumkonstruktion in Kombination mit effizienter K\u00fchltechnologie sorgt daf\u00fcr, dass die Leuchte den Elementen standh\u00e4lt und gleichzeitig eine konstante, langanhaltende Leistung bietet.<\/p>\n<h3><strong>Montage<\/strong><\/h3>\n<p>\u00dcberpr\u00fcfe <a href=\"https:\/\/www.lite-move.com\/de\/produkt-kategorie\/befestigungshalterungen\/\">Kompatibilit\u00e4t mit dem Halter \/ der Montage<\/a><\/p>\n<h3><strong>Hinweis:<\/strong><\/h3>\n<ul>\n<li>Dieser Scheinwerfer kann NUR \u00fcber 12V (10,5V ~ 16V) Gleichstrom geladen werden.<\/li>\n<li>Nicht \u00fcber eine Wechselstromquelle (z. B. einen Dynamo) aufladen<\/li>\n<li>Das Anschlie\u00dfen an Stromquellen, die die Spannungsgrenze \u00fcberschreiten, kann zu Sch\u00e4den an der Leuchte f\u00fchren<\/li>\n<li>Die Leuchte verf\u00fcgt \u00fcber keinen Schalter, sie wird \u00fcber das E-Bike-System gesteuert<\/li>\n<\/ul>\n\t\t<\/div>\n\t\t\t\t\t<\/div>\n\n\t\n<\/div>\n\t\t<\/div>\n\t<\/div>\n\t\n\t<div id=\"accordion-3189715991\" class=\"accordion-item\">\n\t\t<a id=\"accordion-3189715991-label\" class=\"accordion-title plain\" href=\"#accordion-item-spezifikation\" aria-expanded=\"false\" aria-controls=\"accordion-3189715991-content\" >\n\t\t\t<button class=\"toggle\" aria-label=\"Toggle\"><i class=\"icon-angle-down\"><\/i><\/button>\n\t\t\t<span>SPEZIFIKATION<\/span>\n\t\t<\/a>\n\t\t<div id=\"accordion-3189715991-content\" class=\"accordion-inner\" aria-labelledby=\"accordion-3189715991-label\" >\n\t\t\t\n<table width=\"100%\">\n<tbody>\n<tr>\n<td width=\"30%\">Modellname<\/td>\n<td width=\"70%\">AC-150<\/td>\n<\/tr>\n<tr>\n<td>Modellnummer<\/td>\n<td width=\"155\">AC150D\/AC150S\/AC150U<\/td>\n<\/tr>\n<tr>\n<td>S\/N<\/td>\n<td width=\"155\">0015<\/td>\n<\/tr>\n<tr>\n<td>Lichtst\u00e4rke<\/td>\n<td>Fernlicht: 210 Lux<br \/>\nAbblendlicht: 140 Lux<\/td>\n<\/tr>\n<tr>\n<td>Optische Technologie<\/td>\n<td>MTi Plus<\/td>\n<\/tr>\n<tr>\n<td>Lichtquelle<\/td>\n<td>LED *2<\/td>\n<\/tr>\n<tr>\n<td>Eingangsspannung (DC)<\/td>\n<td>12V(10,5V ~ 16V)<\/td>\n<\/tr>\n<tr>\n<td>Leistungsaufnahme<\/td>\n<td>Fernlicht: 16W max.<br \/>\nAbblendlicht: 10W<\/td>\n<\/tr>\n<tr>\n<td>Kabeldurchmesser:<\/td>\n<td>Strom: \u00f84mm<br \/>\nSchalter: \u00f82.55mm<\/td>\n<\/tr>\n<tr>\n<td>Kabell\u00e4nge<\/td>\n<td>Strom: 1400mm<br \/>\nSchalter: 300mm\/650mm<\/td>\n<\/tr>\n<tr>\n<td>Schutzart<\/td>\n<td>IP56<\/td>\n<\/tr>\n<tr>\n<td>Betriebstemperatur (\u00b0C)<\/td>\n<td>-25 ~ +50<\/td>\n<\/tr>\n<tr>\n<td>Material<\/td>\n<td>Aluminum<\/td>\n<\/tr>\n<tr>\n<td>Gewicht (inkl. Kabel)<\/td>\n<td>128g<\/td>\n<\/tr>\n<tr>\n<td>Abmessungen (BxHxL)<\/td>\n<td>\u00f846 x 52mm<\/td>\n<\/tr>\n<tr>\n<td>Schalterhalterung \/ -montage<\/td>\n<td>\u00f822,2mm<\/td>\n<\/tr>\n<tr>\n<td>Reflektor (Optional)<\/td>\n<td>RF1\/RFD<\/td>\n<\/tr>\n<tr>\n<td>Compliance<\/td>\n<td>RoHS \/ CE \/ Prop 65<\/td>\n<\/tr>\n<tr>\n<td>Zulassungstyp<\/td>\n<td>StVZO-K<\/td>\n<\/tr>\n<tr>\n<td>Genehmigungsnummer<\/td>\n<td><\/td>\n<\/tr>\n<\/tbody>\n<\/table>\n\t\t<\/div>\n\t<\/div>\n\t\n\t<div id=\"accordion-2831263691\" class=\"accordion-item\">\n\t\t<a id=\"accordion-2831263691-label\" class=\"accordion-title plain\" href=\"#accordion-item-video\" aria-expanded=\"false\" aria-controls=\"accordion-2831263691-content\" >\n\t\t\t<button class=\"toggle\" aria-label=\"Toggle\"><i class=\"icon-angle-down\"><\/i><\/button>\n\t\t\t<span>VIDEO<\/span>\n\t\t<\/a>\n\t\t<div id=\"accordion-2831263691-content\" class=\"accordion-inner\" aria-labelledby=\"accordion-2831263691-label\" >\n\t\t\t\n<div class=\"row row-collapse row-full-width\"  id=\"row-1246145324\">\n\n\t<div id=\"col-191099569\" class=\"col medium-10 small-12 large-10\"  >\n\t\t\t\t<div class=\"col-inner\"  >\n\t\t\t\n\t\t\t\n<p>Systemkompatibilit\u00e4t &#8211; <a href=\"https:\/\/www.lite-move.com\/download\/\">Download.<\/a><\/p>\n\t\t<\/div>\n\t\t\t\t\t<\/div>\n\n\t\n<\/div>\n\t\t<\/div>\n\t<\/div>\n\t\n\t<div id=\"accordion-1260398352\" class=\"accordion-item\">\n\t\t<a id=\"accordion-1260398352-label\" class=\"accordion-title plain\" href=\"#accordion-item-systemkompatibilit\u00e4t\" aria-expanded=\"false\" aria-controls=\"accordion-1260398352-content\" >\n\t\t\t<button class=\"toggle\" aria-label=\"Toggle\"><i class=\"icon-angle-down\"><\/i><\/button>\n\t\t\t<span>Systemkompatibilit\u00e4t<\/span>\n\t\t<\/a>\n\t\t<div id=\"accordion-1260398352-content\" class=\"accordion-inner\" aria-labelledby=\"accordion-1260398352-label\" >\n\t\t\t\n<div class=\"row row-collapse row-full-width\"  id=\"row-223929183\">\n\n\t<div id=\"col-585138054\" class=\"col medium-10 small-12 large-10\"  >\n\t\t\t\t<div class=\"col-inner\"  >\n\t\t\t\n\t\t\t\n<p>Systemkompatibilit\u00e4t &#8211; <a href=\"https:\/\/www.lite-move.com\/download\/\">Download.<\/a><\/p>\n\t\t<\/div>\n\t\t\t\t\t<\/div>\n\n\t\n<\/div>\n\t\t<\/div>\n\t<\/div>\n\t\n<\/div>\n\t\t<\/div>\n\n\t\t\n<style>\n#section_1498679173 {\n  padding-top: 0px;\n  padding-bottom: 0px;\n}\n<\/style>\n\t<\/section>\n\t\n","protected":false},"excerpt":{"rendered":"<ul>\n<li>ACN-1200 ist ein leistungsstarker E-Bike-Scheinwerfer, der eine Lichtst\u00e4rke von 1200 Lumen bietet und \u00fcber eine Fern-\/Abblendlichtfunktion verf\u00fcgt.<\/li>\n<li>Unter Verwendung unserer zweiten Generation der MTi Plus-Optiktechnologie ist der ACN-1200 mit einem speziell verfeinerten Lichtmuster entwickelt, das eine optimale Ausleuchtung f\u00fcr Hochgeschwindigkeitsfahrten auf unterschiedlichstem Gel\u00e4nde bietet.<\/li>\n<li>Die robuste Aluminiumkonstruktion, kombiniert mit effizienter K\u00fchltechnologie, sorgt daf\u00fcr, dass die Leuchte den Elementen standh\u00e4lt und gleichzeitig eine konstante, langlebige Leistung aufrechterh\u00e4lt.<\/li>\n<li><span style=\"font-weight: 400;\">12V (10,5V ~ 16V) mit einem maximalen Stromverbrauch von 18 Watt<\/span><\/li>\n<li><span style=\"font-weight: 400;\">2-teiliger Steuerknopf f\u00fcr die Fernlichtfunktion<\/span><\/li>\n<li><span style=\"font-weight: 400;\">Mehrere Befestigungsoptionen in einem Geh\u00e4use: Gabel, Vorbau oder Lenker<\/span><\/li>\n<li><span style=\"font-weight: 400;\">IP56 &#8211; Sch\u00fctzt gegen Hochdruck-Wasserstrahlen oder das Eindringen von Staub.<\/span><\/li>\n<li><span style=\"font-weight: 400;\">Konformit\u00e4t mit CE\/ ROHS\/ REACH.<\/span><\/li>\n<li>\u00dcberpr\u00fcfe die <a href=\"\/product-category\/mounting-brackets\/\">Kompatibilit\u00e4t von Halterungen\/Montagen<\/a>.<\/li>\n<\/ul>\n","protected":false},"featured_media":6877,"template":"","meta":{"inline_featured_image":false},"product_brand":[],"product_cat":[172,170,171],"product_tag":[],"class_list":{"0":"post-7108","1":"product","2":"type-product","3":"status-publish","4":"has-post-thumbnail","6":"product_cat-leistungsstarke-e-bike-scheinwerfer","7":"product_cat-lichter","8":"product_cat-scheinwerfer-alle","9":"pa_reflector-front-reflektor","11":"first","12":"instock","13":"shipping-taxable","14":"product-type-simple"},"_links":{"self":[{"href":"https:\/\/www.lite-move.com\/de\/wp-json\/wp\/v2\/product\/7108","targetHints":{"allow":["GET"]}}],"collection":[{"href":"https:\/\/www.lite-move.com\/de\/wp-json\/wp\/v2\/product"}],"about":[{"href":"https:\/\/www.lite-move.com\/de\/wp-json\/wp\/v2\/types\/product"}],"wp:featuredmedia":[{"embeddable":true,"href":"https:\/\/www.lite-move.com\/de\/wp-json\/wp\/v2\/media\/6877"}],"wp:attachment":[{"href":"https:\/\/www.lite-move.com\/de\/wp-json\/wp\/v2\/media?parent=7108"}],"wp:term":[{"taxonomy":"product_brand","embeddable":true,"href":"https:\/\/www.lite-move.com\/de\/wp-json\/wp\/v2\/product_brand?post=7108"},{"taxonomy":"product_cat","embeddable":true,"href":"https:\/\/www.lite-move.com\/de\/wp-json\/wp\/v2\/product_cat?post=7108"},{"taxonomy":"product_tag","embeddable":true,"href":"https:\/\/www.lite-move.com\/de\/wp-json\/wp\/v2\/product_tag?post=7108"}],"curies":[{"name":"wp","href":"https:\/\/api.w.org\/{rel}","templated":true}]}}