{"id":7111,"date":"2023-09-15T16:54:22","date_gmt":"2023-09-15T08:54:22","guid":{"rendered":"https:\/\/www.lite-move.com\/product\/tx301\/"},"modified":"2025-04-25T14:02:47","modified_gmt":"2025-04-25T06:02:47","slug":"tx301","status":"publish","type":"product","link":"https:\/\/www.lite-move.com\/de\/product\/tx301\/","title":{"rendered":"TX301"},"content":{"rendered":"\n\t<section class=\"section hide-for-medium\" id=\"section_1109478890\">\n\t\t<div class=\"section-bg fill\" >\n\t\t\t\t\t\t\t\t\t\n\t\t\t\n\n\t\t<\/div>\n\n\t\t\n\n\t\t<div class=\"section-content relative\">\n\t\t\t\n\n\t\t<div class=\"tabbed-content\">\n\t\t\t\n\t\t\t<ul class=\"nav nav-tabs nav-uppercase nav-size-normal nav-center\" role=\"tablist\"><li id=\"tab-beschreibung\" class=\"tab active has-icon\" role=\"presentation\"><a href=\"#tab_beschreibung\" role=\"tab\" aria-selected=\"true\" aria-controls=\"tab_beschreibung\"><span>Beschreibung<\/span><\/a><\/li>\n<li id=\"tab-spezifikation\" class=\"tab has-icon\" role=\"presentation\"><a href=\"#tab_spezifikation\" tabindex=\"-1\" role=\"tab\" aria-selected=\"false\" aria-controls=\"tab_spezifikation\"><span>Spezifikation<\/span><\/a><\/li>\n<li id=\"tab-video\" class=\"tab has-icon\" role=\"presentation\"><a href=\"#tab_video\" tabindex=\"-1\" role=\"tab\" aria-selected=\"false\" aria-controls=\"tab_video\"><span>Video<\/span><\/a><\/li>\n<li id=\"tab-systemkompatibilit\u00e4t\" class=\"tab has-icon\" role=\"presentation\"><a href=\"#tab_systemkompatibilit\u00e4t\" tabindex=\"-1\" role=\"tab\" aria-selected=\"false\" aria-controls=\"tab_systemkompatibilit\u00e4t\"><span>Systemkompatibilit\u00e4t<\/span><\/a><\/li><\/ul><div class=\"tab-panels\"><div id=\"tab_beschreibung\" class=\"panel active entry-content\" role=\"tabpanel\" aria-labelledby=\"tab-beschreibung\">\n<div class=\"row row-collapse\"  id=\"row-28527065\">\n\n\t<div id=\"col-1128217709\" class=\"col medium-10 small-12 large-10\"  >\n\t\t\t\t<div class=\"col-inner\"  >\n\t\t\t\n\t\t\t\n<h3><strong>Performance<\/strong><\/h3>\n<p><span style=\"font-weight: 400;\">Das Litemove TX301 Fahrradlicht bietet eine 240-Grad-Lichtsichtbarkeit, die ein rundum sichtbares Lichtfeld schafft, das auch von der Seite erkennbar ist.<\/span><\/p>\n<p><span style=\"font-weight: 400;\">Das abgestimmte Design der beiden Elemente erm\u00f6glicht es dem Licht, der gebogenen Form des Gep\u00e4cktr\u00e4gers perfekt zu folgen, was die \u00c4sthetik verbessert und eine Weitwinkel-Sichtbarkeit bietet. Es ist einfach zu montieren und zu warten. <\/span><\/p>\n<p><span style=\"font-weight: 400;\">Verf\u00fcgbar f\u00fcr das MIK-System.<\/span><\/p>\n<h3><strong>Klein und kompakt<\/strong><\/h3>\n<p>Abmessung &amp; Gewicht:<br \/>\n<span style=\"font-weight: 400;\">TX301: 124,4 (B) x 20,4(H) x 16,8(L) mm; 36g<\/span><\/p>\n<h3><strong>Montage<\/strong><\/h3>\n<p>L\u00e4sst sich einfach auf der R\u00fcckseite eines beliebigen E-Bike-TX-Gep\u00e4cktr\u00e4gers montieren.<\/p>\n<h3><strong>Notiz:<\/strong><\/h3>\n<ul>\n<li style=\"font-weight: 400;\" aria-level=\"1\"><span style=\"font-weight: 400;\">Dieses R\u00fccklicht kann NUR \u00fcber 12V (6V ~ 16V) Gleichstrom geladen werden.<\/span><\/li>\n<li style=\"font-weight: 400;\" aria-level=\"1\"><span style=\"font-weight: 400;\">Lade das R\u00fccklicht nicht \u00fcber eine Wechselstromquelle (z. B. einen Dynamo) auf.<\/span><\/li>\n<li style=\"font-weight: 400;\" aria-level=\"1\"><span style=\"font-weight: 400;\">Das Anschlie\u00dfen an Stromquellen, die die Spannungsgrenze \u00fcberschreiten, kann zu Sch\u00e4den an der Leuchte f\u00fchren<\/span><\/li>\n<li style=\"font-weight: 400;\" aria-level=\"1\"><span style=\"font-weight: 400;\">Die Leuchte verf\u00fcgt \u00fcber keinen Schalter, sie wird \u00fcber das E-Bike-System gesteuert.<\/span><\/li>\n<\/ul>\n\t\t<\/div>\n\t\t\t\t\t<\/div>\n\n\t\n<\/div>\n<\/div>\n<div id=\"tab_spezifikation\" class=\"panel entry-content\" role=\"tabpanel\" aria-labelledby=\"tab-spezifikation\">\n<div class=\"row row-collapse\"  id=\"row-1831744476\">\n\n\t<div id=\"col-654682641\" class=\"col medium-10 small-12 large-10\"  >\n\t\t\t\t<div class=\"col-inner\"  >\n\t\t\t\n\t\t\t\n<p>&nbsp;<\/p>\n<table style=\"height: 518px;\" width=\"654\">\n<tbody>\n<tr>\n<td width=\"30%\">Modellname<\/td>\n<td width=\"70%\">TX3<\/td>\n<\/tr>\n<tr>\n<td>Modellnummer.<\/td>\n<td width=\"155\">TX301<\/td>\n<\/tr>\n<tr>\n<td>S\/N<\/td>\n<td width=\"155\">CB0014<\/td>\n<\/tr>\n<tr>\n<td>Light Output<\/td>\n<td>Brake light: 80000mcd\/ 30 lumens<br \/>\nRear light: 2600mcd\/ 12 lumens<\/td>\n<\/tr>\n<tr>\n<td>Optische Technologie<\/td>\n<td>TX3<\/td>\n<\/tr>\n<tr>\n<td>Lichtquelle<\/td>\n<td>LED *48<\/td>\n<\/tr>\n<tr>\n<td>Eingangsspannung (DC)<\/td>\n<td>12V(6V ~ 16V)<\/td>\n<\/tr>\n<tr>\n<td>Leistungsaufnahme<\/td>\n<td>Bremslicht: 2W<br \/>\nR\u00fccklicht: 0,6W<\/td>\n<\/tr>\n<tr>\n<td>Kabeldurchmesser<\/td>\n<td>\u00f83mm<\/td>\n<\/tr>\n<tr>\n<td>Kabell\u00e4nge<\/td>\n<td>1400mm<\/td>\n<\/tr>\n<tr>\n<td>Schutzart<\/td>\n<td>IP56<\/td>\n<\/tr>\n<tr>\n<td>Betriebstemperatur (\u00b0C)<\/td>\n<td>-20 ~ +50<\/td>\n<\/tr>\n<tr>\n<td>Material<\/td>\n<td>Kunststoff<\/td>\n<\/tr>\n<tr>\n<td>Gewicht (inkl. Kabel)<\/td>\n<td>36g<\/td>\n<\/tr>\n<tr>\n<td>Abmessungen (BxHxL)<\/td>\n<td>124,4 x 20,4 x 16,8mm<\/td>\n<\/tr>\n<tr>\n<td>Montageoption<\/td>\n<td>TX3-kompatibler Gep\u00e4cktr\u00e4ger<\/td>\n<\/tr>\n<tr>\n<td>Reflektor (optional)<\/td>\n<td>N\/A<\/td>\n<\/tr>\n<tr>\n<td>Kompatibilit\u00e4t<\/td>\n<td>CE\/ RoHS\/ REACH<\/td>\n<\/tr>\n<tr>\n<td>Zulassungstyp<\/td>\n<td>StVZO-K &amp; ISO-6742<\/td>\n<\/tr>\n<tr>\n<td>Zulassungsnummer<\/td>\n<td>~ K 2450<\/td>\n<\/tr>\n<\/tbody>\n<\/table>\n\t\t<\/div>\n\t\t\t\t\t<\/div>\n\n\t\n<\/div>\n<\/div>\n<div id=\"tab_video\" class=\"panel entry-content\" role=\"tabpanel\" aria-labelledby=\"tab-video\">\n<div class=\"row row-collapse row-full-width\"  id=\"row-1260394445\">\n\n\t<div id=\"col-1254682855\" class=\"col medium-8 small-12 large-8\"  >\n\t\t\t\t<div class=\"col-inner\"  >\n\t\t\t\n\t\t\t\n<div class=\"video video-fit mb\" style=\"padding-top:56.25%;\"><p><iframe loading=\"lazy\" title=\"Litemove TX301 E-Bike Tail Light - Eurobike 2024 presentation!\" width=\"1020\" height=\"574\" src=\"https:\/\/www.youtube.com\/embed\/gwLwyVeVyPI?feature=oembed\" frameborder=\"0\" allow=\"accelerometer; autoplay; clipboard-write; encrypted-media; gyroscope; picture-in-picture; web-share\" referrerpolicy=\"strict-origin-when-cross-origin\" allowfullscreen><\/iframe><\/p>\n<\/div>\n\t\t<\/div>\n\t\t\t\t\t<\/div>\n\n\t\n<\/div>\n<\/div>\n<div id=\"tab_systemkompatibilit\u00e4t\" class=\"panel entry-content\" role=\"tabpanel\" aria-labelledby=\"tab-systemkompatibilit\u00e4t\">\n<div class=\"row row-collapse row-full-width\"  id=\"row-2131175027\">\n\n\t<div id=\"col-375644666\" class=\"col medium-8 small-12 large-8\"  >\n\t\t\t\t<div class=\"col-inner\"  >\n\t\t\t\n\t\t\t\n<p>Systemkompatibilit\u00e4t &#8211; <a href=\"https:\/\/www.lite-move.com\/download\/\">Download<\/a><\/p>\n\t\t<\/div>\n\t\t\t\t\t<\/div>\n\n\t\n<\/div>\n\t<div class=\"img has-hover x md-x lg-x y md-y lg-y\" id=\"image_1096781812\">\n\t\t\t\t\t\t\t\t<div class=\"img-inner dark\" >\n\t\t\t\t\t\t\t\t\t\n\t\t\t\t\t<\/div>\n\t\t\t\t\t\t\t\t\n<style>\n#image_1096781812 {\n  width: 100%;\n}\n<\/style>\n\t<\/div>\n\t\n<\/div><\/div><\/div>\n\t\t<\/div>\n\n\t\t\n<style>\n#section_1109478890 {\n  padding-top: 0px;\n  padding-bottom: 0px;\n}\n<\/style>\n\t<\/section>\n\t\n\n\t<section class=\"section show-for-medium\" id=\"section_1507900098\">\n\t\t<div class=\"section-bg fill\" >\n\t\t\t\t\t\t\t\t\t\n\t\t\t\n\n\t\t<\/div>\n\n\t\t\n\n\t\t<div class=\"section-content relative\">\n\t\t\t\n<div class=\"accordion\">\n\t<div id=\"accordion-233118548\" class=\"accordion-item\">\n\t\t<a id=\"accordion-233118548-label\" class=\"accordion-title plain\" href=\"#accordion-item-beschreibung\" aria-expanded=\"false\" aria-controls=\"accordion-233118548-content\" >\n\t\t\t<button class=\"toggle\" aria-label=\"Toggle\"><i class=\"icon-angle-down\"><\/i><\/button>\n\t\t\t<span>BESCHREIBUNG<\/span>\n\t\t<\/a>\n\t\t<div id=\"accordion-233118548-content\" class=\"accordion-inner\" aria-labelledby=\"accordion-233118548-label\" >\n\t\t\t\n<div class=\"row\"  id=\"row-480410293\">\n\n\t<div id=\"col-1002820155\" class=\"col medium-10 small-12 large-10\"  >\n\t\t\t\t<div class=\"col-inner\"  >\n\t\t\t\n\t\t\t\n<h3><strong>Performance<\/strong><\/h3>\n<p><span style=\"font-weight: 400;\">Das Litemove TX301 Fahrradlicht bietet eine 240-Grad-Lichtsichtbarkeit, die ein rundum sichtbares Lichtfeld schafft, das auch von der Seite erkennbar ist.<\/span><\/p>\n<p><span style=\"font-weight: 400;\">Das abgestimmte Design der beiden Elemente erm\u00f6glicht es dem Licht, der gebogenen Form des Gep\u00e4cktr\u00e4gers perfekt zu folgen, was die \u00c4sthetik verbessert und eine Weitwinkel-Sichtbarkeit bietet. Es ist einfach zu montieren und zu warten. <\/span><\/p>\n<p><span style=\"font-weight: 400;\">Verf\u00fcgbar f\u00fcr das MIK-System.<\/span><\/p>\n<h3><strong>Klein und kompakt<\/strong><\/h3>\n<p>Abmessung &amp; Gewicht:<br \/>\n<span style=\"font-weight: 400;\">TX301: 124,4 (B) x 20,4(H) x 16,8(L) mm; 36g<\/span><\/p>\n<h3><strong>Montage<\/strong><\/h3>\n<p>L\u00e4sst sich einfach auf der R\u00fcckseite eines beliebigen E-Bike-TX-Gep\u00e4cktr\u00e4gers montieren.<\/p>\n<h3><strong>Notiz:<\/strong><\/h3>\n<ul>\n<li style=\"font-weight: 400;\" aria-level=\"1\"><span style=\"font-weight: 400;\">Dieses R\u00fccklicht kann NUR \u00fcber 12V (6V ~ 16V) Gleichstrom geladen werden.<\/span><\/li>\n<li style=\"font-weight: 400;\" aria-level=\"1\"><span style=\"font-weight: 400;\">Lade das R\u00fccklicht nicht \u00fcber eine Wechselstromquelle (z. B. einen Dynamo) auf.<\/span><\/li>\n<li style=\"font-weight: 400;\" aria-level=\"1\"><span style=\"font-weight: 400;\">Das Anschlie\u00dfen an Stromquellen, die die Spannungsgrenze \u00fcberschreiten, kann zu Sch\u00e4den an der Leuchte f\u00fchren<\/span><\/li>\n<li style=\"font-weight: 400;\" aria-level=\"1\"><span style=\"font-weight: 400;\">Die Leuchte verf\u00fcgt \u00fcber keinen Schalter, sie wird \u00fcber das E-Bike-System gesteuert.<\/span><\/li>\n<\/ul>\n\t\t<\/div>\n\t\t\t\t\t<\/div>\n\n\t\n<\/div>\n\t\t<\/div>\n\t<\/div>\n\t\n\t<div id=\"accordion-380525781\" class=\"accordion-item\">\n\t\t<a id=\"accordion-380525781-label\" class=\"accordion-title plain\" href=\"#accordion-item-spezifikation\" aria-expanded=\"false\" aria-controls=\"accordion-380525781-content\" >\n\t\t\t<button class=\"toggle\" aria-label=\"Toggle\"><i class=\"icon-angle-down\"><\/i><\/button>\n\t\t\t<span>SPEZIFIKATION<\/span>\n\t\t<\/a>\n\t\t<div id=\"accordion-380525781-content\" class=\"accordion-inner\" aria-labelledby=\"accordion-380525781-label\" >\n\t\t\t\n\n\t<div id=\"col-555605729\" class=\"col medium-8 small-12 large-8\"  >\n\t\t\t\t<div class=\"col-inner\"  >\n\t\t\t\n\t\t\t\n<p>&nbsp;<\/p>\n<table width=\"100%\">\n<tbody>\n<tr>\n<td width=\"30%\">Modellname<\/td>\n<td width=\"70%\">TX3<\/td>\n<\/tr>\n<tr>\n<td>Modellnummer.<\/td>\n<td width=\"155\">TX301<\/td>\n<\/tr>\n<tr>\n<td>S\/N<\/td>\n<td width=\"155\">0014<\/td>\n<\/tr>\n<tr>\n<td>Lichtleistung<\/td>\n<td>Bremslicht: 80000mcd\/ 30 lumens<br \/>\nR\u00fccklicht: 2600mcd\/ 12 lumens<\/td>\n<\/tr>\n<tr>\n<td>Optische Technologie<\/td>\n<td>TX3<\/td>\n<\/tr>\n<tr>\n<td>Lichtquelle<\/td>\n<td>LED *48<\/td>\n<\/tr>\n<tr>\n<td>Eingangsspannung (DC)<\/td>\n<td>12V(6V ~ 16V)<\/td>\n<\/tr>\n<tr>\n<td>Leistungsaufnahme<\/td>\n<td>Bremslicht: 2W<br \/>\nNotlicht: 2W<br \/>\nR\u00fccklicht: 0,6W<\/td>\n<\/tr>\n<tr>\n<td>Kabeldurchmesser<\/td>\n<td>\u00f83mm<\/td>\n<\/tr>\n<tr>\n<td>Kabell\u00e4nge<\/td>\n<td>1400mm<\/td>\n<\/tr>\n<tr>\n<td>Schutzart<\/td>\n<td>IP56<\/td>\n<\/tr>\n<tr>\n<td>Betriebstemperatur (\u00b0C)<\/td>\n<td>-20 ~ +50<\/td>\n<\/tr>\n<tr>\n<td>Material<\/td>\n<td>Kunststoff<\/td>\n<\/tr>\n<tr>\n<td>Gewicht (inkl. Kabel)<\/td>\n<td>36g<\/td>\n<\/tr>\n<tr>\n<td>Abmessungen (BxHxL)<\/td>\n<td>124,4 x 20,4 x 16,8mm<\/td>\n<\/tr>\n<tr>\n<td>Montageoption<\/td>\n<td>TX-Gep\u00e4cktr\u00e4ger<\/td>\n<\/tr>\n<tr>\n<td>Reflektor (optional)<\/td>\n<td>N\/A<\/td>\n<\/tr>\n<tr>\n<td>Kompatibilit\u00e4t<\/td>\n<td>CE\/ RoHS\/ REACH<\/td>\n<\/tr>\n<tr>\n<td>Zulassungstyp<\/td>\n<td>StVZO-K &amp; ISO-6742<\/td>\n<\/tr>\n<tr>\n<td>Zulassungsnummer<\/td>\n<td><\/td>\n<\/tr>\n<\/tbody>\n<\/table>\n\t\t<\/div>\n\t\t\t\t\t<\/div>\n\n\t\n\t\t<\/div>\n\t<\/div>\n\t\n\t<div id=\"accordion-4173883359\" class=\"accordion-item\">\n\t\t<a id=\"accordion-4173883359-label\" class=\"accordion-title plain\" href=\"#accordion-item-video\" aria-expanded=\"false\" aria-controls=\"accordion-4173883359-content\" >\n\t\t\t<button class=\"toggle\" aria-label=\"Toggle\"><i class=\"icon-angle-down\"><\/i><\/button>\n\t\t\t<span>VIDEO<\/span>\n\t\t<\/a>\n\t\t<div id=\"accordion-4173883359-content\" class=\"accordion-inner\" aria-labelledby=\"accordion-4173883359-label\" >\n\t\t\t\n<div class=\"row row-collapse row-full-width\"  id=\"row-1389798051\">\n\n\t<div id=\"col-881293556\" class=\"col medium-10 small-12 large-10\"  >\n\t\t\t\t<div class=\"col-inner\"  >\n\t\t\t\n\t\t\t\n<div class=\"video video-fit mb\" style=\"padding-top:56.25%;\"><p><iframe loading=\"lazy\" title=\"Litemove TX301 E-Bike Tail Light - Eurobike 2024 presentation!\" width=\"1020\" height=\"574\" src=\"https:\/\/www.youtube.com\/embed\/gwLwyVeVyPI?feature=oembed\" frameborder=\"0\" allow=\"accelerometer; autoplay; clipboard-write; encrypted-media; gyroscope; picture-in-picture; web-share\" referrerpolicy=\"strict-origin-when-cross-origin\" allowfullscreen><\/iframe><\/p>\n<\/div>\n\t\t<\/div>\n\t\t\t\t\t<\/div>\n\n\t\n<\/div>\n\t\t<\/div>\n\t<\/div>\n\t\n\t<div id=\"accordion-1938573809\" class=\"accordion-item\">\n\t\t<a id=\"accordion-1938573809-label\" class=\"accordion-title plain\" href=\"#accordion-item-systemkompatibilit\u00e4t\" aria-expanded=\"false\" aria-controls=\"accordion-1938573809-content\" >\n\t\t\t<button class=\"toggle\" aria-label=\"Toggle\"><i class=\"icon-angle-down\"><\/i><\/button>\n\t\t\t<span>Systemkompatibilit\u00e4t<\/span>\n\t\t<\/a>\n\t\t<div id=\"accordion-1938573809-content\" class=\"accordion-inner\" aria-labelledby=\"accordion-1938573809-label\" >\n\t\t\t\n<div class=\"row row-collapse row-full-width\"  id=\"row-897800686\">\n\n\t<div id=\"col-587238790\" class=\"col medium-10 small-12 large-10\"  >\n\t\t\t\t<div class=\"col-inner\"  >\n\t\t\t\n\t\t\t\n<p>Systemkompatibilit\u00e4t &#8211; <a href=\"https:\/\/www.lite-move.com\/download\/\">Download<\/a><\/p>\n\t\t<\/div>\n\t\t\t\t\t<\/div>\n\n\t\n<\/div>\n\t\t<\/div>\n\t<\/div>\n\t\n<\/div>\n\t\t<\/div>\n\n\t\t\n<style>\n#section_1507900098 {\n  padding-top: 0px;\n  padding-bottom: 0px;\n}\n<\/style>\n\t<\/section>\n\t\n","protected":false},"excerpt":{"rendered":"<ul>\n<li style=\"font-weight: 400;\" aria-level=\"1\"><span style=\"font-weight: 400;\">Ein R\u00fccklicht mit Sensorbrems- und SOS-Lichtfunktion (optional mit zus\u00e4tzlichem R\u00fcckstrahler erh\u00e4ltlich)<\/span><\/li>\n<li style=\"font-weight: 400;\" aria-level=\"1\"><span style=\"font-weight: 400;\">12V (6V ~ 16V) mit einer maximalen Leistungsaufnahme von 2 Watt. <\/span><\/li>\n<li style=\"font-weight: 400;\" aria-level=\"1\"><span style=\"font-weight: 400;\">Integriertes Design zur Montage am Fahrrad-Gep\u00e4cktr\u00e4ger (kompatibel mit MIK-System)<\/span><\/li>\n<li style=\"font-weight: 400;\" aria-level=\"1\"><span style=\"font-weight: 400;\">Einsteckbares Kabel f\u00fcr einfache Installation und Wartung<\/span><\/li>\n<li style=\"font-weight: 400;\" aria-level=\"1\"><span style=\"font-weight: 400;\">Zus\u00e4tzlicher einschiebbarer R\u00fcckstrahler<\/span><\/li>\n<li style=\"font-weight: 400;\" aria-level=\"1\"><span style=\"font-weight: 400;\">240 Grad weite Sichtbarkeit<\/span><\/li>\n<li style=\"font-weight: 400;\" aria-level=\"1\"><span style=\"font-weight: 400;\">F\u00fcr 25 km\/h E-Bikes <\/span>\/ EPAC<\/li>\n<li aria-level=\"1\">StVZO K-Mark &amp; ISO-6742 Kompatibilit\u00e4t<\/li>\n<\/ul>\n","protected":false},"featured_media":7205,"template":"","meta":{"inline_featured_image":false},"product_brand":[],"product_cat":[186,169,170,187],"product_tag":[],"class_list":{"0":"post-7111","1":"product","2":"type-product","3":"status-publish","4":"has-post-thumbnail","6":"product_cat-e-bike-rucklichter-25km","7":"product_cat-empfohlene-produkte","8":"product_cat-lichter","9":"product_cat-rucklicht-alle","10":"pa_reflector-ruckstrahler","12":"first","13":"instock","14":"shipping-taxable","15":"product-type-simple"},"_links":{"self":[{"href":"https:\/\/www.lite-move.com\/de\/wp-json\/wp\/v2\/product\/7111","targetHints":{"allow":["GET"]}}],"collection":[{"href":"https:\/\/www.lite-move.com\/de\/wp-json\/wp\/v2\/product"}],"about":[{"href":"https:\/\/www.lite-move.com\/de\/wp-json\/wp\/v2\/types\/product"}],"wp:featuredmedia":[{"embeddable":true,"href":"https:\/\/www.lite-move.com\/de\/wp-json\/wp\/v2\/media\/7205"}],"wp:attachment":[{"href":"https:\/\/www.lite-move.com\/de\/wp-json\/wp\/v2\/media?parent=7111"}],"wp:term":[{"taxonomy":"product_brand","embeddable":true,"href":"https:\/\/www.lite-move.com\/de\/wp-json\/wp\/v2\/product_brand?post=7111"},{"taxonomy":"product_cat","embeddable":true,"href":"https:\/\/www.lite-move.com\/de\/wp-json\/wp\/v2\/product_cat?post=7111"},{"taxonomy":"product_tag","embeddable":true,"href":"https:\/\/www.lite-move.com\/de\/wp-json\/wp\/v2\/product_tag?post=7111"}],"curies":[{"name":"wp","href":"https:\/\/api.w.org\/{rel}","templated":true}]}}