{"id":7112,"date":"2023-09-15T16:53:57","date_gmt":"2023-09-15T08:53:57","guid":{"rendered":"https:\/\/www.lite-move.com\/product\/tx302\/"},"modified":"2025-04-25T14:03:20","modified_gmt":"2025-04-25T06:03:20","slug":"tx302","status":"publish","type":"product","link":"https:\/\/www.lite-move.com\/de\/product\/tx302\/","title":{"rendered":"TX302"},"content":{"rendered":"\n\t<section class=\"section hide-for-medium\" id=\"section_272949329\">\n\t\t<div class=\"section-bg fill\" >\n\t\t\t\t\t\t\t\t\t\n\t\t\t\n\n\t\t<\/div>\n\n\t\t\n\n\t\t<div class=\"section-content relative\">\n\t\t\t\n\n\t\t<div class=\"tabbed-content\">\n\t\t\t\n\t\t\t<ul class=\"nav nav-tabs nav-uppercase nav-size-normal nav-center\" role=\"tablist\"><li id=\"tab-beschreibung\" class=\"tab active has-icon\" role=\"presentation\"><a href=\"#tab_beschreibung\" role=\"tab\" aria-selected=\"true\" aria-controls=\"tab_beschreibung\"><span>Beschreibung<\/span><\/a><\/li>\n<li id=\"tab-spezifikation\" class=\"tab has-icon\" role=\"presentation\"><a href=\"#tab_spezifikation\" tabindex=\"-1\" role=\"tab\" aria-selected=\"false\" aria-controls=\"tab_spezifikation\"><span>Spezifikation<\/span><\/a><\/li>\n<li id=\"tab-video\" class=\"tab has-icon\" role=\"presentation\"><a href=\"#tab_video\" tabindex=\"-1\" role=\"tab\" aria-selected=\"false\" aria-controls=\"tab_video\"><span>Video<\/span><\/a><\/li>\n<li id=\"tab-systemkompatibilit\u00e4t\" class=\"tab has-icon\" role=\"presentation\"><a href=\"#tab_systemkompatibilit\u00e4t\" tabindex=\"-1\" role=\"tab\" aria-selected=\"false\" aria-controls=\"tab_systemkompatibilit\u00e4t\"><span>Systemkompatibilit\u00e4t<\/span><\/a><\/li><\/ul><div class=\"tab-panels\"><div id=\"tab_beschreibung\" class=\"panel active entry-content\" role=\"tabpanel\" aria-labelledby=\"tab-beschreibung\">\n<div class=\"row row-collapse\"  id=\"row-606918327\">\n\n\t<div id=\"col-423972333\" class=\"col medium-10 small-12 large-10\"  >\n\t\t\t\t<div class=\"col-inner\"  >\n\t\t\t\n\t\t\t\n<h3><strong>Performance<\/strong><\/h3>\n<p><span style=\"font-weight: 400;\">Das Litemove TX302 Fahrradlicht bietet eine Sichtbarkeit von 240 Grad, was Radfahrern ein rundum sichtbares Lichtfeld erm\u00f6glicht, das auch von der Seite erkennbar ist.<\/span><\/p>\n<p><span style=\"font-weight: 400;\">Das abgestimmte Design der beiden Elemente erm\u00f6glicht es dem Licht, der gebogenen Form des Gep\u00e4cktr\u00e4gers perfekt zu folgen, was die \u00c4sthetik verbessert und eine Weitwinkel-Sichtbarkeit bietet. Es ist einfach zu montieren und zu warten. <\/span><\/p>\n<p><span style=\"font-weight: 400;\">Verf\u00fcgbar f\u00fcr das MIK-System.<\/span><\/p>\n<h3><strong>Klein und kompakt<\/strong><\/h3>\n<p>Abmessung &amp; amp; Gewicht:<br \/>\n<span style=\"font-weight: 400;\">TX302: 124.4 (B) x 20.4(H) x 16.8(L) mm; 36g<\/span><\/p>\n<h3><strong>Montage<\/strong><\/h3>\n<p>L\u00e4sst sich einfach auf der R\u00fcckseite eines beliebigen E-Bike-TX-Gep\u00e4cktr\u00e4gers montieren.<\/p>\n<h3><strong>Hinweis:<\/strong><\/h3>\n<ul>\n<li style=\"font-weight: 400;\" aria-level=\"1\"><span style=\"font-weight: 400;\">Dieses R\u00fccklicht kann NUR \u00fcber 12V (6V ~ 16V) Gleichstrom geladen werden.<\/span><\/li>\n<li style=\"font-weight: 400;\" aria-level=\"1\"><span style=\"font-weight: 400;\">Lade das R\u00fccklicht nicht \u00fcber eine Wechselstromquelle (z. B. einen Dynamo) auf.<\/span><\/li>\n<li style=\"font-weight: 400;\" aria-level=\"1\"><span style=\"font-weight: 400;\">Das Anschlie\u00dfen an Stromquellen, die die Spannungsgrenze \u00fcberschreiten, kann zu Sch\u00e4den an der Leuchte f\u00fchren<\/span><\/li>\n<li style=\"font-weight: 400;\" aria-level=\"1\"><span style=\"font-weight: 400;\">Die Leuchte verf\u00fcgt \u00fcber keinen Schalter, sie wird \u00fcber das E-Bike-System gesteuert.<\/span><\/li>\n<\/ul>\n\t\t<\/div>\n\t\t\t\t\t<\/div>\n\n\t\n<\/div>\n<\/div>\n<div id=\"tab_spezifikation\" class=\"panel entry-content\" role=\"tabpanel\" aria-labelledby=\"tab-spezifikation\">\n<div class=\"row row-collapse\"  id=\"row-424247315\">\n\n\t<div id=\"col-1881280954\" class=\"col medium-10 small-12 large-10\"  >\n\t\t\t\t<div class=\"col-inner\"  >\n\t\t\t\n\t\t\t\n<table style=\"height: 518px;\" width=\"654\">\n<tbody>\n<tr>\n<td width=\"30%\">Modellname<\/td>\n<td width=\"70%\">TX3<\/td>\n<\/tr>\n<tr>\n<td>Modellnummer.<\/td>\n<td width=\"155\">TX302<\/td>\n<\/tr>\n<tr>\n<td>S\/N<\/td>\n<td width=\"155\">0014-1<\/td>\n<\/tr>\n<tr>\n<td>Lichtleistung<\/td>\n<td>2500mcd\/ 10 lumens<\/td>\n<\/tr>\n<tr>\n<td>Optische Technologie<\/td>\n<td>TX3<\/td>\n<\/tr>\n<tr>\n<td>Lichtquelle<\/td>\n<td>LED *46<\/td>\n<\/tr>\n<tr>\n<td>Eingangsspannung (DC)<\/td>\n<td>12V(6V ~ 16V)<\/td>\n<\/tr>\n<tr>\n<td>Leistungsaufnahme<\/td>\n<td>0,6W<\/td>\n<\/tr>\n<tr>\n<td>Kabeldurchmesser<\/td>\n<td>\u00f83mm<\/td>\n<\/tr>\n<tr>\n<td>Kabell\u00e4nge<\/td>\n<td>1400mm<\/td>\n<\/tr>\n<tr>\n<td>Schutzart<\/td>\n<td>IP56<\/td>\n<\/tr>\n<tr>\n<td>Betriebstemperatur (\u00b0C)<\/td>\n<td>-20 ~ +50<\/td>\n<\/tr>\n<tr>\n<td>Material<\/td>\n<td>Kunststoff<\/td>\n<\/tr>\n<tr>\n<td>Gewicht (inkl. Kabel)<\/td>\n<td>36g<\/td>\n<\/tr>\n<tr>\n<td>Abmessungen (BxHxL)<\/td>\n<td>124,4 x 20,4 x 16,8mm<\/td>\n<\/tr>\n<tr>\n<td>Montageoption<\/td>\n<td>TX-Gep\u00e4cktr\u00e4ger<\/td>\n<\/tr>\n<tr>\n<td>Reflektor (optional)<\/td>\n<td>N\/A<\/td>\n<\/tr>\n<tr>\n<td>Kompatibilit\u00e4t<\/td>\n<td>CE\/ RoHS\/ REACH<\/td>\n<\/tr>\n<tr>\n<td>Zulassungstyp<\/td>\n<td>StVZO-K &amp; ISO-6742<\/td>\n<\/tr>\n<tr>\n<td>Zulassungsnummer<\/td>\n<td>~ K 2450<\/td>\n<\/tr>\n<\/tbody>\n<\/table>\n\t\t<\/div>\n\t\t\t\t\t<\/div>\n\n\t\n<\/div>\n<\/div>\n<div id=\"tab_video\" class=\"panel entry-content\" role=\"tabpanel\" aria-labelledby=\"tab-video\">\n<div class=\"row row-collapse row-full-width\"  id=\"row-637201672\">\n\n\t<div id=\"col-1957947440\" class=\"col medium-8 small-12 large-8\"  >\n\t\t\t\t<div class=\"col-inner\"  >\n\t\t\t\n\t\t\t\n\t\t<\/div>\n\t\t\t\t\t<\/div>\n\n\t\n<\/div>\n<\/div>\n<div id=\"tab_systemkompatibilit\u00e4t\" class=\"panel entry-content\" role=\"tabpanel\" aria-labelledby=\"tab-systemkompatibilit\u00e4t\">\n<div class=\"row row-collapse row-full-width\"  id=\"row-1266218490\">\n\n\t<div id=\"col-468446562\" class=\"col medium-8 small-12 large-8\"  >\n\t\t\t\t<div class=\"col-inner\"  >\n\t\t\t\n\t\t\t\n<p>Systemkompatibilit\u00e4t &#8211; <a href=\"https:\/\/www.lite-move.com\/download\/\">Download<\/a><\/p>\n\t\t<\/div>\n\t\t\t\t\t<\/div>\n\n\t\n<\/div>\n\t<div class=\"img has-hover x md-x lg-x y md-y lg-y\" id=\"image_676127994\">\n\t\t\t\t\t\t\t\t<div class=\"img-inner dark\" >\n\t\t\t\t\t\t\t\t\t\n\t\t\t\t\t<\/div>\n\t\t\t\t\t\t\t\t\n<style>\n#image_676127994 {\n  width: 100%;\n}\n<\/style>\n\t<\/div>\n\t\n<\/div><\/div><\/div>\n\t\t<\/div>\n\n\t\t\n<style>\n#section_272949329 {\n  padding-top: 0px;\n  padding-bottom: 0px;\n}\n<\/style>\n\t<\/section>\n\t\n\n\t<section class=\"section show-for-medium\" id=\"section_46021741\">\n\t\t<div class=\"section-bg fill\" >\n\t\t\t\t\t\t\t\t\t\n\t\t\t\n\n\t\t<\/div>\n\n\t\t\n\n\t\t<div class=\"section-content relative\">\n\t\t\t\n<div class=\"accordion\">\n\t<div id=\"accordion-1327915003\" class=\"accordion-item\">\n\t\t<a id=\"accordion-1327915003-label\" class=\"accordion-title plain\" href=\"#accordion-item-beschreibung\" aria-expanded=\"false\" aria-controls=\"accordion-1327915003-content\" >\n\t\t\t<button class=\"toggle\" aria-label=\"Toggle\"><i class=\"icon-angle-down\"><\/i><\/button>\n\t\t\t<span>BESCHREIBUNG<\/span>\n\t\t<\/a>\n\t\t<div id=\"accordion-1327915003-content\" class=\"accordion-inner\" aria-labelledby=\"accordion-1327915003-label\" >\n\t\t\t\n<div class=\"row\"  id=\"row-285188223\">\n\n\t<div id=\"col-930443840\" class=\"col medium-10 small-12 large-10\"  >\n\t\t\t\t<div class=\"col-inner\"  >\n\t\t\t\n\t\t\t\n<h3><strong>Performance<\/strong><\/h3>\n<p><span style=\"font-weight: 400;\">Das Litemove TX302 Fahrradlicht bietet eine Sichtbarkeit von 240 Grad, was Radfahrern ein rundum sichtbares Lichtfeld erm\u00f6glicht, das auch von der Seite erkennbar ist.<\/span><\/p>\n<p><span style=\"font-weight: 400;\">Das abgestimmte Design der beiden Elemente erm\u00f6glicht es dem Licht, der gebogenen Form des Gep\u00e4cktr\u00e4gers perfekt zu folgen, was die \u00c4sthetik verbessert und eine Weitwinkel-Sichtbarkeit bietet. Es ist einfach zu montieren und zu warten. <\/span><\/p>\n<p><span style=\"font-weight: 400;\">Verf\u00fcgbar f\u00fcr das MIK-System.<\/span><\/p>\n<h3><strong>Klein und kompakt<\/strong><\/h3>\n<p>Abmessung &amp; Gewicht:<br \/>\n<span style=\"font-weight: 400;\">TX302: 124,4 (H) x 20,4(L) x 16,8(B) mm; 36g<\/span><\/p>\n<h3><strong>Montage<\/strong><\/h3>\n<p>L\u00e4sst sich einfach auf der R\u00fcckseite eines beliebigen E-Bike-TX-Gep\u00e4cktr\u00e4gers montieren.<\/p>\n<h3><strong>Notiz:<\/strong><\/h3>\n<ul>\n<li style=\"font-weight: 400;\" aria-level=\"1\"><span style=\"font-weight: 400;\">Dieses R\u00fccklicht kann NUR \u00fcber 12V (6V ~ 16V) Gleichstrom geladen werden.<\/span><\/li>\n<li style=\"font-weight: 400;\" aria-level=\"1\"><span style=\"font-weight: 400;\">Lade das R\u00fccklicht nicht \u00fcber eine Wechselstromquelle (z. B. einen Dynamo) auf.<\/span><\/li>\n<li style=\"font-weight: 400;\" aria-level=\"1\"><span style=\"font-weight: 400;\">Das Anschlie\u00dfen an Stromquellen, die die Spannungsgrenze \u00fcberschreiten, kann zu Sch\u00e4den an der Leuchte f\u00fchren<\/span><\/li>\n<li style=\"font-weight: 400;\" aria-level=\"1\"><span style=\"font-weight: 400;\">Die Leuchte verf\u00fcgt \u00fcber keinen Schalter, sie wird \u00fcber das E-Bike-System gesteuert.<\/span><\/li>\n<\/ul>\n\t\t<\/div>\n\t\t\t\t\t<\/div>\n\n\t\n<\/div>\n\t\t<\/div>\n\t<\/div>\n\t\n\t<div id=\"accordion-1350222037\" class=\"accordion-item\">\n\t\t<a id=\"accordion-1350222037-label\" class=\"accordion-title plain\" href=\"#accordion-item-spezifikation\" aria-expanded=\"false\" aria-controls=\"accordion-1350222037-content\" >\n\t\t\t<button class=\"toggle\" aria-label=\"Toggle\"><i class=\"icon-angle-down\"><\/i><\/button>\n\t\t\t<span>SPEZIFIKATION<\/span>\n\t\t<\/a>\n\t\t<div id=\"accordion-1350222037-content\" class=\"accordion-inner\" aria-labelledby=\"accordion-1350222037-label\" >\n\t\t\t\n\n\t<div id=\"col-1929972334\" class=\"col medium-8 small-12 large-8\"  >\n\t\t\t\t<div class=\"col-inner\"  >\n\t\t\t\n\t\t\t\n<table width=\"100%\">\n<tbody>\n<tr>\n<td width=\"30%\">Modellname<\/td>\n<td width=\"70%\">TX3<\/td>\n<\/tr>\n<tr>\n<td>Modellnummer.<\/td>\n<td width=\"155\">TX302<\/td>\n<\/tr>\n<tr>\n<td>S\/N<\/td>\n<td width=\"155\">0014-1<\/td>\n<\/tr>\n<tr>\n<td>Lichtleistung<\/td>\n<td>2500mcd\/ 10 lumens<\/td>\n<\/tr>\n<tr>\n<td>Optische Technologie<\/td>\n<td>TX3<\/td>\n<\/tr>\n<tr>\n<td>Lichtquelle<\/td>\n<td>LED *46<\/td>\n<\/tr>\n<tr>\n<td>Eingangsspannung (DC)<\/td>\n<td>12V(6V ~ 16V)<\/td>\n<\/tr>\n<tr>\n<td>Leistungsaufnahme<\/td>\n<td>0,6W<\/td>\n<\/tr>\n<tr>\n<td>Kabeldurchmesser<\/td>\n<td>\u00f83mm<\/td>\n<\/tr>\n<tr>\n<td>Kabell\u00e4nge<\/td>\n<td>1400mm<\/td>\n<\/tr>\n<tr>\n<td>Schutzart<\/td>\n<td>IP56<\/td>\n<\/tr>\n<tr>\n<td>Betriebstemperatur (\u00b0C)<\/td>\n<td>-20 ~ +50<\/td>\n<\/tr>\n<tr>\n<td>Material<\/td>\n<td>Kunststoff<\/td>\n<\/tr>\n<tr>\n<td>Gewicht (inkl. Kabel)<\/td>\n<td>36g<\/td>\n<\/tr>\n<tr>\n<td>Abmessungen (BxHxL)<\/td>\n<td>124,4 x 20,4 x 16,8mm<\/td>\n<\/tr>\n<tr>\n<td>Montageoption<\/td>\n<td>TX-Gep\u00e4cktr\u00e4ger<\/td>\n<\/tr>\n<tr>\n<td>Reflektor (optional)<\/td>\n<td>N\/A<\/td>\n<\/tr>\n<tr>\n<td>Kompatibilit\u00e4t<\/td>\n<td>CE\/ RoHS\/ REACH<\/td>\n<\/tr>\n<tr>\n<td>Zulassungstyp<\/td>\n<td>StVZO-K &amp; ISO-6742<\/td>\n<\/tr>\n<tr>\n<td>Zulassungsnummer<\/td>\n<td><\/td>\n<\/tr>\n<\/tbody>\n<\/table>\n\t\t<\/div>\n\t\t\t\t\t<\/div>\n\n\t\n\t\t<\/div>\n\t<\/div>\n\t\n\t<div id=\"accordion-1707845525\" class=\"accordion-item\">\n\t\t<a id=\"accordion-1707845525-label\" class=\"accordion-title plain\" href=\"#accordion-item-video\" aria-expanded=\"false\" aria-controls=\"accordion-1707845525-content\" >\n\t\t\t<button class=\"toggle\" aria-label=\"Toggle\"><i class=\"icon-angle-down\"><\/i><\/button>\n\t\t\t<span>VIDEO<\/span>\n\t\t<\/a>\n\t\t<div id=\"accordion-1707845525-content\" class=\"accordion-inner\" aria-labelledby=\"accordion-1707845525-label\" >\n\t\t\t\n<div class=\"row row-collapse row-full-width\"  id=\"row-929195644\">\n\n\t<div id=\"col-476330194\" class=\"col medium-10 small-12 large-10\"  >\n\t\t\t\t<div class=\"col-inner\"  >\n\t\t\t\n\t\t\t\n\t\t<\/div>\n\t\t\t\t\t<\/div>\n\n\t\n<\/div>\n\t\t<\/div>\n\t<\/div>\n\t\n\t<div id=\"accordion-4180870819\" class=\"accordion-item\">\n\t\t<a id=\"accordion-4180870819-label\" class=\"accordion-title plain\" href=\"#accordion-item-systemkompatibilit\u00e4t\" aria-expanded=\"false\" aria-controls=\"accordion-4180870819-content\" >\n\t\t\t<button class=\"toggle\" aria-label=\"Toggle\"><i class=\"icon-angle-down\"><\/i><\/button>\n\t\t\t<span>Systemkompatibilit\u00e4t<\/span>\n\t\t<\/a>\n\t\t<div id=\"accordion-4180870819-content\" class=\"accordion-inner\" aria-labelledby=\"accordion-4180870819-label\" >\n\t\t\t\n<div class=\"row row-collapse row-full-width\"  id=\"row-930355245\">\n\n\t<div id=\"col-1614521008\" class=\"col medium-10 small-12 large-10\"  >\n\t\t\t\t<div class=\"col-inner\"  >\n\t\t\t\n\t\t\t\n<p>Systemkompatibilit\u00e4t &#8211; <a href=\"https:\/\/www.lite-move.com\/download\/\">Download<\/a><\/p>\n\t\t<\/div>\n\t\t\t\t\t<\/div>\n\n\t\n<\/div>\n\t\t<\/div>\n\t<\/div>\n\t\n<\/div>\n\t\t<\/div>\n\n\t\t\n<style>\n#section_46021741 {\n  padding-top: 0px;\n  padding-bottom: 0px;\n}\n<\/style>\n\t<\/section>\n\t\n","protected":false},"excerpt":{"rendered":"<ul>\n<li style=\"font-weight: 400;\" aria-level=\"1\"><span style=\"font-weight: 400;\">Ein Standard-R\u00fccklicht (optional mit zus\u00e4tzlichem R\u00fcckstrahler erh\u00e4ltlich)<\/span><\/li>\n<li style=\"font-weight: 400;\" aria-level=\"1\"><span style=\"font-weight: 400;\">12V(6V ~ 16V) <\/span><span style=\"font-weight: 400;\">mit einer Leistungsaufnahme von 0,6 Watt<\/span><\/li>\n<li style=\"font-weight: 400;\" aria-level=\"1\"><span style=\"font-weight: 400;\">Integriertes Design zur Montage am Fahrrad-Gep\u00e4cktr\u00e4ger (kompatibel mit MIK-System)<\/span><\/li>\n<li style=\"font-weight: 400;\" aria-level=\"1\"><span style=\"font-weight: 400;\">Einsteckbares Kabel f\u00fcr einfache Installation und Wartung<\/span><\/li>\n<li style=\"font-weight: 400;\" aria-level=\"1\"><span style=\"font-weight: 400;\">Zus\u00e4tzlicher einschiebbarer R\u00fcckstrahler<\/span><\/li>\n<li style=\"font-weight: 400;\" aria-level=\"1\"><span style=\"font-weight: 400;\">240 Grad breite Sichtbarkeit<\/span><\/li>\n<li style=\"font-weight: 400;\" aria-level=\"1\"><span style=\"font-weight: 400;\">F\u00fcr 25 km\/h E-Bikes<\/span> \/ EPAC<\/li>\n<li aria-level=\"1\">StVZO K-Mark \/ ISO-6742 Kompatibilit\u00e4t<\/li>\n<\/ul>\n","protected":false},"featured_media":6893,"template":"","meta":{"inline_featured_image":false},"product_brand":[],"product_cat":[186,170,187],"product_tag":[],"class_list":{"0":"post-7112","1":"product","2":"type-product","3":"status-publish","4":"has-post-thumbnail","6":"product_cat-e-bike-rucklichter-25km","7":"product_cat-lichter","8":"product_cat-rucklicht-alle","9":"pa_reflector-ruckstrahler","11":"first","12":"instock","13":"shipping-taxable","14":"product-type-simple"},"_links":{"self":[{"href":"https:\/\/www.lite-move.com\/de\/wp-json\/wp\/v2\/product\/7112","targetHints":{"allow":["GET"]}}],"collection":[{"href":"https:\/\/www.lite-move.com\/de\/wp-json\/wp\/v2\/product"}],"about":[{"href":"https:\/\/www.lite-move.com\/de\/wp-json\/wp\/v2\/types\/product"}],"wp:featuredmedia":[{"embeddable":true,"href":"https:\/\/www.lite-move.com\/de\/wp-json\/wp\/v2\/media\/6893"}],"wp:attachment":[{"href":"https:\/\/www.lite-move.com\/de\/wp-json\/wp\/v2\/media?parent=7112"}],"wp:term":[{"taxonomy":"product_brand","embeddable":true,"href":"https:\/\/www.lite-move.com\/de\/wp-json\/wp\/v2\/product_brand?post=7112"},{"taxonomy":"product_cat","embeddable":true,"href":"https:\/\/www.lite-move.com\/de\/wp-json\/wp\/v2\/product_cat?post=7112"},{"taxonomy":"product_tag","embeddable":true,"href":"https:\/\/www.lite-move.com\/de\/wp-json\/wp\/v2\/product_tag?post=7112"}],"curies":[{"name":"wp","href":"https:\/\/api.w.org\/{rel}","templated":true}]}}