{"id":7113,"date":"2022-09-12T12:43:12","date_gmt":"2022-09-12T04:43:12","guid":{"rendered":"https:\/\/www.lite-move.com\/product\/se-90a-dl\/"},"modified":"2025-04-25T14:15:06","modified_gmt":"2025-04-25T06:15:06","slug":"se-90a-dl","status":"publish","type":"product","link":"https:\/\/www.lite-move.com\/de\/product\/se-90a-dl\/","title":{"rendered":"SE-90A (DL)"},"content":{"rendered":"\n\t<section class=\"section hide-for-medium\" id=\"section_1334011681\">\n\t\t<div class=\"section-bg fill\" >\n\t\t\t\t\t\t\t\t\t\n\t\t\t\n\n\t\t<\/div>\n\n\t\t\n\n\t\t<div class=\"section-content relative\">\n\t\t\t\n\n\t\t<div class=\"tabbed-content\">\n\t\t\t\n\t\t\t<ul class=\"nav nav-tabs nav-uppercase nav-size-normal nav-center\" role=\"tablist\"><li id=\"tab-beschreibung\" class=\"tab active has-icon\" role=\"presentation\"><a href=\"#tab_beschreibung\" role=\"tab\" aria-selected=\"true\" aria-controls=\"tab_beschreibung\"><span>Beschreibung<\/span><\/a><\/li>\n<li id=\"tab-spezifikation\" class=\"tab has-icon\" role=\"presentation\"><a href=\"#tab_spezifikation\" tabindex=\"-1\" role=\"tab\" aria-selected=\"false\" aria-controls=\"tab_spezifikation\"><span>Spezifikation<\/span><\/a><\/li>\n<li id=\"tab-video\" class=\"tab has-icon\" role=\"presentation\"><a href=\"#tab_video\" tabindex=\"-1\" role=\"tab\" aria-selected=\"false\" aria-controls=\"tab_video\"><span>Video<\/span><\/a><\/li>\n<li id=\"tab-systemkompatibilit\u00e4t\" class=\"tab has-icon\" role=\"presentation\"><a href=\"#tab_systemkompatibilit\u00e4t\" tabindex=\"-1\" role=\"tab\" aria-selected=\"false\" aria-controls=\"tab_systemkompatibilit\u00e4t\"><span>Systemkompatibilit\u00e4t<\/span><\/a><\/li><\/ul><div class=\"tab-panels\"><div id=\"tab_beschreibung\" class=\"panel active entry-content\" role=\"tabpanel\" aria-labelledby=\"tab-beschreibung\">\n<h3><strong>Performance<\/strong><\/h3>\n<p>Der Litemove SE-90A Scheinwerfer bietet eine Sichtbarkeit von 7 Metern in der Breite und bis zu 180 Metern in der Distanz. Mit einem weitreichenden und breiten Lichtmuster sorgt er f\u00fcr optimale Sicht beim Radfahren auf Radwegen. Dar\u00fcber hinaus bietet dieses Modell zwei verschiedene Lichttypen: Standard- und Taglichtstrahl.<\/p>\n<h3><strong>Klein &amp; kompakt<\/strong><\/h3>\n<p>Mit der Gr\u00f6\u00dfe eines Feuerzeugs l\u00e4sst sich das Licht problemlos am Vorbau, an der Gabel oder unter dem Korb montieren, ohne andere Komponenten zu beeintr\u00e4chtigen.<\/p>\n<h3><strong>Montage<\/strong><\/h3>\n<p>Der SE-90 bietet zwei verschiedene Montagem\u00f6glichkeiten: nach unten und nach oben. Er ist au\u00dferdem mit einem GoPro-kompatiblen Montagesystem ausgestattet.<\/p>\n<h3><strong>Notiz:<\/strong><\/h3>\n<ul>\n<li>Dieser Scheinwerfer kann NUR \u00fcber 6V (5V ~ 16V) Gleichstrom geladen werden.<\/li>\n<li>Nicht \u00fcber eine Wechselstromquelle (z. B. einen Dynamo) aufladen<\/li>\n<li>Das Anschlie\u00dfen an Stromquellen, die die Spannungsgrenze \u00fcberschreiten, kann zu Sch\u00e4den an der Lampe f\u00fchren.<\/li>\n<li>Die Leuchte verf\u00fcgt \u00fcber keinen Schalter, sie wird \u00fcber das E-Bike-System gesteuert<\/li>\n<\/ul>\n<\/div>\n<div id=\"tab_spezifikation\" class=\"panel entry-content\" role=\"tabpanel\" aria-labelledby=\"tab-spezifikation\">\n<div class=\"row row-collapse\"  id=\"row-496783704\">\n\n\t<div id=\"col-1772477557\" class=\"col medium-10 small-12 large-10\"  >\n\t\t\t\t<div class=\"col-inner\"  >\n\t\t\t\n\t\t\t\n\t\t<\/div>\n\t\t\t\t\t<\/div>\n\n\t\n<p><span style=\"font-size: 14.4px;\">\u00a0<\/span><\/p>\n<table width=\"100%\">\n<tbody>\n<tr>\n<td width=\"30%\">Model Name<\/td>\n<td width=\"70%\">SE-90A<\/td>\n<\/tr>\n<tr>\n<td>Model No.<\/td>\n<td width=\"155\">SE901AD\/SE901AU<\/td>\n<\/tr>\n<tr>\n<td>S\/N<\/td>\n<td width=\"155\">0024<\/td>\n<\/tr>\n<tr>\n<td>Light Output<\/td>\n<td>90 lux (Standard)\/ 200 lumens<br \/>\n30 lux (Day Light)\/ 50 lumens<\/td>\n<\/tr>\n<tr>\n<td>Optical Technology<\/td>\n<td>MTi<\/td>\n<\/tr>\n<tr>\n<td>Light Source<\/td>\n<td>LED *1<\/td>\n<\/tr>\n<tr>\n<td>Input Voltage (DC)<\/td>\n<td>6V(5V~ 16V)<\/td>\n<\/tr>\n<tr>\n<td>Power Consumption<\/td>\n<td>5W (Standard) &amp; 1.5W (Day Light )<\/td>\n<\/tr>\n<tr>\n<td>Cable Diameter<\/td>\n<td>\u00f84mm<\/td>\n<\/tr>\n<tr>\n<td>Cable Length<\/td>\n<td>1400mm<\/td>\n<\/tr>\n<tr>\n<td>IP Rating<\/td>\n<td>IP56<\/td>\n<\/tr>\n<tr>\n<td>Operating Temperature (\u00b0C)<\/td>\n<td>-25 ~ +50<\/td>\n<\/tr>\n<tr>\n<td>Material<\/td>\n<td>Plastic<\/td>\n<\/tr>\n<tr>\n<td>Weight (et. cable)<\/td>\n<td>67g<\/td>\n<\/tr>\n<tr>\n<td>Dimension (WxHxL)<\/td>\n<td>\u00f843.5 x 49mm<\/td>\n<\/tr>\n<tr>\n<td>Reflector (Optional)<\/td>\n<td>RF1<\/td>\n<\/tr>\n<tr>\n<td>Compliance<\/td>\n<td>CE\/ RoSH\/ REACH<\/td>\n<\/tr>\n<tr>\n<td>Type of Approval<\/td>\n<td>StVZO-K\/ ISO-6742<\/td>\n<\/tr>\n<tr>\n<td>Approval Number<\/td>\n<td>~ K2379<\/td>\n<\/tr>\n<\/tbody>\n<\/table>\n<\/div>\n<p>&nbsp;<\/p>\n<\/div>\n<div id=\"tab_video\" class=\"panel entry-content\" role=\"tabpanel\" aria-labelledby=\"tab-video\">\n<\/div>\n<div id=\"tab_systemkompatibilit\u00e4t\" class=\"panel entry-content\" role=\"tabpanel\" aria-labelledby=\"tab-systemkompatibilit\u00e4t\">\n<p>Systemkompatibilit\u00e4t &#8211; <a href=\"https:\/\/www.lite-move.com\/download\/\">Download<\/a><\/p>\n\t<div class=\"img has-hover x md-x lg-x y md-y lg-y\" id=\"image_2122095402\">\n\t\t\t\t\t\t\t\t<div class=\"img-inner dark\" >\n\t\t\t\t\t\t\t\t\t\n\t\t\t\t\t<\/div>\n\t\t\t\t\t\t\t\t\n<style>\n#image_2122095402 {\n  width: 100%;\n}\n<\/style>\n\t<\/div>\n\t\n<\/div><\/div><\/div>\n\t\t<\/div>\n\n\t\t\n<style>\n#section_1334011681 {\n  padding-top: 0px;\n  padding-bottom: 0px;\n}\n<\/style>\n\t<\/section>\n\t\n\n\t<section class=\"section show-for-medium\" id=\"section_1936969019\">\n\t\t<div class=\"section-bg fill\" >\n\t\t\t\t\t\t\t\t\t\n\t\t\t\n\n\t\t<\/div>\n\n\t\t\n\n\t\t<div class=\"section-content relative\">\n\t\t\t\n<div class=\"accordion\">\n\t<div id=\"accordion-3775824087\" class=\"accordion-item\">\n\t\t<a id=\"accordion-3775824087-label\" class=\"accordion-title plain\" href=\"#accordion-item-beschreibung\" aria-expanded=\"false\" aria-controls=\"accordion-3775824087-content\" >\n\t\t\t<button class=\"toggle\" aria-label=\"Toggle\"><i class=\"icon-angle-down\"><\/i><\/button>\n\t\t\t<span>BESCHREIBUNG<\/span>\n\t\t<\/a>\n\t\t<div id=\"accordion-3775824087-content\" class=\"accordion-inner\" aria-labelledby=\"accordion-3775824087-label\" >\n\t\t\t\n<div class=\"row\"  id=\"row-1422982005\">\n\n\t<div id=\"col-65661946\" class=\"col medium-10 small-12 large-10\"  >\n\t\t\t\t<div class=\"col-inner\"  >\n\t\t\t\n\t\t\t\n<h3><strong>Performance<\/strong><\/h3>\n<p>Der Litemove SE-90A Scheinwerfer bietet eine Sichtbarkeit von 7 Metern in der Breite und bis zu 180 Metern in der Distanz. Mit einem weitreichenden und breiten Lichtmuster sorgt er f\u00fcr optimale Sicht beim Radfahren auf Radwegen. Dar\u00fcber hinaus bietet dieses Modell zwei verschiedene Lichttypen: Standard- und Taglichtstrahl.<\/p>\n<h3><strong>Klein &amp; kompakt<\/strong><\/h3>\n<p>Mit der Gr\u00f6\u00dfe eines Feuerzeugs l\u00e4sst sich das Licht problemlos am Vorbau, an der Gabel oder unter dem Korb montieren, ohne andere Komponenten zu beeintr\u00e4chtigen.<\/p>\n<h3><strong>Montage<\/strong><\/h3>\n<p>SE-90 bietet zwei verschiedene Montagem\u00f6glichkeiten: nach unten und nach oben.<\/p>\n<h3><strong>Notiz:<\/strong><\/h3>\n<ul>\n<li>Dieser Scheinwerfer kann NUR \u00fcber 6V (5V ~ 16V) Gleichstrom geladen werden.<\/li>\n<li>Nicht \u00fcber eine Wechselstromquelle (z. B. einen Dynamo) aufladen<\/li>\n<li>Das Anschlie\u00dfen an Stromquellen, die die Spannungsgrenze \u00fcberschreiten, kann zu Sch\u00e4den an der Lampe f\u00fchren.<\/li>\n<li>Die Leuchte verf\u00fcgt \u00fcber keinen Schalter, sie wird \u00fcber das E-Bike-System gesteuert<\/li>\n<\/ul>\n\t\t<\/div>\n\t\t\t\t\t<\/div>\n\n\t\n<\/div>\n\t\t<\/div>\n\t<\/div>\n\t\n\t<div id=\"accordion-600105800\" class=\"accordion-item\">\n\t\t<a id=\"accordion-600105800-label\" class=\"accordion-title plain\" href=\"#accordion-item-spezifikation\" aria-expanded=\"false\" aria-controls=\"accordion-600105800-content\" >\n\t\t\t<button class=\"toggle\" aria-label=\"Toggle\"><i class=\"icon-angle-down\"><\/i><\/button>\n\t\t\t<span>SPEZIFIKATION<\/span>\n\t\t<\/a>\n\t\t<div id=\"accordion-600105800-content\" class=\"accordion-inner\" aria-labelledby=\"accordion-600105800-label\" >\n\t\t\t\n<table width=\"100%\">\n<tbody>\n<tr>\n<td width=\"30%\">Modellname<\/td>\n<td width=\"70%\">SE-90A<\/td>\n<\/tr>\n<tr>\n<td>Modellnummer<\/td>\n<td width=\"155\">SE901AD\/SE901AU<\/td>\n<\/tr>\n<tr>\n<td>S\/N<\/td>\n<td width=\"155\">0024<\/td>\n<\/tr>\n<tr>\n<td>Lichtleistung<\/td>\n<td>90 Lux (Standard)\/ 200 lumens<br \/>\n30 Lux (Tageslicht)\/ 50 lumens<\/td>\n<\/tr>\n<tr>\n<td>Optische Technologie<\/td>\n<td>MTi<\/td>\n<\/tr>\n<tr>\n<td>Lichtquelle<\/td>\n<td>LED *1<\/td>\n<\/tr>\n<tr>\n<td>Eingangsspannung (Gleichstrom)<\/td>\n<td>6V(5V~ 16V)<\/td>\n<\/tr>\n<tr>\n<td>Leistungsaufnahme:<\/td>\n<td>5W (Standard) &amp; 1,5W (Tageslicht)<\/td>\n<\/tr>\n<tr>\n<td>Kabeldurchmesser<\/td>\n<td>\u00f84mm<\/td>\n<\/tr>\n<tr>\n<td>Kabell\u00e4nge<\/td>\n<td>1400mm<\/td>\n<\/tr>\n<tr>\n<td>Schutzart<\/td>\n<td>IP56<\/td>\n<\/tr>\n<tr>\n<td>Betriebstemperatur (\u00b0C)<\/td>\n<td>-25 ~ +50<\/td>\n<\/tr>\n<tr>\n<td>Material<\/td>\n<td>Plastic<\/td>\n<\/tr>\n<tr>\n<td>Gewicht (inkl. Kabel)<\/td>\n<td>67g<\/td>\n<\/tr>\n<tr>\n<td>Abmessungen (BxHxL)<\/td>\n<td>\u00f843.5 x 49mm<\/td>\n<\/tr>\n<tr>\n<td>Reflector (Optional)<\/td>\n<td>RF1<\/td>\n<\/tr>\n<tr>\n<td>Kompatibilit\u00e4t<\/td>\n<td>CE\/ RoSH\/ REACH<\/td>\n<\/tr>\n<tr>\n<td>Genehmigungsart<\/td>\n<td>StVZO-K\/ ISO-6742<\/td>\n<\/tr>\n<tr>\n<td>Genehmigungsnummer<\/td>\n<td>~ K2379<\/td>\n<\/tr>\n<\/tbody>\n<\/table>\n\t\t<\/div>\n\t<\/div>\n\t\n\t<div id=\"accordion-4133304001\" class=\"accordion-item\">\n\t\t<a id=\"accordion-4133304001-label\" class=\"accordion-title plain\" href=\"#accordion-item-video\" aria-expanded=\"false\" aria-controls=\"accordion-4133304001-content\" >\n\t\t\t<button class=\"toggle\" aria-label=\"Toggle\"><i class=\"icon-angle-down\"><\/i><\/button>\n\t\t\t<span>VIDEO<\/span>\n\t\t<\/a>\n\t\t<div id=\"accordion-4133304001-content\" class=\"accordion-inner\" aria-labelledby=\"accordion-4133304001-label\" >\n\t\t\t\n<div class=\"row row-collapse row-full-width\"  id=\"row-618742755\">\n\n\t<div id=\"col-265267926\" class=\"col medium-10 small-12 large-10\"  >\n\t\t\t\t<div class=\"col-inner\"  >\n\t\t\t\n\t\t\t\n<p>Systemkompatibilit\u00e4t &#8211; <a href=\"https:\/\/www.lite-move.com\/download\/\">Download.<\/a><\/p>\n\t\t<\/div>\n\t\t\t\t\t<\/div>\n\n\t\n<\/div>\n\t\t<\/div>\n\t<\/div>\n\t\n\t<div id=\"accordion-2238300630\" class=\"accordion-item\">\n\t\t<a id=\"accordion-2238300630-label\" class=\"accordion-title plain\" href=\"#accordion-item-systemkompatibilit\u00e4t\" aria-expanded=\"false\" aria-controls=\"accordion-2238300630-content\" >\n\t\t\t<button class=\"toggle\" aria-label=\"Toggle\"><i class=\"icon-angle-down\"><\/i><\/button>\n\t\t\t<span>Systemkompatibilit\u00e4t<\/span>\n\t\t<\/a>\n\t\t<div id=\"accordion-2238300630-content\" class=\"accordion-inner\" aria-labelledby=\"accordion-2238300630-label\" >\n\t\t\t\n<div class=\"row row-collapse row-full-width\"  id=\"row-1126673212\">\n\n\t<div id=\"col-2115547766\" class=\"col medium-10 small-12 large-10\"  >\n\t\t\t\t<div class=\"col-inner\"  >\n\t\t\t\n\t\t\t\n<p>Systemkompatibilit\u00e4t &#8211; <a href=\"https:\/\/www.lite-move.com\/download\/\">Download.<\/a><\/p>\n\t\t<\/div>\n\t\t\t\t\t<\/div>\n\n\t\n<\/div>\n\t\t<\/div>\n\t<\/div>\n\t\n<\/div>\n\t\t<\/div>\n\n\t\t\n<style>\n#section_1936969019 {\n  padding-top: 0px;\n  padding-bottom: 0px;\n}\n<\/style>\n\t<\/section>\n\t\n","protected":false},"excerpt":{"rendered":"<ul>\n<li aria-level=\"1\">Der SE-90A verf\u00fcgt \u00fcber einen intelligenten, integrierten Umgebungslichtsensor, der eine variable Lichtleistung je nach Umgebungsbedingung erm\u00f6glicht.<\/li>\n<li aria-level=\"1\">Standard (90 Lux) \/ Taglicht (30 Lux)<\/li>\n<li>Automatischer Helligkeitsschalter zur Energieeinsparung<\/li>\n<li aria-level=\"1\">IP56 &#8211; Schutz gegen starken Wasserstrahl und Eindringen von Staub<\/li>\n<li aria-level=\"1\">F\u00fcr E-Bikes bis 25 km\/h \/ EPAC<\/li>\n<li aria-level=\"1\">K-Mark\/ ISO-6742 Kompatibilit\u00e4t<\/li>\n<\/ul>\n","protected":false},"featured_media":6603,"template":"","meta":{"inline_featured_image":false},"product_brand":[],"product_cat":[191,169,170,171],"product_tag":[],"class_list":{"0":"post-7113","1":"product","2":"type-product","3":"status-publish","4":"has-post-thumbnail","6":"product_cat-e-bike-scheinwerfer-25km","7":"product_cat-empfohlene-produkte","8":"product_cat-lichter","9":"product_cat-scheinwerfer-alle","10":"pa_reflector-front-reflektor","12":"first","13":"instock","14":"shipping-taxable","15":"product-type-simple"},"_links":{"self":[{"href":"https:\/\/www.lite-move.com\/de\/wp-json\/wp\/v2\/product\/7113","targetHints":{"allow":["GET"]}}],"collection":[{"href":"https:\/\/www.lite-move.com\/de\/wp-json\/wp\/v2\/product"}],"about":[{"href":"https:\/\/www.lite-move.com\/de\/wp-json\/wp\/v2\/types\/product"}],"wp:featuredmedia":[{"embeddable":true,"href":"https:\/\/www.lite-move.com\/de\/wp-json\/wp\/v2\/media\/6603"}],"wp:attachment":[{"href":"https:\/\/www.lite-move.com\/de\/wp-json\/wp\/v2\/media?parent=7113"}],"wp:term":[{"taxonomy":"product_brand","embeddable":true,"href":"https:\/\/www.lite-move.com\/de\/wp-json\/wp\/v2\/product_brand?post=7113"},{"taxonomy":"product_cat","embeddable":true,"href":"https:\/\/www.lite-move.com\/de\/wp-json\/wp\/v2\/product_cat?post=7113"},{"taxonomy":"product_tag","embeddable":true,"href":"https:\/\/www.lite-move.com\/de\/wp-json\/wp\/v2\/product_tag?post=7113"}],"curies":[{"name":"wp","href":"https:\/\/api.w.org\/{rel}","templated":true}]}}