{"id":7116,"date":"2023-09-15T16:53:56","date_gmt":"2023-09-15T08:53:56","guid":{"rendered":"https:\/\/www.lite-move.com\/product\/ac-150-fern-abblendlicht\/"},"modified":"2025-12-10T09:36:29","modified_gmt":"2025-12-10T01:36:29","slug":"ac-150-fern-abblendlicht","status":"publish","type":"product","link":"https:\/\/www.lite-move.com\/de\/product\/ac-150-fern-abblendlicht\/","title":{"rendered":"AC-150 (Fern-\/Abblendlicht)"},"content":{"rendered":"\n\t<section class=\"section hide-for-medium\" id=\"section_927152823\">\n\t\t<div class=\"section-bg fill\" >\n\t\t\t\t\t\t\t\t\t\n\t\t\t\n\n\t\t<\/div>\n\n\t\t\n\n\t\t<div class=\"section-content relative\">\n\t\t\t\n\n\t\t<div class=\"tabbed-content\">\n\t\t\t\n\t\t\t<ul class=\"nav nav-tabs nav-uppercase nav-size-normal nav-center\" role=\"tablist\"><li id=\"tab-beschreibung\" class=\"tab active has-icon\" role=\"presentation\"><a href=\"#tab_beschreibung\" role=\"tab\" aria-selected=\"true\" aria-controls=\"tab_beschreibung\"><span>Beschreibung<\/span><\/a><\/li>\n<li id=\"tab-spezifikation\" class=\"tab has-icon\" role=\"presentation\"><a href=\"#tab_spezifikation\" tabindex=\"-1\" role=\"tab\" aria-selected=\"false\" aria-controls=\"tab_spezifikation\"><span>Spezifikation<\/span><\/a><\/li>\n<li id=\"tab-video\" class=\"tab has-icon\" role=\"presentation\"><a href=\"#tab_video\" tabindex=\"-1\" role=\"tab\" aria-selected=\"false\" aria-controls=\"tab_video\"><span>Video<\/span><\/a><\/li>\n<li id=\"tab-systemkompatibilit\u00e4t\" class=\"tab has-icon\" role=\"presentation\"><a href=\"#tab_systemkompatibilit\u00e4t\" tabindex=\"-1\" role=\"tab\" aria-selected=\"false\" aria-controls=\"tab_systemkompatibilit\u00e4t\"><span>Systemkompatibilit\u00e4t<\/span><\/a><\/li><\/ul><div class=\"tab-panels\"><div id=\"tab_beschreibung\" class=\"panel active entry-content\" role=\"tabpanel\" aria-labelledby=\"tab-beschreibung\">\n<h3><strong>Performance<\/strong><\/h3>\n<p>Der AC-150 Scheinwerfer von Litemove bietet eine Sichtweite von 8 m Breite und bis zu 230 m nach vorne, was E-Bike-Fahrern eine bessere Sichtbarkeit sowohl bei Tag als auch in dunklen Bereichen erm\u00f6glicht.<\/p>\n<h3><strong>Klein und kompakt<\/strong><\/h3>\n<p>Mit einer Gr\u00f6\u00dfe, die kleiner ist als ein Kartenspiel, l\u00e4sst sich der Scheinwerfer problemlos am Lenker montieren, ohne andere Komponenten zu beeintr\u00e4chtigen.<\/p>\n<h3><strong>Montage<\/strong><\/h3>\n<p>\u00dcberpr\u00fcfe <a href=\"https:\/\/www.lite-move.com\/de\/produkt-kategorie\/befestigungshalterungen\/\">Kompatibilit\u00e4t mit dem Halter \/ der Montage<\/a><\/p>\n<h3><strong>Notiz:<\/strong><\/h3>\n<ul>\n<li>Dieser Scheinwerfer kann NUR \u00fcber 12V (6V ~ 16V) DC-Strom geladen werden.<\/li>\n<li>Nicht \u00fcber eine Wechselstromquelle (z. B. einen Dynamo) aufladen<\/li>\n<li>Das Anschlie\u00dfen an Stromquellen, die die Spannungsgrenze \u00fcberschreiten, kann zu Sch\u00e4den an der Leuchte f\u00fchren<\/li>\n<li>Die Leuchte verf\u00fcgt \u00fcber keinen Schalter, sie wird \u00fcber das E-Bike-System gesteuert<\/li>\n<\/ul>\n<\/div>\n<div id=\"tab_spezifikation\" class=\"panel entry-content\" role=\"tabpanel\" aria-labelledby=\"tab-spezifikation\">\n<div class=\"row row-collapse\"  id=\"row-490724878\">\n\n\t<div id=\"col-1462385973\" class=\"col medium-10 small-12 large-10\"  >\n\t\t\t\t<div class=\"col-inner\"  >\n\t\t\t\n\t\t\t\n\t\t<\/div>\n\t\t\t\t\t<\/div>\n\n\t\n<p>&nbsp;<\/p>\n<table style=\"height: 501px;\" width=\"719\">\n<tbody>\n<tr>\n<td width=\"30%\">Modellname<\/td>\n<td width=\"70%\">AC-150<\/td>\n<\/tr>\n<tr>\n<td>Modellnummer<\/td>\n<td width=\"155\">AC150D\/AC150S\/AC150U<\/td>\n<\/tr>\n<tr>\n<td>S\/N<\/td>\n<td width=\"155\">0023<\/td>\n<\/tr>\n<tr>\n<td>Lichtleistung<\/td>\n<td>Fernlicht: 150 lux<br \/>\nLow beam: 90 lux<\/td>\n<\/tr>\n<tr>\n<td>Optische Technologie<\/td>\n<td>MTi Plus<\/td>\n<\/tr>\n<tr>\n<td>Lichtquelle<\/td>\n<td>LED *4<\/td>\n<\/tr>\n<tr>\n<td>Eingangsspannung (DC)<\/td>\n<td>12V(6V ~ 16V)<\/td>\n<\/tr>\n<tr>\n<td>Leistungsaufnahme<\/td>\n<td>Fernlicht: 13W max.<br \/>\nAbblendlicht: 6W<\/td>\n<\/tr>\n<tr>\n<td>Kabeldurchmesser:<\/td>\n<td>Strom: \u00f84mm<br \/>\nSchalter: \u00f82.55mm<\/td>\n<\/tr>\n<tr>\n<td>Kabell\u00e4nge<\/td>\n<td>Strom: 1400mm<br \/>\nSchalter: 300mm\/650mm<\/td>\n<\/tr>\n<tr>\n<td>Schutzart<\/td>\n<td>IP56<\/td>\n<\/tr>\n<tr>\n<td>Betriebstemperatur (\u00b0C)<\/td>\n<td>-25 ~ +50<\/td>\n<\/tr>\n<tr>\n<td>Material<\/td>\n<td>Aluminum<\/td>\n<\/tr>\n<tr>\n<td>Gewicht (ohne Kabel)<\/td>\n<td>128g<\/td>\n<\/tr>\n<tr>\n<td>Abmessungen (BxHxL)<\/td>\n<td>\u00f846 x 52mm<\/td>\n<\/tr>\n<tr>\n<td>Schalterhalterung \/ -montage<\/td>\n<td>\u00f822,2mm<\/td>\n<\/tr>\n<tr>\n<td>Reflektor (Optional)<\/td>\n<td>RF1 \/ RFD<\/td>\n<\/tr>\n<tr>\n<td>Zertifizierungen<\/td>\n<td>CE\/ ROHS\/ REACH<\/td>\n<\/tr>\n<tr>\n<td>Genehmigungsart<\/td>\n<td>StVZO-K\/ ISO-6742<\/td>\n<\/tr>\n<tr>\n<td>Genehmigungsnummer<\/td>\n<td>~ K 1831<\/td>\n<\/tr>\n<\/tbody>\n<\/table>\n<\/div>\n<\/div>\n<div id=\"tab_video\" class=\"panel entry-content\" role=\"tabpanel\" aria-labelledby=\"tab-video\">\n<\/div>\n<div id=\"tab_systemkompatibilit\u00e4t\" class=\"panel entry-content\" role=\"tabpanel\" aria-labelledby=\"tab-systemkompatibilit\u00e4t\">\n<p>Systemkompatibilit\u00e4t &#8211; <a href=\"https:\/\/www.lite-move.com\/download\/\">Download<\/a><\/p>\n\t<div class=\"img has-hover x md-x lg-x y md-y lg-y\" id=\"image_1642506165\">\n\t\t\t\t\t\t\t\t<div class=\"img-inner dark\" >\n\t\t\t\t\t\t\t\t\t\n\t\t\t\t\t<\/div>\n\t\t\t\t\t\t\t\t\n<style>\n#image_1642506165 {\n  width: 100%;\n}\n<\/style>\n\t<\/div>\n\t\n<\/div><\/div><\/div>\n\t\t<\/div>\n\n\t\t\n<style>\n#section_927152823 {\n  padding-top: 0px;\n  padding-bottom: 0px;\n}\n<\/style>\n\t<\/section>\n\t\n\n\t<section class=\"section show-for-medium\" id=\"section_741680866\">\n\t\t<div class=\"section-bg fill\" >\n\t\t\t\t\t\t\t\t\t\n\t\t\t\n\n\t\t<\/div>\n\n\t\t\n\n\t\t<div class=\"section-content relative\">\n\t\t\t\n<div class=\"accordion\">\n\t<div id=\"accordion-1184765169\" class=\"accordion-item\">\n\t\t<a id=\"accordion-1184765169-label\" class=\"accordion-title plain\" href=\"#accordion-item-beschreibung\" aria-expanded=\"false\" aria-controls=\"accordion-1184765169-content\" >\n\t\t\t<button class=\"toggle\" aria-label=\"Toggle\"><i class=\"icon-angle-down\"><\/i><\/button>\n\t\t\t<span>BESCHREIBUNG<\/span>\n\t\t<\/a>\n\t\t<div id=\"accordion-1184765169-content\" class=\"accordion-inner\" aria-labelledby=\"accordion-1184765169-label\" >\n\t\t\t\n<div class=\"row\"  id=\"row-730774924\">\n\n\t<div id=\"col-876595696\" class=\"col medium-10 small-12 large-10\"  >\n\t\t\t\t<div class=\"col-inner\"  >\n\t\t\t\n\t\t\t\n<h3><strong>Performance<\/strong><\/h3>\n<p>Der AC-150 Scheinwerfer von Litemove bietet eine Sichtweite von 8 m Breite und bis zu 230 m nach vorne, was E-Bike-Fahrern eine bessere Sichtbarkeit sowohl bei Tag als auch in dunklen Bereichen erm\u00f6glicht.<\/p>\n<h3><strong>Klein und kompakt<\/strong><\/h3>\n<p>Mit einer Gr\u00f6\u00dfe, die kleiner ist als ein Kartenspiel, l\u00e4sst sich der Scheinwerfer problemlos am Lenker montieren, ohne andere Komponenten zu beeintr\u00e4chtigen.<\/p>\n<h3><strong>Montage<\/strong><\/h3>\n<p>\u00dcberpr\u00fcfe <a href=\"https:\/\/www.lite-move.com\/de\/produkt-kategorie\/befestigungshalterungen\/\">Kompatibilit\u00e4t mit dem Halter \/ der Montage<\/a><\/p>\n<h3><strong>Notiz:<\/strong><\/h3>\n<ul>\n<li>Dieser Scheinwerfer kann NUR \u00fcber 12V (6V ~ 16V) DC-Strom geladen werden.<\/li>\n<li>Nicht \u00fcber eine Wechselstromquelle (z. B. einen Dynamo) aufladen<\/li>\n<li>Das Anschlie\u00dfen an Stromquellen, die die Spannungsgrenze \u00fcberschreiten, kann zu Sch\u00e4den an der Leuchte f\u00fchren<\/li>\n<li>Die Leuchte verf\u00fcgt \u00fcber keinen Schalter, sie wird \u00fcber das E-Bike-System gesteuert<\/li>\n<\/ul>\n\t\t<\/div>\n\t\t\t\t\t<\/div>\n\n\t\n<\/div>\n\t\t<\/div>\n\t<\/div>\n\t\n\t<div id=\"accordion-2522253965\" class=\"accordion-item\">\n\t\t<a id=\"accordion-2522253965-label\" class=\"accordion-title plain\" href=\"#accordion-item-spezifikation\" aria-expanded=\"false\" aria-controls=\"accordion-2522253965-content\" >\n\t\t\t<button class=\"toggle\" aria-label=\"Toggle\"><i class=\"icon-angle-down\"><\/i><\/button>\n\t\t\t<span>SPEZIFIKATION<\/span>\n\t\t<\/a>\n\t\t<div id=\"accordion-2522253965-content\" class=\"accordion-inner\" aria-labelledby=\"accordion-2522253965-label\" >\n\t\t\t\n<table width=\"100%\">\n<tbody>\n<tr>\n<td width=\"30%\">Modellname<\/td>\n<td width=\"70%\">AC-150<\/td>\n<\/tr>\n<tr>\n<td>Modellnummer<\/td>\n<td width=\"155\">AC150D\/AC150S\/AC150U<\/td>\n<\/tr>\n<tr>\n<td>S\/N<\/td>\n<td width=\"155\">0023<\/td>\n<\/tr>\n<tr>\n<td>Lichtleistung<\/td>\n<td>Fernlicht: 150 Lux<br \/>\nAbblendlicht: 90 Lux<\/td>\n<\/tr>\n<tr>\n<td>Optische Technologie<\/td>\n<td>MTi Plus<\/td>\n<\/tr>\n<tr>\n<td>Lichtquelle<\/td>\n<td>LED *4<\/td>\n<\/tr>\n<tr>\n<td>Eingangsspannung<\/td>\n<td>(DC) 12V(6V ~ 16V)<\/td>\n<\/tr>\n<tr>\n<td>Leistungsaufnahme<\/td>\n<td>Fernlicht: 13W max.<br \/>\nAbblendlicht: 6W<\/td>\n<\/tr>\n<tr>\n<td>Kabeldurchmesser:<\/td>\n<td>Strom: \u00f84mm<br \/>\nSchalter: \u00f82,55mm<\/td>\n<\/tr>\n<tr>\n<td>Kabell\u00e4nge<\/td>\n<td>Strom: 1400mm<br \/>\nSchalter: 300mm\/650mm<\/td>\n<\/tr>\n<tr>\n<td>Schutzart<\/td>\n<td>IP56<\/td>\n<\/tr>\n<tr>\n<td>Betriebstemperatur (\u00b0C)<\/td>\n<td>-25 ~ +50<\/td>\n<\/tr>\n<tr>\n<td>Material<\/td>\n<td>Aluminum<\/td>\n<\/tr>\n<tr>\n<td>Gewicht (ohne Kabel)<\/td>\n<td>128g<\/td>\n<\/tr>\n<tr>\n<td>Abmessungen (BxHxL)<\/td>\n<td>\u00f846 x 52mm<\/td>\n<\/tr>\n<tr>\n<td>Schalterhalterung \/ -montage<\/td>\n<td>\u00f822,2mm<\/td>\n<\/tr>\n<tr>\n<td>Reflector (Optional)<\/td>\n<td>RF1\/RFD<\/td>\n<\/tr>\n<tr>\n<td>Zertifizierungen<\/td>\n<td>CE\/ ROHS\/ REACH<\/td>\n<\/tr>\n<tr>\n<td>Genehmigungsart<\/td>\n<td>StVZO-K\/ ISO-6742<\/td>\n<\/tr>\n<tr>\n<td>Genehmigungsnummer<\/td>\n<td>~ K 1831<\/td>\n<\/tr>\n<\/tbody>\n<\/table>\n\t\t<\/div>\n\t<\/div>\n\t\n\t<div id=\"accordion-2636798109\" class=\"accordion-item\">\n\t\t<a id=\"accordion-2636798109-label\" class=\"accordion-title plain\" href=\"#accordion-item-video\" aria-expanded=\"false\" aria-controls=\"accordion-2636798109-content\" >\n\t\t\t<button class=\"toggle\" aria-label=\"Toggle\"><i class=\"icon-angle-down\"><\/i><\/button>\n\t\t\t<span>VIDEO<\/span>\n\t\t<\/a>\n\t\t<div id=\"accordion-2636798109-content\" class=\"accordion-inner\" aria-labelledby=\"accordion-2636798109-label\" >\n\t\t\t\n<div class=\"row row-collapse row-full-width\"  id=\"row-568886343\">\n\n\t<div id=\"col-1455582618\" class=\"col medium-10 small-12 large-10\"  >\n\t\t\t\t<div class=\"col-inner\"  >\n\t\t\t\n\t\t\t\n<p>Systemkompatibilit\u00e4t &#8211; <a href=\"https:\/\/www.lite-move.com\/download\/\">Download.<\/a><\/p>\n\t\t<\/div>\n\t\t\t\t\t<\/div>\n\n\t\n<\/div>\n\t\t<\/div>\n\t<\/div>\n\t\n\t<div id=\"accordion-1089375727\" class=\"accordion-item\">\n\t\t<a id=\"accordion-1089375727-label\" class=\"accordion-title plain\" href=\"#accordion-item-systemkompatibilit\u00e4t\" aria-expanded=\"false\" aria-controls=\"accordion-1089375727-content\" >\n\t\t\t<button class=\"toggle\" aria-label=\"Toggle\"><i class=\"icon-angle-down\"><\/i><\/button>\n\t\t\t<span>Systemkompatibilit\u00e4t<\/span>\n\t\t<\/a>\n\t\t<div id=\"accordion-1089375727-content\" class=\"accordion-inner\" aria-labelledby=\"accordion-1089375727-label\" >\n\t\t\t\n<div class=\"row row-collapse row-full-width\"  id=\"row-92128489\">\n\n\t<div id=\"col-1162044361\" class=\"col medium-10 small-12 large-10\"  >\n\t\t\t\t<div class=\"col-inner\"  >\n\t\t\t\n\t\t\t\n<p>Systemkompatibilit\u00e4t &#8211; <a href=\"https:\/\/www.lite-move.com\/download\/\">Download.<\/a><\/p>\n\t\t<\/div>\n\t\t\t\t\t<\/div>\n\n\t\n<\/div>\n\t\t<\/div>\n\t<\/div>\n\t\n<\/div>\n\t\t<\/div>\n\n\t\t\n<style>\n#section_741680866 {\n  padding-top: 0px;\n  padding-bottom: 0px;\n}\n<\/style>\n\t<\/section>\n\t\n","protected":false},"excerpt":{"rendered":"<ul>\n<li style=\"font-weight: 400;\" aria-level=\"1\"><span style=\"font-weight: 400;\">Verwendet das MTi Plus-System, das eine Dual-Beam-Option (Fern-\/Abblendlicht) beinhaltet<\/span><\/li>\n<li style=\"font-weight: 400;\" aria-level=\"1\"><span style=\"font-weight: 400;\">8 m breite und bis zu 230 m Reichweite der Lichtausstrahlung nach vorne<\/span><\/li>\n<li style=\"font-weight: 400;\" aria-level=\"1\"><span style=\"font-weight: 400;\">Bis zu<\/span> <span style=\"font-weight: 400;\">150<\/span> <span style=\"font-weight: 400;\">Lux<\/span><\/li>\n<li style=\"font-weight: 400;\" aria-level=\"1\"><span style=\"font-weight: 400;\">12V (6V ~ 16V) mit einer Leistungsaufnahme von bis zu 13 Watt<\/span><\/li>\n<li style=\"font-weight: 400;\" aria-level=\"1\"><span style=\"font-weight: 400;\">2-teiliger Schalter f\u00fcr die Fernlichtfunktion<\/span><\/li>\n<li style=\"font-weight: 400;\" aria-level=\"1\"><span style=\"font-weight: 400;\">Mehrere Montagem\u00f6glichkeiten in einem Geh\u00e4use: Gabel, Vorbau oder Lenker <\/span><\/li>\n<li style=\"font-weight: 400;\" aria-level=\"1\"><span style=\"font-weight: 400;\">IP56 \u2013 Schutz gegen hohen Wasserdruck und Staub<\/span><\/li>\n<li style=\"font-weight: 400;\" aria-level=\"1\"><span style=\"font-weight: 400;\">Aluminiumgeh\u00e4use<\/span><\/li>\n<li style=\"font-weight: 400;\" aria-level=\"1\"><span style=\"font-weight: 400;\">F\u00fcr E-Bikes bis 25 km\/h \/ EPAC <\/span><\/li>\n<li style=\"font-weight: 400;\" aria-level=\"1\"><span style=\"font-weight: 400;\">K-Mark &amp; ISO-6742 Kompatibilit\u00e4t<\/span><\/li>\n<li>\u00dcberpr\u00fcfe die <a href=\"\/product-category\/mounting-brackets\/\">Kompatibilit\u00e4t von Halterungen\/Montagen<\/a>.<\/li>\n<\/ul>\n","protected":false},"featured_media":6873,"template":"","meta":{"inline_featured_image":false},"product_brand":[],"product_cat":[191,170,171],"product_tag":[],"class_list":{"0":"post-7116","1":"product","2":"type-product","3":"status-publish","4":"has-post-thumbnail","6":"product_cat-e-bike-scheinwerfer-25km","7":"product_cat-lichter","8":"product_cat-scheinwerfer-alle","9":"pa_reflector-front-reflektor","11":"first","12":"instock","13":"shipping-taxable","14":"product-type-simple"},"_links":{"self":[{"href":"https:\/\/www.lite-move.com\/de\/wp-json\/wp\/v2\/product\/7116","targetHints":{"allow":["GET"]}}],"collection":[{"href":"https:\/\/www.lite-move.com\/de\/wp-json\/wp\/v2\/product"}],"about":[{"href":"https:\/\/www.lite-move.com\/de\/wp-json\/wp\/v2\/types\/product"}],"wp:featuredmedia":[{"embeddable":true,"href":"https:\/\/www.lite-move.com\/de\/wp-json\/wp\/v2\/media\/6873"}],"wp:attachment":[{"href":"https:\/\/www.lite-move.com\/de\/wp-json\/wp\/v2\/media?parent=7116"}],"wp:term":[{"taxonomy":"product_brand","embeddable":true,"href":"https:\/\/www.lite-move.com\/de\/wp-json\/wp\/v2\/product_brand?post=7116"},{"taxonomy":"product_cat","embeddable":true,"href":"https:\/\/www.lite-move.com\/de\/wp-json\/wp\/v2\/product_cat?post=7116"},{"taxonomy":"product_tag","embeddable":true,"href":"https:\/\/www.lite-move.com\/de\/wp-json\/wp\/v2\/product_tag?post=7116"}],"curies":[{"name":"wp","href":"https:\/\/api.w.org\/{rel}","templated":true}]}}