{"id":7120,"date":"2022-05-26T17:25:07","date_gmt":"2022-05-26T09:25:07","guid":{"rendered":"https:\/\/www.lite-move.com\/product\/tl02\/"},"modified":"2024-10-23T14:44:18","modified_gmt":"2024-10-23T06:44:18","slug":"tl02","status":"publish","type":"product","link":"https:\/\/www.lite-move.com\/de\/product\/tl02\/","title":{"rendered":"TL02"},"content":{"rendered":"\n\t<section class=\"section hide-for-medium\" id=\"section_1798065237\">\n\t\t<div class=\"section-bg fill\" >\n\t\t\t\t\t\t\t\t\t\n\t\t\t\n\n\t\t<\/div>\n\n\t\t\n\n\t\t<div class=\"section-content relative\">\n\t\t\t\n\n\t\t<div class=\"tabbed-content\">\n\t\t\t\n\t\t\t<ul class=\"nav nav-tabs nav-uppercase nav-size-normal nav-center\" role=\"tablist\"><li id=\"tab-beschreibung\" class=\"tab active has-icon\" role=\"presentation\"><a href=\"#tab_beschreibung\" role=\"tab\" aria-selected=\"true\" aria-controls=\"tab_beschreibung\"><span>Beschreibung<\/span><\/a><\/li>\n<li id=\"tab-spezifikation\" class=\"tab has-icon\" role=\"presentation\"><a href=\"#tab_spezifikation\" tabindex=\"-1\" role=\"tab\" aria-selected=\"false\" aria-controls=\"tab_spezifikation\"><span>Spezifikation<\/span><\/a><\/li>\n<li id=\"tab-video\" class=\"tab has-icon\" role=\"presentation\"><a href=\"#tab_video\" tabindex=\"-1\" role=\"tab\" aria-selected=\"false\" aria-controls=\"tab_video\"><span>Video<\/span><\/a><\/li><\/ul><div class=\"tab-panels\"><div id=\"tab_beschreibung\" class=\"panel active entry-content\" role=\"tabpanel\" aria-labelledby=\"tab-beschreibung\">\n<div class=\"row row-collapse\"  id=\"row-1202816473\">\n\n\t<div id=\"col-522370033\" class=\"col medium-10 small-12 large-10\"  >\n\t\t\t\t<div class=\"col-inner\"  >\n\t\t\t\n\t\t\t\n<h3><strong>Performance<\/strong><\/h3>\n<p><span style=\"font-weight: 400;\">Das Litemove TL02 batteriebetriebene Fahrradlicht kann sowohl als Vorder- als auch als R\u00fccklicht verwendet werden.<br \/>\nEs bietet f\u00fcnf verschiedene Lichtmodi mit einer Speicherfunktion und kann bis zu 40 Lumen beleuchten, mit einer maximalen Batterielaufzeit von 100 Stunden.<\/span><\/p>\n<h3><strong>Klein &amp; kompakt<\/strong><\/h3>\n<p>Abmessungen &amp; Gewicht:<br \/>\n<span style=\"font-weight: 400;\">BTL02: 15,5(B) x 74,3(H) x 18(L) mm (ohne Adapter) mm; 18g<\/span><\/p>\n<h3><strong>Montage<\/strong><\/h3>\n<p>Vielf\u00e4ltige Montageoptionen: vertikal oder horizontal an Rucks\u00e4cken, Umh\u00e4ngetaschen oder Fahrradteilen (Gabel, Lenker, Sattelst\u00fctze, Tr\u00e4ger usw.)<\/p>\n\t\t<\/div>\n\t\t\t\t\t<\/div>\n\n\t\n<\/div>\n<\/div>\n<div id=\"tab_spezifikation\" class=\"panel entry-content\" role=\"tabpanel\" aria-labelledby=\"tab-spezifikation\">\n<div class=\"row row-collapse\"  id=\"row-212504823\">\n\n\t<div id=\"col-941646859\" class=\"col medium-10 small-12 large-10\"  >\n\t\t\t\t<div class=\"col-inner\"  >\n\t\t\t\n\t\t\t\n<table style=\"height: 518px;\" width=\"654\">\n<tbody>\n<tr>\n<td width=\"30%\">Modellname<\/td>\n<td width=\"70%\">TL02<\/td>\n<\/tr>\n<tr>\n<td>Modell-Nr.<\/td>\n<td width=\"155\">TL02<\/td>\n<\/tr>\n<tr>\n<td>Lichtmodus-Leistung<\/td>\n<td>Hoch: 40 Lumen<br \/>\nStandard: 20 Lumen<br \/>\nStroboskop: 36 Lumen<br \/>\nBlitz: 18 Lumen<br \/>\nEco: 6,4 Lumen<\/td>\n<\/tr>\n<tr>\n<td>Optische Technologie<\/td>\n<td>N\/A<\/td>\n<\/tr>\n<tr>\n<td>Lichtquelle<\/td>\n<td>LED *16 (Wei\u00df)<\/td>\n<\/tr>\n<tr>\n<td>Eingangsspannung (Gleichstrom)<\/td>\n<td>Battery (300mAh)<\/td>\n<\/tr>\n<tr>\n<td>Laufzeit\/Leistungsaufnahme<\/td>\n<td>Hoch: 4 Stunden<br \/>\nStandard: 9 Stunden<br \/>\nStroboskop: 19 Stunden<br \/>\nBlitz: 95 Stunden<br \/>\nEco: 100 Stunden<\/td>\n<\/tr>\n<tr>\n<td>Ladezeit<\/td>\n<td>1,5 Stunden<\/td>\n<\/tr>\n<tr>\n<td>Ladeanforderung<\/td>\n<td>Integriertes USB-A, 5V 1A<\/td>\n<\/tr>\n<tr>\n<td>Niedrigstromanzeige<\/td>\n<td>Ja<\/td>\n<\/tr>\n<tr>\n<td>Ladeanzeige<\/td>\n<td>Ja<\/td>\n<\/tr>\n<tr>\n<td>Schutzart<\/td>\n<td>IP56<\/td>\n<\/tr>\n<tr>\n<td>Betriebstemperatur (\u00b0C)<\/td>\n<td>-10 ~ +50<\/td>\n<\/tr>\n<tr>\n<td>Material<\/td>\n<td>Plastic<\/td>\n<\/tr>\n<tr>\n<td>Gewicht (ohne Halterung)<\/td>\n<td>18g<\/td>\n<\/tr>\n<tr>\n<td>Abmessungen (BxHxL)<\/td>\n<td>15,5 x 74,3 x 18mm (ohne Halterung)<\/td>\n<\/tr>\n<tr>\n<td>Kompatibilit\u00e4t<\/td>\n<td>CE\/RoHS\/ REACH<\/td>\n<\/tr>\n<tr>\n<td>Genehmigungsart<\/td>\n<td>N\/A<\/td>\n<\/tr>\n<tr>\n<td>Genehmigungsnummer<\/td>\n<td>N\/A<\/td>\n<\/tr>\n<\/tbody>\n<\/table>\n\t\t<\/div>\n\t\t\t\t\t<\/div>\n\n\t\n<\/div>\n<\/div>\n<div id=\"tab_video\" class=\"panel entry-content\" role=\"tabpanel\" aria-labelledby=\"tab-video\">\n<div class=\"row row-collapse row-full-width\"  id=\"row-1552117573\">\n\n\t<div id=\"col-196366751\" class=\"col medium-2 small-12 large-2\"  >\n\t\t\t\t<div class=\"col-inner\"  >\n\t\t\t\n\t\t\t\n\t\t<\/div>\n\t\t\t\t\t<\/div>\n\n\t\n\n\t<div id=\"col-2059011514\" class=\"col medium-8 small-12 large-8\"  >\n\t\t\t\t<div class=\"col-inner\"  >\n\t\t\t\n\t\t\t\n<div class=\"video video-fit mb\" style=\"padding-top:56.25%;\"><p><iframe loading=\"lazy\" title=\"Introducing TL01 &amp; TL02 \u2014 Litemove\" width=\"1020\" height=\"574\" src=\"https:\/\/www.youtube.com\/embed\/F4IddbWcGu0?feature=oembed\" frameborder=\"0\" allow=\"accelerometer; autoplay; clipboard-write; encrypted-media; gyroscope; picture-in-picture; web-share\" referrerpolicy=\"strict-origin-when-cross-origin\" allowfullscreen><\/iframe><\/p>\n<\/div>\n\t\t<\/div>\n\t\t\t\t\t<\/div>\n\n\t\n<\/div>\n<\/div><\/div><\/div>\n\t\t<\/div>\n\n\t\t\n<style>\n#section_1798065237 {\n  padding-top: 0px;\n  padding-bottom: 0px;\n}\n<\/style>\n\t<\/section>\n\t\n\n\t<section class=\"section show-for-medium\" id=\"section_2133578448\">\n\t\t<div class=\"section-bg fill\" >\n\t\t\t\t\t\t\t\t\t\n\t\t\t\n\n\t\t<\/div>\n\n\t\t\n\n\t\t<div class=\"section-content relative\">\n\t\t\t\n<div class=\"accordion\">\n\t<div id=\"accordion-3100360017\" class=\"accordion-item\">\n\t\t<a id=\"accordion-3100360017-label\" class=\"accordion-title plain\" href=\"#accordion-item-beschreibung\" aria-expanded=\"false\" aria-controls=\"accordion-3100360017-content\" >\n\t\t\t<button class=\"toggle\" aria-label=\"Toggle\"><i class=\"icon-angle-down\"><\/i><\/button>\n\t\t\t<span>BESCHREIBUNG<\/span>\n\t\t<\/a>\n\t\t<div id=\"accordion-3100360017-content\" class=\"accordion-inner\" aria-labelledby=\"accordion-3100360017-label\" >\n\t\t\t\n<div class=\"row\"  id=\"row-113530655\">\n\n\t<div id=\"col-728070174\" class=\"col medium-10 small-12 large-10\"  >\n\t\t\t\t<div class=\"col-inner\"  >\n\t\t\t\n\t\t\t\n<h3><strong>Performance<\/strong><\/h3>\n<p><span style=\"font-weight: 400;\">Das Litemove TL02 batteriebetriebene Fahrradlicht kann sowohl als Vorder- als auch als R\u00fccklicht verwendet werden.<br \/>\nEs bietet f\u00fcnf verschiedene Lichtmodi mit einer Speicherfunktion und kann bis zu 40 Lumen beleuchten, mit einer maximalen Batterielaufzeit von 100 Stunden.<\/span><\/p>\n<h3><strong>Klein &amp; kompakt<\/strong><\/h3>\n<p>Abmessungen &amp; Gewicht:<br \/>\n<span style=\"font-weight: 400;\">BTL02: 15,5(B) x 74,3(H) x 18(L) mm (ohne Adapter) mm; 18g<\/span><\/p>\n<h3><strong>Montage<\/strong><\/h3>\n<p>Vielf\u00e4ltige Montageoptionen: vertikal oder horizontal an Rucks\u00e4cken, Umh\u00e4ngetaschen oder Fahrradteilen (Gabel, Lenker, Sattelst\u00fctze, Tr\u00e4ger usw.)<\/p>\n\t\t<\/div>\n\t\t\t\t\t<\/div>\n\n\t\n<\/div>\n\t\t<\/div>\n\t<\/div>\n\t\n\t<div id=\"accordion-1566611952\" class=\"accordion-item\">\n\t\t<a id=\"accordion-1566611952-label\" class=\"accordion-title plain\" href=\"#accordion-item-spezifikation\" aria-expanded=\"false\" aria-controls=\"accordion-1566611952-content\" >\n\t\t\t<button class=\"toggle\" aria-label=\"Toggle\"><i class=\"icon-angle-down\"><\/i><\/button>\n\t\t\t<span>SPEZIFIKATION<\/span>\n\t\t<\/a>\n\t\t<div id=\"accordion-1566611952-content\" class=\"accordion-inner\" aria-labelledby=\"accordion-1566611952-label\" >\n\t\t\t\n\n\t<div id=\"col-1170345101\" class=\"col medium-8 small-12 large-8\"  >\n\t\t\t\t<div class=\"col-inner\"  >\n\t\t\t\n\t\t\t\n<table width=\"100%\">\n<tbody>\n<tr>\n<td width=\"30%\">Modellname<\/td>\n<td width=\"70%\">TL02<\/td>\n<\/tr>\n<tr>\n<td>Modell-Nr.<\/td>\n<td width=\"155\">TL02<\/td>\n<\/tr>\n<tr>\n<td>Lichtmodus-Leistung<\/td>\n<td>Hoch: 40 Lumen<br \/>\nStandard: 20 Lumen<br \/>\nStroboskop: 36 Lumen<br \/>\nBlitz: 18 Lumen<br \/>\nEco: 6,4 Lumen<\/td>\n<\/tr>\n<tr>\n<td>Optische Technologie<\/td>\n<td>N\/A<\/td>\n<\/tr>\n<tr>\n<td>Lichtquelle<\/td>\n<td>LED *16 (Wei\u00df)<\/td>\n<\/tr>\n<tr>\n<td>Eingangsspannung (Gleichstrom)<\/td>\n<td>Battery (300mAh)<\/td>\n<\/tr>\n<tr>\n<td>Laufzeit\/Leistungsaufnahme<\/td>\n<td>Hoch: 4 Stunden<br \/>\nStandard: 9 Stunden<br \/>\nStroboskop: 19 Stunden<br \/>\nBlitz: 95 Stunden<br \/>\nEco: 100 Stunden<\/td>\n<\/tr>\n<tr>\n<td>Ladezeit<\/td>\n<td>1,5 Stunden<\/td>\n<\/tr>\n<tr>\n<td>Ladeanforderung<\/td>\n<td>Integriertes USB-A, 5V 1A<\/td>\n<\/tr>\n<tr>\n<td>Niedrigstromanzeige<\/td>\n<td>Ja<\/td>\n<\/tr>\n<tr>\n<td>Ladeanzeige<\/td>\n<td>Ja<\/td>\n<\/tr>\n<tr>\n<td>Schutzart<\/td>\n<td>IP56<\/td>\n<\/tr>\n<tr>\n<td>Betriebstemperatur (\u00b0C)<\/td>\n<td>-10 ~ +50<\/td>\n<\/tr>\n<tr>\n<td>Material<\/td>\n<td>Plastic<\/td>\n<\/tr>\n<tr>\n<td>Gewicht (ohne Halterung)<\/td>\n<td>18g<\/td>\n<\/tr>\n<tr>\n<td>Abmessungen (BxHxL)<\/td>\n<td>15,5 x 74,3 x 18mm (ohne Halterung)<\/td>\n<\/tr>\n<tr>\n<td>Kompatibilit\u00e4t<\/td>\n<td>CE\/RoHS\/ REACH\/ Prop 65<\/td>\n<\/tr>\n<tr>\n<td>Genehmigungsart<\/td>\n<td>N\/A<\/td>\n<\/tr>\n<tr>\n<td>Genehmigungsnummer<\/td>\n<td>N\/A<\/td>\n<\/tr>\n<\/tbody>\n<\/table>\n\t\t<\/div>\n\t\t\t\t\t<\/div>\n\n\t\n\t\t<\/div>\n\t<\/div>\n\t\n\t<div id=\"accordion-1680084008\" class=\"accordion-item\">\n\t\t<a id=\"accordion-1680084008-label\" class=\"accordion-title plain\" href=\"#accordion-item-video\" aria-expanded=\"false\" aria-controls=\"accordion-1680084008-content\" >\n\t\t\t<button class=\"toggle\" aria-label=\"Toggle\"><i class=\"icon-angle-down\"><\/i><\/button>\n\t\t\t<span>VIDEO<\/span>\n\t\t<\/a>\n\t\t<div id=\"accordion-1680084008-content\" class=\"accordion-inner\" aria-labelledby=\"accordion-1680084008-label\" >\n\t\t\t\n<div class=\"row row-collapse row-full-width\"  id=\"row-756920709\">\n\n\t<div id=\"col-1400973180\" class=\"col medium-10 small-12 large-10\"  >\n\t\t\t\t<div class=\"col-inner\"  >\n\t\t\t\n\t\t\t\n<div class=\"video video-fit mb\" style=\"padding-top:56.25%;\"><p><iframe loading=\"lazy\" title=\"Introducing TL01 &amp; TL02 \u2014 Litemove\" width=\"1020\" height=\"574\" src=\"https:\/\/www.youtube.com\/embed\/F4IddbWcGu0?feature=oembed\" frameborder=\"0\" allow=\"accelerometer; autoplay; clipboard-write; encrypted-media; gyroscope; picture-in-picture; web-share\" referrerpolicy=\"strict-origin-when-cross-origin\" allowfullscreen><\/iframe><\/p>\n<\/div>\n\t\t<\/div>\n\t\t\t\t\t<\/div>\n\n\t\n<\/div>\n\t\t<\/div>\n\t<\/div>\n\t\n<\/div>\n\t\t<\/div>\n\n\t\t\n<style>\n#section_2133578448 {\n  padding-top: 0px;\n  padding-bottom: 0px;\n}\n<\/style>\n\t<\/section>\n\t\n","protected":false},"excerpt":{"rendered":"<ul>\n<li aria-level=\"1\">Wei\u00dfes LED-Licht<\/li>\n<li style=\"font-weight: 400;\" aria-level=\"1\">Lichtleistung: Bis zu 40 Lumen<\/li>\n<li style=\"font-weight: 400;\" aria-level=\"1\">Laufzeit: Bis zu 100 Stunden<\/li>\n<li style=\"font-weight: 400;\" aria-level=\"1\">F\u00fcnf verschiedene Lichtmodi mit Speicherfunktion<\/li>\n<li style=\"font-weight: 400;\" aria-level=\"1\">Integriertes USB-Ladekabel<\/li>\n<li style=\"font-weight: 400;\" aria-level=\"1\">Verschiedene Montagem\u00f6glichkeiten<\/li>\n<\/ul>\n","protected":false},"featured_media":7546,"template":"","meta":{"inline_featured_image":false},"product_brand":[],"product_cat":[200,171],"product_tag":[],"class_list":{"0":"post-7120","1":"product","2":"type-product","3":"status-publish","4":"has-post-thumbnail","6":"product_cat-akku-lichter","7":"product_cat-scheinwerfer-alle","9":"first","10":"instock","11":"shipping-taxable","12":"product-type-simple"},"_links":{"self":[{"href":"https:\/\/www.lite-move.com\/de\/wp-json\/wp\/v2\/product\/7120","targetHints":{"allow":["GET"]}}],"collection":[{"href":"https:\/\/www.lite-move.com\/de\/wp-json\/wp\/v2\/product"}],"about":[{"href":"https:\/\/www.lite-move.com\/de\/wp-json\/wp\/v2\/types\/product"}],"wp:featuredmedia":[{"embeddable":true,"href":"https:\/\/www.lite-move.com\/de\/wp-json\/wp\/v2\/media\/7546"}],"wp:attachment":[{"href":"https:\/\/www.lite-move.com\/de\/wp-json\/wp\/v2\/media?parent=7120"}],"wp:term":[{"taxonomy":"product_brand","embeddable":true,"href":"https:\/\/www.lite-move.com\/de\/wp-json\/wp\/v2\/product_brand?post=7120"},{"taxonomy":"product_cat","embeddable":true,"href":"https:\/\/www.lite-move.com\/de\/wp-json\/wp\/v2\/product_cat?post=7120"},{"taxonomy":"product_tag","embeddable":true,"href":"https:\/\/www.lite-move.com\/de\/wp-json\/wp\/v2\/product_tag?post=7120"}],"curies":[{"name":"wp","href":"https:\/\/api.w.org\/{rel}","templated":true}]}}