{"id":7123,"date":"2021-12-06T11:29:19","date_gmt":"2021-12-06T03:29:19","guid":{"rendered":"https:\/\/www.lite-move.com\/product\/rx-e50\/"},"modified":"2025-04-25T14:14:22","modified_gmt":"2025-04-25T06:14:22","slug":"rx-e50","status":"publish","type":"product","link":"https:\/\/www.lite-move.com\/de\/product\/rx-e50\/","title":{"rendered":"RX-E50"},"content":{"rendered":"\n\t<section class=\"section hide-for-medium\" id=\"section_634433055\">\n\t\t<div class=\"section-bg fill\" >\n\t\t\t\t\t\t\t\t\t\n\t\t\t\n\n\t\t<\/div>\n\n\t\t\n\n\t\t<div class=\"section-content relative\">\n\t\t\t\n\n\t\t<div class=\"tabbed-content\">\n\t\t\t\n\t\t\t<ul class=\"nav nav-tabs nav-uppercase nav-size-normal nav-center\" role=\"tablist\"><li id=\"tab-beschreibung\" class=\"tab active has-icon\" role=\"presentation\"><a href=\"#tab_beschreibung\" role=\"tab\" aria-selected=\"true\" aria-controls=\"tab_beschreibung\"><span>Beschreibung<\/span><\/a><\/li>\n<li id=\"tab-spezifikation\" class=\"tab has-icon\" role=\"presentation\"><a href=\"#tab_spezifikation\" tabindex=\"-1\" role=\"tab\" aria-selected=\"false\" aria-controls=\"tab_spezifikation\"><span>Spezifikation<\/span><\/a><\/li>\n<li id=\"tab-video\" class=\"tab has-icon\" role=\"presentation\"><a href=\"#tab_video\" tabindex=\"-1\" role=\"tab\" aria-selected=\"false\" aria-controls=\"tab_video\"><span>Video<\/span><\/a><\/li>\n<li id=\"tab-systemkompatibilit\u00e4t\" class=\"tab has-icon\" role=\"presentation\"><a href=\"#tab_systemkompatibilit\u00e4t\" tabindex=\"-1\" role=\"tab\" aria-selected=\"false\" aria-controls=\"tab_systemkompatibilit\u00e4t\"><span>Systemkompatibilit\u00e4t<\/span><\/a><\/li><\/ul><div class=\"tab-panels\"><div id=\"tab_beschreibung\" class=\"panel active entry-content\" role=\"tabpanel\" aria-labelledby=\"tab-beschreibung\">\n<h3><strong>Performance<\/strong><\/h3>\n<p><span style=\"font-weight: 400;\">Der Litemove RX-E50 Scheinwerfer bietet eine Lichtbreite von 8 m und eine Sichtweite von bis zu 120 m<\/span>, <span style=\"font-weight: 400;\">was E-Bike-Fahrern eine gute Sicht auf ihren Weg erm\u00f6glicht.<\/span><\/p>\n<h3><strong>Klein &amp; kompakt<\/strong><\/h3>\n<p>Mit der Gr\u00f6\u00dfe eines Feuerzeugs l\u00e4sst sich das Licht problemlos am Vorbau, an der Gabel oder unter dem Korb montieren, ohne andere Komponenten zu beeintr\u00e4chtigen.<\/p>\n<h3><strong>Montage<\/strong><\/h3>\n<p>\u00dcberpr\u00fcfe <a href=\"https:\/\/www.lite-move.com\/de\/produkt-kategorie\/befestigungshalterungen\/\">Kompatibilit\u00e4t mit dem Halter \/ der Montage<\/a><\/p>\n<h3><strong>Hinweis:<\/strong><\/h3>\n<ul>\n<li>Dieses Scheinwerfer kann NUR \u00fcber 6V (5V ~ 16V) Gleichstrom geladen werden.<\/li>\n<li>Nicht \u00fcber eine Wechselstromquelle (z. B. einen Dynamo) aufladen<\/li>\n<li>Das Anschlie\u00dfen an Stromquellen, die die Spannungsgrenze \u00fcberschreiten, kann zu Sch\u00e4den an der Leuchte f\u00fchren<\/li>\n<li>Die Leuchte verf\u00fcgt \u00fcber keinen Schalter, sie wird \u00fcber das E-Bike-System gesteuert<\/li>\n<\/ul>\n<\/div>\n<div id=\"tab_spezifikation\" class=\"panel entry-content\" role=\"tabpanel\" aria-labelledby=\"tab-spezifikation\">\n<div class=\"row row-collapse\"  id=\"row-1670867505\">\n\n\t<div id=\"col-321077255\" class=\"col medium-10 small-12 large-10\"  >\n\t\t\t\t<div class=\"col-inner\"  >\n\t\t\t\n\t\t\t\n<table width=\"100%\">\n<tbody>\n<tr>\n<td width=\"30%\">Modellname<\/td>\n<td width=\"70%\">RX-E50<\/td>\n<\/tr>\n<tr>\n<td>Modell-Nr.<\/td>\n<td width=\"155\">RXE50<\/td>\n<\/tr>\n<tr>\n<td>S\/N<\/td>\n<td width=\"155\">RX01<\/td>\n<\/tr>\n<tr>\n<td>Lichtleistung<\/td>\n<td>50 Lux\/ 200 lumens<\/td>\n<\/tr>\n<tr>\n<td>Optische Technologie<\/td>\n<td>RX<\/td>\n<\/tr>\n<tr>\n<td>Lichtquelle<\/td>\n<td>LED *1<\/td>\n<\/tr>\n<tr>\n<td>Eingangsspannung (Gleichstrom)<\/td>\n<td>6V(5V ~ 16V)<\/td>\n<\/tr>\n<tr>\n<td>Power Consumption<\/td>\n<td>2.5W<\/td>\n<\/tr>\n<tr>\n<td>Kabeldurchmesser<\/td>\n<td>\u00f84mm<\/td>\n<\/tr>\n<tr>\n<td>Kabell\u00e4nge<\/td>\n<td>1400mm<\/td>\n<\/tr>\n<tr>\n<td>Schutzart<\/td>\n<td>IP56<\/td>\n<\/tr>\n<tr>\n<td>Betriebstemperatur (\u00b0C)<\/td>\n<td>-25 ~ +50<\/td>\n<\/tr>\n<tr>\n<td>Material<\/td>\n<td>Plastic<\/td>\n<\/tr>\n<tr>\n<td>Gewicht (ohne Kabel)<\/td>\n<td>18.5g<\/td>\n<\/tr>\n<tr>\n<td>Abmessungen (BxHxL)<\/td>\n<td>39,2 x 52,6 x 48,8mm<\/td>\n<\/tr>\n<tr>\n<td>Schalterhalterung \/ Montage<\/td>\n<td>N\/A<\/td>\n<\/tr>\n<tr>\n<td>Reflektor (Optional)<\/td>\n<td>RFDT<\/td>\n<\/tr>\n<tr>\n<td>Kompatibilit\u00e4t<\/td>\n<td>CE\/ RoHS\/ REACH\/ Prop 65<\/td>\n<\/tr>\n<tr>\n<td>Zulassungstyp<\/td>\n<td>StVZO-K &amp; ISO-6742<\/td>\n<\/tr>\n<tr>\n<td>Zulassungsnummer<\/td>\n<td>~ K 2047<\/td>\n<\/tr>\n<\/tbody>\n<\/table>\n\t\t<\/div>\n\t\t\t\t\t<\/div>\n\n\t\n<\/div>\n<\/div>\n<div id=\"tab_video\" class=\"panel entry-content\" role=\"tabpanel\" aria-labelledby=\"tab-video\">\n<\/div>\n<div id=\"tab_systemkompatibilit\u00e4t\" class=\"panel entry-content\" role=\"tabpanel\" aria-labelledby=\"tab-systemkompatibilit\u00e4t\">\n<p>Systemkompatibilit\u00e4t &#8211; <a href=\"https:\/\/www.lite-move.com\/download\/\">Download<\/a><\/p>\n\t<div class=\"img has-hover x md-x lg-x y md-y lg-y\" id=\"image_375427252\">\n\t\t\t\t\t\t\t\t<div class=\"img-inner dark\" >\n\t\t\t\t\t\t\t\t\t\n\t\t\t\t\t<\/div>\n\t\t\t\t\t\t\t\t\n<style>\n#image_375427252 {\n  width: 100%;\n}\n<\/style>\n\t<\/div>\n\t\n<\/div><\/div><\/div>\n\t\t<\/div>\n\n\t\t\n<style>\n#section_634433055 {\n  padding-top: 0px;\n  padding-bottom: 0px;\n}\n<\/style>\n\t<\/section>\n\t\n\n\t<section class=\"section show-for-medium\" id=\"section_1996981286\">\n\t\t<div class=\"section-bg fill\" >\n\t\t\t\t\t\t\t\t\t\n\t\t\t\n\n\t\t<\/div>\n\n\t\t\n\n\t\t<div class=\"section-content relative\">\n\t\t\t\n<div class=\"accordion\">\n\t<div id=\"accordion-3819093939\" class=\"accordion-item\">\n\t\t<a id=\"accordion-3819093939-label\" class=\"accordion-title plain\" href=\"#accordion-item-beschreibung\" aria-expanded=\"false\" aria-controls=\"accordion-3819093939-content\" >\n\t\t\t<button class=\"toggle\" aria-label=\"Toggle\"><i class=\"icon-angle-down\"><\/i><\/button>\n\t\t\t<span>BESCHREIBUNG<\/span>\n\t\t<\/a>\n\t\t<div id=\"accordion-3819093939-content\" class=\"accordion-inner\" aria-labelledby=\"accordion-3819093939-label\" >\n\t\t\t\n<div class=\"row\"  id=\"row-480306399\">\n\n\t<div id=\"col-895745037\" class=\"col medium-10 small-12 large-10\"  >\n\t\t\t\t<div class=\"col-inner\"  >\n\t\t\t\n\t\t\t\n<h3><strong>Performance<\/strong><\/h3>\n<p><span style=\"font-weight: 400;\">Der Litemove RX-E50 Scheinwerfer bietet eine Lichtbreite von 8 m und eine Sichtweite von bis zu 120 m<\/span>, <span style=\"font-weight: 400;\">was E-Bike-Fahrern eine gute Sicht auf ihren Weg erm\u00f6glicht.<\/span><\/p>\n<p><span style=\"color: #0081cc;\"><a style=\"color: #0081cc;\" href=\"https:\/\/www.lite-move.com\/de\/?page_id=7016\">Strahlvergleich<\/a><\/span><\/p>\n<h3><strong>Klein &amp; kompakt<\/strong><\/h3>\n<p>Mit der Gr\u00f6\u00dfe eines Feuerzeugs l\u00e4sst sich das Licht problemlos am Vorbau, an der Gabel oder unter dem Korb montieren, ohne andere Komponenten zu beeintr\u00e4chtigen.<\/p>\n<h3><strong>Montage<\/strong><\/h3>\n<p>\u00dcberpr\u00fcfe <a href=\"https:\/\/www.lite-move.com\/de\/produkt-kategorie\/befestigungshalterungen\/\">Kompatibilit\u00e4t mit dem Halter \/ der Montage<\/a><\/p>\n<h3><strong>Hinweis:<\/strong><\/h3>\n<ul>\n<li>Dieses Scheinwerfer kann NUR \u00fcber 6V (5V ~ 16V) Gleichstrom geladen werden.<\/li>\n<li>Nicht \u00fcber eine Wechselstromquelle (z. B. einen Dynamo) aufladen<\/li>\n<li>Das Anschlie\u00dfen an Stromquellen, die die Spannungsgrenze \u00fcberschreiten, kann zu Sch\u00e4den an der Leuchte f\u00fchren<\/li>\n<li>Die Leuchte verf\u00fcgt \u00fcber keinen Schalter, sie wird \u00fcber das E-Bike-System gesteuert<\/li>\n<\/ul>\n\t\t<\/div>\n\t\t\t\t\t<\/div>\n\n\t\n<\/div>\n\t\t<\/div>\n\t<\/div>\n\t\n\t<div id=\"accordion-3527957174\" class=\"accordion-item\">\n\t\t<a id=\"accordion-3527957174-label\" class=\"accordion-title plain\" href=\"#accordion-item-spezifikation\" aria-expanded=\"false\" aria-controls=\"accordion-3527957174-content\" >\n\t\t\t<button class=\"toggle\" aria-label=\"Toggle\"><i class=\"icon-angle-down\"><\/i><\/button>\n\t\t\t<span>SPEZIFIKATION<\/span>\n\t\t<\/a>\n\t\t<div id=\"accordion-3527957174-content\" class=\"accordion-inner\" aria-labelledby=\"accordion-3527957174-label\" >\n\t\t\t\n<table width=\"100%\">\n<tbody>\n<tr>\n<td width=\"30%\">Modellname<\/td>\n<td width=\"70%\">RX-E50<\/td>\n<\/tr>\n<tr>\n<td>Modell-Nr.<\/td>\n<td width=\"155\">RXE50<\/td>\n<\/tr>\n<tr>\n<td>S\/N<\/td>\n<td width=\"155\">RX01<\/td>\n<\/tr>\n<tr>\n<td>Lichtleistung<\/td>\n<td>50 Lux\/ 200 lumens<\/td>\n<\/tr>\n<tr>\n<td>Optische Technologie<\/td>\n<td>RX<\/td>\n<\/tr>\n<tr>\n<td>Lichtquelle<\/td>\n<td>LED *1<\/td>\n<\/tr>\n<tr>\n<td>Eingangsspannung (Gleichstrom)<\/td>\n<td>6V(5V ~ 16V)<\/td>\n<\/tr>\n<tr>\n<td>Power Consumption<\/td>\n<td>2.5W<\/td>\n<\/tr>\n<tr>\n<td>Kabeldurchmesser<\/td>\n<td>\u00f84mm<\/td>\n<\/tr>\n<tr>\n<td>Kabell\u00e4nge<\/td>\n<td>1400mm<\/td>\n<\/tr>\n<tr>\n<td>Schutzart<\/td>\n<td>IP56<\/td>\n<\/tr>\n<tr>\n<td>Betriebstemperatur (\u00b0C)<\/td>\n<td>-25 ~ +50<\/td>\n<\/tr>\n<tr>\n<td>Material<\/td>\n<td>Plastic<\/td>\n<\/tr>\n<tr>\n<td>Gewicht (ohne Kabel)<\/td>\n<td>18.5g<\/td>\n<\/tr>\n<tr>\n<td>Abmessungen (BxHxL)<\/td>\n<td>39,2 x 52,6 x 48,8mm<\/td>\n<\/tr>\n<tr>\n<td>Schalterhalterung \/ Montage<\/td>\n<td>N\/A<\/td>\n<\/tr>\n<tr>\n<td>Reflektor (Optional)<\/td>\n<td>RFDT<\/td>\n<\/tr>\n<tr>\n<td>Kompatibilit\u00e4t<\/td>\n<td>CE\/ RoHS\/ REACH\/ Prop 65<\/td>\n<\/tr>\n<tr>\n<td>Zulassungstyp<\/td>\n<td>StVZO-K &amp; ISO-6742<\/td>\n<\/tr>\n<tr>\n<td>Zulassungsnummer<\/td>\n<td>~ K 2047<\/td>\n<\/tr>\n<\/tbody>\n<\/table>\n\t\t<\/div>\n\t<\/div>\n\t\n\t<div id=\"accordion-951014693\" class=\"accordion-item\">\n\t\t<a id=\"accordion-951014693-label\" class=\"accordion-title plain\" href=\"#accordion-item-video\" aria-expanded=\"false\" aria-controls=\"accordion-951014693-content\" >\n\t\t\t<button class=\"toggle\" aria-label=\"Toggle\"><i class=\"icon-angle-down\"><\/i><\/button>\n\t\t\t<span>VIDEO<\/span>\n\t\t<\/a>\n\t\t<div id=\"accordion-951014693-content\" class=\"accordion-inner\" aria-labelledby=\"accordion-951014693-label\" >\n\t\t\t\n<div class=\"row row-collapse row-full-width\"  id=\"row-1568950924\">\n\n\t<div id=\"col-459229961\" class=\"col medium-10 small-12 large-10\"  >\n\t\t\t\t<div class=\"col-inner\"  >\n\t\t\t\n\t\t\t\n\t\t<\/div>\n\t\t\t\t\t<\/div>\n\n\t\n<\/div>\n\t\t<\/div>\n\t<\/div>\n\t\n\t<div id=\"accordion-2301491054\" class=\"accordion-item\">\n\t\t<a id=\"accordion-2301491054-label\" class=\"accordion-title plain\" href=\"#accordion-item-systemkompatibilit\u00e4t\" aria-expanded=\"false\" aria-controls=\"accordion-2301491054-content\" >\n\t\t\t<button class=\"toggle\" aria-label=\"Toggle\"><i class=\"icon-angle-down\"><\/i><\/button>\n\t\t\t<span>Systemkompatibilit\u00e4t<\/span>\n\t\t<\/a>\n\t\t<div id=\"accordion-2301491054-content\" class=\"accordion-inner\" aria-labelledby=\"accordion-2301491054-label\" >\n\t\t\t\n<div class=\"row row-collapse row-full-width\"  id=\"row-898622157\">\n\n\t<div id=\"col-723952085\" class=\"col medium-10 small-12 large-10\"  >\n\t\t\t\t<div class=\"col-inner\"  >\n\t\t\t\n\t\t\t\n<p>Systemkompatibilit\u00e4t &#8211; <a href=\"https:\/\/www.lite-move.com\/download\/\">Download.<\/a><\/p>\n\t\t<\/div>\n\t\t\t\t\t<\/div>\n\n\t\n<\/div>\n\t\t<\/div>\n\t<\/div>\n\t\n<\/div>\n\t\t<\/div>\n\n\t\t\n<style>\n#section_1996981286 {\n  padding-top: 0px;\n  padding-bottom: 0px;\n}\n<\/style>\n\t<\/section>\n\t\n","protected":false},"excerpt":{"rendered":"<ul>\n<li aria-level=\"1\">Ausstattung mit RX-Optikreflektor<\/li>\n<li><span style=\"font-weight: 400;\">8 m Breite und bis zu 120 m Sichtweite vor dem Rad<\/span><\/li>\n<li style=\"font-weight: 400;\" aria-level=\"1\"><span style=\"font-weight: 400;\">50 Lux <\/span><\/li>\n<li style=\"font-weight: 400;\" aria-level=\"1\"><span style=\"font-weight: 400;\">6V (5V ~ 16V) mit einem Stromverbrauch von 2,5 Watt<\/span><\/li>\n<li style=\"font-weight: 400;\" aria-level=\"1\"><span style=\"font-weight: 400;\">Verschiedene Montagem\u00f6glichkeiten<\/span><\/li>\n<li style=\"font-weight: 400;\" aria-level=\"1\"><span style=\"font-weight: 400;\">IP56 \u2013 Schutz gegen hohen Wasserdruck und Staub<\/span><\/li>\n<li style=\"font-weight: 400;\" aria-level=\"1\"><span style=\"font-weight: 400;\">F\u00fcr E-Bikes bis 25 km\/h \/ EPAC<\/span><\/li>\n<li style=\"font-weight: 400;\" aria-level=\"1\"><span style=\"font-weight: 400;\">K-Mark &amp; ISO-6742 Kompatibilit\u00e4t<\/span><\/li>\n<li aria-level=\"1\">\u00dcberpr\u00fcfe die <a href=\"\/product-category\/mounting-brackets\/\">Kompatibilit\u00e4t von Halterungen\/Montagen<\/a>.<\/li>\n<\/ul>\n","protected":false},"featured_media":6575,"template":"","meta":{"inline_featured_image":false},"product_brand":[],"product_cat":[191,170,171],"product_tag":[],"class_list":{"0":"post-7123","1":"product","2":"type-product","3":"status-publish","4":"has-post-thumbnail","6":"product_cat-e-bike-scheinwerfer-25km","7":"product_cat-lichter","8":"product_cat-scheinwerfer-alle","10":"first","11":"instock","12":"shipping-taxable","13":"product-type-simple"},"_links":{"self":[{"href":"https:\/\/www.lite-move.com\/de\/wp-json\/wp\/v2\/product\/7123","targetHints":{"allow":["GET"]}}],"collection":[{"href":"https:\/\/www.lite-move.com\/de\/wp-json\/wp\/v2\/product"}],"about":[{"href":"https:\/\/www.lite-move.com\/de\/wp-json\/wp\/v2\/types\/product"}],"wp:featuredmedia":[{"embeddable":true,"href":"https:\/\/www.lite-move.com\/de\/wp-json\/wp\/v2\/media\/6575"}],"wp:attachment":[{"href":"https:\/\/www.lite-move.com\/de\/wp-json\/wp\/v2\/media?parent=7123"}],"wp:term":[{"taxonomy":"product_brand","embeddable":true,"href":"https:\/\/www.lite-move.com\/de\/wp-json\/wp\/v2\/product_brand?post=7123"},{"taxonomy":"product_cat","embeddable":true,"href":"https:\/\/www.lite-move.com\/de\/wp-json\/wp\/v2\/product_cat?post=7123"},{"taxonomy":"product_tag","embeddable":true,"href":"https:\/\/www.lite-move.com\/de\/wp-json\/wp\/v2\/product_tag?post=7123"}],"curies":[{"name":"wp","href":"https:\/\/api.w.org\/{rel}","templated":true}]}}