{"id":7125,"date":"2021-06-21T12:58:16","date_gmt":"2021-06-21T04:58:16","guid":{"rendered":"https:\/\/www.lite-move.com\/product\/rxw-2900-fern-abblendlicht\/"},"modified":"2025-12-10T09:37:32","modified_gmt":"2025-12-10T01:37:32","slug":"rxw-2900-fern-abblendlicht","status":"publish","type":"product","link":"https:\/\/www.lite-move.com\/de\/product\/rxw-2900-fern-abblendlicht\/","title":{"rendered":"RXW-2900 (Fern-\/Abblendlicht)"},"content":{"rendered":"\n\t<section class=\"section hide-for-medium\" id=\"section_601733965\">\n\t\t<div class=\"section-bg fill\" >\n\t\t\t\t\t\t\t\t\t\n\t\t\t\n\n\t\t<\/div>\n\n\t\t\n\n\t\t<div class=\"section-content relative\">\n\t\t\t\n\n\t\t<div class=\"tabbed-content\">\n\t\t\t\n\t\t\t<ul class=\"nav nav-tabs nav-uppercase nav-size-normal nav-center\" role=\"tablist\"><li id=\"tab-beschreibung\" class=\"tab active has-icon\" role=\"presentation\"><a href=\"#tab_beschreibung\" role=\"tab\" aria-selected=\"true\" aria-controls=\"tab_beschreibung\"><span>Beschreibung<\/span><\/a><\/li>\n<li id=\"tab-spezifikation\" class=\"tab has-icon\" role=\"presentation\"><a href=\"#tab_spezifikation\" tabindex=\"-1\" role=\"tab\" aria-selected=\"false\" aria-controls=\"tab_spezifikation\"><span>Spezifikation<\/span><\/a><\/li>\n<li id=\"tab-video\" class=\"tab has-icon\" role=\"presentation\"><a href=\"#tab_video\" tabindex=\"-1\" role=\"tab\" aria-selected=\"false\" aria-controls=\"tab_video\"><span>Video<\/span><\/a><\/li>\n<li id=\"tab-systemkompatibilit\u00e4t\" class=\"tab has-icon\" role=\"presentation\"><a href=\"#tab_systemkompatibilit\u00e4t\" tabindex=\"-1\" role=\"tab\" aria-selected=\"false\" aria-controls=\"tab_systemkompatibilit\u00e4t\"><span>Systemkompatibilit\u00e4t<\/span><\/a><\/li><\/ul><div class=\"tab-panels\"><div id=\"tab_beschreibung\" class=\"panel active entry-content\" role=\"tabpanel\" aria-labelledby=\"tab-beschreibung\">\n<div class=\"row row-collapse\"  id=\"row-1838542763\">\n\n\t<div id=\"col-360776711\" class=\"col medium-10 small-12 large-10\"  >\n\t\t\t\t<div class=\"col-inner\"  >\n\t\t\t\n\t\t\t\n<p>Der RXW-2900 ist das hellste E-Bike-Licht, das speziell f\u00fcr anspruchsvolle Mountainbiker entwickelt wurde und StVZO-zertifiziert ist.<\/p>\n<p>Mit seiner optimierten Verteilung der Lichtstrahld bieten sichere Beleuchtung w\u00e4hrend der Fahrt.<\/p>\n<p>Ausgestattet mit 12 leistungsstarken LEDs, erreicht er einen Fernlichtstrahl von bis zu 2.900 Lumen. Der eingebaute Lichtsensor schaltet automatisch zwischen Tageslicht- und Abblendlichtmodus um, um optimale Sichtbarkeit zu gew\u00e4hrleisten.<\/p>\n<p>Entwickelt f\u00fcr Leistung, verf\u00fcgt der RXW-2900 \u00fcber eine Aluminiumkonstruktion zusammen mit fortschrittlicher W\u00e4rmetechnologie und einer hochwertigen elektronischen Anordnung. Dies gew\u00e4hrleistet eine hervorragende W\u00e4rmeableitung und eine l\u00e4ngere Lebensdauer, sodass die Lichtleistung w\u00e4hrend der gesamten Betriebszeit gleichbleibend hoch bleibt.<\/p>\n<h3><strong>Hinweis:<\/strong><\/h3>\n<ul>\n<li>Dieser Scheinwerfer kann NUR \u00fcber 12V (11V ~ 16V) Gleichstrom geladen werden<\/li>\n<li>Nicht \u00fcber eine Wechselstromquelle (z. B. einen Dynamo) aufladen<\/li>\n<li>Das Anschlie\u00dfen an Stromquellen, die die Spannungsgrenze \u00fcberschreiten, kann zu Sch\u00e4den an der Leuchte f\u00fchren<\/li>\n<li>Die Leuchte verf\u00fcgt \u00fcber keinen Schalter, sie wird \u00fcber das E-Bike-System gesteuert<\/li>\n<\/ul>\n\t\t<\/div>\n\t\t\t\t\t<\/div>\n\n\t\n<\/div>\n<\/div>\n<div id=\"tab_spezifikation\" class=\"panel entry-content\" role=\"tabpanel\" aria-labelledby=\"tab-spezifikation\">\n<div class=\"row row-collapse\"  id=\"row-118450283\">\n\n\t<div id=\"col-502764877\" class=\"col medium-10 small-12 large-10\"  >\n\t\t\t\t<div class=\"col-inner\"  >\n\t\t\t\n\t\t\t\n<table width=\"100%\">\n<tbody>\n<tr>\n<td width=\"30%\">Modellname<\/td>\n<td width=\"70%\">RXW-2900<\/td>\n<\/tr>\n<tr>\n<td>Modell-Nr.:<\/td>\n<td width=\"155\">RXW2900<\/td>\n<\/tr>\n<tr>\n<td>S\/N<\/td>\n<td width=\"155\">0025<\/td>\n<\/tr>\n<tr>\n<td>Lichtleistung<\/td>\n<td>Fernlicht: 200 Lux \/ 2900 Lumen (28W); 170 Lux \/ 2425 Lumen (22W); 140 Lux \/ 1970 Lumen (17W)<\/p>\n<p>Abblendlicht: 140 Lux \/ 1665 Lumen<\/p>\n<p>Taglicht: 60 Lux \/ 650 Lumen<\/td>\n<\/tr>\n<tr>\n<td>Optische Technologie<\/td>\n<td>RX Pro<\/td>\n<\/tr>\n<tr>\n<td>Lichtquelle<\/td>\n<td>LED *12<\/td>\n<\/tr>\n<tr>\n<td>Eingangsspannung (DC)<\/td>\n<td>12V(11V ~ 16V)<\/td>\n<\/tr>\n<tr>\n<td>Leistungsaufnahme<\/td>\n<td>Fernlicht: 28W \/ 22W \/ 17W<\/p>\n<p>Abblendlicht: 13,5W<\/p>\n<p>Taglicht: 5,5W<\/td>\n<\/tr>\n<tr>\n<td>Kabeldurchmesser<\/td>\n<td>Strom: \u00f84mm<\/p>\n<p>Schalter: \u00f82.55<\/td>\n<\/tr>\n<tr>\n<td>Kabell\u00e4nge<\/td>\n<td>Strom: 1400mm<\/p>\n<p>Schalter: 300mm<\/td>\n<\/tr>\n<tr>\n<td>Schutzart<\/td>\n<td>IP56<\/td>\n<\/tr>\n<tr>\n<td>Betriebstemperatur (\u00b0C)<\/td>\n<td>-25 ~ +50<\/td>\n<\/tr>\n<tr>\n<td>Material<\/td>\n<td>Aluminum<\/td>\n<\/tr>\n<tr>\n<td>Gewicht (inkl. Kabel)<\/td>\n<td>155g<\/td>\n<\/tr>\n<tr>\n<td>Abmessungen (BxHxL)<\/td>\n<td>83 x 50.8 x 52mm<\/td>\n<\/tr>\n<tr>\n<td>Schalterhalterung \/ Montage:<\/td>\n<td>f\u00fcr \u00f822,2mm<\/td>\n<\/tr>\n<tr>\n<td>Reflektor (Optional)<\/td>\n<td><\/td>\n<\/tr>\n<tr>\n<td>Kompatibilit\u00e4t<\/td>\n<td>CE\/ROHS\/ REACH<\/td>\n<\/tr>\n<tr>\n<td>Genehmigungsart<\/td>\n<td>StVZO-K\/ ISO-6742<\/td>\n<\/tr>\n<tr>\n<td>Genehmigungsnummer<\/td>\n<td>~ K 2509<\/td>\n<\/tr>\n<\/tbody>\n<\/table>\n\t\t<\/div>\n\t\t\t\t\t<\/div>\n\n\t\n<\/div>\n<\/div>\n<div id=\"tab_video\" class=\"panel entry-content\" role=\"tabpanel\" aria-labelledby=\"tab-video\">\n<div class=\"row row-collapse row-full-width\"  id=\"row-1548277443\">\n\n\t<div id=\"col-509840095\" class=\"col medium-8 small-12 large-8\"  >\n\t\t\t\t<div class=\"col-inner\"  >\n\t\t\t\n\t\t\t\n\t\t<\/div>\n\t\t\t\t\t<\/div>\n\n\t\n<\/div>\n<\/div>\n<div id=\"tab_systemkompatibilit\u00e4t\" class=\"panel entry-content\" role=\"tabpanel\" aria-labelledby=\"tab-systemkompatibilit\u00e4t\">\n<div class=\"row row-collapse row-full-width\"  id=\"row-592457262\">\n\n\t<div id=\"col-603288909\" class=\"col medium-8 small-12 large-8\"  >\n\t\t\t\t<div class=\"col-inner\"  >\n\t\t\t\n\t\t\t\n<p>Systemkompatibilit\u00e4t &#8211; <a href=\"https:\/\/www.lite-move.com\/download\/\">Download<\/a><\/p>\n\t<div class=\"img has-hover x md-x lg-x y md-y lg-y\" id=\"image_1590612834\">\n\t\t\t\t\t\t\t\t<div class=\"img-inner dark\" >\n\t\t\t\t\t\t\t\t\t\n\t\t\t\t\t<\/div>\n\t\t\t\t\t\t\t\t\n<style>\n#image_1590612834 {\n  width: 100%;\n}\n<\/style>\n\t<\/div>\n\t\n\t\t<\/div>\n\t\t\t\t\t<\/div>\n\n\t\n<\/div>\n<\/div><\/div><\/div>\n\t\t<\/div>\n\n\t\t\n<style>\n#section_601733965 {\n  padding-top: 0px;\n  padding-bottom: 0px;\n}\n<\/style>\n\t<\/section>\n\t\n\n\t<section class=\"section show-for-medium\" id=\"section_1882469827\">\n\t\t<div class=\"section-bg fill\" >\n\t\t\t\t\t\t\t\t\t\n\t\t\t\n\n\t\t<\/div>\n\n\t\t\n\n\t\t<div class=\"section-content relative\">\n\t\t\t\n<div class=\"accordion\">\n\t<div id=\"accordion-2119584562\" class=\"accordion-item\">\n\t\t<a id=\"accordion-2119584562-label\" class=\"accordion-title plain\" href=\"#accordion-item-beschreibung\" aria-expanded=\"false\" aria-controls=\"accordion-2119584562-content\" >\n\t\t\t<button class=\"toggle\" aria-label=\"Toggle\"><i class=\"icon-angle-down\"><\/i><\/button>\n\t\t\t<span>BESCHREIBUNG<\/span>\n\t\t<\/a>\n\t\t<div id=\"accordion-2119584562-content\" class=\"accordion-inner\" aria-labelledby=\"accordion-2119584562-label\" >\n\t\t\t\n<div class=\"row\"  id=\"row-431929211\">\n\n\t<div id=\"col-1792189013\" class=\"col medium-10 small-12 large-10\"  >\n\t\t\t\t<div class=\"col-inner\"  >\n\t\t\t\n\t\t\t\n<p>Der RXW-2900 ist das hellste E-Bike-Licht, das speziell f\u00fcr anspruchsvolle Mountainbiker entwickelt wurde und StVZO-zertifiziert ist.<\/p>\n<p>Mit seiner optimierten Verteilung der Lichtstrahld bieten sichere Beleuchtung w\u00e4hrend der Fahrt.<\/p>\n<p>Ausgestattet mit 12 leistungsstarken LEDs, erreicht er einen Fernlichtstrahl von bis zu 2.900 Lumen. Der eingebaute Lichtsensor schaltet automatisch zwischen Tageslicht- und Abblendlichtmodus um, um optimale Sichtbarkeit zu gew\u00e4hrleisten.<\/p>\n<p>Entwickelt f\u00fcr Leistung, verf\u00fcgt der RXW-2900 \u00fcber eine Aluminiumkonstruktion zusammen mit fortschrittlicher W\u00e4rmetechnologie und einer hochwertigen elektronischen Anordnung. Dies gew\u00e4hrleistet eine hervorragende W\u00e4rmeableitung und eine l\u00e4ngere Lebensdauer, sodass die Lichtleistung w\u00e4hrend der gesamten Betriebszeit gleichbleibend hoch bleibt.<\/p>\n<p>&nbsp;<\/p>\n<h3><strong>Hinweis:<\/strong><\/h3>\n<ul>\n<li>Dieser Scheinwerfer kann NUR \u00fcber 12V (9V ~ 16V) Gleichstrom geladen werden.<\/li>\n<li>Nicht \u00fcber eine Wechselstromquelle (z. B. einen Dynamo) aufladen<\/li>\n<li>Das Anschlie\u00dfen an Stromquellen, die die Spannungsgrenze \u00fcberschreiten, kann zu Sch\u00e4den an der Leuchte f\u00fchren<\/li>\n<li>Die Leuchte verf\u00fcgt \u00fcber keinen Schalter, sie wird \u00fcber das E-Bike-System gesteuert<\/li>\n<\/ul>\n\t\t<\/div>\n\t\t\t\t\t<\/div>\n\n\t\n<\/div>\n\t\t<\/div>\n\t<\/div>\n\t\n\t<div id=\"accordion-130522828\" class=\"accordion-item\">\n\t\t<a id=\"accordion-130522828-label\" class=\"accordion-title plain\" href=\"#accordion-item-spezifikation\" aria-expanded=\"false\" aria-controls=\"accordion-130522828-content\" >\n\t\t\t<button class=\"toggle\" aria-label=\"Toggle\"><i class=\"icon-angle-down\"><\/i><\/button>\n\t\t\t<span>SPEZIFIKATION<\/span>\n\t\t<\/a>\n\t\t<div id=\"accordion-130522828-content\" class=\"accordion-inner\" aria-labelledby=\"accordion-130522828-label\" >\n\t\t\t\n<div class=\"row row-collapse\"  id=\"row-867147989\">\n<table width=\"100%\">\n<tbody>\n<tr>\n<td width=\"30%\">Modellname<\/td>\n<td width=\"70%\">RXW-2900<\/td>\n<\/tr>\n<tr>\n<td>Modell-Nr.:<\/td>\n<td width=\"155\">RXW2900<\/td>\n<\/tr>\n<tr>\n<td>S\/N<\/td>\n<td width=\"155\">0025<\/td>\n<\/tr>\n<tr>\n<td>Lichtleistung<\/td>\n<td>Fernlicht: 200 Lux \/ 2900 Lumen (28W); 170 Lux \/ 2425 Lumen (22W); 140 Lux \/ 1970 Lumen (17W)<\/p>\n<p>Abblendlicht: 140 Lux \/ 1665 Lumen<\/p>\n<p>Taglicht: 60 Lux \/ 650 Lumen<\/td>\n<\/tr>\n<tr>\n<td>Optische Technologie<\/td>\n<td>RX Pro<\/td>\n<\/tr>\n<tr>\n<td>Lichtquelle<\/td>\n<td>LED *12<\/td>\n<\/tr>\n<tr>\n<td>Input Voltage (DC)<\/td>\n<td>12V(1V ~ 16V)<\/td>\n<\/tr>\n<tr>\n<td>Leistungsaufnahme<\/td>\n<td>Fernlicht: 28W \/ 22W \/ 17W<\/p>\n<p>Abblendlicht: 13,5W<\/p>\n<p>Taglicht: 5,5W<\/td>\n<\/tr>\n<tr>\n<td>Kabeldurchmesser<\/td>\n<td>Strom: \u00f84mm<\/p>\n<p>Schalter: \u00f82.55<\/td>\n<\/tr>\n<tr>\n<td>Kabell\u00e4nge<\/td>\n<td>Strom: 1400mm<\/p>\n<p>Schalter: 300mm<\/td>\n<\/tr>\n<tr>\n<td>Schutzart<\/td>\n<td>IP56<\/td>\n<\/tr>\n<tr>\n<td>Betriebstemperatur (\u00b0C)<\/td>\n<td>-25 ~ +50<\/td>\n<\/tr>\n<tr>\n<td>Material<\/td>\n<td>Aluminum<\/td>\n<\/tr>\n<tr>\n<td>Gewicht (inkl. Kabel)<\/td>\n<td>155g<\/td>\n<\/tr>\n<tr>\n<td>Abmessungen (BxHxL)<\/td>\n<td>83*50,8*52mm<\/td>\n<\/tr>\n<tr>\n<td>Schalterhalterung \/ Montage<\/td>\n<td>\u00f82,55<\/td>\n<\/tr>\n<tr>\n<td>Reflektor (Optional)<\/td>\n<td><\/td>\n<\/tr>\n<tr>\n<td>Kompatibilit\u00e4t<\/td>\n<td>CE\/ROHS\/ REACH<\/td>\n<\/tr>\n<tr>\n<td>Genehmigungsart<\/td>\n<td>StVZO-K\/ ISO-6742<\/td>\n<\/tr>\n<tr>\n<td>Genehmigungsnummer<\/td>\n<td>~ K 2509<\/td>\n<\/tr>\n<\/tbody>\n<\/table>\n<\/div>\n\t\t<\/div>\n\t<\/div>\n\t\n\t<div id=\"accordion-1832693407\" class=\"accordion-item\">\n\t\t<a id=\"accordion-1832693407-label\" class=\"accordion-title plain\" href=\"#accordion-item-video\" aria-expanded=\"false\" aria-controls=\"accordion-1832693407-content\" >\n\t\t\t<button class=\"toggle\" aria-label=\"Toggle\"><i class=\"icon-angle-down\"><\/i><\/button>\n\t\t\t<span>VIDEO<\/span>\n\t\t<\/a>\n\t\t<div id=\"accordion-1832693407-content\" class=\"accordion-inner\" aria-labelledby=\"accordion-1832693407-label\" >\n\t\t\t\n\t\t<\/div>\n\t<\/div>\n\t\n\t<div id=\"accordion-2232291815\" class=\"accordion-item\">\n\t\t<a id=\"accordion-2232291815-label\" class=\"accordion-title plain\" href=\"#accordion-item-systemkompatibilit\u00e4t\" aria-expanded=\"false\" aria-controls=\"accordion-2232291815-content\" >\n\t\t\t<button class=\"toggle\" aria-label=\"Toggle\"><i class=\"icon-angle-down\"><\/i><\/button>\n\t\t\t<span>Systemkompatibilit\u00e4t<\/span>\n\t\t<\/a>\n\t\t<div id=\"accordion-2232291815-content\" class=\"accordion-inner\" aria-labelledby=\"accordion-2232291815-label\" >\n\t\t\t\n\n\t<div id=\"col-1327575555\" class=\"col medium-10 small-12 large-10\"  >\n\t\t\t\t<div class=\"col-inner\"  >\n\t\t\t\n\t\t\t\n<p>Systemkompatibilit\u00e4t &#8211; <a href=\"https:\/\/www.lite-move.com\/download\/\">Download<\/a><\/p>\n\t\t<\/div>\n\t\t\t\t\t<\/div>\n\n\t\n\t\t<\/div>\n\t<\/div>\n\t\n<\/div>\n\t\t<\/div>\n\n\t\t\n<style>\n#section_1882469827 {\n  padding-top: 0px;\n  padding-bottom: 0px;\n}\n<\/style>\n\t<\/section>\n\t\n","protected":false},"excerpt":{"rendered":"<ul>\n<li aria-level=\"1\">2900 Lumen Lichtleistung mit optimierter Verteilung der Lichtstrahld bieten sichere Beleuchtung w\u00e4hrend der Fahrt.<\/li>\n<li>Eingebauter Lichtsensor schaltet automatisch zwischen Tag- und Nachtfahrt um.<\/li>\n<li style=\"font-weight: 400;\" aria-level=\"1\"><span style=\"font-weight: 400;\">Die Aluminiumkonstruktion in Verbindung mit fortschrittlicher W\u00e4rmetechnologie sorgt f\u00fcr eine l\u00e4ngere Lebensdauer<\/span><\/li>\n<li style=\"font-weight: 400;\" aria-level=\"1\"><span style=\"font-weight: 400;\">12V (11V ~ 16V) mit einem Stromverbrauch von 17 Watt<\/span><\/li>\n<li style=\"font-weight: 400;\" aria-level=\"1\"><span style=\"font-weight: 400;\">IP56 \u2013 Schutz gegen hohen Wasserdruck und Staub<\/span><\/li>\n<li style=\"font-weight: 400;\" aria-level=\"1\"><span style=\"font-weight: 400;\">F\u00fcr E-Bikes bis 25 km\/h \/ EPAC<\/span><\/li>\n<li style=\"font-weight: 400;\" aria-level=\"1\"><span style=\"font-weight: 400;\">K-Mark &amp; ISO-6742 Kompatibilit\u00e4t<\/span><\/li>\n<li aria-level=\"1\">\u00dcberpr\u00fcfe die <a href=\"\/product-category\/mounting-brackets\/\">Kompatibilit\u00e4t von Halterungen\/Montagen<\/a>.<\/li>\n<\/ul>\n","protected":false},"featured_media":7332,"template":"","meta":{"inline_featured_image":false},"product_brand":[],"product_cat":[191,169,170,171],"product_tag":[],"class_list":{"0":"post-7125","1":"product","2":"type-product","3":"status-publish","4":"has-post-thumbnail","6":"product_cat-e-bike-scheinwerfer-25km","7":"product_cat-empfohlene-produkte","8":"product_cat-lichter","9":"product_cat-scheinwerfer-alle","11":"first","12":"instock","13":"shipping-taxable","14":"product-type-simple"},"_links":{"self":[{"href":"https:\/\/www.lite-move.com\/de\/wp-json\/wp\/v2\/product\/7125","targetHints":{"allow":["GET"]}}],"collection":[{"href":"https:\/\/www.lite-move.com\/de\/wp-json\/wp\/v2\/product"}],"about":[{"href":"https:\/\/www.lite-move.com\/de\/wp-json\/wp\/v2\/types\/product"}],"wp:featuredmedia":[{"embeddable":true,"href":"https:\/\/www.lite-move.com\/de\/wp-json\/wp\/v2\/media\/7332"}],"wp:attachment":[{"href":"https:\/\/www.lite-move.com\/de\/wp-json\/wp\/v2\/media?parent=7125"}],"wp:term":[{"taxonomy":"product_brand","embeddable":true,"href":"https:\/\/www.lite-move.com\/de\/wp-json\/wp\/v2\/product_brand?post=7125"},{"taxonomy":"product_cat","embeddable":true,"href":"https:\/\/www.lite-move.com\/de\/wp-json\/wp\/v2\/product_cat?post=7125"},{"taxonomy":"product_tag","embeddable":true,"href":"https:\/\/www.lite-move.com\/de\/wp-json\/wp\/v2\/product_tag?post=7125"}],"curies":[{"name":"wp","href":"https:\/\/api.w.org\/{rel}","templated":true}]}}