{"id":7126,"date":"2019-05-11T20:09:48","date_gmt":"2019-05-11T12:09:48","guid":{"rendered":"https:\/\/www.lite-move.com\/product\/se-70\/"},"modified":"2025-04-25T14:16:24","modified_gmt":"2025-04-25T06:16:24","slug":"se-70","status":"publish","type":"product","link":"https:\/\/www.lite-move.com\/de\/product\/se-70\/","title":{"rendered":"SE-70"},"content":{"rendered":"\n\t<section class=\"section hide-for-medium\" id=\"section_1862745349\">\n\t\t<div class=\"section-bg fill\" >\n\t\t\t\t\t\t\t\t\t\n\t\t\t\n\n\t\t<\/div>\n\n\t\t\n\n\t\t<div class=\"section-content relative\">\n\t\t\t\n\n\t\t<div class=\"tabbed-content\">\n\t\t\t\n\t\t\t<ul class=\"nav nav-tabs nav-uppercase nav-size-normal nav-center\" role=\"tablist\"><li id=\"tab-beschreibung\" class=\"tab active has-icon\" role=\"presentation\"><a href=\"#tab_beschreibung\" role=\"tab\" aria-selected=\"true\" aria-controls=\"tab_beschreibung\"><span>Beschreibung<\/span><\/a><\/li>\n<li id=\"tab-spezifikation\" class=\"tab has-icon\" role=\"presentation\"><a href=\"#tab_spezifikation\" tabindex=\"-1\" role=\"tab\" aria-selected=\"false\" aria-controls=\"tab_spezifikation\"><span>Spezifikation<\/span><\/a><\/li>\n<li id=\"tab-video\" class=\"tab has-icon\" role=\"presentation\"><a href=\"#tab_video\" tabindex=\"-1\" role=\"tab\" aria-selected=\"false\" aria-controls=\"tab_video\"><span>Video<\/span><\/a><\/li>\n<li id=\"tab-systemkompatibilit\u00e4t\" class=\"tab has-icon\" role=\"presentation\"><a href=\"#tab_systemkompatibilit\u00e4t\" tabindex=\"-1\" role=\"tab\" aria-selected=\"false\" aria-controls=\"tab_systemkompatibilit\u00e4t\"><span>Systemkompatibilit\u00e4t<\/span><\/a><\/li><\/ul><div class=\"tab-panels\"><div id=\"tab_beschreibung\" class=\"panel active entry-content\" role=\"tabpanel\" aria-labelledby=\"tab-beschreibung\">\n<h3><strong>Performance<\/strong><\/h3>\n<p><span style=\"font-weight: 400;\"> Der Litemove SE-70 Scheinwerfer bietet eine Sichtweite von 6 Metern in der Breite und bis zu 150 Metern in der Distanz<\/span>, <span style=\"font-weight: 400;\">was E-Bike-Fahrern gute Sicht auf ihren Wegen erm\u00f6glicht.<\/span><\/p>\n<h3><strong>Klein &amp; kompakt<\/strong><\/h3>\n<p>Mit der Gr\u00f6\u00dfe eines Feuerzeugs l\u00e4sst sich das Licht problemlos am Vorbau, an der Gabel oder unter dem Korb montieren, ohne andere Komponenten zu beeintr\u00e4chtigen.<\/p>\n<h3><strong>Montage<\/strong><\/h3>\n<p>\u00dcberpr\u00fcfe <a href=\"https:\/\/www.lite-move.com\/de\/produkt-kategorie\/befestigungshalterungen\/\">Kompatibilit\u00e4t mit dem Halter \/ der Montage<\/a><\/p>\n<h3><strong>Hinweis:<\/strong><\/h3>\n<ul>\n<li>Dieser Scheinwerfer kann NUR \u00fcber 6V (5V ~ 16V) Gleichstrom geladen werden.<\/li>\n<li>Nicht \u00fcber eine Wechselstromquelle (z. B. einen Dynamo) aufladen<\/li>\n<li>Das Anschlie\u00dfen an Stromquellen, die die Spannungsgrenze \u00fcberschreiten, kann zu Sch\u00e4den an der Leuchte f\u00fchren<\/li>\n<li>Die Leuchte verf\u00fcgt \u00fcber keinen Schalter, sie wird \u00fcber das E-Bike-System gesteuert<\/li>\n<\/ul>\n<\/div>\n<div id=\"tab_spezifikation\" class=\"panel entry-content\" role=\"tabpanel\" aria-labelledby=\"tab-spezifikation\">\n<div class=\"row row-collapse\"  id=\"row-2105704940\">\n\n\t<div id=\"col-1794349501\" class=\"col medium-10 small-12 large-10\"  >\n\t\t\t\t<div class=\"col-inner\"  >\n\t\t\t\n\t\t\t\n<table width=\"100%\">\n<tbody>\n<tr>\n<td width=\"30%\">Modellname<\/td>\n<td width=\"70%\">SE-70<\/td>\n<\/tr>\n<tr>\n<td>Modell-Nr.<\/td>\n<td width=\"155\">SE70D \/ SE70U<\/td>\n<\/tr>\n<tr>\n<td>S\/N<\/td>\n<td width=\"155\">0018<\/td>\n<\/tr>\n<tr>\n<td>Lichtleistung<\/td>\n<td>70 Lux\/ 150 lumens<\/td>\n<\/tr>\n<tr>\n<td>Optische Technologie<\/td>\n<td>MTi<\/td>\n<\/tr>\n<tr>\n<td>Lichtquelle<\/td>\n<td>LED *1<\/td>\n<\/tr>\n<tr>\n<td>Eingangsspannung (DC)<\/td>\n<td>6V (5V~ 16V)<\/td>\n<\/tr>\n<tr>\n<td>Stromverbrauch<\/td>\n<td>4W<\/td>\n<\/tr>\n<tr>\n<td>Kabeldurchmesser<\/td>\n<td>\u00f84mm<\/td>\n<\/tr>\n<tr>\n<td>Kabell\u00e4nge<\/td>\n<td>1400mm<\/td>\n<\/tr>\n<tr>\n<td>Schutzart<\/td>\n<td>IP56<\/td>\n<\/tr>\n<tr>\n<td>Betriebstemperatur (\u00b0C)<\/td>\n<td>-25 ~ +50<\/td>\n<\/tr>\n<tr>\n<td>Material<\/td>\n<td>Plastic<\/td>\n<\/tr>\n<tr>\n<td>Gewicht (ohne Kabel)<\/td>\n<td>66g<\/td>\n<\/tr>\n<tr>\n<td>Abmessungen (BxHxL)<\/td>\n<td>\u00f843.5 x 49mm<\/td>\n<\/tr>\n<tr>\n<td>Reflector (Optional)<\/td>\n<td>RF1<\/td>\n<\/tr>\n<tr>\n<td>Kompatibilit\u00e4t<\/td>\n<td>RoHS\/CE\/Prop 65<\/td>\n<\/tr>\n<tr>\n<td>Zulassungstyp<\/td>\n<td>StVZO-K<\/td>\n<\/tr>\n<tr>\n<td>Genehmigungsnummer<\/td>\n<td>~ K2379<\/td>\n<\/tr>\n<\/tbody>\n<\/table>\n\t\t<\/div>\n\t\t\t\t\t<\/div>\n\n\t\n<\/div>\n<\/div>\n<div id=\"tab_video\" class=\"panel entry-content\" role=\"tabpanel\" aria-labelledby=\"tab-video\">\n<\/div>\n<div id=\"tab_systemkompatibilit\u00e4t\" class=\"panel entry-content\" role=\"tabpanel\" aria-labelledby=\"tab-systemkompatibilit\u00e4t\">\n<p>Systemkompatibilit\u00e4t &#8211; <a href=\"https:\/\/www.lite-move.com\/download\/\">Download<\/a><\/p>\n\t<div class=\"img has-hover x md-x lg-x y md-y lg-y\" id=\"image_1951831584\">\n\t\t\t\t\t\t\t\t<div class=\"img-inner dark\" >\n\t\t\t\t\t\t\t\t\t\n\t\t\t\t\t<\/div>\n\t\t\t\t\t\t\t\t\n<style>\n#image_1951831584 {\n  width: 100%;\n}\n<\/style>\n\t<\/div>\n\t\n<\/div><\/div><\/div>\n\t\t<\/div>\n\n\t\t\n<style>\n#section_1862745349 {\n  padding-top: 0px;\n  padding-bottom: 0px;\n}\n<\/style>\n\t<\/section>\n\t\n\n\t<section class=\"section show-for-medium\" id=\"section_579982003\">\n\t\t<div class=\"section-bg fill\" >\n\t\t\t\t\t\t\t\t\t\n\t\t\t\n\n\t\t<\/div>\n\n\t\t\n\n\t\t<div class=\"section-content relative\">\n\t\t\t\n<div class=\"accordion\">\n\t<div id=\"accordion-2913056341\" class=\"accordion-item\">\n\t\t<a id=\"accordion-2913056341-label\" class=\"accordion-title plain\" href=\"#accordion-item-beschreibung\" aria-expanded=\"false\" aria-controls=\"accordion-2913056341-content\" >\n\t\t\t<button class=\"toggle\" aria-label=\"Toggle\"><i class=\"icon-angle-down\"><\/i><\/button>\n\t\t\t<span>BESCHREIBUNG<\/span>\n\t\t<\/a>\n\t\t<div id=\"accordion-2913056341-content\" class=\"accordion-inner\" aria-labelledby=\"accordion-2913056341-label\" >\n\t\t\t\n<div class=\"row\"  id=\"row-789469596\">\n\n\t<div id=\"col-51797356\" class=\"col medium-10 small-12 large-10\"  >\n\t\t\t\t<div class=\"col-inner\"  >\n\t\t\t\n\t\t\t\n<h3><strong>Performance<\/strong><\/h3>\n<p><span style=\"font-weight: 400;\"> Der Litemove SE-70 Scheinwerfer bietet eine Sichtweite von 6 Metern in der Breite und bis zu 150 Metern in der Distanz<\/span>, <span style=\"font-weight: 400;\">was E-Bike-Fahrern gute Sicht auf ihren Wegen erm\u00f6glicht.<\/span><\/p>\n<p><span style=\"color: #0081cc;\"><a style=\"color: #0081cc;\" href=\"https:\/\/www.lite-move.com\/de\/?page_id=7016\">Strahlvergleich<\/a><\/span><\/p>\n<h3><strong>Klein &amp; kompakt<\/strong><\/h3>\n<p>Mit der Gr\u00f6\u00dfe eines Feuerzeugs l\u00e4sst sich das Licht problemlos am Vorbau, an der Gabel oder unter dem Korb montieren, ohne andere Komponenten zu beeintr\u00e4chtigen.<\/p>\n<h3><strong>Montage<\/strong><\/h3>\n<p>\u00dcberpr\u00fcfe <a href=\"https:\/\/www.lite-move.com\/de\/produkt-kategorie\/befestigungshalterungen\/\">Kompatibilit\u00e4t mit dem Halter \/ der Montage<\/a><\/p>\n<h3><strong>Hinweis:<\/strong><\/h3>\n<ul>\n<li>Dieser Scheinwerfer kann NUR \u00fcber 6V (5V ~ 16V) Gleichstrom geladen werden.<\/li>\n<li>Nicht \u00fcber eine Wechselstromquelle (z. B. einen Dynamo) aufladen<\/li>\n<li>Das Anschlie\u00dfen an Stromquellen, die die Spannungsgrenze \u00fcberschreiten, kann zu Sch\u00e4den an der Leuchte f\u00fchren<\/li>\n<li>Die Leuchte verf\u00fcgt \u00fcber keinen Schalter, sie wird \u00fcber das E-Bike-System gesteuert<\/li>\n<\/ul>\n\t\t<\/div>\n\t\t\t\t\t<\/div>\n\n\t\n<\/div>\n\t\t<\/div>\n\t<\/div>\n\t\n\t<div id=\"accordion-1499138628\" class=\"accordion-item\">\n\t\t<a id=\"accordion-1499138628-label\" class=\"accordion-title plain\" href=\"#accordion-item-spezifikation\" aria-expanded=\"false\" aria-controls=\"accordion-1499138628-content\" >\n\t\t\t<button class=\"toggle\" aria-label=\"Toggle\"><i class=\"icon-angle-down\"><\/i><\/button>\n\t\t\t<span>SPEZIFIKATION<\/span>\n\t\t<\/a>\n\t\t<div id=\"accordion-1499138628-content\" class=\"accordion-inner\" aria-labelledby=\"accordion-1499138628-label\" >\n\t\t\t\n<table width=\"100%\">\n<tbody>\n<tr>\n<td width=\"30%\">Modellname<\/td>\n<td width=\"70%\">SE-70<\/td>\n<\/tr>\n<tr>\n<td>Modell-Nr.<\/td>\n<td width=\"155\">SE70D \/ SE70U<\/td>\n<\/tr>\n<tr>\n<td>S\/N<\/td>\n<td width=\"155\">0018<\/td>\n<\/tr>\n<tr>\n<td>Lichtleistung<\/td>\n<td>70 Lux\/150 lumens<\/td>\n<\/tr>\n<tr>\n<td>Optische Technologie<\/td>\n<td>MTi<\/td>\n<\/tr>\n<tr>\n<td>Lichtquelle<\/td>\n<td>LED *1<\/td>\n<\/tr>\n<tr>\n<td>Eingangsspannung (DC)<\/td>\n<td>6V (5V~ 16V)<\/td>\n<\/tr>\n<tr>\n<td>Stromverbrauch<\/td>\n<td>4W<\/td>\n<\/tr>\n<tr>\n<td>Kabeldurchmesser<\/td>\n<td>\u00f84mm<\/td>\n<\/tr>\n<tr>\n<td>Kabell\u00e4nge<\/td>\n<td>1400mm<\/td>\n<\/tr>\n<tr>\n<td>Schutzart<\/td>\n<td>IP56<\/td>\n<\/tr>\n<tr>\n<td>Betriebstemperatur (\u00b0C)<\/td>\n<td>-25 ~ +50<\/td>\n<\/tr>\n<tr>\n<td>Material<\/td>\n<td>Plastic<\/td>\n<\/tr>\n<tr>\n<td>Gewicht (ohne Kabel)<\/td>\n<td>66g<\/td>\n<\/tr>\n<tr>\n<td>Abmessungen (BxHxL)<\/td>\n<td>\u00f843.5 x 49mm<\/td>\n<\/tr>\n<tr>\n<td>Reflector (Optional)<\/td>\n<td>RF1<\/td>\n<\/tr>\n<tr>\n<td>Kompatibilit\u00e4t<\/td>\n<td>RoHS\/CE\/Prop 65<\/td>\n<\/tr>\n<tr>\n<td>Zulassungstyp<\/td>\n<td>StVZO-K<\/td>\n<\/tr>\n<tr>\n<td>Genehmigungsnummer<\/td>\n<td>~ K2379<\/td>\n<\/tr>\n<\/tbody>\n<\/table>\n\t\t<\/div>\n\t<\/div>\n\t\n\t<div id=\"accordion-2907030703\" class=\"accordion-item\">\n\t\t<a id=\"accordion-2907030703-label\" class=\"accordion-title plain\" href=\"#accordion-item-video\" aria-expanded=\"false\" aria-controls=\"accordion-2907030703-content\" >\n\t\t\t<button class=\"toggle\" aria-label=\"Toggle\"><i class=\"icon-angle-down\"><\/i><\/button>\n\t\t\t<span>VIDEO<\/span>\n\t\t<\/a>\n\t\t<div id=\"accordion-2907030703-content\" class=\"accordion-inner\" aria-labelledby=\"accordion-2907030703-label\" >\n\t\t\t\n<div class=\"row row-collapse row-full-width\"  id=\"row-1905297072\">\n\n\t<div id=\"col-581581750\" class=\"col medium-10 small-12 large-10\"  >\n\t\t\t\t<div class=\"col-inner\"  >\n\t\t\t\n\t\t\t\n\t\t<\/div>\n\t\t\t\t\t<\/div>\n\n\t\n<\/div>\n\t\t<\/div>\n\t<\/div>\n\t\n\t<div id=\"accordion-3923549890\" class=\"accordion-item\">\n\t\t<a id=\"accordion-3923549890-label\" class=\"accordion-title plain\" href=\"#accordion-item-systemkompatibilit\u00e4t\" aria-expanded=\"false\" aria-controls=\"accordion-3923549890-content\" >\n\t\t\t<button class=\"toggle\" aria-label=\"Toggle\"><i class=\"icon-angle-down\"><\/i><\/button>\n\t\t\t<span>Systemkompatibilit\u00e4t<\/span>\n\t\t<\/a>\n\t\t<div id=\"accordion-3923549890-content\" class=\"accordion-inner\" aria-labelledby=\"accordion-3923549890-label\" >\n\t\t\t\n<div class=\"row row-collapse row-full-width\"  id=\"row-366250169\">\n\n\t<div id=\"col-359200024\" class=\"col medium-10 small-12 large-10\"  >\n\t\t\t\t<div class=\"col-inner\"  >\n\t\t\t\n\t\t\t\n<p>Systemkompatibilit\u00e4t &#8211; <a href=\"https:\/\/www.lite-move.com\/download\/\">Download.<\/a><\/p>\n\t\t<\/div>\n\t\t\t\t\t<\/div>\n\n\t\n<\/div>\n\t\t<\/div>\n\t<\/div>\n\t\n<\/div>\n\t\t<\/div>\n\n\t\t\n<style>\n#section_579982003 {\n  padding-top: 0px;\n  padding-bottom: 0px;\n}\n<\/style>\n\t<\/section>\n\t\n","protected":false},"excerpt":{"rendered":"<ul>\n<li aria-level=\"1\">Technologie: Ausgestattet mit dem MTi-System f\u00fcr standardm\u00e4\u00dfige Beleuchtungsgrenze (Cut Off Line)<\/li>\n<li><span style=\"font-weight: 400;\">Lichtbreite und Reichweite: 6 m breit und bis zu 150 m Sichtweite<\/span><\/li>\n<li style=\"font-weight: 400;\" aria-level=\"1\"><span style=\"font-weight: 400;\">70 Lux<\/span><\/li>\n<li style=\"font-weight: 400;\" aria-level=\"1\"><span style=\"font-weight: 400;\">6V (5V ~ 16V) mit einer Leistungsaufnahme von 4 Watt<\/span><\/li>\n<li style=\"font-weight: 400;\" aria-level=\"1\"><span style=\"font-weight: 400;\">Montageoptionen: Gabel oder Vorbau<\/span><\/li>\n<li style=\"font-weight: 400;\" aria-level=\"1\"><span style=\"font-weight: 400;\">IP56 \u2013 Schutz gegen hohen Wasserdruck und Staub<\/span><\/li>\n<li style=\"font-weight: 400;\" aria-level=\"1\"><span style=\"font-weight: 400;\">F\u00fcr E-Bikes bis 25 km\/h \/ EPAC<\/span><\/li>\n<li style=\"font-weight: 400;\" aria-level=\"1\"><span style=\"font-weight: 400;\">K-Mark &amp; EN-15194-CE Kompatibilit\u00e4t<\/span><\/li>\n<li aria-level=\"1\">\u00dcberpr\u00fcfe die <a href=\"\/product-category\/mounting-brackets\/\">Kompatibilit\u00e4t von Halterungen\/Montagen<\/a>.<\/li>\n<\/ul>\n","protected":false},"featured_media":6280,"template":"","meta":{"inline_featured_image":false},"product_brand":[],"product_cat":[191,170,171],"product_tag":[],"class_list":{"0":"post-7126","1":"product","2":"type-product","3":"status-publish","4":"has-post-thumbnail","6":"product_cat-e-bike-scheinwerfer-25km","7":"product_cat-lichter","8":"product_cat-scheinwerfer-alle","9":"pa_reflector-front-reflektor","11":"first","12":"instock","13":"shipping-taxable","14":"product-type-simple"},"_links":{"self":[{"href":"https:\/\/www.lite-move.com\/de\/wp-json\/wp\/v2\/product\/7126","targetHints":{"allow":["GET"]}}],"collection":[{"href":"https:\/\/www.lite-move.com\/de\/wp-json\/wp\/v2\/product"}],"about":[{"href":"https:\/\/www.lite-move.com\/de\/wp-json\/wp\/v2\/types\/product"}],"wp:featuredmedia":[{"embeddable":true,"href":"https:\/\/www.lite-move.com\/de\/wp-json\/wp\/v2\/media\/6280"}],"wp:attachment":[{"href":"https:\/\/www.lite-move.com\/de\/wp-json\/wp\/v2\/media?parent=7126"}],"wp:term":[{"taxonomy":"product_brand","embeddable":true,"href":"https:\/\/www.lite-move.com\/de\/wp-json\/wp\/v2\/product_brand?post=7126"},{"taxonomy":"product_cat","embeddable":true,"href":"https:\/\/www.lite-move.com\/de\/wp-json\/wp\/v2\/product_cat?post=7126"},{"taxonomy":"product_tag","embeddable":true,"href":"https:\/\/www.lite-move.com\/de\/wp-json\/wp\/v2\/product_tag?post=7126"}],"curies":[{"name":"wp","href":"https:\/\/api.w.org\/{rel}","templated":true}]}}