{"id":7132,"date":"2020-10-23T17:46:39","date_gmt":"2020-10-23T09:46:39","guid":{"rendered":"https:\/\/www.lite-move.com\/product\/ta-ka\/"},"modified":"2025-04-25T14:04:28","modified_gmt":"2025-04-25T06:04:28","slug":"ta-ka","status":"publish","type":"product","link":"https:\/\/www.lite-move.com\/de\/product\/ta-ka\/","title":{"rendered":"TA-KA"},"content":{"rendered":"\n\t<section class=\"section hide-for-medium\" id=\"section_550679178\">\n\t\t<div class=\"section-bg fill\" >\n\t\t\t\t\t\t\t\t\t\n\t\t\t\n\n\t\t<\/div>\n\n\t\t\n\n\t\t<div class=\"section-content relative\">\n\t\t\t\n\n\t\t<div class=\"tabbed-content hide-for-medium\">\n\t\t\t\n\t\t\t<ul class=\"nav nav-tabs nav-uppercase nav-size-normal nav-center\" role=\"tablist\"><li id=\"tab-beschreibung\" class=\"tab active has-icon\" role=\"presentation\"><a href=\"#tab_beschreibung\" role=\"tab\" aria-selected=\"true\" aria-controls=\"tab_beschreibung\"><span>Beschreibung<\/span><\/a><\/li>\n<li id=\"tab-spezifikation\" class=\"tab has-icon\" role=\"presentation\"><a href=\"#tab_spezifikation\" tabindex=\"-1\" role=\"tab\" aria-selected=\"false\" aria-controls=\"tab_spezifikation\"><span>Spezifikation<\/span><\/a><\/li>\n<li id=\"tab-video\" class=\"tab has-icon\" role=\"presentation\"><a href=\"#tab_video\" tabindex=\"-1\" role=\"tab\" aria-selected=\"false\" aria-controls=\"tab_video\"><span>Video<\/span><\/a><\/li>\n<li id=\"tab-systemkompatibilit\u00e4t\" class=\"tab has-icon\" role=\"presentation\"><a href=\"#tab_systemkompatibilit\u00e4t\" tabindex=\"-1\" role=\"tab\" aria-selected=\"false\" aria-controls=\"tab_systemkompatibilit\u00e4t\"><span>Systemkompatibilit\u00e4t<\/span><\/a><\/li><\/ul><div class=\"tab-panels\"><div id=\"tab_beschreibung\" class=\"panel active entry-content\" role=\"tabpanel\" aria-labelledby=\"tab-beschreibung\">\n<div class=\"row\"  id=\"row-1789504422\">\n\n\t<div id=\"col-1211792387\" class=\"col medium-10 small-12 large-10\"  >\n\t\t\t\t<div class=\"col-inner\"  >\n\t\t\t\n\t\t\t\n<h3><strong>\u00dcberblick<\/strong><\/h3>\n<p>Das TA-KA E-Bike-R\u00fccklicht von Litemove bietet eine herausragende Sicherheitsfunktion f\u00fcr seine Fahrer. Es ist mit der LTi-Technologie ausgestattet, die h\u00e4ufig in Automobilen verwendet wird und ein dreidimensionales Lichtmuster erzeugt, um die Sichtbarkeit von hinten zu verbessern. Dieses R\u00fccklicht bietet eine 240-Grad-Lichtsichtbarkeit und schafft eine rundum sichtbare Lichtsph\u00e4re, die von allen Seiten von hinten erkennbar ist. Das TA-KA verf\u00fcgt au\u00dferdem \u00fcber eine Bremslichtfunktion, die bei Bet\u00e4tigung der Bremse f\u00fcr eine hellere Beleuchtung sorgt. Zus\u00e4tzlich ist es mit abgeschr\u00e4gten Kanten entworfen, um das Licht vor seitlichen Besch\u00e4digungen zu sch\u00fctzen. Das TA-KA l\u00e4sst sich auf jedem Fahrrad-Gep\u00e4cktr\u00e4ger (80 &amp; 50 mm) montieren und sorgt f\u00fcr ein integriertes und sauberes Erscheinungsbild am Fahrrad.<\/p>\n<h3><b>Optimale Lichtstrahlverteilung<\/b><\/h3>\n<p>Die Herausforderung f\u00fcr LED-Fahrradlichter besteht darin, ihre Ziel-Megacandela-Leistung zu erreichen, selbst bei einem breiten Lichtstrahl, der unter verschiedenen Fahrbedingungen verwendet wird. Litemove f\u00fchrt seine &#8222;LTi&#8220;-Technologie ein, die lentikulare Linsen verwendet, um eine Illusion eines dreidimensionalen Lichtmusters zu erzeugen, das aus allen Winkeln sichtbar ist.<\/p>\n<h3><b>Wasserbest\u00e4ndigkeit nach IP56<\/b><\/h3>\n<p><span style=\"font-weight: 400;\">Der Scheinwerfer ist wasserbest\u00e4ndig und gesch\u00fctzt vor sch\u00e4dlichem Staub sowie vor Spritzwasser und Wassertropfen.<br \/>\n<\/span><\/p>\n<h3><strong>\u00dcberlegene W\u00e4rmeableitung<\/strong><\/h3>\n<p><span style=\"font-weight: 400;\">Die Aufrechterhaltung hoher Helligkeit kann eine gro\u00dfe Herausforderung f\u00fcr die Lebensdauer von LEDs darstellen. Litemoves Thermotechnologie erm\u00f6glicht es, die W\u00e4rme schnell \u00fcber den Rahmen abzuleiten, wodurch unsere Scheinwerfer dauerhaft auf einem konstant hohen Niveau funktionieren. <\/span><\/p>\n<h3><b>Nachhaltigkeit<\/b><\/h3>\n<p><b><span style=\"font-weight: 400;\">Litemove legt gro\u00dfen Wert auf Nachhaltigkeit, um langfristigen Wert zu schaffen und dabei in einem \u00f6kologischen und wirtschaftlichen Umfeld zu agieren. Verpackungen tragen erheblich zu den Kosten von Waren und zur Abfallentsorgung bei. Die meisten unserer Produktverpackungen bestehen daher aus Papier und sind vollst\u00e4ndig recycelbar. <\/span><\/b><\/p>\n<p>&nbsp;<\/p>\n<p>F\u00fcr weitere Informationen zum TA-KA klicken Sie <a href=\"https:\/\/youtu.be\/vtAJmxlHiEI\" target=\"_blank\" rel=\"noopener\">hier.<\/a><\/p>\n\t\t<\/div>\n\t\t\t\t\t<\/div>\n\n\t\n<\/div>\n<\/div>\n<div id=\"tab_spezifikation\" class=\"panel entry-content\" role=\"tabpanel\" aria-labelledby=\"tab-spezifikation\">\n<div class=\"row row-large\"  id=\"row-1490128355\">\n\n\t<div id=\"col-1174952783\" class=\"col medium-10 small-12 large-10\"  >\n\t\t\t\t<div class=\"col-inner\"  >\n\t\t\t\n\t\t\t\n<p>&nbsp;<\/p>\n<table style=\"height: 700px;\" width=\"641\">\n<tbody>\n<tr>\n<td width=\"30%\">Modellname<\/td>\n<td width=\"70%\">TA-KA<\/td>\n<\/tr>\n<tr>\n<td>Modell-Nr.<\/td>\n<td width=\"155\">TKACE<\/td>\n<\/tr>\n<tr>\n<td>S\/N<\/td>\n<td width=\"155\">B06<\/td>\n<\/tr>\n<tr>\n<td>Lichtleistung<\/td>\n<td>Bremslicht: 45000 mcd\/ 30 lumens<br \/>\nR\u00fccklicht: 8000 mcd\/ 15 lumens<\/td>\n<\/tr>\n<tr>\n<td>Optische Technologie<\/td>\n<td>LTi<\/td>\n<\/tr>\n<tr>\n<td>Lichtquelle<\/td>\n<td>LED *2<\/td>\n<\/tr>\n<tr>\n<td>Eingangsspannung (DC)<\/td>\n<td>12V(6V ~ 16V)<\/td>\n<\/tr>\n<tr>\n<td>Leistungsaufnahme<\/td>\n<td>Bremslicht: 4,3W<br \/>\nR\u00fccklicht: 0,5W<\/td>\n<\/tr>\n<tr>\n<td>Kabeldurchmesser<\/td>\n<td>\u00f83mm\/1-3 Pins<\/td>\n<\/tr>\n<tr>\n<td>Kabell\u00e4nge<\/td>\n<td>1700mm<\/td>\n<\/tr>\n<tr>\n<td>Schutzart<\/td>\n<td>IP56<\/td>\n<\/tr>\n<tr>\n<td>Betriebstemperatur (\u00b0C)<\/td>\n<td>-25 ~ +70<\/td>\n<\/tr>\n<tr>\n<td>Material<\/td>\n<td>Plastic<\/td>\n<\/tr>\n<tr>\n<td>Gewicht (ohne Kabel)<\/td>\n<td>31g<\/td>\n<\/tr>\n<tr>\n<td>Abmessungen (BxHxL)<\/td>\n<td>125 x 13,5 x 21mm<\/td>\n<\/tr>\n<tr>\n<td>Montageoption<\/td>\n<td>50mm &amp; 80mm Gep\u00e4cktr\u00e4gerhalter<\/td>\n<\/tr>\n<tr>\n<td>Reflektor (optional)<\/td>\n<td>N\/A<\/td>\n<\/tr>\n<tr>\n<td>Kompatibilit\u00e4t<\/td>\n<td>CE\/ RoHS\/ REACH<\/td>\n<\/tr>\n<tr>\n<td>Zulassungstyp<\/td>\n<td>StVZO-K &amp; ISO-6742<\/td>\n<\/tr>\n<tr>\n<td>Genehmigungsnummer<\/td>\n<td>~ K 1929<\/td>\n<\/tr>\n<\/tbody>\n<\/table>\n\t\t<\/div>\n\t\t\t\t\t<\/div>\n\n\t\n<\/div>\n<\/div>\n<div id=\"tab_video\" class=\"panel entry-content\" role=\"tabpanel\" aria-labelledby=\"tab-video\">\n<div class=\"row row-collapse row-full-width align-center\"  id=\"row-549378541\">\n\n\t<div id=\"col-1359619638\" class=\"col medium-10 small-12 large-10\"  >\n\t\t\t\t<div class=\"col-inner\"  >\n\t\t\t\n\t\t\t\n<div class=\"video video-fit mb\" style=\"padding-top:56.25%;\"><p><iframe loading=\"lazy\" title=\"Litemove TA-KA \u2014 Electric Bike Tail Light\" width=\"1020\" height=\"574\" src=\"https:\/\/www.youtube.com\/embed\/3CxSuzNfTKg?feature=oembed\" frameborder=\"0\" allow=\"accelerometer; autoplay; clipboard-write; encrypted-media; gyroscope; picture-in-picture; web-share\" referrerpolicy=\"strict-origin-when-cross-origin\" allowfullscreen><\/iframe><\/p>\n<\/div>\n\t\t<\/div>\n\t\t\t\t\t<\/div>\n\n\t\n<\/div>\n<\/div>\n<div id=\"tab_systemkompatibilit\u00e4t\" class=\"panel entry-content\" role=\"tabpanel\" aria-labelledby=\"tab-systemkompatibilit\u00e4t\">\n<div class=\"row row-collapse row-full-width\"  id=\"row-1340341508\">\n\n\t<div id=\"col-545332251\" class=\"col medium-10 small-12 large-10\"  >\n\t\t\t\t<div class=\"col-inner\"  >\n\t\t\t\n\t\t\t\n<p>Systemkompatibilit\u00e4t &#8211; <a href=\"https:\/\/www.lite-move.com\/download\/\">Download<\/a><\/p>\n\t<div class=\"img has-hover x md-x lg-x y md-y lg-y\" id=\"image_1437433728\">\n\t\t\t\t\t\t\t\t<div class=\"img-inner dark\" >\n\t\t\t\t\t\t\t\t\t\n\t\t\t\t\t<\/div>\n\t\t\t\t\t\t\t\t\n<style>\n#image_1437433728 {\n  width: 100%;\n}\n<\/style>\n\t<\/div>\n\t\n\t\t<\/div>\n\t\t\t\t\t<\/div>\n\n\t\n<\/div>\n<\/div><\/div><\/div>\n\t\t<\/div>\n\n\t\t\n<style>\n#section_550679178 {\n  padding-top: 0px;\n  padding-bottom: 0px;\n}\n<\/style>\n\t<\/section>\n\t\n\n\t<section class=\"section show-for-medium\" id=\"section_940400981\">\n\t\t<div class=\"section-bg fill\" >\n\t\t\t\t\t\t\t\t\t\n\t\t\t\n\n\t\t<\/div>\n\n\t\t\n\n\t\t<div class=\"section-content relative\">\n\t\t\t\n<div class=\"accordion\">\n\t<div id=\"accordion-1392041151\" class=\"accordion-item\">\n\t\t<a id=\"accordion-1392041151-label\" class=\"accordion-title plain\" href=\"#accordion-item-beschreibung\" aria-expanded=\"false\" aria-controls=\"accordion-1392041151-content\" >\n\t\t\t<button class=\"toggle\" aria-label=\"Toggle\"><i class=\"icon-angle-down\"><\/i><\/button>\n\t\t\t<span>BESCHREIBUNG<\/span>\n\t\t<\/a>\n\t\t<div id=\"accordion-1392041151-content\" class=\"accordion-inner\" aria-labelledby=\"accordion-1392041151-label\" >\n\t\t\t\n<div class=\"row\"  id=\"row-1985685309\">\n\n\t<div id=\"col-1812901081\" class=\"col medium-10 small-12 large-10\"  >\n\t\t\t\t<div class=\"col-inner\"  >\n\t\t\t\n\t\t\t\n<h3><strong>\u00dcberblick<\/strong><\/h3>\n<p>Das TA-KA E-Bike-R\u00fccklicht von Litemove bietet eine herausragende Sicherheitsfunktion f\u00fcr seine Fahrer. Es ist mit der LTi-Technologie ausgestattet, die h\u00e4ufig in Automobilen verwendet wird und ein dreidimensionales Lichtmuster erzeugt, um die Sichtbarkeit von hinten zu verbessern. Dieses R\u00fccklicht bietet eine 240-Grad-Lichtsichtbarkeit und schafft eine rundum sichtbare Lichtsph\u00e4re, die von allen Seiten von hinten erkennbar ist. Das TA-KA verf\u00fcgt au\u00dferdem \u00fcber eine Bremslichtfunktion, die bei Bet\u00e4tigung der Bremse f\u00fcr eine hellere Beleuchtung sorgt. Zus\u00e4tzlich ist es mit abgeschr\u00e4gten Kanten entworfen, um das Licht vor seitlichen Besch\u00e4digungen zu sch\u00fctzen. Das TA-KA l\u00e4sst sich auf jedem Fahrrad-Gep\u00e4cktr\u00e4ger (80 &amp; 50 mm) montieren und sorgt f\u00fcr ein integriertes und sauberes Erscheinungsbild am Fahrrad.<\/p>\n<h3><b>Optimale Lichtstrahlverteilung<\/b><\/h3>\n<p>Die Herausforderung f\u00fcr LED-Fahrradlichter besteht darin, ihre Ziel-Megacandela-Leistung zu erreichen, selbst bei einem breiten Lichtstrahl, der unter verschiedenen Fahrbedingungen verwendet wird. Litemove f\u00fchrt seine &#8222;LTi&#8220;-Technologie ein, die lentikulare Linsen verwendet, um eine Illusion eines dreidimensionalen Lichtmusters zu erzeugen, das aus allen Winkeln sichtbar ist.<\/p>\n<h3><b>Wasserbest\u00e4ndigkeit nach IP56<\/b><\/h3>\n<p><span style=\"font-weight: 400;\">Der Scheinwerfer ist wasserbest\u00e4ndig und gesch\u00fctzt vor sch\u00e4dlichem Staub sowie vor Spritzwasser und Wassertropfen.<br \/>\n<\/span><\/p>\n<h3><strong>\u00dcberlegene W\u00e4rmeableitung<\/strong><\/h3>\n<p><span style=\"font-weight: 400;\">Die Aufrechterhaltung hoher Helligkeit kann eine gro\u00dfe Herausforderung f\u00fcr die Lebensdauer von LEDs darstellen. Litemoves Thermotechnologie erm\u00f6glicht es, die W\u00e4rme schnell \u00fcber den Rahmen abzuleiten, wodurch unsere Scheinwerfer dauerhaft auf einem konstant hohen Niveau funktionieren. <\/span><\/p>\n<h3><b>Nachhaltigkeit<\/b><\/h3>\n<p><b><span style=\"font-weight: 400;\">Litemove legt gro\u00dfen Wert auf Nachhaltigkeit, um langfristigen Wert zu schaffen und dabei in einem \u00f6kologischen und wirtschaftlichen Umfeld zu agieren. Verpackungen tragen erheblich zu den Kosten von Waren und zur Abfallentsorgung bei. Die meisten unserer Produktverpackungen bestehen daher aus Papier und sind vollst\u00e4ndig recycelbar. <\/span><\/b><\/p>\n<p>&nbsp;<\/p>\n<p>F\u00fcr weitere Informationen zum TA-KA klicken Sie <a href=\"https:\/\/youtu.be\/vtAJmxlHiEI\" target=\"_blank\" rel=\"noopener\">hier.<\/a><\/p>\n\t\t<\/div>\n\t\t\t\t\t<\/div>\n\n\t\n<\/div>\n\t\t<\/div>\n\t<\/div>\n\t\n\t<div id=\"accordion-804234255\" class=\"accordion-item\">\n\t\t<a id=\"accordion-804234255-label\" class=\"accordion-title plain\" href=\"#accordion-item-spezifikation\" aria-expanded=\"false\" aria-controls=\"accordion-804234255-content\" >\n\t\t\t<button class=\"toggle\" aria-label=\"Toggle\"><i class=\"icon-angle-down\"><\/i><\/button>\n\t\t\t<span>SPEZIFIKATION<\/span>\n\t\t<\/a>\n\t\t<div id=\"accordion-804234255-content\" class=\"accordion-inner\" aria-labelledby=\"accordion-804234255-label\" >\n\t\t\t\n\n\t<div id=\"col-938763010\" class=\"col medium-8 small-12 large-8\"  >\n\t\t\t\t<div class=\"col-inner\"  >\n\t\t\t\n\t\t\t\n<p>&nbsp;<\/p>\n<table style=\"height: 727px;\" width=\"459\">\n<tbody>\n<tr>\n<td width=\"30%\">Modellname<\/td>\n<td width=\"70%\">TA-KA<\/td>\n<\/tr>\n<tr>\n<td>Modell-Nr.<\/td>\n<td width=\"155\">TKACE<\/td>\n<\/tr>\n<tr>\n<td>S\/N.<\/td>\n<td width=\"155\">B06<\/td>\n<\/tr>\n<tr>\n<td>Lichtleistung<\/td>\n<td>Bremslicht: 45000 mcd\/ 30 lumens<br \/>\nR\u00fccklicht: 8000 mcd\/ 15 lumens<\/td>\n<\/tr>\n<tr>\n<td>Optische Technologie<\/td>\n<td>LTi<\/td>\n<\/tr>\n<tr>\n<td>Lichtquelle<\/td>\n<td>LED *2<\/td>\n<\/tr>\n<tr>\n<td>Eingangsspannung (DC)<\/td>\n<td>12V(6V ~ 16V)<\/td>\n<\/tr>\n<tr>\n<td>Leistungsaufnahme<\/td>\n<td>Bremslicht: 4,3W<br \/>\nR\u00fccklicht: 0,5W<\/td>\n<\/tr>\n<tr>\n<td>Kabeldurchmesser<\/td>\n<td>\u00f83mm\/1-3 Pins<\/td>\n<\/tr>\n<tr>\n<td>Kabell\u00e4nge<\/td>\n<td>1700mm<\/td>\n<\/tr>\n<tr>\n<td>Schutzart<\/td>\n<td>IP56<\/td>\n<\/tr>\n<tr>\n<td>Betriebstemperatur (\u00b0C)<\/td>\n<td>-25 ~ +70<\/td>\n<\/tr>\n<tr>\n<td>Material<\/td>\n<td>Plastic<\/td>\n<\/tr>\n<tr>\n<td>Gewicht (ohne Kabel)<\/td>\n<td>31g<\/td>\n<\/tr>\n<tr>\n<td>Abmessungen (BxHxL)<\/td>\n<td>125 x 13,5 x 21mm<\/td>\n<\/tr>\n<tr>\n<td>Montageoption<\/td>\n<td>50mm &amp; 80mm Gep\u00e4cktr\u00e4gerhalter<\/td>\n<\/tr>\n<tr>\n<td>Reflektor (optional)<\/td>\n<td>N\/A<\/td>\n<\/tr>\n<tr>\n<td>Kompatibilit\u00e4t<\/td>\n<td>CE\/ RoHS\/ REACH<\/td>\n<\/tr>\n<tr>\n<td>Genehmigungsart<\/td>\n<td>StVZO-K\/ ISO-6742<\/td>\n<\/tr>\n<tr>\n<td>Genehmigungsnummer<\/td>\n<td>~ K 1929<\/td>\n<\/tr>\n<\/tbody>\n<\/table>\n\t\t<\/div>\n\t\t\t\t\t<\/div>\n\n\t\n<p>&nbsp;<\/p>\n\t\t<\/div>\n\t<\/div>\n\t\n\t<div id=\"accordion-1868052718\" class=\"accordion-item\">\n\t\t<a id=\"accordion-1868052718-label\" class=\"accordion-title plain\" href=\"#accordion-item-video\" aria-expanded=\"false\" aria-controls=\"accordion-1868052718-content\" >\n\t\t\t<button class=\"toggle\" aria-label=\"Toggle\"><i class=\"icon-angle-down\"><\/i><\/button>\n\t\t\t<span>VIDEO<\/span>\n\t\t<\/a>\n\t\t<div id=\"accordion-1868052718-content\" class=\"accordion-inner\" aria-labelledby=\"accordion-1868052718-label\" >\n\t\t\t\n<div class=\"row row-collapse row-full-width\"  id=\"row-1116382248\">\n\n\t<div id=\"col-1744700061\" class=\"col medium-10 small-12 large-10\"  >\n\t\t\t\t<div class=\"col-inner\"  >\n\t\t\t\n\t\t\t\n<p><iframe loading=\"lazy\" title=\"YouTube-Videoplayer\" src=\"https:\/\/www.youtube.com\/embed\/3CxSuzNfTKg\" width=\"560\" height=\"315\" frameborder=\"0\" allowfullscreen=\"allowfullscreen\"><\/iframe><\/p>\n\t\t<\/div>\n\t\t\t\t\t<\/div>\n\n\t\n<\/div>\n\t\t<\/div>\n\t<\/div>\n\t\n\t<div id=\"accordion-323295126\" class=\"accordion-item\">\n\t\t<a id=\"accordion-323295126-label\" class=\"accordion-title plain\" href=\"#accordion-item-systemkompatibilit\u00e4t\" aria-expanded=\"false\" aria-controls=\"accordion-323295126-content\" >\n\t\t\t<button class=\"toggle\" aria-label=\"Toggle\"><i class=\"icon-angle-down\"><\/i><\/button>\n\t\t\t<span>Systemkompatibilit\u00e4t<\/span>\n\t\t<\/a>\n\t\t<div id=\"accordion-323295126-content\" class=\"accordion-inner\" aria-labelledby=\"accordion-323295126-label\" >\n\t\t\t\n<div class=\"row row-collapse row-full-width\"  id=\"row-2006711928\">\n\n\t<div id=\"col-361060119\" class=\"col medium-10 small-12 large-10\"  >\n\t\t\t\t<div class=\"col-inner\"  >\n\t\t\t\n\t\t\t\n<p>Systemkompatibilit\u00e4t &#8211; <a href=\"https:\/\/www.lite-move.com\/download\/\">Download<\/a><\/p>\n\t\t<\/div>\n\t\t\t\t\t<\/div>\n\n\t\n<\/div>\n\t\t<\/div>\n\t<\/div>\n\t\n<\/div>\n\t\t<\/div>\n\n\t\t\n<style>\n#section_940400981 {\n  padding-top: 0px;\n  padding-bottom: 0px;\n}\n<\/style>\n\t<\/section>\n\t\n","protected":false},"excerpt":{"rendered":"<ul>\n<li style=\"font-weight: 400;\" aria-level=\"1\"><span style=\"font-weight: 400;\">Bis zu 45.000 mcd hocheffizientes R\u00fccklicht <\/span><\/li>\n<li style=\"font-weight: 400;\" aria-level=\"1\"><span style=\"font-weight: 400;\">240-Grad-Weitsichtbarkeit <\/span><\/li>\n<li style=\"font-weight: 400;\" aria-level=\"1\"><span style=\"font-weight: 400;\">12V (6V ~ 16V) mit einer Leistungsaufnahme von bis zu 4,3 Watt<\/span><\/li>\n<li style=\"font-weight: 400;\" aria-level=\"1\"><span style=\"font-weight: 400;\">Rotes LED-Bremslicht<\/span><\/li>\n<li style=\"font-weight: 400;\" aria-level=\"1\"><span style=\"font-weight: 400;\">Abgeschr\u00e4gte Kanten, um Besch\u00e4digungen an den Seiten zu vermeiden<\/span><\/li>\n<li style=\"font-weight: 400;\" aria-level=\"1\"><span style=\"font-weight: 400;\">F\u00fcr Fahrradgep\u00e4cktr\u00e4ger (f\u00fcr 50mm &amp; 80mm)<\/span><\/li>\n<li style=\"font-weight: 400;\" aria-level=\"1\"><span style=\"font-weight: 400;\">IP56 \u2013 Schutz gegen hohen Wasserdruck und Staub<\/span><\/li>\n<li style=\"font-weight: 400;\" aria-level=\"1\"><span style=\"font-weight: 400;\">Geeignet f\u00fcr 25 km\/h E-Bike \/ EPAC<\/span><\/li>\n<li style=\"font-weight: 400;\" aria-level=\"1\"><span style=\"font-weight: 400;\">StVZO-K &amp; ISO-6742 Kompatibilit\u00e4t<\/span><\/li>\n<\/ul>\n","protected":false},"featured_media":6503,"template":"","meta":{"inline_featured_image":false},"product_brand":[],"product_cat":[186,169,170,187],"product_tag":[],"class_list":{"0":"post-7132","1":"product","2":"type-product","3":"status-publish","4":"has-post-thumbnail","6":"product_cat-e-bike-rucklichter-25km","7":"product_cat-empfohlene-produkte","8":"product_cat-lichter","9":"product_cat-rucklicht-alle","11":"first","12":"instock","13":"shipping-taxable","14":"product-type-simple"},"_links":{"self":[{"href":"https:\/\/www.lite-move.com\/de\/wp-json\/wp\/v2\/product\/7132","targetHints":{"allow":["GET"]}}],"collection":[{"href":"https:\/\/www.lite-move.com\/de\/wp-json\/wp\/v2\/product"}],"about":[{"href":"https:\/\/www.lite-move.com\/de\/wp-json\/wp\/v2\/types\/product"}],"wp:featuredmedia":[{"embeddable":true,"href":"https:\/\/www.lite-move.com\/de\/wp-json\/wp\/v2\/media\/6503"}],"wp:attachment":[{"href":"https:\/\/www.lite-move.com\/de\/wp-json\/wp\/v2\/media?parent=7132"}],"wp:term":[{"taxonomy":"product_brand","embeddable":true,"href":"https:\/\/www.lite-move.com\/de\/wp-json\/wp\/v2\/product_brand?post=7132"},{"taxonomy":"product_cat","embeddable":true,"href":"https:\/\/www.lite-move.com\/de\/wp-json\/wp\/v2\/product_cat?post=7132"},{"taxonomy":"product_tag","embeddable":true,"href":"https:\/\/www.lite-move.com\/de\/wp-json\/wp\/v2\/product_tag?post=7132"}],"curies":[{"name":"wp","href":"https:\/\/api.w.org\/{rel}","templated":true}]}}