{"id":7136,"date":"2020-09-26T14:08:26","date_gmt":"2020-09-26T06:08:26","guid":{"rendered":"https:\/\/www.lite-move.com\/product\/kabelfuehrung-fuer-o28-32mm\/"},"modified":"2024-10-22T22:15:33","modified_gmt":"2024-10-22T14:15:33","slug":"kabelfuehrung-fuer-o28-32mm","status":"publish","type":"product","link":"https:\/\/www.lite-move.com\/de\/product\/kabelfuehrung-fuer-o28-32mm\/","title":{"rendered":"Kabelf\u00fchrung (f\u00fcr \u00d828-32mm)"},"content":{"rendered":"\n\t<section class=\"section hide-for-medium\" id=\"section_822684938\">\n\t\t<div class=\"section-bg fill\" >\n\t\t\t\t\t\t\t\t\t\n\t\t\t\n\n\t\t<\/div>\n\n\t\t\n\n\t\t<div class=\"section-content relative\">\n\t\t\t\n\n\t\t<div class=\"tabbed-content\">\n\t\t\t\n\t\t\t<ul class=\"nav nav-tabs nav-uppercase nav-size-normal nav-center\" role=\"tablist\"><li id=\"tab-beschreibung\" class=\"tab active has-icon\" role=\"presentation\"><a href=\"#tab_beschreibung\" role=\"tab\" aria-selected=\"true\" aria-controls=\"tab_beschreibung\"><span>Beschreibung<\/span><\/a><\/li>\n<li id=\"tab-spezifikation\" class=\"tab has-icon\" role=\"presentation\"><a href=\"#tab_spezifikation\" tabindex=\"-1\" role=\"tab\" aria-selected=\"false\" aria-controls=\"tab_spezifikation\"><span>Spezifikation<\/span><\/a><\/li>\n<li id=\"tab-faq\" class=\"tab has-icon\" role=\"presentation\"><a href=\"#tab_faq\" tabindex=\"-1\" role=\"tab\" aria-selected=\"false\" aria-controls=\"tab_faq\"><span>FAQ<\/span><\/a><\/li><\/ul><div class=\"tab-panels\"><div id=\"tab_beschreibung\" class=\"panel active entry-content\" role=\"tabpanel\" aria-labelledby=\"tab-beschreibung\">\n<div class=\"row\"  id=\"row-1672036013\">\n\n\t<div id=\"col-996055142\" class=\"col medium-10 small-12 large-10\"  >\n\t\t\t\t<div class=\"col-inner\"  >\n\t\t\t\n\t\t\t\n<h3><strong>Kabelf\u00fchrung Funktion<\/strong><\/h3>\n<p>Litemove&#8217;s CG316 \u00d83mm Kabelf\u00fchrung\/ Clip wurde entwickelt, um Bikern\/ Fahrern einen sauberen und ordentlichen Look am Lenker oder an der Sattelst\u00fctze Ihres Fahrrads (\u00f828-32mm) zu bieten. Mit einem einfachen Clip kann es geeignet sein, die meisten Fahrradkabel zu organisieren (Bremskabel, Schaltkabel, Seapost R\u00fccklichtkabel, etc.).<\/p>\n\t\t<\/div>\n\t\t\t\t\t<\/div>\n\n\t\n<\/div>\n<\/div>\n<div id=\"tab_spezifikation\" class=\"panel entry-content\" role=\"tabpanel\" aria-labelledby=\"tab-spezifikation\">\n<div class=\"row row-collapse\"  id=\"row-1273849985\">\n\n\t<div id=\"col-487792926\" class=\"col medium-10 small-12 large-10\"  >\n\t\t\t\t<div class=\"col-inner\"  >\n\t\t\t\n\t\t\t\n<table style=\"height: 186px;\" width=\"641\">\n<tbody>\n<tr>\n<td width=\"30%\">Artikel-Nr.<\/td>\n<td width=\"70%\">CG316<\/td>\n<\/tr>\n<tr>\n<td width=\"368\">Material<\/td>\n<td width=\"313\">Kunststoff<\/td>\n<\/tr>\n<tr>\n<td width=\"368\">Gewicht<\/td>\n<td width=\"313\">18.5g<\/td>\n<\/tr>\n<tr>\n<td width=\"368\">Abmessung<\/td>\n<td width=\"313\">\u00f830.22 x 32,53(H) mm<\/td>\n<\/tr>\n<\/tbody>\n<\/table>\n\t\t<\/div>\n\t\t\t\t\t<\/div>\n\n\t\n<\/div>\n<\/div>\n<div id=\"tab_faq\" class=\"panel entry-content\" role=\"tabpanel\" aria-labelledby=\"tab-faq\"><div class=\"row row-collapse row-full-width\"  id=\"row-1095192819\">\n\n\t<div id=\"col-1736294397\" class=\"col medium-8 small-12 large-8\"  >\n\t\t\t\t<div class=\"col-inner\"  >\n\t\t\t\n\t\t\t\n\t\t<\/div>\n\t\t\t\t\t<\/div>\n\n\t\n<\/div>\n<\/div><\/div><\/div>\n\t\t<\/div>\n\n\t\t\n<style>\n#section_822684938 {\n  padding-top: 0px;\n  padding-bottom: 0px;\n}\n<\/style>\n\t<\/section>\n\t\n\n\t<section class=\"section show-for-medium\" id=\"section_1104521907\">\n\t\t<div class=\"section-bg fill\" >\n\t\t\t\t\t\t\t\t\t\n\t\t\t\n\n\t\t<\/div>\n\n\t\t\n\n\t\t<div class=\"section-content relative\">\n\t\t\t\n<div class=\"accordion\">\n\t<div id=\"accordion-624834546\" class=\"accordion-item\">\n\t\t<a id=\"accordion-624834546-label\" class=\"accordion-title plain\" href=\"#accordion-item-beschreibung\" aria-expanded=\"false\" aria-controls=\"accordion-624834546-content\" >\n\t\t\t<button class=\"toggle\" aria-label=\"Toggle\"><i class=\"icon-angle-down\"><\/i><\/button>\n\t\t\t<span>BESCHREIBUNG<\/span>\n\t\t<\/a>\n\t\t<div id=\"accordion-624834546-content\" class=\"accordion-inner\" aria-labelledby=\"accordion-624834546-label\" >\n\t\t\t\n<div class=\"row\"  id=\"row-1573474358\">\n\n\t<div id=\"col-1017590601\" class=\"col medium-10 small-12 large-10\"  >\n\t\t\t\t<div class=\"col-inner\"  >\n\t\t\t\n\t\t\t\n<h3><strong>Kabelf\u00fchrung Funktion<\/strong><\/h3>\n<p>Litemove&#8217;s CG316 \u00d83mm Kabelf\u00fchrung\/ Clip wurde entwickelt, um Bikern\/ Fahrern einen sauberen und ordentlichen Look am Lenker oder an der Sattelst\u00fctze Ihres Fahrrads (\u00f828-32mm) zu bieten. Mit einem einfachen Clip kann es geeignet sein, die meisten Fahrradkabel zu organisieren (Bremskabel, Schaltkabel, Seapost R\u00fccklichtkabel, etc.).<\/p>\n\t\t<\/div>\n\t\t\t\t\t<\/div>\n\n\t\n<\/div>\n\t\t<\/div>\n\t<\/div>\n\t\n\t<div id=\"accordion-3002519920\" class=\"accordion-item\">\n\t\t<a id=\"accordion-3002519920-label\" class=\"accordion-title plain\" href=\"#accordion-item-spezifikation\" aria-expanded=\"false\" aria-controls=\"accordion-3002519920-content\" >\n\t\t\t<button class=\"toggle\" aria-label=\"Toggle\"><i class=\"icon-angle-down\"><\/i><\/button>\n\t\t\t<span>SPEZIFIKATION<\/span>\n\t\t<\/a>\n\t\t<div id=\"accordion-3002519920-content\" class=\"accordion-inner\" aria-labelledby=\"accordion-3002519920-label\" >\n\t\t\t\n<table style=\"height: 186px;\" width=\"641\">\n<tbody>\n<tr>\n<td width=\"30%\">Artikel-Nr.<\/td>\n<td width=\"70%\">CG316<\/td>\n<\/tr>\n<tr>\n<td width=\"368\">Material<\/td>\n<td width=\"313\">Kunststoff<\/td>\n<\/tr>\n<tr>\n<td width=\"368\">Gewicht<\/td>\n<td width=\"313\">18.5g<\/td>\n<\/tr>\n<tr>\n<td width=\"368\">Abmessung<\/td>\n<td width=\"313\">\u00f830.22 x 32,53(H) mm<\/td>\n<\/tr>\n<\/tbody>\n<\/table>\n\t\t<\/div>\n\t<\/div>\n\t\n\t<div id=\"accordion-3888443043\" class=\"accordion-item\">\n\t\t<a id=\"accordion-3888443043-label\" class=\"accordion-title plain\" href=\"#accordion-item-faq\" aria-expanded=\"false\" aria-controls=\"accordion-3888443043-content\" >\n\t\t\t<button class=\"toggle\" aria-label=\"Toggle\"><i class=\"icon-angle-down\"><\/i><\/button>\n\t\t\t<span>FAQ<\/span>\n\t\t<\/a>\n\t\t<div id=\"accordion-3888443043-content\" class=\"accordion-inner\" aria-labelledby=\"accordion-3888443043-label\" >\n\t\t\t\n<div class=\"row row-collapse row-full-width\"  id=\"row-1809891613\">\n\n\t<div id=\"col-18080625\" class=\"col medium-10 small-12 large-10\"  >\n\t\t\t\t<div class=\"col-inner\"  >\n\t\t\t\n\t\t\t\n\t\t<\/div>\n\t\t\t\t\t<\/div>\n\n\t\n<\/div>\n\t\t<\/div>\n\t<\/div>\n\t\n<\/div>\n\t\t<\/div>\n\n\t\t\n<style>\n#section_1104521907 {\n  padding-top: 0px;\n  padding-bottom: 0px;\n}\n<\/style>\n\t<\/section>\n\t\n","protected":false},"excerpt":{"rendered":"<ul>\n<li>\u00d83mm Kabelf\u00fchrung \/ Clip f\u00fcr Fahrradlenker oder Sattelst\u00fctze<\/li>\n<li>F\u00fcr Lenker- \/ Sattelst\u00fctzendurchmesser: \u00d828-32mm<\/li>\n<li>Organisiere Fahrradkabel und -leitungen f\u00fcr ein sauberes und aufger\u00e4umtes Design<\/li>\n<li>Farbe: Schwarz<\/li>\n<li>Material: Kunststoff<\/li>\n<\/ul>\n","protected":false},"featured_media":6478,"template":"","meta":{"inline_featured_image":false},"product_brand":[],"product_cat":[204],"product_tag":[],"class_list":{"0":"post-7136","1":"product","2":"type-product","3":"status-publish","4":"has-post-thumbnail","6":"product_cat-zubehor","8":"first","9":"instock","10":"shipping-taxable","11":"product-type-simple"},"_links":{"self":[{"href":"https:\/\/www.lite-move.com\/de\/wp-json\/wp\/v2\/product\/7136","targetHints":{"allow":["GET"]}}],"collection":[{"href":"https:\/\/www.lite-move.com\/de\/wp-json\/wp\/v2\/product"}],"about":[{"href":"https:\/\/www.lite-move.com\/de\/wp-json\/wp\/v2\/types\/product"}],"wp:featuredmedia":[{"embeddable":true,"href":"https:\/\/www.lite-move.com\/de\/wp-json\/wp\/v2\/media\/6478"}],"wp:attachment":[{"href":"https:\/\/www.lite-move.com\/de\/wp-json\/wp\/v2\/media?parent=7136"}],"wp:term":[{"taxonomy":"product_brand","embeddable":true,"href":"https:\/\/www.lite-move.com\/de\/wp-json\/wp\/v2\/product_brand?post=7136"},{"taxonomy":"product_cat","embeddable":true,"href":"https:\/\/www.lite-move.com\/de\/wp-json\/wp\/v2\/product_cat?post=7136"},{"taxonomy":"product_tag","embeddable":true,"href":"https:\/\/www.lite-move.com\/de\/wp-json\/wp\/v2\/product_tag?post=7136"}],"curies":[{"name":"wp","href":"https:\/\/api.w.org\/{rel}","templated":true}]}}