{"id":7140,"date":"2021-06-18T15:10:32","date_gmt":"2021-06-18T07:10:32","guid":{"rendered":"https:\/\/www.lite-move.com\/product\/aew-230-fernlicht-abblendlicht\/"},"modified":"2024-10-23T14:55:25","modified_gmt":"2024-10-23T06:55:25","slug":"aew-230-fernlicht-abblendlicht","status":"publish","type":"product","link":"https:\/\/www.lite-move.com\/de\/product\/aew-230-fernlicht-abblendlicht\/","title":{"rendered":"AEW-230 (Fernlicht\/Abblendlicht)"},"content":{"rendered":"\n\t<section class=\"section hide-for-medium\" id=\"section_1874271817\">\n\t\t<div class=\"section-bg fill\" >\n\t\t\t\t\t\t\t\t\t\n\t\t\t\n\n\t\t<\/div>\n\n\t\t\n\n\t\t<div class=\"section-content relative\">\n\t\t\t\n\n\t\t<div class=\"tabbed-content\">\n\t\t\t\n\t\t\t<ul class=\"nav nav-tabs nav-uppercase nav-size-normal nav-center\" role=\"tablist\"><li id=\"tab-beschreibung\" class=\"tab active has-icon\" role=\"presentation\"><a href=\"#tab_beschreibung\" role=\"tab\" aria-selected=\"true\" aria-controls=\"tab_beschreibung\"><span>Beschreibung<\/span><\/a><\/li>\n<li id=\"tab-spezifikation\" class=\"tab has-icon\" role=\"presentation\"><a href=\"#tab_spezifikation\" tabindex=\"-1\" role=\"tab\" aria-selected=\"false\" aria-controls=\"tab_spezifikation\"><span>Spezifikation<\/span><\/a><\/li>\n<li id=\"tab-video\" class=\"tab has-icon\" role=\"presentation\"><a href=\"#tab_video\" tabindex=\"-1\" role=\"tab\" aria-selected=\"false\" aria-controls=\"tab_video\"><span>Video<\/span><\/a><\/li>\n<li id=\"tab-systemkompatibilit\u00e4t\" class=\"tab has-icon\" role=\"presentation\"><a href=\"#tab_systemkompatibilit\u00e4t\" tabindex=\"-1\" role=\"tab\" aria-selected=\"false\" aria-controls=\"tab_systemkompatibilit\u00e4t\"><span>Systemkompatibilit\u00e4t<\/span><\/a><\/li><\/ul><div class=\"tab-panels\"><div id=\"tab_beschreibung\" class=\"panel active entry-content\" role=\"tabpanel\" aria-labelledby=\"tab-beschreibung\">\n<div class=\"row row-collapse\"  id=\"row-228843686\">\n\n\t<div id=\"col-642787424\" class=\"col medium-10 small-12 large-10\"  >\n\t\t\t\t<div class=\"col-inner\"  >\n\t\t\t\n\t\t\t\n<h3><strong>Performance<\/strong><\/h3>\n<p>Der Litemove AEW-230 Scheinwerfer bietet eine Lichtbreite von 10 m und eine Sichtweite von bis zu 300 m, ideal f\u00fcr E-Mountainbike-Fahrer. Dieser Scheinwerfer sorgt f\u00fcr eine breite Lichtabdeckung und Sichtbarkeit in dunklen Wald- oder Berggebieten. <\/p>\n<h3><strong>Klein &amp; kompakt<\/strong><\/h3>\n<p>Mit einer Gr\u00f6\u00dfe, die kleiner ist als ein Kartenspiel, l\u00e4sst sich der Scheinwerfer problemlos am Lenker montieren, ohne andere Komponenten zu beeintr\u00e4chtigen.<\/p>\n<h3><strong>Montage<\/strong><\/h3>\n<p>Der AEW-230 bietet drei verschiedene Montagem\u00f6glichkeiten in einem Geh\u00e4use (Lenker &amp; Vorbau\/GoPro-Halterung).<\/p>\n<p>\u00dcberpr\u00fcfe die <a href=\"https:\/\/www.lite-move.com\/de\/produkt-kategorie\/befestigungshalterungen\/\">Kompatibilit\u00e4t von Halterungen\/Montagen<\/a>.<\/p>\n<h3><strong>Hinweis:<\/strong><\/h3>\n<ul>\n<li>Dieser Scheinwerfer kann NUR \u00fcber 12V (9V ~ 16V) Gleichstrom geladen werden.<\/li>\n<li>Nicht \u00fcber eine Wechselstromquelle (z. B. einen Dynamo) aufladen<\/li>\n<li>Das Anschlie\u00dfen an Stromquellen, die die Spannungsgrenze \u00fcberschreiten, kann zu Sch\u00e4den an der Leuchte f\u00fchren<\/li>\n<li>Die Leuchte verf\u00fcgt \u00fcber keinen Schalter, sie wird \u00fcber das E-Bike-System gesteuert<\/li>\n<\/ul>\n<p>&nbsp;<\/p>\n<p>F\u00fcr weitere Informationen: <a href=\"https:\/\/youtu.be\/ED8-9cfuOpY\" target=\"_blank\" rel=\"noopener\">hier klicken<\/a><\/p>\n\t\t<\/div>\n\t\t\t\t\t<\/div>\n\n\t\n<\/div>\n<\/div>\n<div id=\"tab_spezifikation\" class=\"panel entry-content\" role=\"tabpanel\" aria-labelledby=\"tab-spezifikation\">\n<div class=\"row row-collapse\"  id=\"row-912755019\">\n\n\t<div id=\"col-1380530902\" class=\"col medium-10 small-12 large-10\"  >\n\t\t\t\t<div class=\"col-inner\"  >\n\t\t\t\n\t\t\t\n<table width=\"100%\">\n<tbody>\n<tr>\n<td width=\"30%\">Modellname<\/td>\n<td width=\"70%\">AEW-230<\/td>\n<\/tr>\n<tr>\n<td>Modell-Nr.<\/td>\n<td width=\"155\">HKAEW230<\/td>\n<\/tr>\n<tr>\n<td>S\/N<\/td>\n<td width=\"155\">E10<\/td>\n<\/tr>\n<tr>\n<td>Lichtleistung<\/td>\n<td>Fernlicht: 230 Lux \/ 950 Lumen<br \/>\nAbblendlicht: 170 Lux \/ 550 Lumen<\/td>\n<\/tr>\n<tr>\n<td>Optische Technologie<\/td>\n<td>MTi Pro<\/td>\n<\/tr>\n<tr>\n<td>Lichtquelle<\/td>\n<td>LED *4<\/td>\n<\/tr>\n<tr>\n<td>Eingangsspannung (Gleichstrom)<\/td>\n<td>12V(9V ~ 16V)<\/td>\n<\/tr>\n<tr>\n<td>Leistungsaufnahme<\/td>\n<td>Fernlicht: 15W max.<br \/>\nAbblendlicht: 7,3W<\/td>\n<\/tr>\n<tr>\n<td>Kabeldurchmesser:<\/td>\n<td>Strom: \u00f84mm<br \/>\nSchalter: \u00f82,55mm<\/td>\n<\/tr>\n<tr>\n<td>Kabell\u00e4nge<\/td>\n<td>Strom: 1400mm<br \/>\nSchalter: 300mm<\/td>\n<\/tr>\n<tr>\n<td>Schutzart<\/td>\n<td>IP56<\/td>\n<\/tr>\n<tr>\n<td>Betriebstemperatur (\u00b0C)<\/td>\n<td>-25 ~ +70<\/td>\n<\/tr>\n<tr>\n<td>Material<\/td>\n<td>Aluminum<\/td>\n<\/tr>\n<tr>\n<td>Gewicht (inkl. Kabel)<\/td>\n<td>165g<\/td>\n<\/tr>\n<tr>\n<td>Abmessungen (BxHxL)<\/td>\n<td>63,1 x 49,9 x 52mm<\/td>\n<\/tr>\n<tr>\n<td>Schalterhalterung \/ Montage<\/td>\n<td>\u00f822,2mm<\/td>\n<\/tr>\n<tr>\n<td>Reflector (Optional)<\/td>\n<td>RFD<\/td>\n<\/tr>\n<tr>\n<td>Kompatibilit\u00e4t<\/td>\n<td>CE\/ ROHS\/ REACH\/ Prop 65<\/td>\n<\/tr>\n<tr>\n<td>Genehmigungsart<\/td>\n<td>StVZO-K\/ ISO-6742<\/td>\n<\/tr>\n<tr>\n<td>Genehmigungsnummer<\/td>\n<td>~ K1973<\/td>\n<\/tr>\n<\/tbody>\n<\/table>\n\t\t<\/div>\n\t\t\t\t\t<\/div>\n\n\t\n<\/div>\n<\/div>\n<div id=\"tab_video\" class=\"panel entry-content\" role=\"tabpanel\" aria-labelledby=\"tab-video\">\n<div class=\"row row-collapse row-full-width\"  id=\"row-1243734024\">\n\n\t<div id=\"col-2089039131\" class=\"col medium-2 small-12 large-2\"  >\n\t\t\t\t<div class=\"col-inner\"  >\n\t\t\t\n\t\t\t\n\t\t<\/div>\n\t\t\t\t\t<\/div>\n\n\t\n\n\t<div id=\"col-1282403146\" class=\"col medium-8 small-12 large-8\"  >\n\t\t\t\t<div class=\"col-inner\"  >\n\t\t\t\n\t\t\t\n<div class=\"video video-fit mb\" style=\"padding-top:56.25%;\"><p><iframe loading=\"lazy\" title=\"Litemove AEW \u2014 All New Electric Bicycle Headlight | High Beam Function\" width=\"1020\" height=\"574\" src=\"https:\/\/www.youtube.com\/embed\/CTP0kLXJ1g4?feature=oembed\" frameborder=\"0\" allow=\"accelerometer; autoplay; clipboard-write; encrypted-media; gyroscope; picture-in-picture; web-share\" referrerpolicy=\"strict-origin-when-cross-origin\" allowfullscreen><\/iframe><\/p>\n<\/div>\n\t\t<\/div>\n\t\t\t\t\t<\/div>\n\n\t\n<\/div>\n\t<div id=\"gap-1276051395\" class=\"gap-element clearfix\" style=\"display:block; height:auto;\">\n\t\t\n<style>\n#gap-1276051395 {\n  padding-top: 30px;\n}\n<\/style>\n\t<\/div>\n\t\n<div class=\"row row-collapse row-full-width\"  id=\"row-1961750541\">\n\n\t<div id=\"col-1347829984\" class=\"col medium-2 small-12 large-2\"  >\n\t\t\t\t<div class=\"col-inner\"  >\n\t\t\t\n\t\t\t\n\t\t<\/div>\n\t\t\t\t\t<\/div>\n\n\t\n\n\t<div id=\"col-1068566697\" class=\"col medium-8 small-12 large-8\"  >\n\t\t\t\t<div class=\"col-inner\"  >\n\t\t\t\n\t\t\t\n\t<div id=\"text-3901539442\" class=\"text\">\n\t\t\n<h5><strong>BOSCH Motor<\/strong><\/h5>\n\t\t\n<style>\n#text-3901539442 {\n  font-size: 1.25rem;\n  text-align: center;\n}\n<\/style>\n\t<\/div>\n\t\n<div class=\"video video-fit mb\" style=\"padding-top:56.25%;\"><p><iframe loading=\"lazy\" title=\"How to mount a Litemove AEW-230 headlight - Bosch Motor\" width=\"1020\" height=\"574\" src=\"https:\/\/www.youtube.com\/embed\/PMBHURCFkNY?feature=oembed\" frameborder=\"0\" allow=\"accelerometer; autoplay; clipboard-write; encrypted-media; gyroscope; picture-in-picture; web-share\" referrerpolicy=\"strict-origin-when-cross-origin\" allowfullscreen><\/iframe><\/p>\n<\/div>\n\t\t<\/div>\n\t\t\t\t\t<\/div>\n\n\t\n<\/div>\n<p><!--Underneath is the 2nd video--><\/p>\n\t<div id=\"gap-2131316803\" class=\"gap-element clearfix\" style=\"display:block; height:auto;\">\n\t\t\n<style>\n#gap-2131316803 {\n  padding-top: 30px;\n}\n<\/style>\n\t<\/div>\n\t\n<div class=\"row row-collapse row-full-width\"  id=\"row-1936112469\">\n\n\t<div id=\"col-1980850933\" class=\"col medium-2 small-12 large-2\"  >\n\t\t\t\t<div class=\"col-inner\"  >\n\t\t\t\n\t\t\t\n\t\t<\/div>\n\t\t\t\t\t<\/div>\n\n\t\n\n\t<div id=\"col-307708690\" class=\"col medium-8 small-12 large-8\"  >\n\t\t\t\t<div class=\"col-inner\"  >\n\t\t\t\n\t\t\t\n\t<div id=\"text-2665199734\" class=\"text\">\n\t\t\n<h5 style=\"text-align: center;\"><strong>BROSE Motor<\/strong><\/h5>\n\t\t\n<style>\n#text-2665199734 {\n  font-size: 1.25rem;\n}\n<\/style>\n\t<\/div>\n\t\n<div class=\"video video-fit mb\" style=\"padding-top:56.25%;\"><p><iframe loading=\"lazy\" title=\"How to mount a Litemove AEW-230 headlight - Brose Motor\" width=\"1020\" height=\"574\" src=\"https:\/\/www.youtube.com\/embed\/9t_WTwVb8IE?feature=oembed\" frameborder=\"0\" allow=\"accelerometer; autoplay; clipboard-write; encrypted-media; gyroscope; picture-in-picture; web-share\" referrerpolicy=\"strict-origin-when-cross-origin\" allowfullscreen><\/iframe><\/p>\n<\/div>\n\t\t<\/div>\n\t\t\t\t\t<\/div>\n\n\t\n<\/div>\n\t<div id=\"gap-190829293\" class=\"gap-element clearfix\" style=\"display:block; height:auto;\">\n\t\t\n<style>\n#gap-190829293 {\n  padding-top: 30px;\n}\n<\/style>\n\t<\/div>\n\t\n<div class=\"row row-collapse row-full-width\"  id=\"row-267574\">\n\n\t<div id=\"col-1432707495\" class=\"col medium-2 small-12 large-2\"  >\n\t\t\t\t<div class=\"col-inner\"  >\n\t\t\t\n\t\t\t\n\t\t<\/div>\n\t\t\t\t\t<\/div>\n\n\t\n\n\t<div id=\"col-1739480310\" class=\"col medium-8 small-12 large-8\"  >\n\t\t\t\t<div class=\"col-inner\"  >\n\t\t\t\n\t\t\t\n\t<div id=\"text-2508629290\" class=\"text\">\n\t\t\n<h5 style=\"text-align: center;\"><strong>SHIMANO Motor<\/strong><\/h5>\n\t\t\n<style>\n#text-2508629290 {\n  font-size: 1.25rem;\n}\n<\/style>\n\t<\/div>\n\t\n<div class=\"video video-fit mb\" style=\"padding-top:56.25%;\"><p><iframe loading=\"lazy\" title=\"How to mount a Litemove AEW-230 headlight - Shimano Motor\" width=\"1020\" height=\"574\" src=\"https:\/\/www.youtube.com\/embed\/nULwKjuF9lM?feature=oembed\" frameborder=\"0\" allow=\"accelerometer; autoplay; clipboard-write; encrypted-media; gyroscope; picture-in-picture; web-share\" referrerpolicy=\"strict-origin-when-cross-origin\" allowfullscreen><\/iframe><\/p>\n<\/div>\n\t\t<\/div>\n\t\t\t\t\t<\/div>\n\n\t\n<\/div>\n<\/div>\n<div id=\"tab_systemkompatibilit\u00e4t\" class=\"panel entry-content\" role=\"tabpanel\" aria-labelledby=\"tab-systemkompatibilit\u00e4t\">\n<div class=\"row row-collapse row-full-width\"  id=\"row-1646933436\">\n\n\t<div id=\"col-1816107801\" class=\"col medium-8 small-12 large-8\"  >\n\t\t\t\t<div class=\"col-inner\"  >\n\t\t\t\n\t\t\t\n<p>Systemkompatibilit\u00e4t &#8211; <a href=\"https:\/\/www.lite-move.com\/download\/\">Download<\/a><\/p>\n\t<div class=\"img has-hover x md-x lg-x y md-y lg-y\" id=\"image_785679906\">\n\t\t\t\t\t\t\t\t<div class=\"img-inner dark\" >\n\t\t\t\t\t\t\t\t\t\n\t\t\t\t\t<\/div>\n\t\t\t\t\t\t\t\t\n<style>\n#image_785679906 {\n  width: 100%;\n}\n<\/style>\n\t<\/div>\n\t\n\t\t<\/div>\n\t\t\t\t\t<\/div>\n\n\t\n<\/div>\n<\/div><\/div><\/div>\n\t\t<\/div>\n\n\t\t\n<style>\n#section_1874271817 {\n  padding-top: 0px;\n  padding-bottom: 0px;\n}\n<\/style>\n\t<\/section>\n\t\n\n\t<section class=\"section show-for-medium\" id=\"section_629543549\">\n\t\t<div class=\"section-bg fill\" >\n\t\t\t\t\t\t\t\t\t\n\t\t\t\n\n\t\t<\/div>\n\n\t\t\n\n\t\t<div class=\"section-content relative\">\n\t\t\t\n<div class=\"accordion\">\n\t<div id=\"accordion-1851355901\" class=\"accordion-item\">\n\t\t<a id=\"accordion-1851355901-label\" class=\"accordion-title plain\" href=\"#accordion-item-beschreibung\" aria-expanded=\"false\" aria-controls=\"accordion-1851355901-content\" >\n\t\t\t<button class=\"toggle\" aria-label=\"Toggle\"><i class=\"icon-angle-down\"><\/i><\/button>\n\t\t\t<span>BESCHREIBUNG<\/span>\n\t\t<\/a>\n\t\t<div id=\"accordion-1851355901-content\" class=\"accordion-inner\" aria-labelledby=\"accordion-1851355901-label\" >\n\t\t\t\n<div class=\"row\"  id=\"row-660749279\">\n\n\t<div id=\"col-1291649300\" class=\"col medium-10 small-12 large-10\"  >\n\t\t\t\t<div class=\"col-inner\"  >\n\t\t\t\n\t\t\t\n<h3><strong>Performance<\/strong><\/h3>\n<p>Der Litemove AEW-230 Scheinwerfer bietet eine Lichtbreite von 10 m und eine Sichtweite von bis zu 300 m, ideal f\u00fcr E-Mountainbike-Fahrer. Dieser Scheinwerfer sorgt f\u00fcr eine breite Lichtabdeckung und Sichtbarkeit in dunklen Wald- oder Berggebieten. <\/p>\n<h3><strong>Klein &amp; kompakt<\/strong><\/h3>\n<p>Mit einer Gr\u00f6\u00dfe, die kleiner ist als ein Kartenspiel, l\u00e4sst sich der Scheinwerfer problemlos am Lenker montieren, ohne andere Komponenten zu beeintr\u00e4chtigen.<\/p>\n<h3><strong>Montage<\/strong><\/h3>\n<p>Der AEW-230 bietet drei verschiedene Montagem\u00f6glichkeiten in einem Geh\u00e4use (Lenker &amp; Vorbau\/GoPro-Halterung).<\/p>\n<p>\u00dcberpr\u00fcfe die <a href=\"https:\/\/www.lite-move.com\/de\/produkt-kategorie\/befestigungshalterungen\/\">Kompatibilit\u00e4t von Halterungen\/Montagen<\/a>.<\/p>\n<h3><strong>Hinweis:<\/strong><\/h3>\n<ul>\n<li>Dieser Scheinwerfer kann NUR \u00fcber 12V (9V ~ 16V) Gleichstrom geladen werden.<\/li>\n<li>Nicht \u00fcber eine Wechselstromquelle (z. B. einen Dynamo) aufladen<\/li>\n<li>Das Anschlie\u00dfen an Stromquellen, die die Spannungsgrenze \u00fcberschreiten, kann zu Sch\u00e4den an der Leuchte f\u00fchren<\/li>\n<li>Die Leuchte verf\u00fcgt \u00fcber keinen Schalter, sie wird \u00fcber das E-Bike-System gesteuert<\/li>\n<\/ul>\n<p>F\u00fcr weitere Informationen: <a href=\"https:\/\/youtu.be\/ED8-9cfuOpY\" target=\"_blank\" rel=\"noopener\">hier klicken<\/a><\/p>\n\t\t<\/div>\n\t\t\t\t\t<\/div>\n\n\t\n<\/div>\n\t\t<\/div>\n\t<\/div>\n\t\n\t<div id=\"accordion-1206294313\" class=\"accordion-item\">\n\t\t<a id=\"accordion-1206294313-label\" class=\"accordion-title plain\" href=\"#accordion-item-spezifikation\" aria-expanded=\"false\" aria-controls=\"accordion-1206294313-content\" >\n\t\t\t<button class=\"toggle\" aria-label=\"Toggle\"><i class=\"icon-angle-down\"><\/i><\/button>\n\t\t\t<span>SPEZIFIKATION<\/span>\n\t\t<\/a>\n\t\t<div id=\"accordion-1206294313-content\" class=\"accordion-inner\" aria-labelledby=\"accordion-1206294313-label\" >\n\t\t\t\n<div class=\"row row-collapse\"  id=\"row-1367637104\">\n<table width=\"100%\">\n<tbody>\n<tr>\n<td width=\"30%\">Modellname<\/td>\n<td width=\"70%\">AEW-230<\/td>\n<\/tr>\n<tr>\n<td>Modell-Nr.<\/td>\n<td width=\"155\">HKAEW230<\/td>\n<\/tr>\n<tr>\n<td>S\/N<\/td>\n<td width=\"155\">E10<\/td>\n<\/tr>\n<tr>\n<td>Lichtleistung<\/td>\n<td>Fernlicht: 230 Lux \/ 950 Lumen<br \/>\nAbblendlicht: 170 Lux \/ 550 Lumen<\/td>\n<\/tr>\n<tr>\n<td>Optische Technologie<\/td>\n<td>MTi Pro<\/td>\n<\/tr>\n<tr>\n<td>Lichtquelle<\/td>\n<td>LED *4<\/td>\n<\/tr>\n<tr>\n<td>Eingangsspannung (Gleichstrom)<\/td>\n<td>12V(9V ~ 16V)<\/td>\n<\/tr>\n<tr>\n<td>Leistungsaufnahme<\/td>\n<td>Fernlicht: 15W max.<br \/>\nAbblendlicht: 7,3W<\/td>\n<\/tr>\n<tr>\n<td>Kabeldurchmesser:<\/td>\n<td>Strom: \u00f84mm<br \/>\nSchalter: \u00f82,55mm<\/td>\n<\/tr>\n<tr>\n<td>Kabell\u00e4nge<\/td>\n<td>Strom: 1400mm<br \/>\nSchalter: 300mm<\/td>\n<\/tr>\n<tr>\n<td>Schutzart<\/td>\n<td>IP56<\/td>\n<\/tr>\n<tr>\n<td>Betriebstemperatur (\u00b0C)<\/td>\n<td>-25 ~ +70<\/td>\n<\/tr>\n<tr>\n<td>Material<\/td>\n<td>Aluminum<\/td>\n<\/tr>\n<tr>\n<td>Gewicht (inkl. Kabel)<\/td>\n<td>165g<\/td>\n<\/tr>\n<tr>\n<td>Abmessungen (BxHxL)<\/td>\n<td>63,1 x 49,9 x 52mm<\/td>\n<\/tr>\n<tr>\n<td>Schalterhalterung \/ Montage<\/td>\n<td>\u00f822,2mm<\/td>\n<\/tr>\n<tr>\n<td>Reflektor (Optional)<\/td>\n<td>RFD<\/td>\n<\/tr>\n<tr>\n<td>Kompatibilit\u00e4t<\/td>\n<td>CE\/ ROHS\/ REACH\/ Prop 65<\/td>\n<\/tr>\n<tr>\n<td>Genehmigungsart<\/td>\n<td>StVZO-K &amp; ISO-7642<\/td>\n<\/tr>\n<tr>\n<td>Genehmigungsnummer<\/td>\n<td>~ K1973<\/td>\n<\/tr>\n<\/tbody>\n<\/table>\n<\/div>\n\t\t<\/div>\n\t<\/div>\n\t\n\t<div id=\"accordion-1704834710\" class=\"accordion-item\">\n\t\t<a id=\"accordion-1704834710-label\" class=\"accordion-title plain\" href=\"#accordion-item-video\" aria-expanded=\"false\" aria-controls=\"accordion-1704834710-content\" >\n\t\t\t<button class=\"toggle\" aria-label=\"Toggle\"><i class=\"icon-angle-down\"><\/i><\/button>\n\t\t\t<span>VIDEO<\/span>\n\t\t<\/a>\n\t\t<div id=\"accordion-1704834710-content\" class=\"accordion-inner\" aria-labelledby=\"accordion-1704834710-label\" >\n\t\t\t\n<div class=\"video video-fit mb\" style=\"padding-top:56.25%;\"><p><iframe loading=\"lazy\" title=\"Litemove AEW \u2014 All New Electric Bicycle Headlight | High Beam Function\" width=\"1020\" height=\"574\" src=\"https:\/\/www.youtube.com\/embed\/CTP0kLXJ1g4?feature=oembed\" frameborder=\"0\" allow=\"accelerometer; autoplay; clipboard-write; encrypted-media; gyroscope; picture-in-picture; web-share\" referrerpolicy=\"strict-origin-when-cross-origin\" allowfullscreen><\/iframe><\/p>\n<\/div>\n\t<div id=\"text-3898235857\" class=\"text\">\n\t\t\n<h3 style=\"text-align: center;\"><strong>BOSCH Motor<\/strong><\/h3>\n\t\t\n<style>\n#text-3898235857 {\n  font-size: 1.25rem;\n  line-height: 1.25;\n}\n<\/style>\n\t<\/div>\n\t\n<div class=\"video video-fit mb\" style=\"padding-top:56.25%;\"><p><iframe loading=\"lazy\" title=\"How to mount a Litemove AEW-230 headlight - Bosch Motor\" width=\"1020\" height=\"574\" src=\"https:\/\/www.youtube.com\/embed\/PMBHURCFkNY?feature=oembed\" frameborder=\"0\" allow=\"accelerometer; autoplay; clipboard-write; encrypted-media; gyroscope; picture-in-picture; web-share\" referrerpolicy=\"strict-origin-when-cross-origin\" allowfullscreen><\/iframe><\/p>\n<\/div>\n\t<div id=\"text-3207900513\" class=\"text\">\n\t\t\n<h3 style=\"text-align: center;\"><strong>BROSE Motor<\/strong><\/h3>\n\t\t\n<style>\n#text-3207900513 {\n  font-size: 1.25rem;\n  line-height: 1.25;\n}\n<\/style>\n\t<\/div>\n\t\n<div class=\"video video-fit mb\" style=\"padding-top:56.25%;\"><p><iframe loading=\"lazy\" title=\"How to mount a Litemove AEW-230 headlight - Brose Motor\" width=\"1020\" height=\"574\" src=\"https:\/\/www.youtube.com\/embed\/9t_WTwVb8IE?feature=oembed\" frameborder=\"0\" allow=\"accelerometer; autoplay; clipboard-write; encrypted-media; gyroscope; picture-in-picture; web-share\" referrerpolicy=\"strict-origin-when-cross-origin\" allowfullscreen><\/iframe><\/p>\n<\/div>\n\t<div id=\"text-3514670375\" class=\"text\">\n\t\t\n<h3 style=\"text-align: center;\"><strong>SHIMANO Motor<\/strong><\/h3>\n\t\t\n<style>\n#text-3514670375 {\n  font-size: 1.25rem;\n  line-height: 1.25;\n}\n<\/style>\n\t<\/div>\n\t\n<div class=\"video video-fit mb\" style=\"padding-top:56.25%;\"><p><iframe loading=\"lazy\" title=\"How to mount a Litemove AEW-230 headlight - Shimano Motor\" width=\"1020\" height=\"574\" src=\"https:\/\/www.youtube.com\/embed\/nULwKjuF9lM?feature=oembed\" frameborder=\"0\" allow=\"accelerometer; autoplay; clipboard-write; encrypted-media; gyroscope; picture-in-picture; web-share\" referrerpolicy=\"strict-origin-when-cross-origin\" allowfullscreen><\/iframe><\/p>\n<\/div>\n\t\t<\/div>\n\t<\/div>\n\t\n\t<div id=\"accordion-4133364539\" class=\"accordion-item\">\n\t\t<a id=\"accordion-4133364539-label\" class=\"accordion-title plain\" href=\"#accordion-item-systemkompatibilit\u00e4t\" aria-expanded=\"false\" aria-controls=\"accordion-4133364539-content\" >\n\t\t\t<button class=\"toggle\" aria-label=\"Toggle\"><i class=\"icon-angle-down\"><\/i><\/button>\n\t\t\t<span>Systemkompatibilit\u00e4t<\/span>\n\t\t<\/a>\n\t\t<div id=\"accordion-4133364539-content\" class=\"accordion-inner\" aria-labelledby=\"accordion-4133364539-label\" >\n\t\t\t\n\n\t<div id=\"col-1369467313\" class=\"col medium-10 small-12 large-10\"  >\n\t\t\t\t<div class=\"col-inner\"  >\n\t\t\t\n\t\t\t\n\t\t<\/div>\n\t\t\t\t\t<\/div>\n\n\t\n\t\t<\/div>\n\t<\/div>\n\t\n<\/div>\n\t\t<\/div>\n\n\t\t\n<style>\n#section_629543549 {\n  padding-top: 0px;\n  padding-bottom: 0px;\n}\n<\/style>\n\t<\/section>\n\t\n","protected":false},"excerpt":{"rendered":"<ul>\n<li aria-level=\"1\">Ausgestattet mit MTi Pro System, das eine breitere Sicht mit einer Dual-Option (Fernlicht\/Abblendlicht) erm\u00f6glicht<\/li>\n<li><span style=\"font-weight: 400;\">10 m Breite und bis zu 300 m Sichtweite vor dem Rad<\/span><\/li>\n<li style=\"font-weight: 400;\" aria-level=\"1\"><span style=\"font-weight: 400;\">Bis zu 230 Lux \/ 950 Lumen <\/span><\/li>\n<li style=\"font-weight: 400;\" aria-level=\"1\"><span style=\"font-weight: 400;\">12V (9V ~ 16V) mit einem Stromverbrauch von 15 Watt<\/span><\/li>\n<li style=\"font-weight: 400;\" aria-level=\"1\"><span style=\"font-weight: 400;\">2-teiliger Schalter f\u00fcr die Fernlichtfunktion<\/span><\/li>\n<li style=\"font-weight: 400;\" aria-level=\"1\"><span style=\"font-weight: 400;\">Mehrere Montagem\u00f6glichkeiten in einem Geh\u00e4use <\/span><\/li>\n<li style=\"font-weight: 400;\" aria-level=\"1\"><span style=\"font-weight: 400;\">IP56 \u2013 Schutz gegen hohen Wasserdruck und Staub<\/span><\/li>\n<li style=\"font-weight: 400;\" aria-level=\"1\"><span style=\"font-weight: 400;\">Aluminium-Pre-Casting &amp; CNC-Geh\u00e4use<\/span><\/li>\n<li style=\"font-weight: 400;\" aria-level=\"1\"><span style=\"font-weight: 400;\">F\u00fcr E-Bikes bis 25 km\/h \/ EPAC<\/span><\/li>\n<li style=\"font-weight: 400;\" aria-level=\"1\"><span style=\"font-weight: 400;\">K-Mark &amp; ISO-6742 Kompatibilit\u00e4t<\/span><\/li>\n<li aria-level=\"1\">\u00dcberpr\u00fcfe die <a href=\"\/product-category\/mounting-brackets\/\">Kompatibilit\u00e4t von Halterungen\/Montagen<\/a>.<\/li>\n<\/ul>\n","protected":false},"featured_media":6605,"template":"","meta":{"inline_featured_image":false},"product_brand":[],"product_cat":[191,169,170,171],"product_tag":[],"class_list":{"0":"post-7140","1":"product","2":"type-product","3":"status-publish","4":"has-post-thumbnail","6":"product_cat-e-bike-scheinwerfer-25km","7":"product_cat-empfohlene-produkte","8":"product_cat-lichter","9":"product_cat-scheinwerfer-alle","11":"first","12":"instock","13":"shipping-taxable","14":"product-type-simple"},"_links":{"self":[{"href":"https:\/\/www.lite-move.com\/de\/wp-json\/wp\/v2\/product\/7140","targetHints":{"allow":["GET"]}}],"collection":[{"href":"https:\/\/www.lite-move.com\/de\/wp-json\/wp\/v2\/product"}],"about":[{"href":"https:\/\/www.lite-move.com\/de\/wp-json\/wp\/v2\/types\/product"}],"wp:featuredmedia":[{"embeddable":true,"href":"https:\/\/www.lite-move.com\/de\/wp-json\/wp\/v2\/media\/6605"}],"wp:attachment":[{"href":"https:\/\/www.lite-move.com\/de\/wp-json\/wp\/v2\/media?parent=7140"}],"wp:term":[{"taxonomy":"product_brand","embeddable":true,"href":"https:\/\/www.lite-move.com\/de\/wp-json\/wp\/v2\/product_brand?post=7140"},{"taxonomy":"product_cat","embeddable":true,"href":"https:\/\/www.lite-move.com\/de\/wp-json\/wp\/v2\/product_cat?post=7140"},{"taxonomy":"product_tag","embeddable":true,"href":"https:\/\/www.lite-move.com\/de\/wp-json\/wp\/v2\/product_tag?post=7140"}],"curies":[{"name":"wp","href":"https:\/\/api.w.org\/{rel}","templated":true}]}}