{"id":7142,"date":"2019-05-11T21:34:54","date_gmt":"2019-05-11T13:34:54","guid":{"rendered":"https:\/\/www.lite-move.com\/product\/ts-rk\/"},"modified":"2025-04-25T14:06:33","modified_gmt":"2025-04-25T06:06:33","slug":"ts-rk","status":"publish","type":"product","link":"https:\/\/www.lite-move.com\/de\/product\/ts-rk\/","title":{"rendered":"TS-RK"},"content":{"rendered":"\n\t<section class=\"section hide-for-medium\" id=\"section_1844566186\">\n\t\t<div class=\"section-bg fill\" >\n\t\t\t\t\t\t\t\t\t\n\t\t\t\n\n\t\t<\/div>\n\n\t\t\n\n\t\t<div class=\"section-content relative\">\n\t\t\t\n\n\t\t<div class=\"tabbed-content\">\n\t\t\t\n\t\t\t<ul class=\"nav nav-tabs nav-uppercase nav-size-normal nav-center\" role=\"tablist\"><li id=\"tab-beschreibung\" class=\"tab active has-icon\" role=\"presentation\"><a href=\"#tab_beschreibung\" role=\"tab\" aria-selected=\"true\" aria-controls=\"tab_beschreibung\"><span>Beschreibung<\/span><\/a><\/li>\n<li id=\"tab-spezifikation\" class=\"tab has-icon\" role=\"presentation\"><a href=\"#tab_spezifikation\" tabindex=\"-1\" role=\"tab\" aria-selected=\"false\" aria-controls=\"tab_spezifikation\"><span>Spezifikation<\/span><\/a><\/li>\n<li id=\"tab-video\" class=\"tab has-icon\" role=\"presentation\"><a href=\"#tab_video\" tabindex=\"-1\" role=\"tab\" aria-selected=\"false\" aria-controls=\"tab_video\"><span>Video<\/span><\/a><\/li>\n<li id=\"tab-systemkompatibilit\u00e4t\" class=\"tab has-icon\" role=\"presentation\"><a href=\"#tab_systemkompatibilit\u00e4t\" tabindex=\"-1\" role=\"tab\" aria-selected=\"false\" aria-controls=\"tab_systemkompatibilit\u00e4t\"><span>Systemkompatibilit\u00e4t<\/span><\/a><\/li><\/ul><div class=\"tab-panels\"><div id=\"tab_beschreibung\" class=\"panel active entry-content\" role=\"tabpanel\" aria-labelledby=\"tab-beschreibung\">\n<div class=\"row row-collapse\"  id=\"row-2140029733\">\n\n\t<div id=\"col-1078233905\" class=\"col medium-10 small-12 large-10\"  >\n\t\t\t\t<div class=\"col-inner\"  >\n\t\t\t\n\t\t\t\n<h3><strong>Performance<\/strong><\/h3>\n<p><span style=\"font-weight: 400;\">Das Litemove TS-RK Fahrradlicht bietet 240 Grad Lichtsichtweite und damit eine Rundum-Lichtkugel, die auch von hinten sichtbar ist. <\/span><\/p>\n<h3><strong>Klein &amp; kompakt<\/strong><\/h3>\n<p><span style=\"font-weight: 400;\">Abmessungen &amp; Gewicht:<br \/>\n<\/span><span style=\"font-weight: 400;\">TKSE-RR500: 65(B) x 18(H) x 17(L) mm; 20g<br \/>\n<\/span><span style=\"font-weight: 400;\">TKSE-RR800: 96(B) x 18(H) x 17(L) mm; 23g<\/span><\/p>\n<h3><strong>Montage<\/strong><\/h3>\n<p>Direkte Montage am Gep\u00e4cktr\u00e4ger (50mm oder 80mm)<\/p>\n<h3><strong>Hinweis:<\/strong><\/h3>\n<ul>\n<li style=\"font-weight: 400;\" aria-level=\"1\"><span style=\"font-weight: 400;\">Dieses R\u00fccklicht kann NUR \u00fcber 6V (5V ~ 16V) Gleichstrom geladen werden.<\/span><\/li>\n<li style=\"font-weight: 400;\" aria-level=\"1\"><span style=\"font-weight: 400;\">Lade das R\u00fccklicht nicht \u00fcber eine Wechselstromquelle (z. B. einen Dynamo) auf.<\/span><\/li>\n<li style=\"font-weight: 400;\" aria-level=\"1\"><span style=\"font-weight: 400;\">Das Anschlie\u00dfen an Stromquellen, die die Spannungsgrenze \u00fcberschreiten, kann zu Sch\u00e4den an der Leuchte f\u00fchren<\/span><\/li>\n<li style=\"font-weight: 400;\" aria-level=\"1\"><span style=\"font-weight: 400;\">Die Leuchte verf\u00fcgt \u00fcber keinen Schalter, sie wird \u00fcber das E-Bike-System gesteuert.<\/span><\/li>\n<\/ul>\n\t\t<\/div>\n\t\t\t\t\t<\/div>\n\n\t\n<\/div>\n<\/div>\n<div id=\"tab_spezifikation\" class=\"panel entry-content\" role=\"tabpanel\" aria-labelledby=\"tab-spezifikation\">\n<div class=\"row row-collapse\"  id=\"row-228458684\">\n\n\t<div id=\"col-1765390099\" class=\"col medium-10 small-12 large-10\"  >\n\t\t\t\t<div class=\"col-inner\"  >\n\t\t\t\n\t\t\t\n<table width=\"100%\">\n<tbody>\n<tr>\n<td width=\"30%\">Modellname<\/td>\n<td width=\"70%\">TS-RK<\/td>\n<\/tr>\n<tr>\n<td>Modell-Nr.<\/td>\n<td width=\"155\">TKSE-RR800<br \/>\nTKSE-RR500<\/td>\n<\/tr>\n<tr>\n<td>S\/N<\/td>\n<td width=\"155\">B02(RR800)<br \/>\nB01(RR500)<\/td>\n<\/tr>\n<tr>\n<td>Lichtleistung<\/td>\n<td>7200mcd\/ 20 lumens<\/td>\n<\/tr>\n<tr>\n<td>Optische Technologie<\/td>\n<td>LTi<\/td>\n<\/tr>\n<tr>\n<td>Lichtquelle<\/td>\n<td>LED *4<\/td>\n<\/tr>\n<tr>\n<td>Eingangsspannung (Gleichstrom)<\/td>\n<td>6V(5V ~ 16V)<\/td>\n<\/tr>\n<tr>\n<td>Leistungsaufnahme<\/td>\n<td>0.6W<\/td>\n<\/tr>\n<tr>\n<td>Kabeldurchmesser<\/td>\n<td>\u00f83mm<\/td>\n<\/tr>\n<tr>\n<td>Kabell\u00e4nge<\/td>\n<td>1400mm<\/td>\n<\/tr>\n<tr>\n<td>Schutzart<\/td>\n<td>IP56<\/td>\n<\/tr>\n<tr>\n<td>Betriebstemperatur (\u00b0C)<\/td>\n<td>-25 ~ +70<\/td>\n<\/tr>\n<tr>\n<td>Material<\/td>\n<td>Plastic<\/td>\n<\/tr>\n<tr>\n<td>Gewicht (inkl. externem Kabel)<\/td>\n<td>TKSE-RR800: 23g<br \/>\nTKSE-RR500: 20g<\/td>\n<\/tr>\n<tr>\n<td>Abmessungen (BxHxL)<\/td>\n<td>TKSE-RR800: 96 x 18 x 17mm<br \/>\nTKSE-RR500: 65 x 18 x 17mm<\/td>\n<\/tr>\n<tr>\n<td>Montage Option<\/td>\n<td>TKSESP1-316: 80mm rack holder<br \/>\nTKSESP1-272: 50mm rack holder<\/td>\n<\/tr>\n<tr>\n<td>Reflektor (Optional)<\/td>\n<td>RF2<\/td>\n<\/tr>\n<tr>\n<td>Kompatibilit\u00e4t<\/td>\n<td>CE\/RoHS\/ REACH\/ Prop 65<\/td>\n<\/tr>\n<tr>\n<td>Zulassungstyp<\/td>\n<td>StVZO-K &amp; ISO-6742<\/td>\n<\/tr>\n<tr>\n<td>Genehmigungsnummer<\/td>\n<td>~ K1693<\/td>\n<\/tr>\n<\/tbody>\n<\/table>\n\t\t<\/div>\n\t\t\t\t\t<\/div>\n\n\t\n<\/div>\n<\/div>\n<div id=\"tab_video\" class=\"panel entry-content\" role=\"tabpanel\" aria-labelledby=\"tab-video\">\n<div class=\"row row-collapse row-full-width\"  id=\"row-280942419\">\n\n\t<div id=\"col-1043426954\" class=\"col medium-2 small-12 large-2\"  >\n\t\t\t\t<div class=\"col-inner\"  >\n\t\t\t\n\t\t\t\n\t\t<\/div>\n\t\t\t\t\t<\/div>\n\n\t\n\n\t<div id=\"col-719572012\" class=\"col medium-8 small-12 large-8\"  >\n\t\t\t\t<div class=\"col-inner\"  >\n\t\t\t\n\t\t\t\n\t<div id=\"text-3549591065\" class=\"text\">\n\t\t\n<h5><strong>BOSCH Motor<\/strong><\/h5>\n\t\t\n<style>\n#text-3549591065 {\n  font-size: 1.25rem;\n  text-align: center;\n}\n<\/style>\n\t<\/div>\n\t\n<div class=\"video video-fit mb\" style=\"padding-top:56.25%;\"><p><iframe loading=\"lazy\" title=\"How to mount a Litemove TS-RK rear light - Bosch Motor\" width=\"1020\" height=\"574\" src=\"https:\/\/www.youtube.com\/embed\/mGxHL694l1w?feature=oembed\" frameborder=\"0\" allow=\"accelerometer; autoplay; clipboard-write; encrypted-media; gyroscope; picture-in-picture; web-share\" referrerpolicy=\"strict-origin-when-cross-origin\" allowfullscreen><\/iframe><\/p>\n<\/div>\n\t\t<\/div>\n\t\t\t\t\t<\/div>\n\n\t\n<\/div>\n<p><!--Underneath is the 2nd video--><\/p>\n\t<div id=\"gap-452228536\" class=\"gap-element clearfix\" style=\"display:block; height:auto;\">\n\t\t\n<style>\n#gap-452228536 {\n  padding-top: 30px;\n}\n<\/style>\n\t<\/div>\n\t\n<div class=\"row row-collapse row-full-width\"  id=\"row-1111372616\">\n\n\t<div id=\"col-1636729166\" class=\"col medium-2 small-12 large-2\"  >\n\t\t\t\t<div class=\"col-inner\"  >\n\t\t\t\n\t\t\t\n\t\t<\/div>\n\t\t\t\t\t<\/div>\n\n\t\n\n\t<div id=\"col-990585276\" class=\"col medium-8 small-12 large-8\"  >\n\t\t\t\t<div class=\"col-inner\"  >\n\t\t\t\n\t\t\t\n\t<div id=\"text-2663385586\" class=\"text\">\n\t\t\n<h5 style=\"text-align: center;\"><strong>BROSE Motor<\/strong><\/h5>\n\t\t\n<style>\n#text-2663385586 {\n  font-size: 1.25rem;\n}\n<\/style>\n\t<\/div>\n\t\n<div class=\"video video-fit mb\" style=\"padding-top:56.25%;\"><p><iframe loading=\"lazy\" title=\"How to mount a Litemove TS-RK rear light - Brose Motor\" width=\"1020\" height=\"574\" src=\"https:\/\/www.youtube.com\/embed\/Z_l0NuJKG64?feature=oembed\" frameborder=\"0\" allow=\"accelerometer; autoplay; clipboard-write; encrypted-media; gyroscope; picture-in-picture; web-share\" referrerpolicy=\"strict-origin-when-cross-origin\" allowfullscreen><\/iframe><\/p>\n<\/div>\n\t\t<\/div>\n\t\t\t\t\t<\/div>\n\n\t\n<\/div>\n\t<div id=\"gap-1188567240\" class=\"gap-element clearfix\" style=\"display:block; height:auto;\">\n\t\t\n<style>\n#gap-1188567240 {\n  padding-top: 30px;\n}\n<\/style>\n\t<\/div>\n\t\n<div class=\"row row-collapse row-full-width\"  id=\"row-56773578\">\n\n\t<div id=\"col-954521424\" class=\"col medium-2 small-12 large-2\"  >\n\t\t\t\t<div class=\"col-inner\"  >\n\t\t\t\n\t\t\t\n\t\t<\/div>\n\t\t\t\t\t<\/div>\n\n\t\n\n\t<div id=\"col-797178202\" class=\"col medium-8 small-12 large-8\"  >\n\t\t\t\t<div class=\"col-inner\"  >\n\t\t\t\n\t\t\t\n\t<div id=\"text-454294257\" class=\"text\">\n\t\t\n<h5 style=\"text-align: center;\"><strong>SHIMANO Motor<\/strong><\/h5>\n\t\t\n<style>\n#text-454294257 {\n  font-size: 1.25rem;\n}\n<\/style>\n\t<\/div>\n\t\n<div class=\"video video-fit mb\" style=\"padding-top:56.25%;\"><p><iframe loading=\"lazy\" title=\"How to mount a Litemove TS-RK rear light - Shimano Motor\" width=\"1020\" height=\"574\" src=\"https:\/\/www.youtube.com\/embed\/HK-NekGNf7U?feature=oembed\" frameborder=\"0\" allow=\"accelerometer; autoplay; clipboard-write; encrypted-media; gyroscope; picture-in-picture; web-share\" referrerpolicy=\"strict-origin-when-cross-origin\" allowfullscreen><\/iframe><\/p>\n<\/div>\n\t\t<\/div>\n\t\t\t\t\t<\/div>\n\n\t\n<\/div>\n<\/div>\n<div id=\"tab_systemkompatibilit\u00e4t\" class=\"panel entry-content\" role=\"tabpanel\" aria-labelledby=\"tab-systemkompatibilit\u00e4t\">\n<div class=\"row row-collapse row-full-width\"  id=\"row-883718489\">\n\n\t<div id=\"col-2089308195\" class=\"col medium-11 small-12 large-11\"  >\n\t\t\t\t<div class=\"col-inner\"  >\n\t\t\t\n\t\t\t\n<p>Systemkompatibilit\u00e4t &#8211; <a href=\"https:\/\/www.lite-move.com\/download\/\">Download<\/a><\/p>\n\t<div class=\"img has-hover x md-x lg-x y md-y lg-y\" id=\"image_551523000\">\n\t\t\t\t\t\t\t\t<div class=\"img-inner dark\" >\n\t\t\t\t\t\t\t\t\t\n\t\t\t\t\t<\/div>\n\t\t\t\t\t\t\t\t\n<style>\n#image_551523000 {\n  width: 100%;\n}\n<\/style>\n\t<\/div>\n\t\n\t\t<\/div>\n\t\t\t\t\t<\/div>\n\n\t\n<\/div>\n<\/div><\/div><\/div>\n\t\t<\/div>\n\n\t\t\n<style>\n#section_1844566186 {\n  padding-top: 0px;\n  padding-bottom: 0px;\n}\n<\/style>\n\t<\/section>\n\t\n\n\t<section class=\"section show-for-medium\" id=\"section_1324257880\">\n\t\t<div class=\"section-bg fill\" >\n\t\t\t\t\t\t\t\t\t\n\t\t\t\n\n\t\t<\/div>\n\n\t\t\n\n\t\t<div class=\"section-content relative\">\n\t\t\t\n<div class=\"accordion\">\n\t<div id=\"accordion-1230800684\" class=\"accordion-item\">\n\t\t<a id=\"accordion-1230800684-label\" class=\"accordion-title plain\" href=\"#accordion-item-beschreibung\" aria-expanded=\"false\" aria-controls=\"accordion-1230800684-content\" >\n\t\t\t<button class=\"toggle\" aria-label=\"Toggle\"><i class=\"icon-angle-down\"><\/i><\/button>\n\t\t\t<span>BESCHREIBUNG<\/span>\n\t\t<\/a>\n\t\t<div id=\"accordion-1230800684-content\" class=\"accordion-inner\" aria-labelledby=\"accordion-1230800684-label\" >\n\t\t\t\n<div class=\"row\"  id=\"row-2081872085\">\n\n\t<div id=\"col-1827542947\" class=\"col medium-10 small-12 large-10\"  >\n\t\t\t\t<div class=\"col-inner\"  >\n\t\t\t\n\t\t\t\n<h3><strong>Performance<\/strong><\/h3>\n<p><span style=\"font-weight: 400;\">Das Litemove TS-RK Fahrradlicht bietet 240 Grad Lichtsichtweite und damit eine Rundum-Lichtkugel, die auch von hinten sichtbar ist. <\/span><\/p>\n<h3><strong>Klein &amp; kompakt<\/strong><\/h3>\n<p><span style=\"font-weight: 400;\">Abmessungen &amp; Gewicht:<br \/>\n<\/span><span style=\"font-weight: 400;\">TSRR50: 18(H) x 17(L) x 65(B) mm; 20g<br \/>\n<\/span><span style=\"font-weight: 400;\">TSRR80: 18(H) x 17(L) x 96(B) mm; 23g<\/span><\/p>\n<h3><strong>Montage<\/strong><\/h3>\n<p><span style=\"font-weight: 400;\">Anbringbar auf der R\u00fcckseite von Sattelst\u00fctzen mit Durchmessern von 31,6\/30,9\/27,2 mm.<\/span><\/p>\n<p><span style=\"font-weight: 400;\">Bitte stelle sicher, dass Deine Sattelst\u00fctze kompatibel ist, bevor Du den Kauf t\u00e4tigst.<\/span><\/p>\n<h3><strong>Hinweis:<\/strong><\/h3>\n<ul>\n<li style=\"font-weight: 400;\" aria-level=\"1\"><span style=\"font-weight: 400;\">Dieses R\u00fccklicht kann NUR \u00fcber 6V (5V ~ 16V) Gleichstrom geladen werden.<\/span><\/li>\n<li style=\"font-weight: 400;\" aria-level=\"1\"><span style=\"font-weight: 400;\">Lade das R\u00fccklicht nicht \u00fcber eine Wechselstromquelle (z. B. einen Dynamo) auf.<\/span><\/li>\n<li style=\"font-weight: 400;\" aria-level=\"1\"><span style=\"font-weight: 400;\">Das Anschlie\u00dfen an Stromquellen, die die Spannungsgrenze \u00fcberschreiten, kann zu Sch\u00e4den an der Leuchte f\u00fchren<\/span><\/li>\n<li style=\"font-weight: 400;\" aria-level=\"1\"><span style=\"font-weight: 400;\">Die Leuchte verf\u00fcgt \u00fcber keinen Schalter, sie wird \u00fcber das E-Bike-System gesteuert.<\/span><\/li>\n<\/ul>\n\t\t<\/div>\n\t\t\t\t\t<\/div>\n\n\t\n<\/div>\n\t\t<\/div>\n\t<\/div>\n\t\n\t<div id=\"accordion-500134658\" class=\"accordion-item\">\n\t\t<a id=\"accordion-500134658-label\" class=\"accordion-title plain\" href=\"#accordion-item-spezifikation\" aria-expanded=\"false\" aria-controls=\"accordion-500134658-content\" >\n\t\t\t<button class=\"toggle\" aria-label=\"Toggle\"><i class=\"icon-angle-down\"><\/i><\/button>\n\t\t\t<span>SPEZIFIKATION<\/span>\n\t\t<\/a>\n\t\t<div id=\"accordion-500134658-content\" class=\"accordion-inner\" aria-labelledby=\"accordion-500134658-label\" >\n\t\t\t\n<table width=\"100%\">\n<tbody>\n<tr>\n<td width=\"30%\">Modellname<\/td>\n<td width=\"70%\">TS-RK<\/td>\n<\/tr>\n<tr>\n<td>Modell-Nr.<\/td>\n<td width=\"155\">TKSE-RR800<br \/>\nTKSE-RR500<\/td>\n<\/tr>\n<tr>\n<td>S\/N<\/td>\n<td width=\"155\">B02(RR800)<br \/>\nB01(RR500)<\/td>\n<\/tr>\n<tr>\n<td>Lichtleistung<\/td>\n<td>7200mcd\/ 20 lumens<\/td>\n<\/tr>\n<tr>\n<td>Optische Technologie<\/td>\n<td>LTi<\/td>\n<\/tr>\n<tr>\n<td>Lichtquelle<\/td>\n<td>LED *4<\/td>\n<\/tr>\n<tr>\n<td>Eingangsspannung (Gleichstrom)<\/td>\n<td>6V(5V ~ 16V)<\/td>\n<\/tr>\n<tr>\n<td>Leistungsaufnahme<\/td>\n<td>0.6W<\/td>\n<\/tr>\n<tr>\n<td>Kabeldurchmesser<\/td>\n<td>\u00f83mm<\/td>\n<\/tr>\n<tr>\n<td>Kabell\u00e4nge<\/td>\n<td>1400mm<\/td>\n<\/tr>\n<tr>\n<td>Schutzart<\/td>\n<td>IP56<\/td>\n<\/tr>\n<tr>\n<td>Betriebstemperatur (\u00b0C)<\/td>\n<td>-25 ~ +70<\/td>\n<\/tr>\n<tr>\n<td>Material<\/td>\n<td>Plastic<\/td>\n<\/tr>\n<tr>\n<td>Gewicht (inkl. externem Kabel)<\/td>\n<td>TKSE-RR800: 23g<br \/>\nTKSE-RR500: 20g<\/td>\n<\/tr>\n<tr>\n<td>Abmessungen (BxHxL)<\/td>\n<td>TKSE-RR800: 96 x 18 x 17mm<br \/>\nTKSE-RR500: 65 x 18 x 17mm<\/td>\n<\/tr>\n<tr>\n<td>Montage Option<\/td>\n<td>TKSESP1-316: 80mm rack holder<br \/>\nTKSESP1-272: 50mm rack holder<\/td>\n<\/tr>\n<tr>\n<td>Reflektor (Optional)<\/td>\n<td>RF2<\/td>\n<\/tr>\n<tr>\n<td>Kompatibilit\u00e4t<\/td>\n<td>CE\/RoHS\/ REACH\/ Prop 65<\/td>\n<\/tr>\n<tr>\n<td>Zulassungstyp<\/td>\n<td>StVZO-K &amp; ISO-6742<\/td>\n<\/tr>\n<tr>\n<td>Genehmigungsnummer<\/td>\n<td>~ K1693<\/td>\n<\/tr>\n<\/tbody>\n<\/table>\n\t\t<\/div>\n\t<\/div>\n\t\n\t<div id=\"accordion-2824461890\" class=\"accordion-item\">\n\t\t<a id=\"accordion-2824461890-label\" class=\"accordion-title plain\" href=\"#accordion-item-video\" aria-expanded=\"false\" aria-controls=\"accordion-2824461890-content\" >\n\t\t\t<button class=\"toggle\" aria-label=\"Toggle\"><i class=\"icon-angle-down\"><\/i><\/button>\n\t\t\t<span>VIDEO<\/span>\n\t\t<\/a>\n\t\t<div id=\"accordion-2824461890-content\" class=\"accordion-inner\" aria-labelledby=\"accordion-2824461890-label\" >\n\t\t\t\n\t<div id=\"text-2538661246\" class=\"text\">\n\t\t\n<h3 style=\"text-align: center;\"><strong>BOSCH Motor<\/strong><\/h3>\n\t\t\n<style>\n#text-2538661246 {\n  font-size: 1.25rem;\n  line-height: 1.25;\n}\n<\/style>\n\t<\/div>\n\t\n<div class=\"video video-fit mb\" style=\"padding-top:56.25%;\"><p><iframe loading=\"lazy\" title=\"How to mount a Litemove TS-RK rear light - Bosch Motor\" width=\"1020\" height=\"574\" src=\"https:\/\/www.youtube.com\/embed\/mGxHL694l1w?feature=oembed\" frameborder=\"0\" allow=\"accelerometer; autoplay; clipboard-write; encrypted-media; gyroscope; picture-in-picture; web-share\" referrerpolicy=\"strict-origin-when-cross-origin\" allowfullscreen><\/iframe><\/p>\n<\/div>\n\t<div id=\"text-2814109406\" class=\"text\">\n\t\t\n<h3 style=\"text-align: center;\"><strong>BROSE Motor<\/strong><\/h3>\n\t\t\n<style>\n#text-2814109406 {\n  font-size: 1.25rem;\n  line-height: 1.25;\n}\n<\/style>\n\t<\/div>\n\t\n<div class=\"video video-fit mb\" style=\"padding-top:56.25%;\"><p><iframe loading=\"lazy\" title=\"How to mount a Litemove TS-RK rear light - Brose Motor\" width=\"1020\" height=\"574\" src=\"https:\/\/www.youtube.com\/embed\/Z_l0NuJKG64?feature=oembed\" frameborder=\"0\" allow=\"accelerometer; autoplay; clipboard-write; encrypted-media; gyroscope; picture-in-picture; web-share\" referrerpolicy=\"strict-origin-when-cross-origin\" allowfullscreen><\/iframe><\/p>\n<\/div>\n\t<div id=\"text-4279694272\" class=\"text\">\n\t\t\n<h3 style=\"text-align: center;\"><strong>SHIMANO Motor<\/strong><\/h3>\n\t\t\n<style>\n#text-4279694272 {\n  font-size: 1.25rem;\n  line-height: 1.25;\n}\n<\/style>\n\t<\/div>\n\t\n<div class=\"video video-fit mb\" style=\"padding-top:56.25%;\"><p><iframe loading=\"lazy\" title=\"How to mount a Litemove TS-RK rear light - Shimano Motor\" width=\"1020\" height=\"574\" src=\"https:\/\/www.youtube.com\/embed\/HK-NekGNf7U?feature=oembed\" frameborder=\"0\" allow=\"accelerometer; autoplay; clipboard-write; encrypted-media; gyroscope; picture-in-picture; web-share\" referrerpolicy=\"strict-origin-when-cross-origin\" allowfullscreen><\/iframe><\/p>\n<\/div>\n\t\t<\/div>\n\t<\/div>\n\t\n\t<div id=\"accordion-2618695915\" class=\"accordion-item\">\n\t\t<a id=\"accordion-2618695915-label\" class=\"accordion-title plain\" href=\"#accordion-item-systemkompatibilit\u00e4t\" aria-expanded=\"false\" aria-controls=\"accordion-2618695915-content\" >\n\t\t\t<button class=\"toggle\" aria-label=\"Toggle\"><i class=\"icon-angle-down\"><\/i><\/button>\n\t\t\t<span>Systemkompatibilit\u00e4t<\/span>\n\t\t<\/a>\n\t\t<div id=\"accordion-2618695915-content\" class=\"accordion-inner\" aria-labelledby=\"accordion-2618695915-label\" >\n\t\t\t\n<div class=\"row row-collapse row-full-width\"  id=\"row-508869995\">\n\n\t<div id=\"col-603954944\" class=\"col medium-10 small-12 large-10\"  >\n\t\t\t\t<div class=\"col-inner\"  >\n\t\t\t\n\t\t\t\n<p>Systemkompatibilit\u00e4t &#8211; <a href=\"https:\/\/www.lite-move.com\/download\/\">Download<\/a><\/p>\n\t\t<\/div>\n\t\t\t\t\t<\/div>\n\n\t\n<\/div>\n\t\t<\/div>\n\t<\/div>\n\t\n<\/div>\n\t\t<\/div>\n\n\t\t\n<style>\n#section_1324257880 {\n  padding-top: 0px;\n  padding-bottom: 0px;\n}\n<\/style>\n\t<\/section>\n\t\n","protected":false},"excerpt":{"rendered":"<ul>\n<li style=\"font-weight: 400;\" aria-level=\"1\"><span style=\"font-weight: 400;\">7200 mcd hocheffizientes R\u00fccklicht <\/span><\/li>\n<li style=\"font-weight: 400;\" aria-level=\"1\"><span style=\"font-weight: 400;\">240-Grad-Weitsichtbarkeit <\/span><\/li>\n<li style=\"font-weight: 400;\" aria-level=\"1\"><span style=\"font-weight: 400;\">6V (5V ~ 16V) mit einem Energieverbrauch von 0,6 Watt<\/span><\/li>\n<li style=\"font-weight: 400;\" aria-level=\"1\"><span style=\"font-weight: 400;\">F\u00fcr Fahrradgep\u00e4cktr\u00e4ger (f\u00fcr 50mm &amp; 80mm)<\/span><\/li>\n<li style=\"font-weight: 400;\" aria-level=\"1\"><span style=\"font-weight: 400;\">IP56 \u2013 Schutz gegen hohen Wasserdruck und Staub<\/span><\/li>\n<li style=\"font-weight: 400;\" aria-level=\"1\"><span style=\"font-weight: 400;\">F\u00fcr E-Bikes bis 25 km\/h \/ EPAC<\/span><\/li>\n<li style=\"font-weight: 400;\" aria-level=\"1\"><span style=\"font-weight: 400;\">K-Mark &amp; ISO-6742 Kompatibilit\u00e4t<\/span><\/li>\n<\/ul>\n","protected":false},"featured_media":6351,"template":"","meta":{"inline_featured_image":false},"product_brand":[],"product_cat":[186,170,187],"product_tag":[],"class_list":{"0":"post-7142","1":"product","2":"type-product","3":"status-publish","4":"has-post-thumbnail","6":"product_cat-e-bike-rucklichter-25km","7":"product_cat-lichter","8":"product_cat-rucklicht-alle","9":"pa_reflector-ruckstrahler","11":"first","12":"instock","13":"shipping-taxable","14":"product-type-simple"},"_links":{"self":[{"href":"https:\/\/www.lite-move.com\/de\/wp-json\/wp\/v2\/product\/7142","targetHints":{"allow":["GET"]}}],"collection":[{"href":"https:\/\/www.lite-move.com\/de\/wp-json\/wp\/v2\/product"}],"about":[{"href":"https:\/\/www.lite-move.com\/de\/wp-json\/wp\/v2\/types\/product"}],"wp:featuredmedia":[{"embeddable":true,"href":"https:\/\/www.lite-move.com\/de\/wp-json\/wp\/v2\/media\/6351"}],"wp:attachment":[{"href":"https:\/\/www.lite-move.com\/de\/wp-json\/wp\/v2\/media?parent=7142"}],"wp:term":[{"taxonomy":"product_brand","embeddable":true,"href":"https:\/\/www.lite-move.com\/de\/wp-json\/wp\/v2\/product_brand?post=7142"},{"taxonomy":"product_cat","embeddable":true,"href":"https:\/\/www.lite-move.com\/de\/wp-json\/wp\/v2\/product_cat?post=7142"},{"taxonomy":"product_tag","embeddable":true,"href":"https:\/\/www.lite-move.com\/de\/wp-json\/wp\/v2\/product_tag?post=7142"}],"curies":[{"name":"wp","href":"https:\/\/api.w.org\/{rel}","templated":true}]}}