{"id":7143,"date":"2019-05-11T21:34:17","date_gmt":"2019-05-11T13:34:17","guid":{"rendered":"https:\/\/www.lite-move.com\/product\/se-150\/"},"modified":"2024-10-22T23:12:23","modified_gmt":"2024-10-22T15:12:23","slug":"se-150","status":"publish","type":"product","link":"https:\/\/www.lite-move.com\/de\/product\/se-150\/","title":{"rendered":"SE-150"},"content":{"rendered":"\n\t<section class=\"section hide-for-medium\" id=\"section_1391808863\">\n\t\t<div class=\"section-bg fill\" >\n\t\t\t\t\t\t\t\t\t\n\t\t\t\n\n\t\t<\/div>\n\n\t\t\n\n\t\t<div class=\"section-content relative\">\n\t\t\t\n\n\t\t<div class=\"tabbed-content\">\n\t\t\t\n\t\t\t<ul class=\"nav nav-tabs nav-uppercase nav-size-normal nav-center\" role=\"tablist\"><li id=\"tab-beschreibung\" class=\"tab active has-icon\" role=\"presentation\"><a href=\"#tab_beschreibung\" role=\"tab\" aria-selected=\"true\" aria-controls=\"tab_beschreibung\"><span>Beschreibung<\/span><\/a><\/li>\n<li id=\"tab-spezifikation\" class=\"tab has-icon\" role=\"presentation\"><a href=\"#tab_spezifikation\" tabindex=\"-1\" role=\"tab\" aria-selected=\"false\" aria-controls=\"tab_spezifikation\"><span>Spezifikation<\/span><\/a><\/li>\n<li id=\"tab-video\" class=\"tab has-icon\" role=\"presentation\"><a href=\"#tab_video\" tabindex=\"-1\" role=\"tab\" aria-selected=\"false\" aria-controls=\"tab_video\"><span>Video<\/span><\/a><\/li>\n<li id=\"tab-systemkompatibilit\u00e4t\" class=\"tab has-icon\" role=\"presentation\"><a href=\"#tab_systemkompatibilit\u00e4t\" tabindex=\"-1\" role=\"tab\" aria-selected=\"false\" aria-controls=\"tab_systemkompatibilit\u00e4t\"><span>Systemkompatibilit\u00e4t<\/span><\/a><\/li><\/ul><div class=\"tab-panels\"><div id=\"tab_beschreibung\" class=\"panel active entry-content\" role=\"tabpanel\" aria-labelledby=\"tab-beschreibung\">\n<div class=\"row row-collapse\"  id=\"row-210558306\">\n\n\t<div id=\"col-1443487075\" class=\"col medium-10 small-12 large-10\"  >\n\t\t\t\t<div class=\"col-inner\"  >\n\t\t\t\n\t\t\t\n<h3><strong>Performance<\/strong><\/h3>\n<p><span style=\"font-weight: 400;\">Der Scheinwerfer Litemove SE-150<\/span> <span style=\"font-weight: 400;\">bietet eine Sichtweite von 8 m und eine Reichweite von bis zu 240 m<\/span>, <span style=\"font-weight: 400;\">so dass E-Bike-Fahrer auf Trails oder in dunklen Gegenden besser gesehen werden.<\/span><\/p>\n<p><span style=\"color: #0081cc;\"><a style=\"color: #0081cc;\" href=\"https:\/\/www.lite-move.com\/de\/?page_id=7016\">\u00dcberpr\u00fcfung der Tr\u00e4ger<\/a><\/span><\/p>\n<h3><strong>Klein &amp; kompakt<\/strong><\/h3>\n<p><span style=\"font-weight: 400;\">Mit der Gr\u00f6\u00dfe einer Streichholzschachtel k\u00f6nnen Sie sie einfach am Vorbau\/<\/span><span style=\"font-weight: 400;\">Gabel oder unter dem Korb montieren, ohne andere Komponenten zu beeintr\u00e4chtige<\/span><b>n<\/b><\/p>\n<h3><strong>Montage<\/strong><\/h3>\n<p>SE-150 bietet 3 verschiedene Montagepositionen &#8211; Gabel \/ Vorbau \/ Lenker.<\/p>\n<p>\u00dcberpr\u00fcfe die <a href=\"https:\/\/www.lite-move.com\/de\/produkt-kategorie\/befestigungshalterungen\/\">Kompatibilit\u00e4t von Halterungen\/Montagen<\/a>.<\/p>\n<h3><strong>Hinweis:<\/strong><\/h3>\n<ul>\n<li style=\"font-weight: 400;\" aria-level=\"1\"><span style=\"font-weight: 400;\">Dieser Scheinwerfer kann NUR mit 5 bis 16 V Gleichstrom geladen werden.<\/span><\/li>\n<li style=\"font-weight: 400;\" aria-level=\"1\"><span style=\"font-weight: 400;\">Lade das R\u00fccklicht nicht \u00fcber eine Wechselstromquelle (z. B. einen Dynamo) auf.<\/span><\/li>\n<li style=\"font-weight: 400;\" aria-level=\"1\"><span style=\"font-weight: 400;\">Das Anschlie\u00dfen an Stromquellen, die die Spannungsgrenze \u00fcberschreiten, kann zu Sch\u00e4den an der Leuchte f\u00fchren<\/span><\/li>\n<li style=\"font-weight: 400;\" aria-level=\"1\"><span style=\"font-weight: 400;\">Die Leuchte verf\u00fcgt \u00fcber keinen Schalter, sie wird \u00fcber das E-Bike-System gesteuert.<\/span><\/li>\n<\/ul>\n\t\t<\/div>\n\t\t\t\t\t<\/div>\n\n\t\n<\/div>\n<\/div>\n<div id=\"tab_spezifikation\" class=\"panel entry-content\" role=\"tabpanel\" aria-labelledby=\"tab-spezifikation\">\n<div class=\"row row-collapse\"  id=\"row-670028284\">\n\n\t<div id=\"col-2048890603\" class=\"col medium-10 small-12 large-10\"  >\n\t\t\t\t<div class=\"col-inner\"  >\n\t\t\t\n\t\t\t\n<table width=\"100%\">\n<tbody>\n<tr>\n<td width=\"30%\">Modellname<\/td>\n<td width=\"70%\">SE-150<\/td>\n<\/tr>\n<tr>\n<td>Modell-Nr.<\/td>\n<td width=\"155\">HKSE150D\/ HKSE150U<br \/>\nHKSE150R\/ HKSE150L<\/td>\n<\/tr>\n<tr>\n<td>Lichtleistung<\/td>\n<td>150 Lux<\/td>\n<\/tr>\n<tr>\n<td>Optische Technologie<\/td>\n<td>MTi<\/td>\n<\/tr>\n<tr>\n<td>Lichtquelle<\/td>\n<td>LED *2<\/td>\n<\/tr>\n<tr>\n<td>Eingangsspannung (Gleichstrom)<\/td>\n<td>5 ~ 16V<\/td>\n<\/tr>\n<tr>\n<td>Leistungsaufnahme<\/td>\n<td>7,2W<\/td>\n<\/tr>\n<tr>\n<td>Kabeldurchmesser<\/td>\n<td>\u00f84mm<\/td>\n<\/tr>\n<tr>\n<td>Kabell\u00e4nge<\/td>\n<td>450mm\/1400mm<\/td>\n<\/tr>\n<tr>\n<td>Schutzart<\/td>\n<td>IP56<\/td>\n<\/tr>\n<tr>\n<td>Betriebstemperatur (\u00b0C)<\/td>\n<td>-25 ~ +70<\/td>\n<\/tr>\n<tr>\n<td>Material<\/td>\n<td>Aluminum<\/td>\n<\/tr>\n<tr>\n<td>Gewicht (inkl. Kabel)<\/td>\n<td>91g<\/td>\n<\/tr>\n<tr>\n<td>Abmessungen (BxHxL)<\/td>\n<td>\u00f843.5 x 53mm<\/td>\n<\/tr>\n<tr>\n<td>Reflektor (Optional)<\/td>\n<td>RF1\/RFD<\/td>\n<\/tr>\n<tr>\n<td>Kompatibilit\u00e4t<\/td>\n<td>RoHS\/CE\/Prop 65<\/td>\n<\/tr>\n<tr>\n<td>Genehmigungsart<\/td>\n<td>StVZO-K &amp; ISO Compliance<\/td>\n<\/tr>\n<tr>\n<td>Genehmigungsnummer<\/td>\n<td>~ K1698<\/td>\n<\/tr>\n<\/tbody>\n<\/table>\n\t\t<\/div>\n\t\t\t\t\t<\/div>\n\n\t\n<\/div>\n<\/div>\n<div id=\"tab_video\" class=\"panel entry-content\" role=\"tabpanel\" aria-labelledby=\"tab-video\">\n<div class=\"row row-collapse row-full-width\"  id=\"row-23056927\">\n\n\t<div id=\"col-867289556\" class=\"col medium-2 small-12 large-2\"  >\n\t\t\t\t<div class=\"col-inner\"  >\n\t\t\t\n\t\t\t\n\t\t<\/div>\n\t\t\t\t\t<\/div>\n\n\t\n\n\t<div id=\"col-838951730\" class=\"col medium-8 small-12 large-8\"  >\n\t\t\t\t<div class=\"col-inner\"  >\n\t\t\t\n\t\t\t\n\t<div id=\"text-909492952\" class=\"text\">\n\t\t\n<h5><strong>BOSCH Motor<\/strong><\/h5>\n\t\t\n<style>\n#text-909492952 {\n  font-size: 1.25rem;\n  text-align: center;\n}\n<\/style>\n\t<\/div>\n\t\n<div class=\"video video-fit mb\" style=\"padding-top:56.25%;\"><p><iframe loading=\"lazy\" title=\"How to mount a Litemove SE-150 headlight - Bosch Motor\" width=\"1020\" height=\"574\" src=\"https:\/\/www.youtube.com\/embed\/sFK9uYwgg1Q?feature=oembed\" frameborder=\"0\" allow=\"accelerometer; autoplay; clipboard-write; encrypted-media; gyroscope; picture-in-picture; web-share\" referrerpolicy=\"strict-origin-when-cross-origin\" allowfullscreen><\/iframe><\/p>\n<\/div>\n\t\t<\/div>\n\t\t\t\t\t<\/div>\n\n\t\n<\/div>\n<p><!--Underneath is the 2nd video--><\/p>\n\t<div id=\"gap-1070986324\" class=\"gap-element clearfix\" style=\"display:block; height:auto;\">\n\t\t\n<style>\n#gap-1070986324 {\n  padding-top: 30px;\n}\n<\/style>\n\t<\/div>\n\t\n<div class=\"row row-collapse row-full-width\"  id=\"row-930159552\">\n\n\t<div id=\"col-1995254930\" class=\"col medium-2 small-12 large-2\"  >\n\t\t\t\t<div class=\"col-inner\"  >\n\t\t\t\n\t\t\t\n\t\t<\/div>\n\t\t\t\t\t<\/div>\n\n\t\n\n\t<div id=\"col-390100690\" class=\"col medium-8 small-12 large-8\"  >\n\t\t\t\t<div class=\"col-inner\"  >\n\t\t\t\n\t\t\t\n\t<div id=\"text-795586500\" class=\"text\">\n\t\t\n<h5 style=\"text-align: center;\"><strong>BROSE Motor<\/strong><\/h5>\n\t\t\n<style>\n#text-795586500 {\n  font-size: 1.25rem;\n}\n<\/style>\n\t<\/div>\n\t\n<div class=\"video video-fit mb\" style=\"padding-top:56.25%;\"><p><iframe loading=\"lazy\" title=\"How to mount a Litemove SE-150 headlight - Brose Motor\" width=\"1020\" height=\"574\" src=\"https:\/\/www.youtube.com\/embed\/fjGyNi58Jp8?feature=oembed\" frameborder=\"0\" allow=\"accelerometer; autoplay; clipboard-write; encrypted-media; gyroscope; picture-in-picture; web-share\" referrerpolicy=\"strict-origin-when-cross-origin\" allowfullscreen><\/iframe><\/p>\n<\/div>\n\t\t<\/div>\n\t\t\t\t\t<\/div>\n\n\t\n<\/div>\n\t<div id=\"gap-1792802648\" class=\"gap-element clearfix\" style=\"display:block; height:auto;\">\n\t\t\n<style>\n#gap-1792802648 {\n  padding-top: 30px;\n}\n<\/style>\n\t<\/div>\n\t\n<div class=\"row row-collapse row-full-width\"  id=\"row-1386352862\">\n\n\t<div id=\"col-1553751960\" class=\"col medium-2 small-12 large-2\"  >\n\t\t\t\t<div class=\"col-inner\"  >\n\t\t\t\n\t\t\t\n\t\t<\/div>\n\t\t\t\t\t<\/div>\n\n\t\n\n\t<div id=\"col-1276933170\" class=\"col medium-8 small-12 large-8\"  >\n\t\t\t\t<div class=\"col-inner\"  >\n\t\t\t\n\t\t\t\n\t<div id=\"text-3163937277\" class=\"text\">\n\t\t\n<h5 style=\"text-align: center;\"><strong>SHIMANO Motor<\/strong><\/h5>\n\t\t\n<style>\n#text-3163937277 {\n  font-size: 1.25rem;\n}\n<\/style>\n\t<\/div>\n\t\n<div class=\"video video-fit mb\" style=\"padding-top:56.25%;\"><p><iframe loading=\"lazy\" title=\"How to mount a Litemove SE-150 headlight - Shimano Motor\" width=\"1020\" height=\"574\" src=\"https:\/\/www.youtube.com\/embed\/1BrsBothZmY?feature=oembed\" frameborder=\"0\" allow=\"accelerometer; autoplay; clipboard-write; encrypted-media; gyroscope; picture-in-picture; web-share\" referrerpolicy=\"strict-origin-when-cross-origin\" allowfullscreen><\/iframe><\/p>\n<\/div>\n\t\t<\/div>\n\t\t\t\t\t<\/div>\n\n\t\n<\/div>\n<\/div>\n<div id=\"tab_systemkompatibilit\u00e4t\" class=\"panel entry-content\" role=\"tabpanel\" aria-labelledby=\"tab-systemkompatibilit\u00e4t\">\n<div class=\"row row-collapse row-full-width\"  id=\"row-1647922622\">\n\n\t<div id=\"col-580218068\" class=\"col medium-10 small-12 large-10\"  >\n\t\t\t\t<div class=\"col-inner\"  >\n\t\t\t\n\t\t\t\n<p>Systemkompatibilit\u00e4t &#8211; <a href=\"https:\/\/www.lite-move.com\/download\/\">Download<\/a><\/p>\n\t<div class=\"img has-hover x md-x lg-x y md-y lg-y\" id=\"image_659674764\">\n\t\t\t\t\t\t\t\t<div class=\"img-inner dark\" >\n\t\t\t\t\t\t\t\t\t\n\t\t\t\t\t<\/div>\n\t\t\t\t\t\t\t\t\n<style>\n#image_659674764 {\n  width: 100%;\n}\n<\/style>\n\t<\/div>\n\t\n\t\t<\/div>\n\t\t\t\t\t<\/div>\n\n\t\n<\/div>\n<\/div><\/div><\/div>\n\t\t<\/div>\n\n\t\t\n<style>\n#section_1391808863 {\n  padding-top: 0px;\n  padding-bottom: 0px;\n}\n<\/style>\n\t<\/section>\n\t\n\n\t<section class=\"section show-for-medium\" id=\"section_530338044\">\n\t\t<div class=\"section-bg fill\" >\n\t\t\t\t\t\t\t\t\t\n\t\t\t\n\n\t\t<\/div>\n\n\t\t\n\n\t\t<div class=\"section-content relative\">\n\t\t\t\n<div class=\"accordion\">\n\t<div id=\"accordion-3858790257\" class=\"accordion-item\">\n\t\t<a id=\"accordion-3858790257-label\" class=\"accordion-title plain\" href=\"#accordion-item-beschreibung\" aria-expanded=\"false\" aria-controls=\"accordion-3858790257-content\" >\n\t\t\t<button class=\"toggle\" aria-label=\"Toggle\"><i class=\"icon-angle-down\"><\/i><\/button>\n\t\t\t<span>BESCHREIBUNG<\/span>\n\t\t<\/a>\n\t\t<div id=\"accordion-3858790257-content\" class=\"accordion-inner\" aria-labelledby=\"accordion-3858790257-label\" >\n\t\t\t\n<div class=\"row\"  id=\"row-1044491152\">\n\n\t<div id=\"col-1314611825\" class=\"col medium-10 small-12 large-10\"  >\n\t\t\t\t<div class=\"col-inner\"  >\n\t\t\t\n\t\t\t\n<h3><strong>Performance<\/strong><\/h3>\n<p><span style=\"font-weight: 400;\">Der Scheinwerfer Litemove SE-150<\/span> <span style=\"font-weight: 400;\">bietet eine Sichtweite von 8 m und eine Reichweite von bis zu 240 m<\/span>, <span style=\"font-weight: 400;\">so dass E-Bike-Fahrer auf Trails oder in dunklen Gegenden besser gesehen werden.<\/span><\/p>\n<p><span style=\"color: #0081cc;\"><a style=\"color: #0081cc;\" href=\"https:\/\/www.lite-move.com\/de\/?page_id=7016\">\u00dcberpr\u00fcfung der Tr\u00e4ger<\/a><\/span><\/p>\n<h3><strong>Klein &amp; kompakt<\/strong><\/h3>\n<p><span style=\"font-weight: 400;\">Mit der Gr\u00f6\u00dfe einer Streichholzschachtel k\u00f6nnen Sie sie einfach am Vorbau\/<\/span><span style=\"font-weight: 400;\">Gabel oder unter dem Korb montieren, ohne andere Komponenten zu beeintr\u00e4chtige<\/span><b>n<\/b><\/p>\n<h3><strong>Montage<\/strong><\/h3>\n<p>SE-150 bietet 3 verschiedene Montagepositionen: Gabel (untere Halterung), Vorbau (obere Halterung) und Lenker (seitliche Halterung). Bitte w\u00e4hlen Sie vor dem Kauf die Position aus, die Ihren W\u00fcnschen am besten entspricht. <\/p>\n<p>\u00dcberpr\u00fcfe die <a href=\"https:\/\/www.lite-move.com\/de\/produkt-kategorie\/befestigungshalterungen\/\">Kompatibilit\u00e4t von Halterungen\/Montagen<\/a>.<\/p>\n<h3><strong>Hinweis:<\/strong><\/h3>\n<ul>\n<li style=\"font-weight: 400;\" aria-level=\"1\"><span style=\"font-weight: 400;\">Dieser Scheinwerfer kann NUR mit 5 bis 16 V Gleichstrom geladen werden.<\/span><\/li>\n<li style=\"font-weight: 400;\" aria-level=\"1\"><span style=\"font-weight: 400;\">Lade das R\u00fccklicht nicht \u00fcber eine Wechselstromquelle (z. B. einen Dynamo) auf.<\/span><\/li>\n<li style=\"font-weight: 400;\" aria-level=\"1\"><span style=\"font-weight: 400;\">Das Anschlie\u00dfen an Stromquellen, die die Spannungsgrenze \u00fcberschreiten, kann zu Sch\u00e4den an der Leuchte f\u00fchren<\/span><\/li>\n<li style=\"font-weight: 400;\" aria-level=\"1\"><span style=\"font-weight: 400;\">Die Leuchte verf\u00fcgt \u00fcber keinen Schalter, sie wird \u00fcber das E-Bike-System gesteuert.<\/span><\/li>\n<\/ul>\n\t\t<\/div>\n\t\t\t\t\t<\/div>\n\n\t\n<\/div>\n\t\t<\/div>\n\t<\/div>\n\t\n\t<div id=\"accordion-3463937208\" class=\"accordion-item\">\n\t\t<a id=\"accordion-3463937208-label\" class=\"accordion-title plain\" href=\"#accordion-item-spezifikation\" aria-expanded=\"false\" aria-controls=\"accordion-3463937208-content\" >\n\t\t\t<button class=\"toggle\" aria-label=\"Toggle\"><i class=\"icon-angle-down\"><\/i><\/button>\n\t\t\t<span>SPEZIFIKATION<\/span>\n\t\t<\/a>\n\t\t<div id=\"accordion-3463937208-content\" class=\"accordion-inner\" aria-labelledby=\"accordion-3463937208-label\" >\n\t\t\t\n\n\t<div id=\"col-393315728\" class=\"col medium-10 small-12 large-10\"  >\n\t\t\t\t<div class=\"col-inner\"  >\n\t\t\t\n\t\t\t\n<table width=\"100%\">\n<tbody>\n<tr>\n<td width=\"30%\">Modellname<\/td>\n<td width=\"70%\">SE-150<\/td>\n<\/tr>\n<tr>\n<td>Modell-Nr.<\/td>\n<td width=\"155\">HKSE150D\/ HKSE150U<br \/>\nHKSE150R\/ HKSE150L<\/td>\n<\/tr>\n<tr>\n<td>Lichtleistung<\/td>\n<td>150 Lux<\/td>\n<\/tr>\n<tr>\n<td>Optische Technologie<\/td>\n<td>MTi<\/td>\n<\/tr>\n<tr>\n<td>Lichtquelle<\/td>\n<td>LED *2<\/td>\n<\/tr>\n<tr>\n<td>Eingangsspannung (Gleichstrom)<\/td>\n<td>5 ~ 16V<\/td>\n<\/tr>\n<tr>\n<td>Leistungsaufnahme<\/td>\n<td>7,2W<\/td>\n<\/tr>\n<tr>\n<td>Kabeldurchmesser<\/td>\n<td>\u00f84mm<\/td>\n<\/tr>\n<tr>\n<td>Kabell\u00e4nge<\/td>\n<td>450mm\/1400mm<\/td>\n<\/tr>\n<tr>\n<td>Schutzart<\/td>\n<td>IP56<\/td>\n<\/tr>\n<tr>\n<td>Betriebstemperatur (\u00b0C)<\/td>\n<td>-25 ~ +70<\/td>\n<\/tr>\n<tr>\n<td>Material<\/td>\n<td>Aluminum<\/td>\n<\/tr>\n<tr>\n<td>Gewicht (inkl. Kabel)<\/td>\n<td>91g<\/td>\n<\/tr>\n<tr>\n<td>Abmessungen (BxHxL)<\/td>\n<td>\u00f843.5 x 53mm<\/td>\n<\/tr>\n<tr>\n<td>Reflektor (Optional)<\/td>\n<td>RF1\/RFD<\/td>\n<\/tr>\n<tr>\n<td>Kompatibilit\u00e4t<\/td>\n<td>RoHS\/CE\/Prop 65<\/td>\n<\/tr>\n<tr>\n<td>Genehmigungsart<\/td>\n<td>StVZO-K &amp; ISO Compliance<\/td>\n<\/tr>\n<tr>\n<td>Genehmigungsnummer<\/td>\n<td>~ K1698<\/td>\n<\/tr>\n<\/tbody>\n<\/table>\n\t\t<\/div>\n\t\t\t\t\t<\/div>\n\n\t\n[\/row]\n<div class=\"row row-collapse row-full-width\"  id=\"row-201098178\">\n<\/div>\n\t\t<\/div>\n\t<\/div>\n\t\n\t<div id=\"accordion-1097836655\" class=\"accordion-item\">\n\t\t<a id=\"accordion-1097836655-label\" class=\"accordion-title plain\" href=\"#accordion-item-video\" aria-expanded=\"false\" aria-controls=\"accordion-1097836655-content\" >\n\t\t\t<button class=\"toggle\" aria-label=\"Toggle\"><i class=\"icon-angle-down\"><\/i><\/button>\n\t\t\t<span>VIDEO<\/span>\n\t\t<\/a>\n\t\t<div id=\"accordion-1097836655-content\" class=\"accordion-inner\" aria-labelledby=\"accordion-1097836655-label\" >\n\t\t\t\n\t<div id=\"text-3492092927\" class=\"text\">\n\t\t\n<h3 style=\"text-align: center;\"><strong>BOSCH Motor<\/strong><\/h3>\n\t\t\n<style>\n#text-3492092927 {\n  font-size: 1.25rem;\n  line-height: 1.25;\n}\n<\/style>\n\t<\/div>\n\t\n<div class=\"video video-fit mb\" style=\"padding-top:56.25%;\"><p><iframe loading=\"lazy\" title=\"How to mount a Litemove SE-150 headlight - Bosch Motor\" width=\"1020\" height=\"574\" src=\"https:\/\/www.youtube.com\/embed\/sFK9uYwgg1Q?feature=oembed\" frameborder=\"0\" allow=\"accelerometer; autoplay; clipboard-write; encrypted-media; gyroscope; picture-in-picture; web-share\" referrerpolicy=\"strict-origin-when-cross-origin\" allowfullscreen><\/iframe><\/p>\n<\/div>\n\t<div id=\"text-1549633486\" class=\"text\">\n\t\t\n<h3 style=\"text-align: center;\"><strong>BROSE Motor<\/strong><\/h3>\n\t\t\n<style>\n#text-1549633486 {\n  font-size: 1.25rem;\n  line-height: 1.25;\n}\n<\/style>\n\t<\/div>\n\t\n<div class=\"video video-fit mb\" style=\"padding-top:56.25%;\"><p><iframe loading=\"lazy\" title=\"How to mount a Litemove SE-150 headlight - Brose Motor\" width=\"1020\" height=\"574\" src=\"https:\/\/www.youtube.com\/embed\/fjGyNi58Jp8?feature=oembed\" frameborder=\"0\" allow=\"accelerometer; autoplay; clipboard-write; encrypted-media; gyroscope; picture-in-picture; web-share\" referrerpolicy=\"strict-origin-when-cross-origin\" allowfullscreen><\/iframe><\/p>\n<\/div>\n\t<div id=\"text-2653804374\" class=\"text\">\n\t\t\n<h3 style=\"text-align: center;\"><strong>SHIMANO Motor<\/strong><\/h3>\n\t\t\n<style>\n#text-2653804374 {\n  font-size: 1.25rem;\n  line-height: 1.25;\n}\n<\/style>\n\t<\/div>\n\t\n<div class=\"video video-fit mb\" style=\"padding-top:56.25%;\"><p><iframe loading=\"lazy\" title=\"How to mount a Litemove SE-150 headlight - Shimano Motor\" width=\"1020\" height=\"574\" src=\"https:\/\/www.youtube.com\/embed\/1BrsBothZmY?feature=oembed\" frameborder=\"0\" allow=\"accelerometer; autoplay; clipboard-write; encrypted-media; gyroscope; picture-in-picture; web-share\" referrerpolicy=\"strict-origin-when-cross-origin\" allowfullscreen><\/iframe><\/p>\n<\/div>\n\t\t<\/div>\n\t<\/div>\n\t\n\t<div id=\"accordion-2228628392\" class=\"accordion-item\">\n\t\t<a id=\"accordion-2228628392-label\" class=\"accordion-title plain\" href=\"#accordion-item-accordion-panel\" aria-expanded=\"false\" aria-controls=\"accordion-2228628392-content\" >\n\t\t\t<button class=\"toggle\" aria-label=\"Toggle\"><i class=\"icon-angle-down\"><\/i><\/button>\n\t\t\t<span>Accordion Panel<\/span>\n\t\t<\/a>\n\t\t<div id=\"accordion-2228628392-content\" class=\"accordion-inner\" aria-labelledby=\"accordion-2228628392-label\" >\n\t\t\t\n\t\t<\/div>\n\t<\/div>\n\t\n\t<div id=\"accordion-3559185188\" class=\"accordion-item\">\n\t\t<a id=\"accordion-3559185188-label\" class=\"accordion-title plain\" href=\"#accordion-item-systemkompatibilit\u00e4t\" aria-expanded=\"false\" aria-controls=\"accordion-3559185188-content\" >\n\t\t\t<button class=\"toggle\" aria-label=\"Toggle\"><i class=\"icon-angle-down\"><\/i><\/button>\n\t\t\t<span>Systemkompatibilit\u00e4t<\/span>\n\t\t<\/a>\n\t\t<div id=\"accordion-3559185188-content\" class=\"accordion-inner\" aria-labelledby=\"accordion-3559185188-label\" >\n\t\t\t\n<p>Systemkompatibilit\u00e4t &#8211; <a href=\"https:\/\/www.lite-move.com\/download\/\">Download<\/a><\/p>\n\t\t<\/div>\n\t<\/div>\n\t\n<\/div>\n\t\t<\/div>\n\n\t\t\n<style>\n#section_530338044 {\n  padding-top: 0px;\n  padding-bottom: 0px;\n}\n<\/style>\n\t<\/section>\n\t\n","protected":false},"excerpt":{"rendered":"<ul>\n<li aria-level=\"1\">Technologie: Ausgestattet mit dem MTi-System f\u00fcr standardm\u00e4\u00dfige Beleuchtungsgrenze (Cut Off Line)<\/li>\n<li><span style=\"font-weight: 400;\">8 m Breite und bis zu 240 m Sichtweite nach vorn<\/span><\/li>\n<li style=\"font-weight: 400;\" aria-level=\"1\"><span style=\"font-weight: 400;\">150 Lux <\/span><\/li>\n<li style=\"font-weight: 400;\" aria-level=\"1\"><span style=\"font-weight: 400;\">5 ~ 16V mit einer Leistungsaufnahme von 7,2 Watt<\/span><\/li>\n<li style=\"font-weight: 400;\" aria-level=\"1\"><span style=\"font-weight: 400;\">Mehrere Montagem\u00f6glichkeiten in einem Geh\u00e4use <\/span><\/li>\n<li style=\"font-weight: 400;\" aria-level=\"1\"><span style=\"font-weight: 400;\">IP56 \u2013 Schutz gegen hohen Wasserdruck und Staub<\/span><\/li>\n<li style=\"font-weight: 400;\" aria-level=\"1\"><span style=\"font-weight: 400;\">Aluminium-CNC-Geh\u00e4use<\/span><\/li>\n<li style=\"font-weight: 400;\" aria-level=\"1\"><span style=\"font-weight: 400;\">F\u00fcr E-Bikes bis 25 km\/h \/ EPAC<\/span><\/li>\n<li style=\"font-weight: 400;\" aria-level=\"1\"><span style=\"font-weight: 400;\">K-Mark &amp; EN-15194-CE Kompatibilit\u00e4t<\/span><\/li>\n<li aria-level=\"1\">\u00dcberpr\u00fcfe die <a href=\"\/product-category\/mounting-brackets\/\">Kompatibilit\u00e4t von Halterungen\/Montagen<\/a>.<\/li>\n<\/ul>\n","protected":false},"featured_media":6322,"template":"","meta":{"inline_featured_image":false},"product_brand":[],"product_cat":[191,170,171],"product_tag":[],"class_list":{"0":"post-7143","1":"product","2":"type-product","3":"status-publish","4":"has-post-thumbnail","6":"product_cat-e-bike-scheinwerfer-25km","7":"product_cat-lichter","8":"product_cat-scheinwerfer-alle","10":"first","11":"instock","12":"shipping-taxable","13":"product-type-simple"},"_links":{"self":[{"href":"https:\/\/www.lite-move.com\/de\/wp-json\/wp\/v2\/product\/7143","targetHints":{"allow":["GET"]}}],"collection":[{"href":"https:\/\/www.lite-move.com\/de\/wp-json\/wp\/v2\/product"}],"about":[{"href":"https:\/\/www.lite-move.com\/de\/wp-json\/wp\/v2\/types\/product"}],"wp:featuredmedia":[{"embeddable":true,"href":"https:\/\/www.lite-move.com\/de\/wp-json\/wp\/v2\/media\/6322"}],"wp:attachment":[{"href":"https:\/\/www.lite-move.com\/de\/wp-json\/wp\/v2\/media?parent=7143"}],"wp:term":[{"taxonomy":"product_brand","embeddable":true,"href":"https:\/\/www.lite-move.com\/de\/wp-json\/wp\/v2\/product_brand?post=7143"},{"taxonomy":"product_cat","embeddable":true,"href":"https:\/\/www.lite-move.com\/de\/wp-json\/wp\/v2\/product_cat?post=7143"},{"taxonomy":"product_tag","embeddable":true,"href":"https:\/\/www.lite-move.com\/de\/wp-json\/wp\/v2\/product_tag?post=7143"}],"curies":[{"name":"wp","href":"https:\/\/api.w.org\/{rel}","templated":true}]}}