{"id":7147,"date":"2020-08-07T16:12:50","date_gmt":"2020-08-07T08:12:50","guid":{"rendered":"https:\/\/www.lite-move.com\/product\/ae-200-speed-pedelec-l1e-l2e-l3e\/"},"modified":"2024-10-23T02:40:18","modified_gmt":"2024-10-22T18:40:18","slug":"ae-200-speed-pedelec-l1e-l2e-l3e","status":"publish","type":"product","link":"https:\/\/www.lite-move.com\/de\/product\/ae-200-speed-pedelec-l1e-l2e-l3e\/","title":{"rendered":"AE-200 Speed Pedelec (L1e\/L2e\/L3e)"},"content":{"rendered":"\n\t<section class=\"section hide-for-medium\" id=\"section_603862123\">\n\t\t<div class=\"section-bg fill\" >\n\t\t\t\t\t\t\t\t\t\n\t\t\t\n\n\t\t<\/div>\n\n\t\t\n\n\t\t<div class=\"section-content relative\">\n\t\t\t\n\n\t\t<div class=\"tabbed-content\">\n\t\t\t\n\t\t\t<ul class=\"nav nav-tabs nav-uppercase nav-size-normal nav-center\" role=\"tablist\"><li id=\"tab-beschreibung\" class=\"tab active has-icon\" role=\"presentation\"><a href=\"#tab_beschreibung\" role=\"tab\" aria-selected=\"true\" aria-controls=\"tab_beschreibung\"><span>Beschreibung<\/span><\/a><\/li>\n<li id=\"tab-spezifikation\" class=\"tab has-icon\" role=\"presentation\"><a href=\"#tab_spezifikation\" tabindex=\"-1\" role=\"tab\" aria-selected=\"false\" aria-controls=\"tab_spezifikation\"><span>Spezifikation<\/span><\/a><\/li>\n<li id=\"tab-video\" class=\"tab has-icon\" role=\"presentation\"><a href=\"#tab_video\" tabindex=\"-1\" role=\"tab\" aria-selected=\"false\" aria-controls=\"tab_video\"><span>Video<\/span><\/a><\/li>\n<li id=\"tab-systemkompatibilit\u00e4t\" class=\"tab has-icon\" role=\"presentation\"><a href=\"#tab_systemkompatibilit\u00e4t\" tabindex=\"-1\" role=\"tab\" aria-selected=\"false\" aria-controls=\"tab_systemkompatibilit\u00e4t\"><span>Systemkompatibilit\u00e4t<\/span><\/a><\/li><\/ul><div class=\"tab-panels\"><div id=\"tab_beschreibung\" class=\"panel active entry-content\" role=\"tabpanel\" aria-labelledby=\"tab-beschreibung\">\n<div class=\"row row-collapse\"  id=\"row-2023004412\">\n\n\t<div id=\"col-1666970736\" class=\"col medium-10 small-12 large-10\"  >\n\t\t\t\t<div class=\"col-inner\"  >\n\t\t\t\n\t\t\t\n<ul>\n<li>Verwenden Sie das MTi plus-System, das eine Option f\u00fcr Fern- und Abblendlicht beinhaltet.<\/li>\n<li>8 m Breite und 280 m Sichtweite nach vorn<\/li>\n<li>9-16V mit einer Leistungsaufnahme von bis zu 13 Watt<\/li>\n<li>2-teiliger Steuerschalter f\u00fcr Fernlichtfunktion<\/li>\n<li>Mehrere Befestigungsm\u00f6glichkeiten in einem Geh\u00e4use: Gabel\/ Vorbau\/ oder Lenker<\/li>\n<li>IP56-Schutz gegen das Eindringen von Wasser oder Staub unter hohem Druck<\/li>\n<li>Farbe mit UNECE R113 Klasse B (E-Mark)<\/li>\n<li>F\u00fcr L1e\/L2e\/L3e<\/li>\n<li>\u00dcberpr\u00fcfe die <a href=\"https:\/\/www.lite-move.com\/de\/produkt-kategorie\/befestigungshalterungen\/\">Kompatibilit\u00e4t von Halterungen\/Montagen<\/a>.<\/li>\n<\/ul>\n<h3><strong>Hinweis:<\/strong><\/h3>\n<ul>\n<li>Dieser Scheinwerfer kann NUR \u00fcber 12V (9V ~ 16V) Gleichstrom geladen werden.<\/li>\n<li>Nicht \u00fcber eine Wechselstromquelle (z. B. einen Dynamo) aufladen<\/li>\n<li>Das Anschlie\u00dfen an Stromquellen, die die Spannungsgrenze \u00fcberschreiten, kann zu Sch\u00e4den an der Leuchte f\u00fchren<\/li>\n<li>Die Leuchte verf\u00fcgt \u00fcber keinen Schalter, sie wird \u00fcber das E-Bike-System gesteuert<\/li>\n<\/ul>\n\t\t<\/div>\n\t\t\t\t\t<\/div>\n\n\t\n<\/div>\n<\/div>\n<div id=\"tab_spezifikation\" class=\"panel entry-content\" role=\"tabpanel\" aria-labelledby=\"tab-spezifikation\">\n<div class=\"row row-collapse\"  id=\"row-1784745837\">\n\n\t<div id=\"col-1853834745\" class=\"col medium-10 small-12 large-10\"  >\n\t\t\t\t<div class=\"col-inner\"  >\n\t\t\t\n\t\t\t\n<table style=\"height: 646px;\" width=\"578\">\n<tbody>\n<tr>\n<td width=\"30%\">Modellname<\/td>\n<td width=\"70%\">AE-200<\/td>\n<\/tr>\n<tr>\n<td>Modell-Nr.<\/td>\n<td width=\"155\">HEAE200D\/ HEAE200U<br \/>\nHEAE200R<\/td>\n<\/tr>\n<tr>\n<td>S\/N<\/td>\n<td width=\"155\">AE200<\/td>\n<\/tr>\n<tr>\n<td>Lichtleistung<\/td>\n<td>Fernlicht (Fernlicht): 600 Lumen<br \/>\nAbblendlicht (Abblendlicht): 500 Lumen<\/td>\n<\/tr>\n<tr>\n<td>Optische Technologie<\/td>\n<td>MTi Plus<\/td>\n<\/tr>\n<tr>\n<td>Lichtquelle<\/td>\n<td>LED *4<\/td>\n<\/tr>\n<tr>\n<td>Eingangsspannung (Gleichstrom)<\/td>\n<td>12V(9V ~ 16V)<\/td>\n<\/tr>\n<tr>\n<td>Leistungsaufnahme<\/td>\n<td>Fernlicht: 13W max.<br \/>\nAbblendlicht: 9,6 W<\/td>\n<\/tr>\n<tr>\n<td>Kabeldurchmesser:<\/td>\n<td>Strom: \u00f84mm<br \/>\nSchalter: \u00f82,55mm<\/td>\n<\/tr>\n<tr>\n<td>Kabell\u00e4nge<\/td>\n<td>Strom: 1400mm<br \/>\nSchalter: 300mm\/650mm<\/td>\n<\/tr>\n<tr>\n<td>Schutzart<\/td>\n<td>IP56<\/td>\n<\/tr>\n<tr>\n<td>Betriebstemperatur (\u00b0C)<\/td>\n<td>-25 ~ +70<\/td>\n<\/tr>\n<tr>\n<td>Material<\/td>\n<td>Aluminum<\/td>\n<\/tr>\n<tr>\n<td>Gewicht (inkl. Kabel)<\/td>\n<td>120g<\/td>\n<\/tr>\n<tr>\n<td>Abmessungen (BxHxL)<\/td>\n<td>\u00f846 x 59,5mm<\/td>\n<\/tr>\n<tr>\n<td>Schalterhalterung \/ Montage<\/td>\n<td>\u00f822.2mm<\/td>\n<\/tr>\n<tr>\n<td>Reflektor (Optional)<\/td>\n<td>RF1\/RFD<\/td>\n<\/tr>\n<tr>\n<td>Kompatibilit\u00e4t<\/td>\n<td>CE\/ RoHS\/ REACH\/ Prop 65<\/td>\n<\/tr>\n<tr>\n<td>Genehmigungsart<\/td>\n<td>UNECE R113 Class B &amp; ISO-6742<\/td>\n<\/tr>\n<tr>\n<td>Genehmigungsnummer<\/td>\n<td>E9 16897<\/td>\n<\/tr>\n<\/tbody>\n<\/table>\n\t\t<\/div>\n\t\t\t\t\t<\/div>\n\n\t\n<\/div>\n<\/div>\n<div id=\"tab_video\" class=\"panel entry-content\" role=\"tabpanel\" aria-labelledby=\"tab-video\">\n<div class=\"row row-collapse row-full-width\"  id=\"row-372898828\">\n\n\t<div id=\"col-1508413792\" class=\"col medium-2 small-12 large-2\"  >\n\t\t\t\t<div class=\"col-inner\"  >\n\t\t\t\n\t\t\t\n\t\t<\/div>\n\t\t\t\t\t<\/div>\n\n\t\n\n\t<div id=\"col-1034275596\" class=\"col medium-8 small-12 large-8\"  >\n\t\t\t\t<div class=\"col-inner\"  >\n\t\t\t\n\t\t\t\n<div class=\"video video-fit mb\" style=\"padding-top:56.25%;\"><p><iframe loading=\"lazy\" title=\"Litemove AE Series\u2014Electric Bicycle Headlight | 25km &amp; 45km\" width=\"1020\" height=\"574\" src=\"https:\/\/www.youtube.com\/embed\/lL94iJQT3mA?feature=oembed\" frameborder=\"0\" allow=\"accelerometer; autoplay; clipboard-write; encrypted-media; gyroscope; picture-in-picture; web-share\" referrerpolicy=\"strict-origin-when-cross-origin\" allowfullscreen><\/iframe><\/p>\n<\/div>\n\t\t<\/div>\n\t\t\t\t\t<\/div>\n\n\t\n<\/div>\n<\/div>\n<div id=\"tab_systemkompatibilit\u00e4t\" class=\"panel entry-content\" role=\"tabpanel\" aria-labelledby=\"tab-systemkompatibilit\u00e4t\">\n<div class=\"row row-collapse row-full-width\"  id=\"row-924934326\">\n\n\t<div id=\"col-1200932218\" class=\"col medium-8 small-12 large-8\"  >\n\t\t\t\t<div class=\"col-inner\"  >\n\t\t\t\n\t\t\t\n<p>Systemkompatibilit\u00e4t &#8211; <a href=\"https:\/\/www.lite-move.com\/download\/\">Download<\/a><\/p>\n\t<div class=\"img has-hover x md-x lg-x y md-y lg-y\" id=\"image_1973164321\">\n\t\t\t\t\t\t\t\t<div class=\"img-inner dark\" >\n\t\t\t\t\t\t\t\t\t\n\t\t\t\t\t<\/div>\n\t\t\t\t\t\t\t\t\n<style>\n#image_1973164321 {\n  width: 100%;\n}\n<\/style>\n\t<\/div>\n\t\n\t\t<\/div>\n\t\t\t\t\t<\/div>\n\n\t\n<\/div>\n<\/div><\/div><\/div>\n\t\t<\/div>\n\n\t\t\n<style>\n#section_603862123 {\n  padding-top: 0px;\n  padding-bottom: 0px;\n}\n<\/style>\n\t<\/section>\n\t\n\n\t<section class=\"section show-for-medium\" id=\"section_1142540866\">\n\t\t<div class=\"section-bg fill\" >\n\t\t\t\t\t\t\t\t\t\n\t\t\t\n\n\t\t<\/div>\n\n\t\t\n\n\t\t<div class=\"section-content relative\">\n\t\t\t\n<div class=\"accordion\">\n\t<div id=\"accordion-4134982453\" class=\"accordion-item\">\n\t\t<a id=\"accordion-4134982453-label\" class=\"accordion-title plain\" href=\"#accordion-item-beschreibung\" aria-expanded=\"false\" aria-controls=\"accordion-4134982453-content\" >\n\t\t\t<button class=\"toggle\" aria-label=\"Toggle\"><i class=\"icon-angle-down\"><\/i><\/button>\n\t\t\t<span>BESCHREIBUNG<\/span>\n\t\t<\/a>\n\t\t<div id=\"accordion-4134982453-content\" class=\"accordion-inner\" aria-labelledby=\"accordion-4134982453-label\" >\n\t\t\t\n<div class=\"row\"  id=\"row-1569122483\">\n\n\t<div id=\"col-724760407\" class=\"col medium-10 small-12 large-10\"  >\n\t\t\t\t<div class=\"col-inner\"  >\n\t\t\t\n\t\t\t\n<h3><strong>Performance<\/strong><\/h3>\n<p>Litemove AE-200 Scheinwerfer ist geeignet f\u00fcr 45km E-Bike \/ Speed Pedelec, die <span style=\"font-weight: 400;\">8m breit und bis zu 280m Entfernung von Strahl Sichtbarkeit voraus,<\/span> w\u00e4hrend auf dem Weg, oder in dunklen Bereichen bietet.<\/p>\n<p><a href=\"https:\/\/www.lite-move.com\/technology\/\">Strahlenvergleich<\/a><\/p>\n<h3><strong>Klein &amp; kompakt<\/strong><\/h3>\n<p>Mit einer Gr\u00f6\u00dfe, die kleiner ist als ein Kartenspiel, k\u00f6nnen Sie sie leicht an Vorbau\/Gabel oder unter dem Korb montieren, ohne andere Komponenten zu beeintr\u00e4chtigen.<\/p>\n<h3><strong>Montage<\/strong><\/h3>\n<p>AE-200 bietet 3 verschiedene Montagepositionen &#8211; Gabel (untere Halterung)\/ Vorbau (obere Halterung)\/ Lenker (seitliche Halterung).<\/p>\n<p>\u00dcberpr\u00fcfe die <a href=\"https:\/\/www.lite-move.com\/de\/produkt-kategorie\/befestigungshalterungen\/\">Kompatibilit\u00e4t von Halterungen\/Montagen<\/a>.<\/p>\n<h3><strong>Hinweis:<\/strong><\/h3>\n<ul>\n<li>Dieser Scheinwerfer kann NUR \u00fcber 12V (9V ~ 16V) Gleichstrom geladen werden.<\/li>\n<li>Nicht \u00fcber eine Wechselstromquelle (z. B. einen Dynamo) aufladen<\/li>\n<li>Das Anschlie\u00dfen an Stromquellen, die die Spannungsgrenze \u00fcberschreiten, kann zu Sch\u00e4den an der Leuchte f\u00fchren<\/li>\n<li>Die Leuchte verf\u00fcgt \u00fcber keinen Schalter, sie wird \u00fcber das E-Bike-System gesteuert<\/li>\n<\/ul>\n\t\t<\/div>\n\t\t\t\t\t<\/div>\n\n\t\n<\/div>\n\t\t<\/div>\n\t<\/div>\n\t\n\t<div id=\"accordion-1238505238\" class=\"accordion-item\">\n\t\t<a id=\"accordion-1238505238-label\" class=\"accordion-title plain\" href=\"#accordion-item-spezifikation\" aria-expanded=\"false\" aria-controls=\"accordion-1238505238-content\" >\n\t\t\t<button class=\"toggle\" aria-label=\"Toggle\"><i class=\"icon-angle-down\"><\/i><\/button>\n\t\t\t<span>SPEZIFIKATION<\/span>\n\t\t<\/a>\n\t\t<div id=\"accordion-1238505238-content\" class=\"accordion-inner\" aria-labelledby=\"accordion-1238505238-label\" >\n\t\t\t\n<div class=\"row row-collapse\"  id=\"row-1563807665\">\n<\/div>\n<p>&nbsp;<\/p>\n<table width=\"100%\">\n<tbody>\n<tr>\n<td width=\"30%\">Modellname<\/td>\n<td width=\"70%\">AE-200<\/td>\n<\/tr>\n<tr>\n<td>Modell-Nr.<\/td>\n<td width=\"155\">HEAE200D\/ HEAE200U<br \/>\nHEAE200R\/ HEAE200L<\/td>\n<\/tr>\n<tr>\n<td>S\/N<\/td>\n<td width=\"155\">AE200<\/td>\n<\/tr>\n<tr>\n<td>Lichtleistung<\/td>\n<td>Fernlicht (Fernlicht): 600 Lumen<br \/>\nAbblendlicht (Abblendlicht): 500 Lumen<\/td>\n<\/tr>\n<tr>\n<td>Optische Technologie<\/td>\n<td>MTi Plus<\/td>\n<\/tr>\n<tr>\n<td>Lichtquelle<\/td>\n<td>LED *4<\/td>\n<\/tr>\n<tr>\n<td>Eingangsspannung (Gleichstrom)<\/td>\n<td>12V(9V ~ 16V)<\/td>\n<\/tr>\n<tr>\n<td>Leistungsaufnahme<\/td>\n<td>Fernlicht: 13W max.<br \/>\nAbblendlicht: 9,6 W<\/td>\n<\/tr>\n<tr>\n<td>Kabeldurchmesser:<\/td>\n<td>Strom: \u00f84mm<br \/>\nSchalter: \u00f82.55mm<\/td>\n<\/tr>\n<tr>\n<td>Kabell\u00e4nge<\/td>\n<td>Strom: 1400mm<br \/>\nSchalter: 300mm\/650mm<\/td>\n<\/tr>\n<tr>\n<td>Schutzart<\/td>\n<td>IP56<\/td>\n<\/tr>\n<tr>\n<td>Betriebstemperatur (\u00b0C)<\/td>\n<td>-25 ~ +70<\/td>\n<\/tr>\n<tr>\n<td>Material<\/td>\n<td>Aluminum<\/td>\n<\/tr>\n<tr>\n<td>Gewicht (inkl. Kabel)<\/td>\n<td>120g<\/td>\n<\/tr>\n<tr>\n<td>Abmessungen (BxHxL)<\/td>\n<td>\u00f846 x 59,5mm<\/td>\n<\/tr>\n<tr>\n<td>Schalterhalterung \/ Montage<\/td>\n<td>\u00f822.2mm<\/td>\n<\/tr>\n<tr>\n<td>Reflektor (Optional)<\/td>\n<td>RF1\/RFD<\/td>\n<\/tr>\n<tr>\n<td>Kompatibilit\u00e4t<\/td>\n<td>CE\/ RoHS\/ REACH\/ Prop 65<\/td>\n<\/tr>\n<tr>\n<td>Genehmigungsart<\/td>\n<td>UNECE R113 Class B\/ ISO-6742<\/td>\n<\/tr>\n<tr>\n<td>Genehmigungsnummer<\/td>\n<td>E9 16897<\/td>\n<\/tr>\n<\/tbody>\n<\/table>\n\t\t<\/div>\n\t<\/div>\n\t\n\t<div id=\"accordion-974199266\" class=\"accordion-item\">\n\t\t<a id=\"accordion-974199266-label\" class=\"accordion-title plain\" href=\"#accordion-item-video\" aria-expanded=\"false\" aria-controls=\"accordion-974199266-content\" >\n\t\t\t<button class=\"toggle\" aria-label=\"Toggle\"><i class=\"icon-angle-down\"><\/i><\/button>\n\t\t\t<span>VIDEO<\/span>\n\t\t<\/a>\n\t\t<div id=\"accordion-974199266-content\" class=\"accordion-inner\" aria-labelledby=\"accordion-974199266-label\" >\n\t\t\t\n<p><iframe loading=\"lazy\" title=\"YouTube-Videoplayer\" src=\"https:\/\/www.youtube.com\/embed\/lL94iJQT3mA\" width=\"560\" height=\"315\" frameborder=\"0\" allowfullscreen=\"allowfullscreen\"><\/iframe><\/p>\n\t\t<\/div>\n\t<\/div>\n\t\n\t<div id=\"accordion-3449466748\" class=\"accordion-item\">\n\t\t<a id=\"accordion-3449466748-label\" class=\"accordion-title plain\" href=\"#accordion-item-systemkompatibilit\u00e4t\" aria-expanded=\"false\" aria-controls=\"accordion-3449466748-content\" >\n\t\t\t<button class=\"toggle\" aria-label=\"Toggle\"><i class=\"icon-angle-down\"><\/i><\/button>\n\t\t\t<span>Systemkompatibilit\u00e4t<\/span>\n\t\t<\/a>\n\t\t<div id=\"accordion-3449466748-content\" class=\"accordion-inner\" aria-labelledby=\"accordion-3449466748-label\" >\n\t\t\t\n<p>Systemkompatibilit\u00e4t &#8211; <a href=\"https:\/\/www.lite-move.com\/download\/\">Download<\/a><\/p>\n\t\t<\/div>\n\t<\/div>\n\t\n<\/div>\n\t\t<\/div>\n\n\t\t\n<style>\n#section_1142540866 {\n  padding-top: 0px;\n  padding-bottom: 0px;\n}\n<\/style>\n\t<\/section>\n\t\n","protected":false},"excerpt":{"rendered":"<ul>\n<li aria-level=\"1\">MTi Plus-System mit optionalem Zweistrahllicht (Fern-\/Abblendlicht)<\/li>\n<li><span style=\"font-weight: 400;\">8 m Breite und bis zu 280 m Sichtweite nach vorn<\/span><\/li>\n<li style=\"font-weight: 400;\" aria-level=\"1\"><span style=\"font-weight: 400;\">Bis zu 600 Lumen <\/span><\/li>\n<li style=\"font-weight: 400;\" aria-level=\"1\"><span style=\"font-weight: 400;\">12V(9V ~ 16V)mit einer Leistungsaufnahme von bis zu 13 Watt<\/span><\/li>\n<li style=\"font-weight: 400;\" aria-level=\"1\"><span style=\"font-weight: 400;\">2-teiliger Schalter f\u00fcr die Fernlichtfunktion<\/span><\/li>\n<li style=\"font-weight: 400;\" aria-level=\"1\"><span style=\"font-weight: 400;\">Mehrere Montagem\u00f6glichkeiten in einem Geh\u00e4use<\/span><\/li>\n<li style=\"font-weight: 400;\" aria-level=\"1\"><span style=\"font-weight: 400;\">IP56 \u2013 Schutz gegen hohen Wasserdruck und Staub<\/span><\/li>\n<li style=\"font-weight: 400;\" aria-level=\"1\"><span style=\"font-weight: 400;\">Aluminium-CNC-Geh\u00e4use<\/span><\/li>\n<li style=\"font-weight: 400;\" aria-level=\"1\"><span style=\"font-weight: 400;\">F\u00fcr 45km E-Bike \/ Speed Pedelec<\/span><\/li>\n<li style=\"font-weight: 400;\" aria-level=\"1\"><span style=\"font-weight: 400;\">E-Mark UNECE R113 Klasse-B Konformit\u00e4t<\/span><\/li>\n<li>\u00dcberpr\u00fcfe die <a href=\"\/product-category\/mounting-brackets\/\">Kompatibilit\u00e4t von Halterungen\/Montagen<\/a>.<\/li>\n<\/ul>\n","protected":false},"featured_media":6942,"template":"","meta":{"inline_featured_image":false},"product_brand":[],"product_cat":[215,170,171],"product_tag":[],"class_list":{"0":"post-7147","1":"product","2":"type-product","3":"status-publish","4":"has-post-thumbnail","6":"product_cat-e-bike-scheinwerfer-45km","7":"product_cat-lichter","8":"product_cat-scheinwerfer-alle","9":"pa_reflector-front-reflektor","11":"first","12":"instock","13":"shipping-taxable","14":"product-type-simple"},"_links":{"self":[{"href":"https:\/\/www.lite-move.com\/de\/wp-json\/wp\/v2\/product\/7147","targetHints":{"allow":["GET"]}}],"collection":[{"href":"https:\/\/www.lite-move.com\/de\/wp-json\/wp\/v2\/product"}],"about":[{"href":"https:\/\/www.lite-move.com\/de\/wp-json\/wp\/v2\/types\/product"}],"wp:featuredmedia":[{"embeddable":true,"href":"https:\/\/www.lite-move.com\/de\/wp-json\/wp\/v2\/media\/6942"}],"wp:attachment":[{"href":"https:\/\/www.lite-move.com\/de\/wp-json\/wp\/v2\/media?parent=7147"}],"wp:term":[{"taxonomy":"product_brand","embeddable":true,"href":"https:\/\/www.lite-move.com\/de\/wp-json\/wp\/v2\/product_brand?post=7147"},{"taxonomy":"product_cat","embeddable":true,"href":"https:\/\/www.lite-move.com\/de\/wp-json\/wp\/v2\/product_cat?post=7147"},{"taxonomy":"product_tag","embeddable":true,"href":"https:\/\/www.lite-move.com\/de\/wp-json\/wp\/v2\/product_tag?post=7147"}],"curies":[{"name":"wp","href":"https:\/\/api.w.org\/{rel}","templated":true}]}}