{"id":7148,"date":"2020-06-18T13:16:17","date_gmt":"2020-06-18T05:16:17","guid":{"rendered":"https:\/\/www.lite-move.com\/product\/ta-ks\/"},"modified":"2025-04-25T14:05:15","modified_gmt":"2025-04-25T06:05:15","slug":"ta-ks","status":"publish","type":"product","link":"https:\/\/www.lite-move.com\/de\/product\/ta-ks\/","title":{"rendered":"TA-KS"},"content":{"rendered":"\n\t<section class=\"section hide-for-medium\" id=\"section_1624369820\">\n\t\t<div class=\"section-bg fill\" >\n\t\t\t\t\t\t\t\t\t\n\t\t\t\n\n\t\t<\/div>\n\n\t\t\n\n\t\t<div class=\"section-content relative\">\n\t\t\t\n\n\t\t<div class=\"tabbed-content\">\n\t\t\t\n\t\t\t<ul class=\"nav nav-tabs nav-uppercase nav-size-normal nav-center\" role=\"tablist\"><li id=\"tab-beschreibung\" class=\"tab active has-icon\" role=\"presentation\"><a href=\"#tab_beschreibung\" role=\"tab\" aria-selected=\"true\" aria-controls=\"tab_beschreibung\"><span>Beschreibung<\/span><\/a><\/li>\n<li id=\"tab-spezifikation\" class=\"tab has-icon\" role=\"presentation\"><a href=\"#tab_spezifikation\" tabindex=\"-1\" role=\"tab\" aria-selected=\"false\" aria-controls=\"tab_spezifikation\"><span>Spezifikation<\/span><\/a><\/li>\n<li id=\"tab-video\" class=\"tab has-icon\" role=\"presentation\"><a href=\"#tab_video\" tabindex=\"-1\" role=\"tab\" aria-selected=\"false\" aria-controls=\"tab_video\"><span>Video<\/span><\/a><\/li>\n<li id=\"tab-systemkompatibilit\u00e4t\" class=\"tab has-icon\" role=\"presentation\"><a href=\"#tab_systemkompatibilit\u00e4t\" tabindex=\"-1\" role=\"tab\" aria-selected=\"false\" aria-controls=\"tab_systemkompatibilit\u00e4t\"><span>Systemkompatibilit\u00e4t<\/span><\/a><\/li><\/ul><div class=\"tab-panels\"><div id=\"tab_beschreibung\" class=\"panel active entry-content\" role=\"tabpanel\" aria-labelledby=\"tab-beschreibung\">\n<div class=\"row\"  id=\"row-70692683\">\n\n\t<div id=\"col-1673114595\" class=\"col medium-10 small-12 large-10\"  >\n\t\t\t\t<div class=\"col-inner\"  >\n\t\t\t\n\t\t\t\n<h3><strong>\u00dcberblick<\/strong><\/h3>\n<p>Das TA-KS E-Bike-R\u00fccklicht von Litemove bietet die beste Sicherheit f\u00fcr seine Fahrer. Es wird mit der LTi-Technologie betrieben, die oft f\u00fcr Autocar verwendet wird und ein 3-dimensionales Lichtmuster f\u00fcr bessere Sichtbarkeit von hinten abstrahlt. Dieses R\u00fccklicht bietet eine 240-Grad-Lichtsichtbarkeit, die Bikern eine Rundum-Lichtkugel bietet, die von allen Seiten von hinten sichtbar ist. Die abgeschr\u00e4gten Kanten verhindern, dass die Lichter von der Seite besch\u00e4digt werden. TA-KA kann auf jedem Fahrradgep\u00e4cktr\u00e4ger (80 &amp; 50mm) montiert werden und sorgt f\u00fcr ein integriertes und sauberes Aussehen des Fahrrads.<\/p>\n<h3><b>Optimale Lichtstrahlverteilung<\/b><\/h3>\n<p>Die Herausforderung f\u00fcr LED-Fahrradlichter besteht darin, ihre Ziel-Megacandela-Leistung zu erreichen, selbst bei einem breiten Lichtstrahl, der unter verschiedenen Fahrbedingungen verwendet wird. Litemove f\u00fchrt seine &#8222;LTi&#8220;-Technologie ein, die lentikulare Linsen verwendet, um eine Illusion eines dreidimensionalen Lichtmusters zu erzeugen, das aus allen Winkeln sichtbar ist.<\/p>\n<h3><b>Wasserbest\u00e4ndigkeit nach IP56<\/b><\/h3>\n<p><b><\/b>Der Scheinwerfer ist wasserbest\u00e4ndig und gesch\u00fctzt vor sch\u00e4dlichem Staub sowie vor Spritzwasser und Wassertropfen.<\/p>\n<h3><strong>\u00dcberlegene W\u00e4rmeableitung<\/strong><\/h3>\n<p>Die Aufrechterhaltung hoher Helligkeit kann eine gro\u00dfe Herausforderung f\u00fcr die Lebensdauer von LEDs darstellen. Litemoves Thermotechnologie erm\u00f6glicht es, die W\u00e4rme schnell \u00fcber den Rahmen abzuleiten, wodurch unsere Scheinwerfer dauerhaft auf einem konstant hohen Niveau funktionieren.<\/p>\n<h3><b>Nachhaltigkeit<\/b><\/h3>\n<p>Litemove legt gro\u00dfen Wert auf Nachhaltigkeit, um langfristigen Wert zu schaffen und dabei in einem \u00f6kologischen und wirtschaftlichen Umfeld zu agieren. Verpackungen tragen erheblich zu den Kosten von Waren und zur Abfallentsorgung bei. Die meisten unserer Produktverpackungen bestehen daher aus Papier und sind vollst\u00e4ndig recycelbar.<\/p>\n<p>&nbsp;<\/p>\n\t\t<\/div>\n\t\t\t\t\t<\/div>\n\n\t\n<\/div>\n<\/div>\n<div id=\"tab_spezifikation\" class=\"panel entry-content\" role=\"tabpanel\" aria-labelledby=\"tab-spezifikation\">\n<div class=\"row row-large\"  id=\"row-822908145\">\n\n\t<div id=\"col-550243667\" class=\"col medium-8 small-12 large-8\"  >\n\t\t\t\t<div class=\"col-inner\"  >\n\t\t\t\n\t\t\t\n<table style=\"height: 792px;\" width=\"620\">\n<tbody>\n<tr>\n<td width=\"30%\">Modellname<\/td>\n<td width=\"70%\">TA-KS<\/td>\n<\/tr>\n<tr>\n<td>Modell-Nr.<\/td>\n<td width=\"155\">TKSCE<\/td>\n<\/tr>\n<tr>\n<td>S\/N<\/td>\n<td width=\"155\">B05<\/td>\n<\/tr>\n<tr>\n<td>Lichtleistung<\/td>\n<td>7200mcd\/ 15 lumens<\/td>\n<\/tr>\n<tr>\n<td>Optische Technologie<\/td>\n<td>LTi<\/td>\n<\/tr>\n<tr>\n<td>Lichtquelle<\/td>\n<td>LED *1<\/td>\n<\/tr>\n<tr>\n<td>Eingangsspannung (DC)<\/td>\n<td>12V(6V ~ 16V)<\/td>\n<\/tr>\n<tr>\n<td>Leistungsaufnahme<\/td>\n<td>0,5W<\/td>\n<\/tr>\n<tr>\n<td>Kabeldurchmesser<\/td>\n<td>\u00f83mm\/1-3 Pins<\/td>\n<\/tr>\n<tr>\n<td>Kabell\u00e4nge<\/td>\n<td>1400mm<\/td>\n<\/tr>\n<tr>\n<td>Schutzart<\/td>\n<td>IP56<\/td>\n<\/tr>\n<tr>\n<td>Betriebstemperatur (\u00b0C)<\/td>\n<td>-25 ~ +70<\/td>\n<\/tr>\n<tr>\n<td>Material<\/td>\n<td>Plastic<\/td>\n<\/tr>\n<tr>\n<td>Gewicht (inkl. Kabel)<\/td>\n<td>33g<\/td>\n<\/tr>\n<tr>\n<td>Abmessungen (BxHxL)<\/td>\n<td>125 x 13,5 x 21mm<\/td>\n<\/tr>\n<tr>\n<td>Montageoption<\/td>\n<td>50mm &amp; 80mm Gep\u00e4cktr\u00e4gerhalter<\/td>\n<\/tr>\n<tr>\n<td>Reflektor (optional)<\/td>\n<td>N\/A<\/td>\n<\/tr>\n<tr>\n<td>Kompatibilit\u00e4t<\/td>\n<td>CE\/ RoHS\/ REACH<\/td>\n<\/tr>\n<tr>\n<td>Zulassungstyp<\/td>\n<td>StVZO-K &amp; ISO-6742<\/td>\n<\/tr>\n<tr>\n<td>Genehmigungsnummer<\/td>\n<td>~ K1930<\/td>\n<\/tr>\n<\/tbody>\n<\/table>\n\t\t<\/div>\n\t\t\t\t\t<\/div>\n\n\t\n<\/div>\n<\/div>\n<div id=\"tab_video\" class=\"panel entry-content\" role=\"tabpanel\" aria-labelledby=\"tab-video\">\n<div class=\"row row-collapse row-full-width\"  id=\"row-1907493680\">\n\n\t<div id=\"col-402501019\" class=\"col medium-8 small-12 large-8\"  >\n\t\t\t\t<div class=\"col-inner\"  >\n\t\t\t\n\t\t\t\n\t\t<\/div>\n\t\t\t\t\t<\/div>\n\n\t\n<\/div>\n<\/div>\n<div id=\"tab_systemkompatibilit\u00e4t\" class=\"panel entry-content\" role=\"tabpanel\" aria-labelledby=\"tab-systemkompatibilit\u00e4t\">\n<div class=\"row row-collapse row-full-width\"  id=\"row-1908099306\">\n\n\t<div id=\"col-1165349532\" class=\"col medium-8 small-12 large-8\"  >\n\t\t\t\t<div class=\"col-inner\"  >\n\t\t\t\n\t\t\t\n<p>Systemkompatibilit\u00e4t &#8211; <a href=\"https:\/\/www.lite-move.com\/download\/\">Download<\/a><\/p>\n\t<div class=\"img has-hover x md-x lg-x y md-y lg-y\" id=\"image_393940261\">\n\t\t\t\t\t\t\t\t<div class=\"img-inner dark\" >\n\t\t\t\t\t\t\t\t\t\n\t\t\t\t\t<\/div>\n\t\t\t\t\t\t\t\t\n<style>\n#image_393940261 {\n  width: 100%;\n}\n<\/style>\n\t<\/div>\n\t\n\t\t<\/div>\n\t\t\t\t\t<\/div>\n\n\t\n<\/div>\n<\/div><\/div><\/div>\n\t\t<\/div>\n\n\t\t\n<style>\n#section_1624369820 {\n  padding-top: 0px;\n  padding-bottom: 0px;\n}\n<\/style>\n\t<\/section>\n\t\n\n\t<section class=\"section show-for-medium\" id=\"section_555598606\">\n\t\t<div class=\"section-bg fill\" >\n\t\t\t\t\t\t\t\t\t\n\t\t\t\n\n\t\t<\/div>\n\n\t\t\n\n\t\t<div class=\"section-content relative\">\n\t\t\t\n<div class=\"accordion\">\n\t<div id=\"accordion-1702401438\" class=\"accordion-item\">\n\t\t<a id=\"accordion-1702401438-label\" class=\"accordion-title plain\" href=\"#accordion-item-beschreibung\" aria-expanded=\"false\" aria-controls=\"accordion-1702401438-content\" >\n\t\t\t<button class=\"toggle\" aria-label=\"Toggle\"><i class=\"icon-angle-down\"><\/i><\/button>\n\t\t\t<span>BESCHREIBUNG<\/span>\n\t\t<\/a>\n\t\t<div id=\"accordion-1702401438-content\" class=\"accordion-inner\" aria-labelledby=\"accordion-1702401438-label\" >\n\t\t\t\n<div class=\"row\"  id=\"row-121783348\">\n\n\t<div id=\"col-545653670\" class=\"col medium-10 small-12 large-10\"  >\n\t\t\t\t<div class=\"col-inner\"  >\n\t\t\t\n\t\t\t\n<h3><strong>\u00dcberblick<\/strong><\/h3>\n<p>Das TA-KS E-Bike-R\u00fccklicht von Litemove bietet die beste Sicherheit f\u00fcr seine Fahrer. Es wird mit der LTi-Technologie betrieben, die oft f\u00fcr Autocar verwendet wird und ein 3-dimensionales Lichtmuster f\u00fcr bessere Sichtbarkeit von hinten abstrahlt. Dieses R\u00fccklicht bietet eine 240-Grad-Lichtsichtbarkeit, die Bikern eine Rundum-Lichtkugel bietet, die von allen Seiten von hinten sichtbar ist. Die abgeschr\u00e4gten Kanten verhindern, dass die Lichter von der Seite besch\u00e4digt werden. TA-KA kann auf jedem Fahrradgep\u00e4cktr\u00e4ger (80 &amp; 50mm) montiert werden und sorgt f\u00fcr ein integriertes und sauberes Aussehen des Fahrrads.<\/p>\n<h3><b>Optimale Lichtstrahlverteilung<\/b><\/h3>\n<p>Die Herausforderung f\u00fcr LED-Fahrradlichter besteht darin, ihre Ziel-Megacandela-Leistung zu erreichen, selbst bei einem breiten Lichtstrahl, der unter verschiedenen Fahrbedingungen verwendet wird. Litemove f\u00fchrt seine &#8222;LTi&#8220;-Technologie ein, die lentikulare Linsen verwendet, um eine Illusion eines dreidimensionalen Lichtmusters zu erzeugen, das aus allen Winkeln sichtbar ist.<\/p>\n<h3><b>Wasserbest\u00e4ndigkeit nach IP56<\/b><\/h3>\n<p><b><\/b>Der Scheinwerfer ist wasserbest\u00e4ndig und gesch\u00fctzt vor sch\u00e4dlichem Staub sowie vor Spritzwasser und Wassertropfen.<\/p>\n<h3><strong>\u00dcberlegene W\u00e4rmeableitung<\/strong><\/h3>\n<p>Die Aufrechterhaltung hoher Helligkeit kann eine gro\u00dfe Herausforderung f\u00fcr die Lebensdauer von LEDs darstellen. Litemoves Thermotechnologie erm\u00f6glicht es, die W\u00e4rme schnell \u00fcber den Rahmen abzuleiten, wodurch unsere Scheinwerfer dauerhaft auf einem konstant hohen Niveau funktionieren.<\/p>\n<h3><b>Nachhaltigkeit<\/b><\/h3>\n<p>Litemove legt gro\u00dfen Wert auf Nachhaltigkeit, um langfristigen Wert zu schaffen und dabei in einem \u00f6kologischen und wirtschaftlichen Umfeld zu agieren. Verpackungen tragen erheblich zu den Kosten von Waren und zur Abfallentsorgung bei. Die meisten unserer Produktverpackungen bestehen daher aus Papier und sind vollst\u00e4ndig recycelbar.<\/p>\n\t\t<\/div>\n\t\t\t\t\t<\/div>\n\n\t\n<\/div>\n\t\t<\/div>\n\t<\/div>\n\t\n\t<div id=\"accordion-1364121071\" class=\"accordion-item\">\n\t\t<a id=\"accordion-1364121071-label\" class=\"accordion-title plain\" href=\"#accordion-item-spezifikation\" aria-expanded=\"false\" aria-controls=\"accordion-1364121071-content\" >\n\t\t\t<button class=\"toggle\" aria-label=\"Toggle\"><i class=\"icon-angle-down\"><\/i><\/button>\n\t\t\t<span>SPEZIFIKATION<\/span>\n\t\t<\/a>\n\t\t<div id=\"accordion-1364121071-content\" class=\"accordion-inner\" aria-labelledby=\"accordion-1364121071-label\" >\n\t\t\t\n<table style=\"height: 784px;\" width=\"628\">\n<tbody>\n<tr>\n<td width=\"30%\">Modellname<\/td>\n<td width=\"70%\">TA-KS<\/td>\n<\/tr>\n<tr>\n<td>Modell-Nr.<\/td>\n<td width=\"155\">TKSCE<\/td>\n<\/tr>\n<tr>\n<td>S\/N<\/td>\n<td width=\"155\">B05<\/td>\n<\/tr>\n<tr>\n<td>Lichtleistung<\/td>\n<td>7200mcd\/ 15 lumens<\/td>\n<\/tr>\n<tr>\n<td>Optische Technologie<\/td>\n<td>LTi<\/td>\n<\/tr>\n<tr>\n<td>Lichtquelle<\/td>\n<td>LED *1<\/td>\n<\/tr>\n<tr>\n<td>Eingangsspannung (DC)<\/td>\n<td>12V(6V ~ 16V)<\/td>\n<\/tr>\n<tr>\n<td>Leistungsaufnahme<\/td>\n<td>0,5W<\/td>\n<\/tr>\n<tr>\n<td>Kabeldurchmesser<\/td>\n<td>\u00f83mm\/1-3 Pins<\/td>\n<\/tr>\n<tr>\n<td>Kabell\u00e4nge<\/td>\n<td>1400mm<\/td>\n<\/tr>\n<tr>\n<td>Schutzart<\/td>\n<td>IP56<\/td>\n<\/tr>\n<tr>\n<td>Betriebstemperatur (\u00b0C)<\/td>\n<td>-25 ~ +70<\/td>\n<\/tr>\n<tr>\n<td>Material<\/td>\n<td>Plastic<\/td>\n<\/tr>\n<tr>\n<td>Gewicht (inkl. Kabel)<\/td>\n<td>33g<\/td>\n<\/tr>\n<tr>\n<td>Abmessungen (BxHxL)<\/td>\n<td>125 x 13,5 x 21mm<\/td>\n<\/tr>\n<tr>\n<td>Montageoption<\/td>\n<td>50mm &amp; 80mm Gep\u00e4cktr\u00e4gerhalter<\/td>\n<\/tr>\n<tr>\n<td>Reflektor (optional)<\/td>\n<td>N\/A<\/td>\n<\/tr>\n<tr>\n<td>Kompatibilit\u00e4t<\/td>\n<td>CE\/ RoHS\/ REACH<\/td>\n<\/tr>\n<tr>\n<td>Zulassungstyp<\/td>\n<td>StVZO-K &amp; ISO-6742<\/td>\n<\/tr>\n<tr>\n<td>Genehmigungsnummer<\/td>\n<td>~ K1930<\/td>\n<\/tr>\n<\/tbody>\n<\/table>\n\t\t<\/div>\n\t<\/div>\n\t\n\t<div id=\"accordion-3363798632\" class=\"accordion-item\">\n\t\t<a id=\"accordion-3363798632-label\" class=\"accordion-title plain\" href=\"#accordion-item-video\" aria-expanded=\"false\" aria-controls=\"accordion-3363798632-content\" >\n\t\t\t<button class=\"toggle\" aria-label=\"Toggle\"><i class=\"icon-angle-down\"><\/i><\/button>\n\t\t\t<span>VIDEO<\/span>\n\t\t<\/a>\n\t\t<div id=\"accordion-3363798632-content\" class=\"accordion-inner\" aria-labelledby=\"accordion-3363798632-label\" >\n\t\t\t\n<div class=\"row row-collapse row-full-width\"  id=\"row-1122121413\">\n\n\t<div id=\"col-236065604\" class=\"col medium-10 small-12 large-10\"  >\n\t\t\t\t<div class=\"col-inner\"  >\n\t\t\t\n\t\t\t\n\t\t<\/div>\n\t\t\t\t\t<\/div>\n\n\t\n<\/div>\n\t\t<\/div>\n\t<\/div>\n\t\n\t<div id=\"accordion-517742192\" class=\"accordion-item\">\n\t\t<a id=\"accordion-517742192-label\" class=\"accordion-title plain\" href=\"#accordion-item-systemkompatibilit\u00e4t\" aria-expanded=\"false\" aria-controls=\"accordion-517742192-content\" >\n\t\t\t<button class=\"toggle\" aria-label=\"Toggle\"><i class=\"icon-angle-down\"><\/i><\/button>\n\t\t\t<span>Systemkompatibilit\u00e4t<\/span>\n\t\t<\/a>\n\t\t<div id=\"accordion-517742192-content\" class=\"accordion-inner\" aria-labelledby=\"accordion-517742192-label\" >\n\t\t\t\n<div class=\"row row-collapse row-full-width\"  id=\"row-710678852\">\n\n\t<div id=\"col-454664215\" class=\"col medium-10 small-12 large-10\"  >\n\t\t\t\t<div class=\"col-inner\"  >\n\t\t\t\n\t\t\t\n<p>Systemkompatibilit\u00e4t &#8211; <a href=\"https:\/\/www.lite-move.com\/download\/\">Download<\/a><\/p>\n\t\t<\/div>\n\t\t\t\t\t<\/div>\n\n\t\n<\/div>\n\t\t<\/div>\n\t<\/div>\n\t\n<\/div>\n\t\t<\/div>\n\n\t\t\n<style>\n#section_555598606 {\n  padding-top: 0px;\n  padding-bottom: 0px;\n}\n<\/style>\n\t<\/section>\n\t\n","protected":false},"excerpt":{"rendered":"<ul>\n<li>Verwendet die LTi-Technologie, die aus verschiedenen Blickwinkeln betrachtet werden kann<\/li>\n<li>Nicht in Verbindung mit roten LED-Bremsleuchten<\/li>\n<li>Integriertes Design f\u00fcr die Montage auf dem Gep\u00e4cktr\u00e4ger des Fahrrads<\/li>\n<li>F\u00fcr Ladungstr\u00e4gerbefestigung (80 &amp; 50mm)<\/li>\n<li>Seitlicher Kabelauslass f\u00fcr eine saubere Installation<\/li>\n<li>Abgeschr\u00e4gte Kanten zur Vermeidung seitlicher Besch\u00e4digungen<\/li>\n<li>240 Grad weite Sichtbarkeit<\/li>\n<li>F\u00fcr 25 km\/h E-Bikes \/ EPAC<\/li>\n<li>StVZO-K &amp; ISO-6742 Kompatibilit\u00e4t<\/li>\n<\/ul>\n","protected":false},"featured_media":6915,"template":"","meta":{"inline_featured_image":false},"product_brand":[],"product_cat":[186,187],"product_tag":[],"class_list":{"0":"post-7148","1":"product","2":"type-product","3":"status-publish","4":"has-post-thumbnail","6":"product_cat-e-bike-rucklichter-25km","7":"product_cat-rucklicht-alle","9":"first","10":"instock","11":"shipping-taxable","12":"product-type-simple"},"_links":{"self":[{"href":"https:\/\/www.lite-move.com\/de\/wp-json\/wp\/v2\/product\/7148","targetHints":{"allow":["GET"]}}],"collection":[{"href":"https:\/\/www.lite-move.com\/de\/wp-json\/wp\/v2\/product"}],"about":[{"href":"https:\/\/www.lite-move.com\/de\/wp-json\/wp\/v2\/types\/product"}],"wp:featuredmedia":[{"embeddable":true,"href":"https:\/\/www.lite-move.com\/de\/wp-json\/wp\/v2\/media\/6915"}],"wp:attachment":[{"href":"https:\/\/www.lite-move.com\/de\/wp-json\/wp\/v2\/media?parent=7148"}],"wp:term":[{"taxonomy":"product_brand","embeddable":true,"href":"https:\/\/www.lite-move.com\/de\/wp-json\/wp\/v2\/product_brand?post=7148"},{"taxonomy":"product_cat","embeddable":true,"href":"https:\/\/www.lite-move.com\/de\/wp-json\/wp\/v2\/product_cat?post=7148"},{"taxonomy":"product_tag","embeddable":true,"href":"https:\/\/www.lite-move.com\/de\/wp-json\/wp\/v2\/product_tag?post=7148"}],"curies":[{"name":"wp","href":"https:\/\/api.w.org\/{rel}","templated":true}]}}