{"id":7158,"date":"2019-10-03T11:47:48","date_gmt":"2019-10-03T03:47:48","guid":{"rendered":"https:\/\/www.lite-move.com\/product\/sitzrohrhalterung-montage-o316-309-mm\/"},"modified":"2024-10-23T03:30:13","modified_gmt":"2024-10-22T19:30:13","slug":"sitzrohrhalterung-montage-o316-309-mm","status":"publish","type":"product","link":"https:\/\/www.lite-move.com\/de\/product\/sitzrohrhalterung-montage-o316-309-mm\/","title":{"rendered":"Sitzrohrhalterung \/ -montage (\u00d831,6 &amp; 30,9 mm)"},"content":{"rendered":"\n\t<section class=\"section hide-for-medium\" id=\"section_1295873060\">\n\t\t<div class=\"section-bg fill\" >\n\t\t\t\t\t\t\t\t\t\n\t\t\t\n\n\t\t<\/div>\n\n\t\t\n\n\t\t<div class=\"section-content relative\">\n\t\t\t\n\n\t\t<div class=\"tabbed-content\">\n\t\t\t\n\t\t\t<ul class=\"nav nav-tabs nav-uppercase nav-size-normal nav-center\" role=\"tablist\"><li id=\"tab-beschreibung\" class=\"tab active has-icon\" role=\"presentation\"><a href=\"#tab_beschreibung\" role=\"tab\" aria-selected=\"true\" aria-controls=\"tab_beschreibung\"><span>Beschreibung<\/span><\/a><\/li>\n<li id=\"tab-spezifikation\" class=\"tab has-icon\" role=\"presentation\"><a href=\"#tab_spezifikation\" tabindex=\"-1\" role=\"tab\" aria-selected=\"false\" aria-controls=\"tab_spezifikation\"><span>Spezifikation<\/span><\/a><\/li>\n<li id=\"tab-faq\" class=\"tab has-icon\" role=\"presentation\"><a href=\"#tab_faq\" tabindex=\"-1\" role=\"tab\" aria-selected=\"false\" aria-controls=\"tab_faq\"><span>FAQ<\/span><\/a><\/li><\/ul><div class=\"tab-panels\"><div id=\"tab_beschreibung\" class=\"panel active entry-content\" role=\"tabpanel\" aria-labelledby=\"tab-beschreibung\">\n<div class=\"row\"  id=\"row-1172364770\">\n\n\t<div id=\"col-1947214632\" class=\"col medium-10 small-12 large-10\"  >\n\t\t\t\t<div class=\"col-inner\"  >\n\t\t\t\n\t\t\t\n<h3><strong>Sitzrohrl\u00f6sung<\/strong><\/h3>\n<p>Die SP1-316 Sitzrohrhalterung von Litemove kann einfach an jedem Sitzrohr mit einem Durchmesser von \u00d831,6 &amp; 30,9 mm zur Montage von R\u00fccklichtern angebracht werden.<\/p>\n<p>\u00dcberpr\u00fcfe die <a href=\"https:\/\/www.lite-move.com\/de\/produkt-kategorie\/befestigungshalterungen\/\">Kompatibilit\u00e4t mit den Leuchten<\/a><\/p>\n<p>&nbsp;<\/p>\n<h3><span style=\"color: #555555; font-size: 14.4px;\">\t\t<\/div>\n\t\t\t\t\t<\/div>\n\n\t<\/span><\/h3>\n<\/div>\n<\/div>\n<div id=\"tab_spezifikation\" class=\"panel entry-content\" role=\"tabpanel\" aria-labelledby=\"tab-spezifikation\">\n<div class=\"row row-collapse\"  id=\"row-702681742\">\n\n\t<div id=\"col-935472879\" class=\"col medium-10 small-12 large-10\"  >\n\t\t\t\t<div class=\"col-inner\"  >\n\t\t\t\n\t\t\t\n<table style=\"height: 186px;\" width=\"641\">\n<tbody>\n<tr>\n<td width=\"30%\">Artikel-Nr.<\/td>\n<td width=\"70%\">SP1-316<\/td>\n<\/tr>\n<tr>\n<td width=\"368\">Material<\/td>\n<td width=\"313\">Kunststoff<\/td>\n<\/tr>\n<tr>\n<td width=\"368\">Gewicht<\/td>\n<td width=\"313\">5,9g<\/td>\n<\/tr>\n<tr>\n<td width=\"368\">Abmessungen<\/td>\n<td width=\"313\">15(H) x 58,88(L) x 31,6(B) mm<\/td>\n<\/tr>\n<\/tbody>\n<\/table>\n\t\t<\/div>\n\t\t\t\t\t<\/div>\n\n\t\n<\/div>\n<\/div>\n<div id=\"tab_faq\" class=\"panel entry-content\" role=\"tabpanel\" aria-labelledby=\"tab-faq\"><div class=\"row row-collapse row-full-width\"  id=\"row-1854099080\">\n\n\t<div id=\"col-642391619\" class=\"col medium-8 small-12 large-8\"  >\n\t\t\t\t<div class=\"col-inner\"  >\n\t\t\t\n\t\t\t\n\t\t<\/div>\n\t\t\t\t\t<\/div>\n\n\t\n<\/div>\n<\/div><\/div><\/div>\n\t\t<\/div>\n\n\t\t\n<style>\n#section_1295873060 {\n  padding-top: 0px;\n  padding-bottom: 0px;\n}\n<\/style>\n\t<\/section>\n\t\n\n\t<section class=\"section show-for-medium\" id=\"section_951773029\">\n\t\t<div class=\"section-bg fill\" >\n\t\t\t\t\t\t\t\t\t\n\t\t\t\n\n\t\t<\/div>\n\n\t\t\n\n\t\t<div class=\"section-content relative\">\n\t\t\t\n<div class=\"accordion\">\n\t<div id=\"accordion-2264440468\" class=\"accordion-item\">\n\t\t<a id=\"accordion-2264440468-label\" class=\"accordion-title plain\" href=\"#accordion-item-beschreibung\" aria-expanded=\"false\" aria-controls=\"accordion-2264440468-content\" >\n\t\t\t<button class=\"toggle\" aria-label=\"Toggle\"><i class=\"icon-angle-down\"><\/i><\/button>\n\t\t\t<span>BESCHREIBUNG<\/span>\n\t\t<\/a>\n\t\t<div id=\"accordion-2264440468-content\" class=\"accordion-inner\" aria-labelledby=\"accordion-2264440468-label\" >\n\t\t\t\n<div class=\"row\"  id=\"row-1057428449\">\n\n\t<div id=\"col-438666934\" class=\"col medium-10 small-12 large-10\"  >\n\t\t\t\t<div class=\"col-inner\"  >\n\t\t\t\n\t\t\t\n<h3><strong>Sitzrohrl\u00f6sung<\/strong><\/h3>\n<p>Die SP1-316 Sitzrohrhalterung von Litemove kann einfach an jedem Sitzrohr mit einem Durchmesser von \u00d831,6 &amp; 30,9 mm zur Montage von R\u00fccklichtern angebracht werden.<\/p>\n<p>\u00dcberpr\u00fcfe die <a href=\"https:\/\/www.lite-move.com\/de\/produkt-kategorie\/befestigungshalterungen\/\">Kompatibilit\u00e4t mit den Leuchten<\/a><\/p>\n\t\t<\/div>\n\t\t\t\t\t<\/div>\n\n\t\n<\/div>\n\t\t<\/div>\n\t<\/div>\n\t\n\t<div id=\"accordion-1029668814\" class=\"accordion-item\">\n\t\t<a id=\"accordion-1029668814-label\" class=\"accordion-title plain\" href=\"#accordion-item-spezifikation\" aria-expanded=\"false\" aria-controls=\"accordion-1029668814-content\" >\n\t\t\t<button class=\"toggle\" aria-label=\"Toggle\"><i class=\"icon-angle-down\"><\/i><\/button>\n\t\t\t<span>SPEZIFIKATION<\/span>\n\t\t<\/a>\n\t\t<div id=\"accordion-1029668814-content\" class=\"accordion-inner\" aria-labelledby=\"accordion-1029668814-label\" >\n\t\t\t\n<table style=\"height: 186px;\" width=\"641\">\n<tbody>\n<tr>\n<td width=\"30%\">Artikel-Nr.<\/td>\n<td width=\"70%\">SP1-316<\/td>\n<\/tr>\n<tr>\n<td width=\"368\">Material<\/td>\n<td width=\"313\">Kunststoff<\/td>\n<\/tr>\n<tr>\n<td width=\"368\">Gewicht<\/td>\n<td width=\"313\">5,9g<\/td>\n<\/tr>\n<tr>\n<td width=\"368\">Abmessungen<\/td>\n<td width=\"313\">15(H) x 58,88(L) x 31,6(B) mm<\/td>\n<\/tr>\n<\/tbody>\n<\/table>\n\t\t<\/div>\n\t<\/div>\n\t\n\t<div id=\"accordion-3397834681\" class=\"accordion-item\">\n\t\t<a id=\"accordion-3397834681-label\" class=\"accordion-title plain\" href=\"#accordion-item-faq\" aria-expanded=\"false\" aria-controls=\"accordion-3397834681-content\" >\n\t\t\t<button class=\"toggle\" aria-label=\"Toggle\"><i class=\"icon-angle-down\"><\/i><\/button>\n\t\t\t<span>FAQ<\/span>\n\t\t<\/a>\n\t\t<div id=\"accordion-3397834681-content\" class=\"accordion-inner\" aria-labelledby=\"accordion-3397834681-label\" >\n\t\t\t\n<div class=\"row row-collapse row-full-width\"  id=\"row-2017858025\">\n\n\t<div id=\"col-1092981905\" class=\"col medium-10 small-12 large-10\"  >\n\t\t\t\t<div class=\"col-inner\"  >\n\t\t\t\n\t\t\t\n\t\t<\/div>\n\t\t\t\t\t<\/div>\n\n\t\n<\/div>\n\t\t<\/div>\n\t<\/div>\n\t\n<\/div>\n\t\t<\/div>\n\n\t\t\n<style>\n#section_951773029 {\n  padding-top: 0px;\n  padding-bottom: 0px;\n}\n<\/style>\n\t<\/section>\n\t\n","protected":false},"excerpt":{"rendered":"<ul>\n<li>Sitzrohrhalterung f\u00fcr die Montage von R\u00fccklichtern<\/li>\n<li>F\u00fcr Sattelst\u00fctzen-Durchmesser: \u00d831.6 &amp; 30.9mm<\/li>\n<li>Farbe: Schwarz<\/li>\n<li>Material: Kunststoff<\/li>\n<li>\u00dcberpr\u00fcfe die <a href=\"\/product-category\/mounting-brackets\/\">Kompatibilit\u00e4t mit den Leuchten<\/a><\/li>\n<\/ul>\n","protected":false},"featured_media":6951,"template":"","meta":{"inline_featured_image":false},"product_brand":[],"product_cat":[205,204],"product_tag":[],"class_list":{"0":"post-7158","1":"product","2":"type-product","3":"status-publish","4":"has-post-thumbnail","6":"product_cat-befestigungshalterungen","7":"product_cat-zubehor","9":"first","10":"instock","11":"shipping-taxable","12":"product-type-simple"},"_links":{"self":[{"href":"https:\/\/www.lite-move.com\/de\/wp-json\/wp\/v2\/product\/7158","targetHints":{"allow":["GET"]}}],"collection":[{"href":"https:\/\/www.lite-move.com\/de\/wp-json\/wp\/v2\/product"}],"about":[{"href":"https:\/\/www.lite-move.com\/de\/wp-json\/wp\/v2\/types\/product"}],"wp:featuredmedia":[{"embeddable":true,"href":"https:\/\/www.lite-move.com\/de\/wp-json\/wp\/v2\/media\/6951"}],"wp:attachment":[{"href":"https:\/\/www.lite-move.com\/de\/wp-json\/wp\/v2\/media?parent=7158"}],"wp:term":[{"taxonomy":"product_brand","embeddable":true,"href":"https:\/\/www.lite-move.com\/de\/wp-json\/wp\/v2\/product_brand?post=7158"},{"taxonomy":"product_cat","embeddable":true,"href":"https:\/\/www.lite-move.com\/de\/wp-json\/wp\/v2\/product_cat?post=7158"},{"taxonomy":"product_tag","embeddable":true,"href":"https:\/\/www.lite-move.com\/de\/wp-json\/wp\/v2\/product_tag?post=7158"}],"curies":[{"name":"wp","href":"https:\/\/api.w.org\/{rel}","templated":true}]}}