{"id":7399,"date":"2025-06-03T14:45:29","date_gmt":"2025-06-03T06:45:29","guid":{"rendered":"https:\/\/www.lite-move.com\/?post_type=product&#038;p=7399"},"modified":"2025-07-07T22:50:03","modified_gmt":"2025-07-07T14:50:03","slug":"rlx-100h","status":"publish","type":"product","link":"https:\/\/www.lite-move.com\/de\/product\/rlx-100h\/","title":{"rendered":"RLX-100H"},"content":{"rendered":"\n\t<section class=\"section hide-for-medium\" id=\"section_1790446926\">\n\t\t<div class=\"section-bg fill\" >\n\t\t\t\t\t\t\t\t\t\n\t\t\t\n\n\t\t<\/div>\n\n\t\t\n\n\t\t<div class=\"section-content relative\">\n\t\t\t\n\n\t\t<div class=\"tabbed-content\">\n\t\t\t\n\t\t\t<ul class=\"nav nav-tabs nav-uppercase nav-size-normal nav-center\" role=\"tablist\"><li id=\"tab-beschreibung\" class=\"tab active has-icon\" role=\"presentation\"><a href=\"#tab_beschreibung\" role=\"tab\" aria-selected=\"true\" aria-controls=\"tab_beschreibung\"><span>Beschreibung<\/span><\/a><\/li>\n<li id=\"tab-technische-daten\" class=\"tab has-icon\" role=\"presentation\"><a href=\"#tab_technische-daten\" tabindex=\"-1\" role=\"tab\" aria-selected=\"false\" aria-controls=\"tab_technische-daten\"><span>Technische Daten<\/span><\/a><\/li>\n<li id=\"tab-video\" class=\"tab has-icon\" role=\"presentation\"><a href=\"#tab_video\" tabindex=\"-1\" role=\"tab\" aria-selected=\"false\" aria-controls=\"tab_video\"><span>Video<\/span><\/a><\/li>\n<li id=\"tab-systemkompatibilit\u00e4t\" class=\"tab has-icon\" role=\"presentation\"><a href=\"#tab_systemkompatibilit\u00e4t\" tabindex=\"-1\" role=\"tab\" aria-selected=\"false\" aria-controls=\"tab_systemkompatibilit\u00e4t\"><span>Systemkompatibilit\u00e4t<\/span><\/a><\/li><\/ul><div class=\"tab-panels\"><div id=\"tab_beschreibung\" class=\"panel active entry-content\" role=\"tabpanel\" aria-labelledby=\"tab-beschreibung\">\n<h3><!--StartFragment --><\/h3>\n<p>Bring Licht in Deine Fahrt \u2013 mit der neuesten RX Plus Optiktechnologie! Dank der Dual-Beam-Funktion bietet die Fahrradlampe eine Ausleuchtung von bis zu 9\u202fm Breite und einer Reichweite von bis zu 200\u202fm \u2013 f\u00fcr einen klaren, sicheren Weg voraus. Im Fernlicht-Modus liefert sie eine Helligkeit von 100 Lux f\u00fcr optimale Sicht.<\/p>\n<p>Einfache Montage &amp; intuitive Bedienung<\/p>\n<ul>\n<li>L\u00e4uft mit 6V\u201312V (kompatibel mit 5V\u201316V) bei nur 5,4\u202fW Leistungsaufnahme<\/li>\n<li>Zweiteiliger Fernlichtschalter f\u00fcr flexible Montage am Lenker<\/li>\n<li>Mehrere Montagem\u00f6glichkeiten f\u00fcr flexible Installation<\/li>\n<\/ul>\n<p>Robust &amp; wetterfest<\/p>\n<ul>\n<li>IP56-Schutz gegen Hochdruckwasser und Staub<\/li>\n<\/ul>\n<p>Zertifiziert f\u00fcr Sicherheit &amp; Leistung<\/p>\n<ul>\n<li>Entspricht StVZO &amp; ISO-6742-Normen<\/li>\n<li>Speziell f\u00fcr E-Bikes bis 25\u202fkm\/h und EPAC-Systeme entwickelt<\/li>\n<\/ul>\n<p><!--EndFragment --><\/p>\n<p>Upgrade dein Bike mit dem RLX-100H \u2013 hell, zuverl\u00e4ssig und bereit f\u00fcr jede Fahrt!<\/p>\n<h3><!--EndFragment --><\/h3>\n<h3>Montage<\/h3>\n<p>Pr\u00fcfe die <a href=\"https:\/\/www.lite-move.com\/de\/produkt-kategorie\/befestigungshalterungen\/\">Kompatibilit\u00e4t der Halterung<\/a><\/p>\n<h3><strong>Hinweis:<\/strong><\/h3>\n<ul>\n<li>Diese Fahrradlampe darf ausschlie\u00dflich \u00fcber 6V (5V ~ 16V) Gleichstrom betrieben werden<\/li>\n<li>Kein Anschluss an Wechselstromquellen (z.\u202fB. Dynamo)<\/li>\n<li>Eine \u00dcberspannung kann die Lampe besch\u00e4digen<\/li>\n<li>Kein eigener Schalter \u2013 Steuerung erfolgt \u00fcber das E-Bike-System<\/li>\n<\/ul>\n<\/div>\n<div id=\"tab_technische-daten\" class=\"panel entry-content\" role=\"tabpanel\" aria-labelledby=\"tab-technische-daten\">\n<div class=\"row row-collapse\"  id=\"row-2092952783\">\n\n\t<div id=\"col-666910521\" class=\"col medium-10 small-12 large-10\"  >\n\t\t\t\t<div class=\"col-inner\"  >\n\t\t\t\n\t\t\t\n<table width=\"385\">\n<tbody>\n<tr>\n<td width=\"174\">Modellname<\/td>\n<td width=\"211\">RLX100H<\/td>\n<\/tr>\n<tr>\n<td>\u3000Modell-Nr.<\/td>\n<td width=\"211\">RLX100H<\/td>\n<\/tr>\n<tr>\n<td>S\/N<\/td>\n<td width=\"211\">0038<\/td>\n<\/tr>\n<tr>\n<td width=\"174\">Lichtleistung<\/td>\n<td width=\"211\">Fernlicht: 100 Lux \/ 320 Lumen<br \/>\nNahlicht: 60 Lux \/ 180 Lumen<\/td>\n<\/tr>\n<tr>\n<td width=\"174\">Optische Technologie<\/td>\n<td>RX Plus<\/td>\n<\/tr>\n<tr>\n<td width=\"174\">Lichtquelle<\/td>\n<td>LED*2<\/td>\n<\/tr>\n<tr>\n<td width=\"174\">Eingangsspannung (DC)<\/td>\n<td>12V (5V\u201316V)<\/td>\n<\/tr>\n<tr>\n<td width=\"174\">Leistungsaufnahme<\/td>\n<td width=\"211\">Fernlicht: 5,4\u202fW<br \/>\nNahlicht: 2,8\u202fW<\/td>\n<\/tr>\n<tr>\n<td width=\"174\">Kabeldurchmesser<\/td>\n<td width=\"211\">Strom: \u00d8\u202f4\u202fmm<br \/>\nSchalter: \u00d8\u202f2,55\u202fmm<\/td>\n<\/tr>\n<tr>\n<td width=\"174\">Kabell\u00e4nge<\/td>\n<td width=\"211\">Strom: 1400\u202fmm<br \/>\nSchalter: 300\u202fmm \/ 650\u202fmm<\/td>\n<\/tr>\n<tr>\n<td width=\"174\">Schutzart<\/td>\n<td>IP56<\/td>\n<\/tr>\n<tr>\n<td width=\"174\">Betriebstemperatur (\u00b0C)<\/td>\n<td>-25 bis +50<\/td>\n<\/tr>\n<tr>\n<td>Material<\/td>\n<td>Kunststoff<\/td>\n<\/tr>\n<tr>\n<td width=\"174\">Gewicht (ohne Kabel)<\/td>\n<td>45\u202fg<\/td>\n<\/tr>\n<tr>\n<td width=\"174\">Ma\u00dfe (B\u00d7H\u00d7T)<\/td>\n<td>43,3 \u00d7 43,7 \u00d7 51,3\u202fmm<\/td>\n<\/tr>\n<tr>\n<td width=\"174\">Schalterhalterung \/ Montage<\/td>\n<td>\u00d8\u202f22,2\u202fmm<\/td>\n<\/tr>\n<tr>\n<td width=\"174\">Reflektor (optional)<\/td>\n<td>RFDT<\/td>\n<\/tr>\n<tr>\n<td width=\"174\">Zertifizierung<\/td>\n<td>CE \/ RoHS \/ REACH<\/td>\n<\/tr>\n<tr>\n<td width=\"174\">Zulassungstyp<\/td>\n<td>StVZO-K \/ ISO 6742<\/td>\n<\/tr>\n<tr>\n<td width=\"174\">Zulassungsnummer<\/td>\n<td>~ K 2615<\/td>\n<\/tr>\n<\/tbody>\n<\/table>\n\t\t<\/div>\n\t\t\t\t\t<\/div>\n\n\t\n<\/div>\n<\/div>\n<div id=\"tab_video\" class=\"panel entry-content\" role=\"tabpanel\" aria-labelledby=\"tab-video\">\n<\/div>\n<div id=\"tab_systemkompatibilit\u00e4t\" class=\"panel entry-content\" role=\"tabpanel\" aria-labelledby=\"tab-systemkompatibilit\u00e4t\">\n<p>Systemkompatibilit\u00e4t \u2013 <a href=\"https:\/\/www.lite-move.com\/download\/\">Download<\/a><\/p>\n\t<div class=\"img has-hover x md-x lg-x y md-y lg-y\" id=\"image_1064856792\">\n\t\t\t\t\t\t\t\t<div class=\"img-inner dark\" >\n\t\t\t\t\t\t\t\t\t\n\t\t\t\t\t<\/div>\n\t\t\t\t\t\t\t\t\n<style>\n#image_1064856792 {\n  width: 100%;\n}\n<\/style>\n\t<\/div>\n\t\n<\/div><\/div><\/div>\n\t\t<\/div>\n\n\t\t\n<style>\n#section_1790446926 {\n  padding-top: 0px;\n  padding-bottom: 0px;\n}\n<\/style>\n\t<\/section>\n\t\n\n\t<section class=\"section show-for-medium\" id=\"section_1009935250\">\n\t\t<div class=\"section-bg fill\" >\n\t\t\t\t\t\t\t\t\t\n\t\t\t\n\n\t\t<\/div>\n\n\t\t\n\n\t\t<div class=\"section-content relative\">\n\t\t\t\t\t<\/div>\n\n\t\t\n<style>\n#section_1009935250 {\n  padding-top: 0px;\n  padding-bottom: 0px;\n}\n<\/style>\n\t<\/section>\n\t\n<div class=\"accordion\">\n\t<div id=\"accordion-3844655045\" class=\"accordion-item\">\n\t\t<a id=\"accordion-3844655045-label\" class=\"accordion-title plain\" href=\"#accordion-item-beschreibung\" aria-expanded=\"false\" aria-controls=\"accordion-3844655045-content\" >\n\t\t\t<button class=\"toggle\" aria-label=\"Toggle\"><i class=\"icon-angle-down\"><\/i><\/button>\n\t\t\t<span>BESCHREIBUNG<\/span>\n\t\t<\/a>\n\t\t<div id=\"accordion-3844655045-content\" class=\"accordion-inner\" aria-labelledby=\"accordion-3844655045-label\" >\n\t\t\t\n<div class=\"row\"  id=\"row-163481176\">\n\n\t<div id=\"col-427789391\" class=\"col medium-10 small-12 large-10\"  >\n\t\t\t\t<div class=\"col-inner\"  >\n\t\t\t\n\t\t\t\n<h3><!--StartFragment --><\/h3>\n<p>Bring Licht in Deine Fahrt \u2013 mit der neuesten RX Plus Optiktechnologie! Dank der Dual-Beam-Funktion bietet die Fahrradlampe eine Ausleuchtung von bis zu 9\u202fm Breite und einer Reichweite von bis zu 200\u202fm \u2013 f\u00fcr einen klaren, sicheren Weg voraus. Im Fernlicht-Modus liefert sie eine Helligkeit von 100 Lux f\u00fcr optimale Sicht.<\/p>\n<p>Einfache Montage &amp; intuitive Bedienung<\/p>\n<ul>\n<li>L\u00e4uft mit 6V\u201312V (kompatibel mit 5V\u201316V) bei nur 5,4\u202fW Leistungsaufnahme<\/li>\n<li>Zweiteiliger Fernlichtschalter f\u00fcr flexible Montage am Lenker<\/li>\n<li>Mehrere Montagem\u00f6glichkeiten f\u00fcr flexible Installation<\/li>\n<\/ul>\n<p>Robust &amp; wetterfest<\/p>\n<ul>\n<li>IP56-Schutz gegen Hochdruckwasser und Staub<\/li>\n<\/ul>\n<p>Zertifiziert f\u00fcr Sicherheit &amp; Leistung<\/p>\n<ul>\n<li>Entspricht StVZO &amp; ISO-6742-Normen<\/li>\n<li>Speziell f\u00fcr E-Bikes bis 25\u202fkm\/h und EPAC-Systeme entwickelt<\/li>\n<\/ul>\n<h3><strong>Montage<\/strong><\/h3>\n<p>Pr\u00fcfe die <a href=\"https:\/\/www.lite-move.com\/de\/produkt-kategorie\/befestigungshalterungen\/\">Kompatibilit\u00e4t der Halterung<\/a><\/p>\n<h3><strong>Hinweis:<\/strong><\/h3>\n<ul>\n<li>Diese Fahrradlampe darf ausschlie\u00dflich \u00fcber 6V (5V ~ 16V) Gleichstrom betrieben werden<\/li>\n<li>Kein Anschluss an Wechselstromquellen (z.\u202fB. Dynamo)<\/li>\n<li>Eine \u00dcberspannung kann die Lampe besch\u00e4digen<\/li>\n<li>Kein eigener Schalter \u2013 Steuerung erfolgt \u00fcber das E-Bike-System<\/li>\n<\/ul>\n\t\t<\/div>\n\t\t\t\t\t<\/div>\n\n\t\n<\/div>\n\t\t<\/div>\n\t<\/div>\n\t\n\t<div id=\"accordion-4039205934\" class=\"accordion-item\">\n\t\t<a id=\"accordion-4039205934-label\" class=\"accordion-title plain\" href=\"#accordion-item-technische-daten\" aria-expanded=\"false\" aria-controls=\"accordion-4039205934-content\" >\n\t\t\t<button class=\"toggle\" aria-label=\"Toggle\"><i class=\"icon-angle-down\"><\/i><\/button>\n\t\t\t<span>TECHNISCHE DATEN<\/span>\n\t\t<\/a>\n\t\t<div id=\"accordion-4039205934-content\" class=\"accordion-inner\" aria-labelledby=\"accordion-4039205934-label\" >\n\t\t\t\n<table width=\"385\">\n<tbody>\n<tr>\n<td width=\"174\">Modellname<\/td>\n<td width=\"211\">RLX100H<\/td>\n<\/tr>\n<tr>\n<td>\u3000Modell-Nr.<\/td>\n<td width=\"211\">RLX100H<\/td>\n<\/tr>\n<tr>\n<td>S\/N<\/td>\n<td width=\"211\">0038<\/td>\n<\/tr>\n<tr>\n<td width=\"174\">Lichtleistung<\/td>\n<td width=\"211\">Fernlicht: 100 Lux \/ 320 Lumen<br \/>\nNahlicht: 60 Lux \/ 180 Lumen<\/td>\n<\/tr>\n<tr>\n<td width=\"174\">Optische Technologie<\/td>\n<td>RX Plus<\/td>\n<\/tr>\n<tr>\n<td width=\"174\">Lichtquelle<\/td>\n<td>LED*2<\/td>\n<\/tr>\n<tr>\n<td width=\"174\">Eingangsspannung (DC)<\/td>\n<td>12V (5V\u201316V)<\/td>\n<\/tr>\n<tr>\n<td width=\"174\">Leistungsaufnahme<\/td>\n<td width=\"211\">Fernlicht: 5,4\u202fW<br \/>\nNahlicht: 2,8\u202fW<\/td>\n<\/tr>\n<tr>\n<td width=\"174\">Kabeldurchmesser<\/td>\n<td width=\"211\">Strom: \u00d8\u202f4\u202fmm<br \/>\nSchalter: \u00d8\u202f2,55\u202fmm<\/td>\n<\/tr>\n<tr>\n<td width=\"174\">Kabell\u00e4nge<\/td>\n<td width=\"211\">Strom: 1400\u202fmm<br \/>\nSchalter: 300\u202fmm \/ 650\u202fmm<\/td>\n<\/tr>\n<tr>\n<td width=\"174\">Schutzart<\/td>\n<td>IP56<\/td>\n<\/tr>\n<tr>\n<td width=\"174\">Betriebstemperatur (\u00b0C)<\/td>\n<td>-25 bis +50<\/td>\n<\/tr>\n<tr>\n<td>Material<\/td>\n<td>Kunststoff<\/td>\n<\/tr>\n<tr>\n<td width=\"174\">Gewicht (ohne Kabel)<\/td>\n<td>45\u202fg<\/td>\n<\/tr>\n<tr>\n<td width=\"174\">Ma\u00dfe (B\u00d7H\u00d7T)<\/td>\n<td>43,3 \u00d7 43,7 \u00d7 51,3\u202fmm<\/td>\n<\/tr>\n<tr>\n<td width=\"174\">Schalterhalterung \/ Montage<\/td>\n<td>\u00d8\u202f22,2\u202fmm<\/td>\n<\/tr>\n<tr>\n<td width=\"174\">Reflektor (optional)<\/td>\n<td>RFDT<\/td>\n<\/tr>\n<tr>\n<td width=\"174\">Zertifizierung<\/td>\n<td>CE \/ RoHS \/ REACH<\/td>\n<\/tr>\n<tr>\n<td width=\"174\">Zulassungstyp<\/td>\n<td>StVZO-K \/ ISO 6742<\/td>\n<\/tr>\n<tr>\n<td width=\"174\">Zulassungsnummer<\/td>\n<td>~ K 2615<\/td>\n<\/tr>\n<\/tbody>\n<\/table>\n\t\t<\/div>\n\t<\/div>\n\t\n\t<div id=\"accordion-1934723595\" class=\"accordion-item\">\n\t\t<a id=\"accordion-1934723595-label\" class=\"accordion-title plain\" href=\"#accordion-item-video\" aria-expanded=\"false\" aria-controls=\"accordion-1934723595-content\" >\n\t\t\t<button class=\"toggle\" aria-label=\"Toggle\"><i class=\"icon-angle-down\"><\/i><\/button>\n\t\t\t<span>VIDEO<\/span>\n\t\t<\/a>\n\t\t<div id=\"accordion-1934723595-content\" class=\"accordion-inner\" aria-labelledby=\"accordion-1934723595-label\" >\n\t\t\t\n<div class=\"row row-collapse row-full-width\"  id=\"row-1155984162\">\n\n\t<div id=\"col-406038624\" class=\"col medium-10 small-12 large-10\"  >\n\t\t\t\t<div class=\"col-inner\"  >\n\t\t\t\n\t\t\t\n\t\t<\/div>\n\t\t\t\t\t<\/div>\n\n\t\n<\/div>\n\t\t<\/div>\n\t<\/div>\n\t\n\t<div id=\"accordion-1869176647\" class=\"accordion-item\">\n\t\t<a id=\"accordion-1869176647-label\" class=\"accordion-title plain\" href=\"#accordion-item-systemkompatibilit\u00c4t\" aria-expanded=\"false\" aria-controls=\"accordion-1869176647-content\" >\n\t\t\t<button class=\"toggle\" aria-label=\"Toggle\"><i class=\"icon-angle-down\"><\/i><\/button>\n\t\t\t<span>SYSTEMKOMPATIBILIT\u00c4T<\/span>\n\t\t<\/a>\n\t\t<div id=\"accordion-1869176647-content\" class=\"accordion-inner\" aria-labelledby=\"accordion-1869176647-label\" >\n\t\t\t\n<div class=\"row row-collapse row-full-width\"  id=\"row-184043524\">\n\n\t<div id=\"col-441594000\" class=\"col medium-10 small-12 large-10\"  >\n\t\t\t\t<div class=\"col-inner\"  >\n\t\t\t\n\t\t\t\n<p>Systemkompatibilit\u00e4t \u2013 <a href=\"https:\/\/www.lite-move.com\/download\/\">Download<\/a><\/p>\n\t\t<\/div>\n\t\t\t\t\t<\/div>\n\n\t\n<\/div>\n\t\t<\/div>\n\t<\/div>\n\t\n<\/div>\n[\/section&gt;<\/p>\n","protected":false},"excerpt":{"rendered":"<ul>\n<li aria-level=\"1\">Ausgestattet mit RX Plus-Reflektortechnologie mit Fernlichtfunktion<\/li>\n<li aria-level=\"1\">Ausleuchtung von bis zu 200m Weite und 9m Breite<\/li>\n<li aria-level=\"1\">Lichtst\u00e4rke bis zu 100 Lux (Fernlicht)<\/li>\n<li aria-level=\"1\">Betrieb mit 6V (kompatibel mit 5V\u201316V), Leistungsaufnahme: 5,4 Watt<\/li>\n<li aria-level=\"1\">Zweiteiliger Bedientaster f\u00fcr flexible Montage am Lenker<\/li>\n<li aria-level=\"1\">Mehrere Montagem\u00f6glichkeiten in einem Geh\u00e4use: Gabel, Vorbau oder Lenker<\/li>\n<li aria-level=\"1\">IP56 \u2013 Schutz gegen hohen Wasserdruck und Staub<\/li>\n<li aria-level=\"1\">F\u00fcr E-Bikes bis 25\u202fkm\/h \/ EPAC<\/li>\n<li aria-level=\"1\">K-Nummer- &#038; ISO-6742-Kompatibilit\u00e4t<\/li>\n<li aria-level=\"1\">Kompatible <a href=\"https:\/\/www.lite-move.com\/de\/produkt-kategorie\/befestigungshalterungen\/\">Halterung pr\u00fcfen<\/a><\/li>\n<\/ul>\n","protected":false},"featured_media":7387,"template":"","meta":{"inline_featured_image":false},"product_brand":[],"product_cat":[191,170,171],"product_tag":[225,226,227,228],"class_list":{"0":"post-7399","1":"product","2":"type-product","3":"status-publish","4":"has-post-thumbnail","6":"product_cat-e-bike-scheinwerfer-25km","7":"product_cat-lichter","8":"product_cat-scheinwerfer-alle","9":"product_tag-ebike-de","10":"product_tag-epac-de","11":"product_tag-headlight-de","12":"product_tag-rlx-de","14":"first","15":"instock","16":"shipping-taxable","17":"product-type-simple"},"_links":{"self":[{"href":"https:\/\/www.lite-move.com\/de\/wp-json\/wp\/v2\/product\/7399","targetHints":{"allow":["GET"]}}],"collection":[{"href":"https:\/\/www.lite-move.com\/de\/wp-json\/wp\/v2\/product"}],"about":[{"href":"https:\/\/www.lite-move.com\/de\/wp-json\/wp\/v2\/types\/product"}],"wp:featuredmedia":[{"embeddable":true,"href":"https:\/\/www.lite-move.com\/de\/wp-json\/wp\/v2\/media\/7387"}],"wp:attachment":[{"href":"https:\/\/www.lite-move.com\/de\/wp-json\/wp\/v2\/media?parent=7399"}],"wp:term":[{"taxonomy":"product_brand","embeddable":true,"href":"https:\/\/www.lite-move.com\/de\/wp-json\/wp\/v2\/product_brand?post=7399"},{"taxonomy":"product_cat","embeddable":true,"href":"https:\/\/www.lite-move.com\/de\/wp-json\/wp\/v2\/product_cat?post=7399"},{"taxonomy":"product_tag","embeddable":true,"href":"https:\/\/www.lite-move.com\/de\/wp-json\/wp\/v2\/product_tag?post=7399"}],"curies":[{"name":"wp","href":"https:\/\/api.w.org\/{rel}","templated":true}]}}