{"id":7404,"date":"2025-06-03T15:12:19","date_gmt":"2025-06-03T07:12:19","guid":{"rendered":"https:\/\/www.lite-move.com\/?post_type=product&#038;p=7404"},"modified":"2025-06-11T17:41:50","modified_gmt":"2025-06-11T09:41:50","slug":"rlx-60","status":"publish","type":"product","link":"https:\/\/www.lite-move.com\/de\/product\/rlx-60\/","title":{"rendered":"RLX-60"},"content":{"rendered":"\n\t<section class=\"section hide-for-medium\" id=\"section_1071514672\">\n\t\t<div class=\"section-bg fill\" >\n\t\t\t\t\t\t\t\t\t\n\t\t\t\n\n\t\t<\/div>\n\n\t\t\n\n\t\t<div class=\"section-content relative\">\n\t\t\t\n\n\t\t<div class=\"tabbed-content\">\n\t\t\t\n\t\t\t<ul class=\"nav nav-tabs nav-uppercase nav-size-normal nav-center\" role=\"tablist\"><li id=\"tab-beschreibung\" class=\"tab active has-icon\" role=\"presentation\"><a href=\"#tab_beschreibung\" role=\"tab\" aria-selected=\"true\" aria-controls=\"tab_beschreibung\"><span>Beschreibung<\/span><\/a><\/li>\n<li id=\"tab-technische-daten\" class=\"tab has-icon\" role=\"presentation\"><a href=\"#tab_technische-daten\" tabindex=\"-1\" role=\"tab\" aria-selected=\"false\" aria-controls=\"tab_technische-daten\"><span>Technische Daten<\/span><\/a><\/li>\n<li id=\"tab-video\" class=\"tab has-icon\" role=\"presentation\"><a href=\"#tab_video\" tabindex=\"-1\" role=\"tab\" aria-selected=\"false\" aria-controls=\"tab_video\"><span>Video<\/span><\/a><\/li>\n<li id=\"tab-systemkompatibilit\u00e4t\" class=\"tab has-icon\" role=\"presentation\"><a href=\"#tab_systemkompatibilit\u00e4t\" tabindex=\"-1\" role=\"tab\" aria-selected=\"false\" aria-controls=\"tab_systemkompatibilit\u00e4t\"><span>Systemkompatibilit\u00e4t<\/span><\/a><\/li><\/ul><div class=\"tab-panels\"><div id=\"tab_beschreibung\" class=\"panel active entry-content\" role=\"tabpanel\" aria-labelledby=\"tab-beschreibung\">\n<h3><!--StartFragment --><\/h3>\n<p><!--StartFragment --><\/p>\n<p>Sichere Sicht bei jedem Wetter<br \/>\nDie RLX-60 bietet E-Bike-Fahrern hervorragende Sicht und Sicherheit \u2013 egal bei welchem Wetter. Mit einer Ausleuchtung von 7 Metern Breite und 160m Weite sorgt sie f\u00fcr klare Sicht bei Dunkelheit und schlechten Bedingungen.<\/p>\n<p>Dank des Betriebs mit 6V oder 12V Gleichstrom und der Kompatibilit\u00e4t mit Systemen von 5V\u201316V l\u00e4sst sich die Lampe vielseitig einsetzen. Verschiedene Montagem\u00f6glichkeiten sorgen f\u00fcr eine einfache und flexible Installation am E-Bike.<\/p>\n<p>Der RX-Reflektor wurde f\u00fcr den dauerhaften Einsatz entwickelt. Die Schutzklasse IP56 bietet zuverl\u00e4ssigen Schutz vor Wasser und Staub \u2013 ideal f\u00fcr den Alltagseinsatz. Die Lampe erf\u00fcllt alle Anforderungen nach StVZO (K-Nummer) und ISO-6742 und ist f\u00fcr E-Bikes bis 25\u202fkm\/h sowie EPAC-Systeme zugelassen.<\/p>\n<p>Montage<br \/>\nBitte vor der Installation die <a href=\"\/product-category\/mounting-brackets\/\">Kompatibilit\u00e4t der Halterung<\/a> pr\u00fcfen.<\/p>\n<h3><strong>Hinweis:<\/strong><\/h3>\n<ul>\n<li>Nur \u00fcber 6V (kompatibel mit 5V\u201316V) Gleichstrom betreiben<\/li>\n<li>Nicht an eine Wechselstromquelle (z.\u202fB. Dynamo) anschliessen<\/li>\n<li>\u00dcberspannung kann die Leuchte besch\u00e4digen<\/li>\n<li>Kein integrierter Schalter \u2013 Steuerung erfolgt \u00fcber das E-Bike-System<\/li>\n<\/ul>\n<\/div>\n<div id=\"tab_technische-daten\" class=\"panel entry-content\" role=\"tabpanel\" aria-labelledby=\"tab-technische-daten\">\n<div class=\"row row-collapse\"  id=\"row-1213865930\">\n\n\t<div id=\"col-1498719919\" class=\"col medium-10 small-12 large-10\"  >\n\t\t\t\t<div class=\"col-inner\"  >\n\t\t\t\n\t\t\t\n<table width=\"100%\">\n<tbody>\n<tr>\n<td>Modellname<\/td>\n<td>RLX-60<\/td>\n<\/tr>\n<tr>\n<td>Modell-Nr.<\/td>\n<td>RLX60<\/td>\n<\/tr>\n<tr>\n<td>S\/N<\/td>\n<td>0037<\/td>\n<\/tr>\n<tr>\n<td>Lichtleistung<\/td>\n<td>60 Lux \/ 180 Lumen<\/td>\n<\/tr>\n<tr>\n<td>Optische Technologie<\/td>\n<td>RX<\/td>\n<\/tr>\n<tr>\n<td>Lichtquelle<\/td>\n<td>LED *1<\/td>\n<\/tr>\n<tr>\n<td>Eingangsspannung (DC)<\/td>\n<td>6V &amp; 12V (kompatibel mit 5V\u201316V)<\/td>\n<\/tr>\n<tr>\n<td>Leistungsaufnahme<\/td>\n<td>2.8W<\/td>\n<\/tr>\n<tr>\n<td>Kabeldurchmesser<\/td>\n<td>\u00d8 4mm<\/td>\n<\/tr>\n<tr>\n<td>Kabell\u00e4nge<\/td>\n<td>Strom: 1400 mm<\/td>\n<\/tr>\n<tr>\n<td>Schutzart<\/td>\n<td>IP56<\/td>\n<\/tr>\n<tr>\n<td>Betriebstemperatur<\/td>\n<td>-25\u202f\u00b0C bis +50\u202f\u00b0C<\/td>\n<\/tr>\n<tr>\n<td>Material<\/td>\n<td>Kunststoff<\/td>\n<\/tr>\n<tr>\n<td>Gewicht (ohne Kabel)<\/td>\n<td>34g<\/td>\n<\/tr>\n<tr>\n<td>Abmessungen (B x H x L)<\/td>\n<td>43.3 x 43.7 x 51.3 mm<\/td>\n<\/tr>\n<tr>\n<td>Schalterhalterung \/ Montage<\/td>\n<td>nicht zutreffend<\/td>\n<\/tr>\n<tr>\n<td>Reflektor (optional)<\/td>\n<td>RFDT<\/td>\n<\/tr>\n<tr>\n<td>Kompatibilit\u00e4t<\/td>\n<td>CE \/ RoHS \/ REACH<\/td>\n<\/tr>\n<tr>\n<td>Zulassungstyp<\/td>\n<td>StVZO-K \/ ISO 6742<\/td>\n<\/tr>\n<tr>\n<td>Zulassungsnummer<\/td>\n<td>~ K 2615<\/td>\n<\/tr>\n<\/tbody>\n<\/table>\n\t\t<\/div>\n\t\t\t\t\t<\/div>\n\n\t\n<\/div>\n<\/div>\n<div id=\"tab_video\" class=\"panel entry-content\" role=\"tabpanel\" aria-labelledby=\"tab-video\">\n<\/div>\n<div id=\"tab_systemkompatibilit\u00e4t\" class=\"panel entry-content\" role=\"tabpanel\" aria-labelledby=\"tab-systemkompatibilit\u00e4t\">\n<p>Systemkompatibilit\u00e4t \u2013 <a href=\"https:\/\/www.lite-move.com\/download\/\">Download<\/a><\/p>\n\t<div class=\"img has-hover x md-x lg-x y md-y lg-y\" id=\"image_895666439\">\n\t\t\t\t\t\t\t\t<div class=\"img-inner dark\" >\n\t\t\t\t\t\t\t\t\t\n\t\t\t\t\t<\/div>\n\t\t\t\t\t\t\t\t\n<style>\n#image_895666439 {\n  width: 100%;\n}\n<\/style>\n\t<\/div>\n\t\n<\/div><\/div><\/div>\n\t\t<\/div>\n\n\t\t\n<style>\n#section_1071514672 {\n  padding-top: 0px;\n  padding-bottom: 0px;\n}\n<\/style>\n\t<\/section>\n\t\n\n\t<section class=\"section show-for-medium\" id=\"section_157978593\">\n\t\t<div class=\"section-bg fill\" >\n\t\t\t\t\t\t\t\t\t\n\t\t\t\n\n\t\t<\/div>\n\n\t\t\n\n\t\t<div class=\"section-content relative\">\n\t\t\t\t\t<\/div>\n\n\t\t\n<style>\n#section_157978593 {\n  padding-top: 0px;\n  padding-bottom: 0px;\n}\n<\/style>\n\t<\/section>\n\t\n<div class=\"accordion\">\n\t<div id=\"accordion-3440393496\" class=\"accordion-item\">\n\t\t<a id=\"accordion-3440393496-label\" class=\"accordion-title plain\" href=\"#accordion-item-beschreibung\" aria-expanded=\"false\" aria-controls=\"accordion-3440393496-content\" >\n\t\t\t<button class=\"toggle\" aria-label=\"Toggle\"><i class=\"icon-angle-down\"><\/i><\/button>\n\t\t\t<span>BESCHREIBUNG<\/span>\n\t\t<\/a>\n\t\t<div id=\"accordion-3440393496-content\" class=\"accordion-inner\" aria-labelledby=\"accordion-3440393496-label\" >\n\t\t\t\n<div class=\"row\"  id=\"row-1756926285\">\n\n\t<div id=\"col-657625499\" class=\"col medium-10 small-12 large-10\"  >\n\t\t\t\t<div class=\"col-inner\"  >\n\t\t\t\n\t\t\t\n<h3><!--StartFragment --><\/h3>\n<p>Sichere Sicht bei jedem Wetter<br \/>\nDie RLX-60 bietet E-Bike-Fahrern hervorragende Sicht und Sicherheit \u2013 egal bei welchem Wetter. Mit einer Ausleuchtung von 7 Metern Breite und 160m Weite sorgt sie f\u00fcr klare Sicht bei Dunkelheit und schlechten Bedingungen.<\/p>\n<p>Dank des Betriebs mit 6V oder 12V Gleichstrom und der Kompatibilit\u00e4t mit Systemen von 5V\u201316V l\u00e4sst sich die Lampe vielseitig einsetzen. Verschiedene Montagem\u00f6glichkeiten sorgen f\u00fcr eine einfache und flexible Installation am E-Bike.<\/p>\n<p>Der RX-Reflektor wurde f\u00fcr den dauerhaften Einsatz entwickelt. Die Schutzklasse IP56 bietet zuverl\u00e4ssigen Schutz vor Wasser und Staub \u2013 ideal f\u00fcr den Alltagseinsatz. Die Lampe erf\u00fcllt alle Anforderungen nach StVZO (K-Nummer) und ISO-6742 und ist f\u00fcr E-Bikes bis 25\u202fkm\/h sowie EPAC-Systeme zugelassen.<\/p>\n<h3><strong>Montage<\/strong><\/h3>\n<p>Bitte vor der Installation die <a href=\"\/product-category\/mounting-brackets\/\">Kompatibilit\u00e4t der Halterung<\/a> pr\u00fcfen.<\/p>\n<h3><strong>Hinweis:<\/strong><\/h3>\n<ul>\n<li>Nur \u00fcber 6V (kompatibel mit 5V\u201316V) Gleichstrom betreiben<\/li>\n<li>Nicht an eine Wechselstromquelle (z.\u202fB. Dynamo) anschliessen<\/li>\n<li>\u00dcberspannung kann die Leuchte besch\u00e4digen<\/li>\n<li>Kein integrierter Schalter \u2013 Steuerung erfolgt \u00fcber das E-Bike-System<\/li>\n<\/ul>\n\t\t<\/div>\n\t\t\t\t\t<\/div>\n\n\t\n<\/div>\n\t\t<\/div>\n\t<\/div>\n\t\n\t<div id=\"accordion-2972794911\" class=\"accordion-item\">\n\t\t<a id=\"accordion-2972794911-label\" class=\"accordion-title plain\" href=\"#accordion-item-technische-daten\" aria-expanded=\"false\" aria-controls=\"accordion-2972794911-content\" >\n\t\t\t<button class=\"toggle\" aria-label=\"Toggle\"><i class=\"icon-angle-down\"><\/i><\/button>\n\t\t\t<span>TECHNISCHE DATEN<\/span>\n\t\t<\/a>\n\t\t<div id=\"accordion-2972794911-content\" class=\"accordion-inner\" aria-labelledby=\"accordion-2972794911-label\" >\n\t\t\t\n<table width=\"100%\">\n<tbody>\n<tr>\n<td>Modellname<\/td>\n<td>RLX-60<\/td>\n<\/tr>\n<tr>\n<td>Modell-Nr.<\/td>\n<td>RLX60<\/td>\n<\/tr>\n<tr>\n<td>S\/N<\/td>\n<td>0037<\/td>\n<\/tr>\n<tr>\n<td>Lichtleistung<\/td>\n<td>60 Lux \/ 180 Lumen<\/td>\n<\/tr>\n<tr>\n<td>Optische Technologie<\/td>\n<td>RX<\/td>\n<\/tr>\n<tr>\n<td>Lichtquelle<\/td>\n<td>LED *1<\/td>\n<\/tr>\n<tr>\n<td>Eingangsspannung (DC)<\/td>\n<td>6V &amp; 12V (kompatibel mit 5V\u201316V)<\/td>\n<\/tr>\n<tr>\n<td>Leistungsaufnahme<\/td>\n<td>2.8W<\/td>\n<\/tr>\n<tr>\n<td>Kabeldurchmesser<\/td>\n<td>\u00d8 4mm<\/td>\n<\/tr>\n<tr>\n<td>Kabell\u00e4nge<\/td>\n<td>Strom: 1400 mm<\/td>\n<\/tr>\n<tr>\n<td>Schutzart<\/td>\n<td>IP56<\/td>\n<\/tr>\n<tr>\n<td>Betriebstemperatur<\/td>\n<td>-25\u202f\u00b0C bis +50\u202f\u00b0C<\/td>\n<\/tr>\n<tr>\n<td>Material<\/td>\n<td>Kunststoff<\/td>\n<\/tr>\n<tr>\n<td>Gewicht (ohne Kabel)<\/td>\n<td>34g<\/td>\n<\/tr>\n<tr>\n<td>Abmessungen (B x H x L)<\/td>\n<td>43.3 x 43.7 x 51.3 mm<\/td>\n<\/tr>\n<tr>\n<td>Schalterhalterung \/ Montage<\/td>\n<td>nicht zutreffend<\/td>\n<\/tr>\n<tr>\n<td>Reflektor (optional)<\/td>\n<td>RFDT<\/td>\n<\/tr>\n<tr>\n<td>Kompatibilit\u00e4t<\/td>\n<td>CE \/ RoHS \/ REACH<\/td>\n<\/tr>\n<tr>\n<td>Zulassungstyp<\/td>\n<td>StVZO-K \/ ISO 6742<\/td>\n<\/tr>\n<tr>\n<td>Zulassungsnummer<\/td>\n<td>~ K 2615<\/td>\n<\/tr>\n<\/tbody>\n<\/table>\n\t\t<\/div>\n\t<\/div>\n\t\n\t<div id=\"accordion-3195793109\" class=\"accordion-item\">\n\t\t<a id=\"accordion-3195793109-label\" class=\"accordion-title plain\" href=\"#accordion-item-video\" aria-expanded=\"false\" aria-controls=\"accordion-3195793109-content\" >\n\t\t\t<button class=\"toggle\" aria-label=\"Toggle\"><i class=\"icon-angle-down\"><\/i><\/button>\n\t\t\t<span>VIDEO<\/span>\n\t\t<\/a>\n\t\t<div id=\"accordion-3195793109-content\" class=\"accordion-inner\" aria-labelledby=\"accordion-3195793109-label\" >\n\t\t\t\n<div class=\"row row-collapse row-full-width\"  id=\"row-1885636030\">\n\n\t<div id=\"col-1832410821\" class=\"col medium-10 small-12 large-10\"  >\n\t\t\t\t<div class=\"col-inner\"  >\n\t\t\t\n\t\t\t\n\t\t<\/div>\n\t\t\t\t\t<\/div>\n\n\t\n<\/div>\n\t\t<\/div>\n\t<\/div>\n\t\n\t<div id=\"accordion-2535258474\" class=\"accordion-item\">\n\t\t<a id=\"accordion-2535258474-label\" class=\"accordion-title plain\" href=\"#accordion-item-systemkompatibilit\u00c4t\" aria-expanded=\"false\" aria-controls=\"accordion-2535258474-content\" >\n\t\t\t<button class=\"toggle\" aria-label=\"Toggle\"><i class=\"icon-angle-down\"><\/i><\/button>\n\t\t\t<span>SYSTEMKOMPATIBILIT\u00c4T<\/span>\n\t\t<\/a>\n\t\t<div id=\"accordion-2535258474-content\" class=\"accordion-inner\" aria-labelledby=\"accordion-2535258474-label\" >\n\t\t\t\n<div class=\"row row-collapse row-full-width\"  id=\"row-944379072\">\n\n\t<div id=\"col-1970313806\" class=\"col medium-10 small-12 large-10\"  >\n\t\t\t\t<div class=\"col-inner\"  >\n\t\t\t\n\t\t\t\n<p>Systemkompatibilit\u00e4t \u2013 <a href=\"https:\/\/www.lite-move.com\/download\/\">Download<\/a><\/p>\n\t\t<\/div>\n\t\t\t\t\t<\/div>\n\n\t\n<\/div>\n\t\t<\/div>\n\t<\/div>\n\t\n<\/div>\n[\/section><\/p>\n","protected":false},"excerpt":{"rendered":"<ul>\n<li aria-level=\"1\">Ausgestattet mit RX-Reflektor-Technologie<\/li>\n<li aria-level=\"1\">Ausleuchtung von bis zu 160m Weite und 7m Breite<\/li>\n<li aria-level=\"1\">Lichtst\u00e4rke bis zu 60 Lux<\/li>\n<li aria-level=\"1\">Betriebsspannung von 6V &amp; 12V (kompatibel mit 5V\u201316V)<\/li>\n<li aria-level=\"1\">Mehrere Montagem\u00f6glichkeiten in einem Geh\u00e4use: Gabel, Vorbau oder Lenker<\/li>\n<li aria-level=\"1\">IP56 \u2013 Schutz gegen hohen Wasserdruck und Staub<\/li>\n<li aria-level=\"1\">F\u00fcr E-Bikes bis 25\u202fkm\/h \/ EPAC<\/li>\n<li aria-level=\"1\">K-Nummer &amp; ISO-6742-Kompatibilit\u00e4t<\/li>\n<li aria-level=\"1\">Pr\u00fcfe die <a href=\"\/product-category\/mounting-brackets\/\">kompatible Halterung\/Montage<\/a><\/li>\n<\/ul>\n","protected":false},"featured_media":7377,"template":"","meta":{"inline_featured_image":false},"product_brand":[],"product_cat":[191,170,171],"product_tag":[225,226,227,228],"class_list":{"0":"post-7404","1":"product","2":"type-product","3":"status-publish","4":"has-post-thumbnail","6":"product_cat-e-bike-scheinwerfer-25km","7":"product_cat-lichter","8":"product_cat-scheinwerfer-alle","9":"product_tag-ebike-de","10":"product_tag-epac-de","11":"product_tag-headlight-de","12":"product_tag-rlx-de","14":"first","15":"instock","16":"shipping-taxable","17":"product-type-simple"},"_links":{"self":[{"href":"https:\/\/www.lite-move.com\/de\/wp-json\/wp\/v2\/product\/7404","targetHints":{"allow":["GET"]}}],"collection":[{"href":"https:\/\/www.lite-move.com\/de\/wp-json\/wp\/v2\/product"}],"about":[{"href":"https:\/\/www.lite-move.com\/de\/wp-json\/wp\/v2\/types\/product"}],"wp:featuredmedia":[{"embeddable":true,"href":"https:\/\/www.lite-move.com\/de\/wp-json\/wp\/v2\/media\/7377"}],"wp:attachment":[{"href":"https:\/\/www.lite-move.com\/de\/wp-json\/wp\/v2\/media?parent=7404"}],"wp:term":[{"taxonomy":"product_brand","embeddable":true,"href":"https:\/\/www.lite-move.com\/de\/wp-json\/wp\/v2\/product_brand?post=7404"},{"taxonomy":"product_cat","embeddable":true,"href":"https:\/\/www.lite-move.com\/de\/wp-json\/wp\/v2\/product_cat?post=7404"},{"taxonomy":"product_tag","embeddable":true,"href":"https:\/\/www.lite-move.com\/de\/wp-json\/wp\/v2\/product_tag?post=7404"}],"curies":[{"name":"wp","href":"https:\/\/api.w.org\/{rel}","templated":true}]}}