{"id":7472,"date":"2025-08-07T15:40:10","date_gmt":"2025-08-07T07:40:10","guid":{"rendered":"https:\/\/www.lite-move.com\/?post_type=product&#038;p=7472"},"modified":"2025-12-12T15:01:54","modified_gmt":"2025-12-12T07:01:54","slug":"tb04","status":"publish","type":"product","link":"https:\/\/www.lite-move.com\/de\/product\/tb04\/","title":{"rendered":"TB04 \u2013Intelligent bicycle rear light with brake light function (StVZO-K &#038; ISO-6742)"},"content":{"rendered":"\n\t<section class=\"section hide-for-medium\" id=\"section_92273999\">\n\t\t<div class=\"section-bg fill\" >\n\t\t\t\t\t\t\t\t\t\n\t\t\t\n\n\t\t<\/div>\n\n\t\t\n\n\t\t<div class=\"section-content relative\">\n\t\t\t\n\n\t\t<div class=\"tabbed-content\">\n\t\t\t\n\t\t\t<ul class=\"nav nav-tabs nav-uppercase nav-size-normal nav-center\" role=\"tablist\"><li id=\"tab-description\" class=\"tab active has-icon\" role=\"presentation\"><a href=\"#tab_description\" role=\"tab\" aria-selected=\"true\" aria-controls=\"tab_description\"><span>Description<\/span><\/a><\/li>\n<li id=\"tab-specification\" class=\"tab has-icon\" role=\"presentation\"><a href=\"#tab_specification\" tabindex=\"-1\" role=\"tab\" aria-selected=\"false\" aria-controls=\"tab_specification\"><span>Specification<\/span><\/a><\/li>\n<li id=\"tab-video\" class=\"tab has-icon\" role=\"presentation\"><a href=\"#tab_video\" tabindex=\"-1\" role=\"tab\" aria-selected=\"false\" aria-controls=\"tab_video\"><span>Video<\/span><\/a><\/li><\/ul><div class=\"tab-panels\"><div id=\"tab_description\" class=\"panel active entry-content\" role=\"tabpanel\" aria-labelledby=\"tab-description\">\n<div class=\"row row-collapse\"  id=\"row-170951167\">\n<p>Das <strong>StVZO-konforme, Litemove TB04<\/strong> sorgt f\u00fcr maximale Sicherheit im Stra\u00dfenverkehr:<br \/>\nDank intelligenter Bremslichtfunktion, hoher Leuchtkraft und langer Akkulaufzeit werden Sie bei Tag und Nacht zuverl\u00e4ssig gesehen. Dauerlicht im Normalbetrieb, keine Blinkmodi.<\/p>\n<\/div>\n<\/div>\n<div id=\"tab_specification\" class=\"panel entry-content\" role=\"tabpanel\" aria-labelledby=\"tab-specification\">\n<div class=\"row row-collapse\"  id=\"row-237281663\">\n\n\t<div id=\"col-1414874210\" class=\"col medium-10 small-12 large-10\"  >\n\t\t\t\t<div class=\"col-inner\"  >\n\t\t\t\n\t\t\t\n<table>\n<thead>\n<tr>\n<td><strong>Merkmal<\/strong><\/td>\n<td><strong>Details<\/strong><\/td>\n<\/tr>\n<\/thead>\n<tbody>\n<tr>\n<td>Modell<\/td>\n<td>TB04<\/td>\n<\/tr>\n<tr>\n<td>Lichtmodi<\/td>\n<td>Bremslicht: 90 lm<br \/>\nHoch: 20 lm<br \/>\nStandard: 10 lm<\/td>\n<\/tr>\n<tr>\n<td>LED<\/td>\n<td>22 \u00d7 Rot<\/td>\n<\/tr>\n<tr>\n<td>Akku<\/td>\n<td>Lithium Polymer, 3,7 V \/ 400 mAh<\/td>\n<\/tr>\n<tr>\n<td>Laufzeiten<\/td>\n<td>Hoch: 5 Std.<br \/>\nStandard: 10,5 Std.<\/td>\n<\/tr>\n<tr>\n<td>Ladezeit<\/td>\n<td>ca. 2,5 Std.<\/td>\n<\/tr>\n<tr>\n<td>Ladeanschluss<\/td>\n<td>Integriertes USB-A (5 V, 1 A)<\/td>\n<\/tr>\n<tr>\n<td>Statusanzeigen<\/td>\n<td>Ladeanzeige + Warnung bei niedrigem Akkustand<\/td>\n<\/tr>\n<tr>\n<td>Schutzklasse<\/td>\n<td>IP56<\/td>\n<\/tr>\n<tr>\n<td>Temperaturbereich<\/td>\n<td>\u201310 \u00b0C bis +50 \u00b0C<\/td>\n<\/tr>\n<tr>\n<td>Material<\/td>\n<td>Hochwertiger Kunststoff<\/td>\n<\/tr>\n<tr>\n<td>Gewicht<\/td>\n<td>27 g (ohne Halterung)<\/td>\n<\/tr>\n<tr>\n<td>Ma\u00dfe<\/td>\n<td>20 \u00d7 77,7 \u00d7 21,7 mm<\/td>\n<\/tr>\n<tr>\n<td>Halterung<\/td>\n<td>Universell f\u00fcr \u00d8 22,2\u201335 mm<\/td>\n<\/tr>\n<tr>\n<td>Zertifizierungen<\/td>\n<td>CE, RoHS, REACH<\/td>\n<\/tr>\n<\/tbody>\n<\/table>\n<p><strong>Rechtliche Hinweise<\/strong><\/p>\n<ul>\n<li>Entspricht der europ\u00e4ischen <strong>CE-Norm, <\/strong>Stoffe gem\u00e4\u00df<strong> RoHS\/REACH.<\/strong><\/li>\n<li><strong>Akkus\/Batterien<\/strong> nicht \u00fcber den Hausm\u00fcll entsorgen. R\u00fcckgabe an kommunale Sammelstellen oder den Handel gem\u00e4\u00df <strong>BattG<\/strong>\/<strong>WEEE<\/strong> empfohlen.<\/li>\n<li><strong>StVZO-Hinweis<\/strong>: zugelassen gem\u00e4\u00df StVZO-K &amp; ISO-6742<\/li>\n<\/ul>\n\t\t<\/div>\n\t\t\t\t\t<\/div>\n\n\t\n<\/div>\n<\/div>\n<div id=\"tab_video\" class=\"panel entry-content\" role=\"tabpanel\" aria-labelledby=\"tab-video\">\n<div class=\"row row-collapse row-full-width\"  id=\"row-1450974072\">\n\n\t<div id=\"col-1250596111\" class=\"col medium-8 small-12 large-8\"  >\n\t\t\t\t<div class=\"col-inner\"  >\n\t\t\t\n\t\t\t\n\t\t<\/div>\n\t\t\t\t\t<\/div>\n\n\t\n<\/div>\n<\/div><\/div><\/div>\n\t\t<\/div>\n\n\t\t\n<style>\n#section_92273999 {\n  padding-top: 0px;\n  padding-bottom: 0px;\n}\n<\/style>\n\t<\/section>\n\t\n\n\t<section class=\"section show-for-medium\" id=\"section_138039536\">\n\t\t<div class=\"section-bg fill\" >\n\t\t\t\t\t\t\t\t\t\n\t\t\t\n\n\t\t<\/div>\n\n\t\t\n\n\t\t<div class=\"section-content relative\">\n\t\t\t\n<div class=\"accordion\">\n\t<div id=\"accordion-2013297876\" class=\"accordion-item\">\n\t\t<a id=\"accordion-2013297876-label\" class=\"accordion-title plain\" href=\"#accordion-item-description\" aria-expanded=\"false\" aria-controls=\"accordion-2013297876-content\" >\n\t\t\t<button class=\"toggle\" aria-label=\"Toggle\"><i class=\"icon-angle-down\"><\/i><\/button>\n\t\t\t<span>DESCRIPTION<\/span>\n\t\t<\/a>\n\t\t<div id=\"accordion-2013297876-content\" class=\"accordion-inner\" aria-labelledby=\"accordion-2013297876-label\" >\n\t\t\t\n<div class=\"row\"  id=\"row-1922972757\">\n\n\t<div id=\"col-99403327\" class=\"col medium-10 small-12 large-10\"  >\n\t\t\t\t<div class=\"col-inner\"  >\n\t\t\t\n\t\t\t\n<p>Das <strong>StVZO-konforme, Litemove TB04<\/strong> sorgt f\u00fcr maximale Sicherheit im Stra\u00dfenverkehr:<br \/>\nDank intelligenter Bremslichtfunktion, hoher Leuchtkraft und langer Akkulaufzeit werden Sie bei Tag und Nacht zuverl\u00e4ssig gesehen. Dauerlicht im Normalbetrieb, keine Blinkmodi.<\/p>\n\t\t<\/div>\n\t\t\t\t\t<\/div>\n\n\t\n<\/div>\n\t\t<\/div>\n\t<\/div>\n\t\n\t<div id=\"accordion-193770994\" class=\"accordion-item\">\n\t\t<a id=\"accordion-193770994-label\" class=\"accordion-title plain\" href=\"#accordion-item-specification\" aria-expanded=\"false\" aria-controls=\"accordion-193770994-content\" >\n\t\t\t<button class=\"toggle\" aria-label=\"Toggle\"><i class=\"icon-angle-down\"><\/i><\/button>\n\t\t\t<span>SPECIFICATION<\/span>\n\t\t<\/a>\n\t\t<div id=\"accordion-193770994-content\" class=\"accordion-inner\" aria-labelledby=\"accordion-193770994-label\" >\n\t\t\t\n\n\t<div id=\"col-1725363657\" class=\"col medium-10 small-12 large-10\"  >\n\t\t\t\t<div class=\"col-inner\"  >\n\t\t\t\n\t\t\t\n<table>\n<thead>\n<tr>\n<td><strong>Merkmal<\/strong><\/td>\n<td><strong>Details<\/strong><\/td>\n<\/tr>\n<\/thead>\n<tbody>\n<tr>\n<td>Modell<\/td>\n<td>TB04<\/td>\n<\/tr>\n<tr>\n<td>Lichtmodi<\/td>\n<td>Bremslicht: 90 lm<br \/>\nHoch: 20 lm<br \/>\nStandard: 10 lm<\/td>\n<\/tr>\n<tr>\n<td>LED<\/td>\n<td>22 \u00d7 Rot<\/td>\n<\/tr>\n<tr>\n<td>Akku<\/td>\n<td>Lithium Polymer, 3,7 V \/ 400 mAh<\/td>\n<\/tr>\n<tr>\n<td>Laufzeiten<\/td>\n<td>Hoch: 5 Std.<br \/>\nStandard: 10,5 Std.<\/td>\n<\/tr>\n<tr>\n<td>Ladezeit<\/td>\n<td>ca. 2,5 Std.<\/td>\n<\/tr>\n<tr>\n<td>Ladeanschluss<\/td>\n<td>Integriertes USB-A (5 V, 1 A)<\/td>\n<\/tr>\n<tr>\n<td>Statusanzeigen<\/td>\n<td>Ladeanzeige + Warnung bei niedrigem Akkustand<\/td>\n<\/tr>\n<tr>\n<td>Schutzklasse<\/td>\n<td>IP56<\/td>\n<\/tr>\n<tr>\n<td>Temperaturbereich<\/td>\n<td>\u201310 \u00b0C bis +50 \u00b0C<\/td>\n<\/tr>\n<tr>\n<td>Material<\/td>\n<td>Hochwertiger Kunststoff<\/td>\n<\/tr>\n<tr>\n<td>Gewicht<\/td>\n<td>27 g (ohne Halterung)<\/td>\n<\/tr>\n<tr>\n<td>Ma\u00dfe<\/td>\n<td>20 \u00d7 77,7 \u00d7 21,7 mm<\/td>\n<\/tr>\n<tr>\n<td>Halterung<\/td>\n<td>Universell f\u00fcr \u00d8 22,2\u201335 mm<\/td>\n<\/tr>\n<tr>\n<td>Zertifizierungen<\/td>\n<td>CE, RoHS, REACH<\/td>\n<\/tr>\n<\/tbody>\n<\/table>\n<p><strong>Rechtliche Hinweise<\/strong><\/p>\n<ul>\n<li>Entspricht der europ\u00e4ischen <strong>CE-Norm, <\/strong>Stoffe gem\u00e4\u00df<strong> RoHS\/REACH.<\/strong><\/li>\n<li><strong>Akkus\/Batterien<\/strong> nicht \u00fcber den Hausm\u00fcll entsorgen. R\u00fcckgabe an kommunale Sammelstellen oder den Handel gem\u00e4\u00df <strong>BattG<\/strong>\/<strong>WEEE<\/strong> empfohlen.<\/li>\n<li><strong>StVZO-Hinweis<\/strong>: zugelassen gem\u00e4\u00df StVZO-K &amp; ISO-6742<\/li>\n<\/ul>\n\t\t<\/div>\n\t\t\t\t\t<\/div>\n\n\t\n\t\t<\/div>\n\t<\/div>\n\t\n\t<div id=\"accordion-102385860\" class=\"accordion-item\">\n\t\t<a id=\"accordion-102385860-label\" class=\"accordion-title plain\" href=\"#accordion-item-video\" aria-expanded=\"false\" aria-controls=\"accordion-102385860-content\" >\n\t\t\t<button class=\"toggle\" aria-label=\"Toggle\"><i class=\"icon-angle-down\"><\/i><\/button>\n\t\t\t<span>VIDEO<\/span>\n\t\t<\/a>\n\t\t<div id=\"accordion-102385860-content\" class=\"accordion-inner\" aria-labelledby=\"accordion-102385860-label\" >\n\t\t\t\n<div class=\"row row-collapse row-full-width\"  id=\"row-1124489235\">\n\n\t<div id=\"col-1720174716\" class=\"col medium-10 small-12 large-10\"  >\n\t\t\t\t<div class=\"col-inner\"  >\n\t\t\t\n\t\t\t\n\t\t<\/div>\n\t\t\t\t\t<\/div>\n\n\t\n<\/div>\n\t\t<\/div>\n\t<\/div>\n\t\n<\/div>\n\t\t<\/div>\n\n\t\t\n<style>\n#section_138039536 {\n  padding-top: 0px;\n  padding-bottom: 0px;\n}\n<\/style>\n\t<\/section>\n\t\n","protected":false},"excerpt":{"rendered":"<p><!--StartFragment --><\/p>\n<ul>\n<li style=\"list-style-type: none;\">\n<ul>\n<li><strong>Automatisches Bremslicht<\/strong> \u2013 bei starkem Bremsen bis zu <strong>5\u00d7 heller<\/strong><\/li>\n<li><strong>Bis zu 20 Lumen rotes LED-Licht f\u00fcr hohe Sichtbarkeit<\/strong><\/li>\n<li><strong>Ausdauernd<\/strong> \u2013 bis zu <strong>10,5 Stunden Laufzeit<\/strong><\/li>\n<li><strong>Praktische Bedienung<\/strong> \u2013 Speicherfunktion f\u00fcr zuletzt gew\u00e4hlten Modus<\/li>\n<li><strong>Bequemes Laden<\/strong> \u2013 integriertes <strong>USB-C-Kabel<\/strong><\/li>\n<li><strong>Universelle Halterung<\/strong> \u2013 passend f\u00fcr \u00d8 22,2\u201335 mm Lenker oder Sattelst\u00fctze<\/li>\n<li><strong>Wetterfest &amp; robust<\/strong> \u2013 gem\u00e4\u00df <strong>IP56<\/strong> gegen Wasser und Staub gesch\u00fctzt<\/li>\n<\/ul>\n<\/li>\n<\/ul>\n<p><!--EndFragment --><\/p>\n","protected":false},"featured_media":7499,"template":"","meta":{"inline_featured_image":false},"product_brand":[],"product_cat":[37,104,125,23],"product_tag":[],"class_list":{"0":"post-7472","1":"product","2":"type-product","3":"status-publish","4":"has-post-thumbnail","6":"product_cat-battery-lights-litemove","7":"product_cat-lights","8":"product_cat-taillight-all","9":"product_cat-featured-products","11":"first","12":"instock","13":"shipping-taxable","14":"product-type-simple"},"_links":{"self":[{"href":"https:\/\/www.lite-move.com\/de\/wp-json\/wp\/v2\/product\/7472","targetHints":{"allow":["GET"]}}],"collection":[{"href":"https:\/\/www.lite-move.com\/de\/wp-json\/wp\/v2\/product"}],"about":[{"href":"https:\/\/www.lite-move.com\/de\/wp-json\/wp\/v2\/types\/product"}],"wp:featuredmedia":[{"embeddable":true,"href":"https:\/\/www.lite-move.com\/de\/wp-json\/wp\/v2\/media\/7499"}],"wp:attachment":[{"href":"https:\/\/www.lite-move.com\/de\/wp-json\/wp\/v2\/media?parent=7472"}],"wp:term":[{"taxonomy":"product_brand","embeddable":true,"href":"https:\/\/www.lite-move.com\/de\/wp-json\/wp\/v2\/product_brand?post=7472"},{"taxonomy":"product_cat","embeddable":true,"href":"https:\/\/www.lite-move.com\/de\/wp-json\/wp\/v2\/product_cat?post=7472"},{"taxonomy":"product_tag","embeddable":true,"href":"https:\/\/www.lite-move.com\/de\/wp-json\/wp\/v2\/product_tag?post=7472"}],"curies":[{"name":"wp","href":"https:\/\/api.w.org\/{rel}","templated":true}]}}