{"id":7475,"date":"2025-08-07T16:00:58","date_gmt":"2025-08-07T08:00:58","guid":{"rendered":"https:\/\/www.lite-move.com\/?post_type=product&#038;p=7475"},"modified":"2025-12-12T15:08:07","modified_gmt":"2025-12-12T07:08:07","slug":"tb02","status":"publish","type":"product","link":"https:\/\/www.lite-move.com\/de\/product\/tb02\/","title":{"rendered":"TB02 \u2013 Intelligentes Fahrrad-R\u00fccklicht mit Bremslichtfunktion"},"content":{"rendered":"\n\t<section class=\"section hide-for-medium\" id=\"section_1657628224\">\n\t\t<div class=\"section-bg fill\" >\n\t\t\t\t\t\t\t\t\t\n\t\t\t\n\n\t\t<\/div>\n\n\t\t\n\n\t\t<div class=\"section-content relative\">\n\t\t\t\n\n\t\t<div class=\"tabbed-content\">\n\t\t\t\n\t\t\t<ul class=\"nav nav-tabs nav-uppercase nav-size-normal nav-center\" role=\"tablist\"><li id=\"tab-description\" class=\"tab active has-icon\" role=\"presentation\"><a href=\"#tab_description\" role=\"tab\" aria-selected=\"true\" aria-controls=\"tab_description\"><span>Description<\/span><\/a><\/li>\n<li id=\"tab-specification\" class=\"tab has-icon\" role=\"presentation\"><a href=\"#tab_specification\" tabindex=\"-1\" role=\"tab\" aria-selected=\"false\" aria-controls=\"tab_specification\"><span>Specification<\/span><\/a><\/li>\n<li id=\"tab-video\" class=\"tab has-icon\" role=\"presentation\"><a href=\"#tab_video\" tabindex=\"-1\" role=\"tab\" aria-selected=\"false\" aria-controls=\"tab_video\"><span>Video<\/span><\/a><\/li><\/ul><div class=\"tab-panels\"><div id=\"tab_description\" class=\"panel active entry-content\" role=\"tabpanel\" aria-labelledby=\"tab-description\">\n<div class=\"row row-collapse\"  id=\"row-1593666812\">\n<p>Das <strong>Litemove TB02<\/strong> sorgt f\u00fcr maximale Sicherheit im Stra\u00dfenverkehr:<br \/>\nDank intelligenter Bremslichtfunktion, hoher Leuchtkraft und langer Akkulaufzeit werden Sie bei Tag und Nacht zuverl\u00e4ssig gesehen.<\/p>\n<\/div>\n<\/div>\n<div id=\"tab_specification\" class=\"panel entry-content\" role=\"tabpanel\" aria-labelledby=\"tab-specification\">\n<div class=\"row row-collapse\"  id=\"row-628370250\">\n\n\t<div id=\"col-1474361313\" class=\"col medium-10 small-12 large-10\"  >\n\t\t\t\t<div class=\"col-inner\"  >\n\t\t\t\n\t\t\t\n\t\t<\/div>\n\t\t\t\t\t<\/div>\n\n\t\n<\/div>\n<\/div>\n<div id=\"tab_video\" class=\"panel entry-content\" role=\"tabpanel\" aria-labelledby=\"tab-video\">\n<div class=\"row row-collapse row-full-width\"  id=\"row-447824253\">\n\n\t<div id=\"col-1414436472\" class=\"col medium-8 small-12 large-8\"  >\n\t\t\t\t<div class=\"col-inner\"  >\n\t\t\t\n\t\t\t\n<table>\n<thead>\n<tr>\n<td><strong>Merkmal<\/strong><\/td>\n<td><strong>Details<\/strong><\/td>\n<\/tr>\n<\/thead>\n<tbody>\n<tr>\n<td>Modell<\/td>\n<td>TB02<\/td>\n<\/tr>\n<tr>\n<td>Lichtmodi<\/td>\n<td>Bremslicht: 90 lm<br \/>\nHoch: 35 lm<br \/>\nStandard: 12 lm<br \/>\nStrobe: 6 lm<br \/>\nFlash: 2 lm<br \/>\nEco: 1 lm<\/td>\n<\/tr>\n<tr>\n<td>LED<\/td>\n<td>22 \u00d7 Rot<\/td>\n<\/tr>\n<tr>\n<td>Akku<\/td>\n<td>Lithium Polymer, 3,7 V \/ 400 mAh<\/td>\n<\/tr>\n<tr>\n<td>Laufzeiten<\/td>\n<td>Hoch: 2 Std.<br \/>\nStandard: 5 Std.<br \/>\nStrobe: 12 Std.<br \/>\nFlash: 36 Std.<br \/>\nEco: 50 Std.<\/td>\n<\/tr>\n<tr>\n<td>Ladezeit<\/td>\n<td>ca. 2,5 Std.<\/td>\n<\/tr>\n<tr>\n<td>Ladeanschluss<\/td>\n<td>Integriertes USB-A (5 V, 1 A)<\/td>\n<\/tr>\n<tr>\n<td>Statusanzeigen<\/td>\n<td>Ladeanzeige + Warnung bei niedrigem Akkustand<\/td>\n<\/tr>\n<tr>\n<td>Schutzklasse<\/td>\n<td>IP56<\/td>\n<\/tr>\n<tr>\n<td>Temperaturbereich<\/td>\n<td>\u201310 \u00b0C bis +50 \u00b0C<\/td>\n<\/tr>\n<tr>\n<td>Material<\/td>\n<td>Hochwertiger Kunststoff<\/td>\n<\/tr>\n<tr>\n<td>Gewicht<\/td>\n<td>27 g (ohne Halterung)<\/td>\n<\/tr>\n<tr>\n<td>Ma\u00dfe<\/td>\n<td>20 \u00d7 77,7 \u00d7 21,7 mm<\/td>\n<\/tr>\n<tr>\n<td>Halterung<\/td>\n<td>Universell f\u00fcr \u00d8 22,2\u201335 mm<\/td>\n<\/tr>\n<tr>\n<td>Zertifizierungen<\/td>\n<td>CE, RoHS, REACH<\/td>\n<\/tr>\n<\/tbody>\n<\/table>\n<p><strong>Lieferumfang<\/strong><\/p>\n<ul>\n<li>R\u00fccklicht <strong>TB02<\/strong><\/li>\n<li>Universalhalterung<\/li>\n<li>Kurzanleitung<\/li>\n<\/ul>\n<p><strong>Rechtliche Hinweise<\/strong><\/p>\n<ul>\n<li>Entspricht der europ\u00e4ischen <strong>CE-Norm, <\/strong>Stoffe gem\u00e4\u00df<strong> RoHS\/REACH.<\/strong><\/li>\n<li><strong>Akkus\/Batterien<\/strong> nicht \u00fcber den Hausm\u00fcll entsorgen. R\u00fcckgabe an kommunale Sammelstellen oder den Handel gem\u00e4\u00df <strong>BattG<\/strong>\/<strong>WEEE<\/strong> empfohlen.<\/li>\n<li><strong>StVZO-Hinweis<\/strong>: Bitte beachten Sie, dass dieses R\u00fccklicht <em>ausdr\u00fccklich <strong>nicht<\/strong> als StVZO-konform<\/em> angegeben ist und in Deutschland nicht erh\u00e4ltlich.<\/li>\n<\/ul>\n\t\t<\/div>\n\t\t\t\t\t<\/div>\n\n\t\n<\/div>\n<\/div><\/div><\/div>\n\t\t<\/div>\n\n\t\t\n<style>\n#section_1657628224 {\n  padding-top: 0px;\n  padding-bottom: 0px;\n}\n<\/style>\n\t<\/section>\n\t\n\n\t<section class=\"section show-for-medium\" id=\"section_1826060557\">\n\t\t<div class=\"section-bg fill\" >\n\t\t\t\t\t\t\t\t\t\n\t\t\t\n\n\t\t<\/div>\n\n\t\t\n\n\t\t<div class=\"section-content relative\">\n\t\t\t\n<div class=\"accordion\">\n\t<div id=\"accordion-2667615437\" class=\"accordion-item\">\n\t\t<a id=\"accordion-2667615437-label\" class=\"accordion-title plain\" href=\"#accordion-item-description\" aria-expanded=\"false\" aria-controls=\"accordion-2667615437-content\" >\n\t\t\t<button class=\"toggle\" aria-label=\"Toggle\"><i class=\"icon-angle-down\"><\/i><\/button>\n\t\t\t<span>DESCRIPTION<\/span>\n\t\t<\/a>\n\t\t<div id=\"accordion-2667615437-content\" class=\"accordion-inner\" aria-labelledby=\"accordion-2667615437-label\" >\n\t\t\t\n<div class=\"row\"  id=\"row-891521644\">\n\n\t<div id=\"col-1809741031\" class=\"col medium-10 small-12 large-10\"  >\n\t\t\t\t<div class=\"col-inner\"  >\n\t\t\t\n\t\t\t\n<p>Das <strong>Litemove TB02<\/strong> sorgt f\u00fcr maximale Sicherheit im Stra\u00dfenverkehr:<br \/>\nDank intelligenter Bremslichtfunktion, hoher Leuchtkraft und langer Akkulaufzeit werden Sie bei Tag und Nacht zuverl\u00e4ssig gesehen.<\/p>\n\t\t<\/div>\n\t\t\t\t\t<\/div>\n\n\t\n<\/div>\n\t\t<\/div>\n\t<\/div>\n\t\n\t<div id=\"accordion-1363397588\" class=\"accordion-item\">\n\t\t<a id=\"accordion-1363397588-label\" class=\"accordion-title plain\" href=\"#accordion-item-specification\" aria-expanded=\"false\" aria-controls=\"accordion-1363397588-content\" >\n\t\t\t<button class=\"toggle\" aria-label=\"Toggle\"><i class=\"icon-angle-down\"><\/i><\/button>\n\t\t\t<span>SPECIFICATION<\/span>\n\t\t<\/a>\n\t\t<div id=\"accordion-1363397588-content\" class=\"accordion-inner\" aria-labelledby=\"accordion-1363397588-label\" >\n\t\t\t\n\n\t<div id=\"col-524279986\" class=\"col medium-8 small-12 large-8\"  >\n\t\t\t\t<div class=\"col-inner\"  >\n\t\t\t\n\t\t\t\n<p>&nbsp;<\/p>\n<table>\n<thead>\n<tr>\n<td><strong>Merkmal<\/strong><\/td>\n<td><strong>Details<\/strong><\/td>\n<\/tr>\n<\/thead>\n<tbody>\n<tr>\n<td>Modell<\/td>\n<td>TB02<\/td>\n<\/tr>\n<tr>\n<td>Lichtmodi<\/td>\n<td>Bremslicht: 90 lm<br \/>\nHoch: 35 lm<br \/>\nStandard: 12 lm<br \/>\nStrobe: 6 lm<br \/>\nFlash: 2 lm<br \/>\nEco: 1 lm<\/td>\n<\/tr>\n<tr>\n<td>LED<\/td>\n<td>22 \u00d7 Rot<\/td>\n<\/tr>\n<tr>\n<td>Akku<\/td>\n<td>Lithium Polymer, 3,7 V \/ 400 mAh<\/td>\n<\/tr>\n<tr>\n<td>Laufzeiten<\/td>\n<td>Hoch: 2 Std.<br \/>\nStandard: 5 Std.<br \/>\nStrobe: 12 Std.<br \/>\nFlash: 36 Std.<br \/>\nEco: 50 Std.<\/td>\n<\/tr>\n<tr>\n<td>Ladezeit<\/td>\n<td>ca. 2,5 Std.<\/td>\n<\/tr>\n<tr>\n<td>Ladeanschluss<\/td>\n<td>Integriertes USB-A (5 V, 1 A)<\/td>\n<\/tr>\n<tr>\n<td>Statusanzeigen<\/td>\n<td>Ladeanzeige + Warnung bei niedrigem Akkustand<\/td>\n<\/tr>\n<tr>\n<td>Schutzklasse<\/td>\n<td>IP56<\/td>\n<\/tr>\n<tr>\n<td>Temperaturbereich<\/td>\n<td>\u201310 \u00b0C bis +50 \u00b0C<\/td>\n<\/tr>\n<tr>\n<td>Material<\/td>\n<td>Hochwertiger Kunststoff<\/td>\n<\/tr>\n<tr>\n<td>Gewicht<\/td>\n<td>27 g (ohne Halterung)<\/td>\n<\/tr>\n<tr>\n<td>Ma\u00dfe<\/td>\n<td>20 \u00d7 77,7 \u00d7 21,7 mm<\/td>\n<\/tr>\n<tr>\n<td>Halterung<\/td>\n<td>Universell f\u00fcr \u00d8 22,2\u201335 mm<\/td>\n<\/tr>\n<tr>\n<td>Zertifizierungen<\/td>\n<td>CE, RoHS, REACH<\/td>\n<\/tr>\n<\/tbody>\n<\/table>\n<p><strong>Lieferumfang<\/strong><\/p>\n<ul>\n<li>R\u00fccklicht <strong>TB02<\/strong><\/li>\n<li>Universalhalterung<\/li>\n<li>Kurzanleitung<\/li>\n<\/ul>\n<p><strong>Rechtliche Hinweise<\/strong><\/p>\n<ul>\n<li>Entspricht der europ\u00e4ischen <strong>CE-Norm, <\/strong>Stoffe gem\u00e4\u00df<strong> RoHS\/REACH.<\/strong><\/li>\n<li><strong>Akkus\/Batterien<\/strong> nicht \u00fcber den Hausm\u00fcll entsorgen. R\u00fcckgabe an kommunale Sammelstellen oder den Handel gem\u00e4\u00df <strong>BattG<\/strong>\/<strong>WEEE<\/strong> empfohlen.<\/li>\n<li><strong>StVZO-Hinweis<\/strong>: Bitte beachten Sie, dass dieses R\u00fccklicht <em>ausdr\u00fccklich <strong>nicht<\/strong> als StVZO-konform<\/em> angegeben ist und in Deutschland nicht erh\u00e4ltlich.<\/li>\n<\/ul>\n<p><span style=\"font-size: 14.4px;\"><br \/>\n\t\t<\/div>\n\t\t\t\t\t<\/div>\n\n\t<\/span><\/p>\n\t\t<\/div>\n\t<\/div>\n\t\n\t<div id=\"accordion-1854060730\" class=\"accordion-item\">\n\t\t<a id=\"accordion-1854060730-label\" class=\"accordion-title plain\" href=\"#accordion-item-video\" aria-expanded=\"false\" aria-controls=\"accordion-1854060730-content\" >\n\t\t\t<button class=\"toggle\" aria-label=\"Toggle\"><i class=\"icon-angle-down\"><\/i><\/button>\n\t\t\t<span>VIDEO<\/span>\n\t\t<\/a>\n\t\t<div id=\"accordion-1854060730-content\" class=\"accordion-inner\" aria-labelledby=\"accordion-1854060730-label\" >\n\t\t\t\n<div class=\"row row-collapse row-full-width\"  id=\"row-1087084662\">\n\n\t<div id=\"col-950548814\" class=\"col medium-10 small-12 large-10\"  >\n\t\t\t\t<div class=\"col-inner\"  >\n\t\t\t\n\t\t\t\n\t\t<\/div>\n\t\t\t\t\t<\/div>\n\n\t\n<\/div>\n\t\t<\/div>\n\t<\/div>\n\t\n<\/div>\n\t\t<\/div>\n\n\t\t\n<style>\n#section_1826060557 {\n  padding-top: 0px;\n  padding-bottom: 0px;\n}\n<\/style>\n\t<\/section>\n\t\n","protected":false},"excerpt":{"rendered":"<p><!--StartFragment --><\/p>\n<ul>\n<li style=\"list-style-type: none;\">\n<ul>\n<li><strong>Automatisches Bremslicht<\/strong> \u2013 bei starkem Bremsen bis zu <strong>5\u00d7 heller<\/strong><\/li>\n<li><strong>Sehr hell<\/strong> \u2013 bis zu <strong>90 Lumen<\/strong><\/li>\n<li><strong>Ausdauernd<\/strong> \u2013 bis zu <strong>50 Stunden Laufzeit<\/strong><\/li>\n<li><strong>Praktische Bedienung<\/strong> \u2013 Speicherfunktion f\u00fcr zuletzt gew\u00e4hlten Modus<\/li>\n<li><strong>Bequemes Laden<\/strong> \u2013 integriertes <strong>USB-C-Kabel<\/strong><\/li>\n<li><strong>Universelle Halterung<\/strong> \u2013 passend f\u00fcr \u00d8 22,2\u201335 mm Lenker oder Sattelst\u00fctze<\/li>\n<li><strong>Wetterfest &amp; robust<\/strong> \u2013 gem\u00e4\u00df <strong>IP56<\/strong> gegen Wasser und Staub gesch\u00fctzt<\/li>\n<\/ul>\n<\/li>\n<\/ul>\n<p><!--EndFragment --><\/p>\n","protected":false},"featured_media":7499,"template":"","meta":{"inline_featured_image":false},"product_brand":[],"product_cat":[200,169,170,187],"product_tag":[],"class_list":{"0":"post-7475","1":"product","2":"type-product","3":"status-publish","4":"has-post-thumbnail","6":"product_cat-akku-lichter","7":"product_cat-empfohlene-produkte","8":"product_cat-lichter","9":"product_cat-rucklicht-alle","11":"first","12":"instock","13":"shipping-taxable","14":"product-type-simple"},"_links":{"self":[{"href":"https:\/\/www.lite-move.com\/de\/wp-json\/wp\/v2\/product\/7475","targetHints":{"allow":["GET"]}}],"collection":[{"href":"https:\/\/www.lite-move.com\/de\/wp-json\/wp\/v2\/product"}],"about":[{"href":"https:\/\/www.lite-move.com\/de\/wp-json\/wp\/v2\/types\/product"}],"wp:featuredmedia":[{"embeddable":true,"href":"https:\/\/www.lite-move.com\/de\/wp-json\/wp\/v2\/media\/7499"}],"wp:attachment":[{"href":"https:\/\/www.lite-move.com\/de\/wp-json\/wp\/v2\/media?parent=7475"}],"wp:term":[{"taxonomy":"product_brand","embeddable":true,"href":"https:\/\/www.lite-move.com\/de\/wp-json\/wp\/v2\/product_brand?post=7475"},{"taxonomy":"product_cat","embeddable":true,"href":"https:\/\/www.lite-move.com\/de\/wp-json\/wp\/v2\/product_cat?post=7475"},{"taxonomy":"product_tag","embeddable":true,"href":"https:\/\/www.lite-move.com\/de\/wp-json\/wp\/v2\/product_tag?post=7475"}],"curies":[{"name":"wp","href":"https:\/\/api.w.org\/{rel}","templated":true}]}}