{"id":7599,"date":"2025-08-11T15:13:37","date_gmt":"2025-08-11T07:13:37","guid":{"rendered":"https:\/\/www.lite-move.com\/?post_type=product&#038;p=7599"},"modified":"2025-10-02T09:27:48","modified_gmt":"2025-10-02T01:27:48","slug":"tzv","status":"publish","type":"product","link":"https:\/\/www.lite-move.com\/de\/product\/tzv\/","title":{"rendered":"TZV \u2013 Schutzblech-R\u00fccklicht mit integriertem Z-R\u00fcckstrahler (StVZO-zugelassen)"},"content":{"rendered":"\n\t<section class=\"section hide-for-medium\" id=\"section_1180782787\">\n\t\t<div class=\"section-bg fill\" >\n\t\t\t\t\t\t\t\t\t\n\t\t\t\n\n\t\t<\/div>\n\n\t\t\n\n\t\t<div class=\"section-content relative\">\n\t\t\t\n\n\t\t<div class=\"tabbed-content\">\n\t\t\t\n\t\t\t<ul class=\"nav nav-tabs nav-uppercase nav-size-normal nav-center\" role=\"tablist\"><li id=\"tab-beschreibung\" class=\"tab active has-icon\" role=\"presentation\"><a href=\"#tab_beschreibung\" role=\"tab\" aria-selected=\"true\" aria-controls=\"tab_beschreibung\"><span>Beschreibung<\/span><\/a><\/li>\n<li id=\"tab-spezifikation\" class=\"tab has-icon\" role=\"presentation\"><a href=\"#tab_spezifikation\" tabindex=\"-1\" role=\"tab\" aria-selected=\"false\" aria-controls=\"tab_spezifikation\"><span>Spezifikation<\/span><\/a><\/li>\n<li id=\"tab-video\" class=\"tab has-icon\" role=\"presentation\"><a href=\"#tab_video\" tabindex=\"-1\" role=\"tab\" aria-selected=\"false\" aria-controls=\"tab_video\"><span>Video<\/span><\/a><\/li>\n<li id=\"tab-systemkompatibilit\u00e4t\" class=\"tab has-icon\" role=\"presentation\"><a href=\"#tab_systemkompatibilit\u00e4t\" tabindex=\"-1\" role=\"tab\" aria-selected=\"false\" aria-controls=\"tab_systemkompatibilit\u00e4t\"><span>Systemkompatibilit\u00e4t<\/span><\/a><\/li><\/ul><div class=\"tab-panels\"><div id=\"tab_beschreibung\" class=\"panel active entry-content\" role=\"tabpanel\" aria-labelledby=\"tab-beschreibung\">\n<div class=\"row row-collapse\"  id=\"row-1287441557\">\n\n\t<div id=\"col-582900291\" class=\"col medium-10 small-12 large-10\"  >\n\t\t\t\t<div class=\"col-inner\"  >\n\t\t\t\n\t\t\t\n<p>Das Litemove TZV ist ein modernes R\u00fccklicht zur Integration ins Schutzblech.<br \/>\nEs bietet nicht nur ein besonders schlankes, unauff\u00e4lliges Design, sondern auch h\u00f6chste Sicherheit dank integriertem Z-R\u00fcckstrahler und StVZO-Zulassung.<\/p>\n<p>Mit einem 30\u00b0-Montagewinkel f\u00fcgt sich das R\u00fccklicht perfekt in die Linienf\u00fchrung des Schutzblechs ein und sorgt gleichzeitig f\u00fcr eine optimale Lichtverteilung. Ideal f\u00fcr City- und Trekking E-Bikes (bis 25 km\/h, EPAC)<\/p>\n\t\t<\/div>\n\t\t\t\t\t<\/div>\n\n\t\n<\/div>\n<\/div>\n<div id=\"tab_spezifikation\" class=\"panel entry-content\" role=\"tabpanel\" aria-labelledby=\"tab-spezifikation\">\n<div class=\"row row-collapse\"  id=\"row-1560962547\">\n\n\t<div id=\"col-1164659643\" class=\"col medium-10 small-12 large-10\"  >\n\t\t\t\t<div class=\"col-inner\"  >\n\t\t\t\n\t\t\t\n<p>Technische Daten<\/p>\n<table>\n<thead>\n<tr>\n<td>Merkmal<\/td>\n<td>Details<\/td>\n<\/tr>\n<\/thead>\n<tbody>\n<tr>\n<td>Modell<\/td>\n<td>TZV<\/td>\n<\/tr>\n<tr>\n<td>Seriennummer<\/td>\n<td>0041-1<\/td>\n<\/tr>\n<tr>\n<td>Lichtleistung<\/td>\n<td>4000 mcd \/ ca. 13 lm<\/td>\n<\/tr>\n<tr>\n<td>LED<\/td>\n<td>2 \u00d7 Rot<\/td>\n<\/tr>\n<tr>\n<td>Optische Technologie<\/td>\n<td>TZV<\/td>\n<\/tr>\n<tr>\n<td>Eingangsspannung<\/td>\n<td>DC 12 V (5\u201316 V)<\/td>\n<\/tr>\n<tr>\n<td>Leistungsaufnahme<\/td>\n<td>0,6 W<\/td>\n<\/tr>\n<tr>\n<td>Kabel<\/td>\n<td>\u00d8 3 mm, L\u00e4nge 1400 mm<\/td>\n<\/tr>\n<tr>\n<td>Schutzklasse<\/td>\n<td>IP56<\/td>\n<\/tr>\n<tr>\n<td>Temperaturbereich<\/td>\n<td>\u201320 \u00b0C bis +50 \u00b0C<\/td>\n<\/tr>\n<tr>\n<td>Material<\/td>\n<td>Hochwertiger Kunststoff<\/td>\n<\/tr>\n<tr>\n<td>Abmessungen<\/td>\n<td>26,7 \u00d7 75 \u00d7 13 mm<\/td>\n<\/tr>\n<tr>\n<td>Montage<\/td>\n<td>Schutzblech-Integration, 30\u00b0-Winkel<\/td>\n<\/tr>\n<tr>\n<td>Reflektor<\/td>\n<td>Integrierter Z-R\u00fcckstrahler<\/td>\n<\/tr>\n<tr>\n<td>Zertifizierungen<\/td>\n<td>CE \/ RoHS \/ REACH<\/td>\n<\/tr>\n<tr>\n<td>Zulassung<\/td>\n<td>StVZO-K &amp; ISO-6742<\/td>\n<\/tr>\n<\/tbody>\n<\/table>\n<p>&nbsp;<\/p>\n<p>Rechtliche Hinweise<\/p>\n<ul>\n<li>Entspricht der europ\u00e4ischen CE-Norm sowie den Vorgaben gem\u00e4\u00df RoHS\/REACH<\/li>\n<li>Zugelassen nach StVZO-K &amp; ISO-6742 f\u00fcr den \u00f6ffentlichen Stra\u00dfenverkehr<\/li>\n<li>Nur durch Fachpersonal montieren, um volle Funktionalit\u00e4t und Sicherheit zu gew\u00e4hrleisten<\/li>\n<\/ul>\n\t\t<\/div>\n\t\t\t\t\t<\/div>\n\n\t\n<\/div>\n<\/div>\n<div id=\"tab_video\" class=\"panel entry-content\" role=\"tabpanel\" aria-labelledby=\"tab-video\">\n<div class=\"row row-collapse row-full-width\"  id=\"row-763699007\">\n\n\t<div id=\"col-1380660959\" class=\"col medium-8 small-12 large-8\"  >\n\t\t\t\t<div class=\"col-inner\"  >\n\t\t\t\n\t\t\t\n\t\t<\/div>\n\t\t\t\t\t<\/div>\n\n\t\n<\/div>\n<\/div>\n<div id=\"tab_systemkompatibilit\u00e4t\" class=\"panel entry-content\" role=\"tabpanel\" aria-labelledby=\"tab-systemkompatibilit\u00e4t\">\n<div class=\"row row-collapse row-full-width\"  id=\"row-1977780077\">\n\n\t<div id=\"col-1669100468\" class=\"col medium-8 small-12 large-8\"  >\n\t\t\t\t<div class=\"col-inner\"  >\n\t\t\t\n\t\t\t\n<p>Systemkompatibilit\u00e4t &#8211; <a href=\"https:\/\/www.lite-move.com\/download\/\">Download<\/a><\/p>\n\t\t<\/div>\n\t\t\t\t\t<\/div>\n\n\t\n<\/div>\n\t<div class=\"img has-hover x md-x lg-x y md-y lg-y\" id=\"image_236860757\">\n\t\t\t\t\t\t\t\t<div class=\"img-inner dark\" >\n\t\t\t\t\t\t\t\t\t\n\t\t\t\t\t<\/div>\n\t\t\t\t\t\t\t\t\n<style>\n#image_236860757 {\n  width: 100%;\n}\n<\/style>\n\t<\/div>\n\t\n<\/div><\/div><\/div>\n\t\t<\/div>\n\n\t\t\n<style>\n#section_1180782787 {\n  padding-top: 0px;\n  padding-bottom: 0px;\n}\n<\/style>\n\t<\/section>\n\t\n\n\t<section class=\"section show-for-medium\" id=\"section_1882928920\">\n\t\t<div class=\"section-bg fill\" >\n\t\t\t\t\t\t\t\t\t\n\t\t\t\n\n\t\t<\/div>\n\n\t\t\n\n\t\t<div class=\"section-content relative\">\n\t\t\t\n<div class=\"accordion\">\n\t<div id=\"accordion-4236221169\" class=\"accordion-item\">\n\t\t<a id=\"accordion-4236221169-label\" class=\"accordion-title plain\" href=\"#accordion-item-beschreibung\" aria-expanded=\"false\" aria-controls=\"accordion-4236221169-content\" >\n\t\t\t<button class=\"toggle\" aria-label=\"Toggle\"><i class=\"icon-angle-down\"><\/i><\/button>\n\t\t\t<span>BESCHREIBUNG<\/span>\n\t\t<\/a>\n\t\t<div id=\"accordion-4236221169-content\" class=\"accordion-inner\" aria-labelledby=\"accordion-4236221169-label\" >\n\t\t\t\n<div class=\"row\"  id=\"row-1601566935\">\n\n\t<div id=\"col-1280865237\" class=\"col medium-10 small-12 large-10\"  >\n\t\t\t\t<div class=\"col-inner\"  >\n\t\t\t\n\t\t\t\n<p>Das Litemove TZV ist ein modernes R\u00fccklicht zur Integration ins Schutzblech.<br \/>\nEs bietet nicht nur ein besonders schlankes, unauff\u00e4lliges Design, sondern auch h\u00f6chste Sicherheit dank integriertem Z-R\u00fcckstrahler und StVZO-Zulassung.<\/p>\n<p>Mit einem 30\u00b0-Montagewinkel f\u00fcgt sich das R\u00fccklicht perfekt in die Linienf\u00fchrung des Schutzblechs ein und sorgt gleichzeitig f\u00fcr eine optimale Lichtverteilung. Ideal f\u00fcr City- und Trekking E-Bikes (bis 25 km\/h, EPAC)<\/p>\n\t\t<\/div>\n\t\t\t\t\t<\/div>\n\n\t\n<\/div>\n\t\t<\/div>\n\t<\/div>\n\t\n\t<div id=\"accordion-2999979524\" class=\"accordion-item\">\n\t\t<a id=\"accordion-2999979524-label\" class=\"accordion-title plain\" href=\"#accordion-item-spezifikation\" aria-expanded=\"false\" aria-controls=\"accordion-2999979524-content\" >\n\t\t\t<button class=\"toggle\" aria-label=\"Toggle\"><i class=\"icon-angle-down\"><\/i><\/button>\n\t\t\t<span>SPEZIFIKATION<\/span>\n\t\t<\/a>\n\t\t<div id=\"accordion-2999979524-content\" class=\"accordion-inner\" aria-labelledby=\"accordion-2999979524-label\" >\n\t\t\t\n\n\t<div id=\"col-1651466177\" class=\"col medium-8 small-12 large-8\"  >\n\t\t\t\t<div class=\"col-inner\"  >\n\t\t\t\n\t\t\t\n<p>Technische Daten<\/p>\n<table>\n<thead>\n<tr>\n<td>Merkmal<\/td>\n<td>Details<\/td>\n<\/tr>\n<\/thead>\n<tbody>\n<tr>\n<td>Modell<\/td>\n<td>TZV<\/td>\n<\/tr>\n<tr>\n<td>Seriennummer<\/td>\n<td>0041-1<\/td>\n<\/tr>\n<tr>\n<td>Lichtleistung<\/td>\n<td>4000 mcd \/ ca. 13 lm<\/td>\n<\/tr>\n<tr>\n<td>LED<\/td>\n<td>2 \u00d7 Rot<\/td>\n<\/tr>\n<tr>\n<td>Optische Technologie<\/td>\n<td>TZV<\/td>\n<\/tr>\n<tr>\n<td>Eingangsspannung<\/td>\n<td>DC 12 V (5\u201316 V)<\/td>\n<\/tr>\n<tr>\n<td>Leistungsaufnahme<\/td>\n<td>0,6 W<\/td>\n<\/tr>\n<tr>\n<td>Kabel<\/td>\n<td>\u00d8 3 mm, L\u00e4nge 1400 mm<\/td>\n<\/tr>\n<tr>\n<td>Schutzklasse<\/td>\n<td>IP56<\/td>\n<\/tr>\n<tr>\n<td>Temperaturbereich<\/td>\n<td>\u201320 \u00b0C bis +50 \u00b0C<\/td>\n<\/tr>\n<tr>\n<td>Material<\/td>\n<td>Hochwertiger Kunststoff<\/td>\n<\/tr>\n<tr>\n<td>Abmessungen<\/td>\n<td>26,7 \u00d7 75 \u00d7 13 mm<\/td>\n<\/tr>\n<tr>\n<td>Montage<\/td>\n<td>Schutzblech-Integration, 30\u00b0-Winkel<\/td>\n<\/tr>\n<tr>\n<td>Reflektor<\/td>\n<td>Integrierter Z-R\u00fcckstrahler<\/td>\n<\/tr>\n<tr>\n<td>Zertifizierungen<\/td>\n<td>CE \/ RoHS \/ REACH<\/td>\n<\/tr>\n<tr>\n<td>Zulassung<\/td>\n<td>StVZO-K &amp; ISO-6742<\/td>\n<\/tr>\n<\/tbody>\n<\/table>\n<p>&nbsp;<\/p>\n<p>Rechtliche Hinweise<\/p>\n<ul>\n<li>Entspricht der europ\u00e4ischen CE-Norm sowie den Vorgaben gem\u00e4\u00df RoHS\/REACH<\/li>\n<li>Zugelassen nach StVZO-K &amp; ISO-6742 f\u00fcr den \u00f6ffentlichen Stra\u00dfenverkehr<\/li>\n<li>Nur durch Fachpersonal montieren, um volle Funktionalit\u00e4t und Sicherheit zu gew\u00e4hrleisten<\/li>\n<\/ul>\n\t\t<\/div>\n\t\t\t\t\t<\/div>\n\n\t\n\t\t<\/div>\n\t<\/div>\n\t\n\t<div id=\"accordion-3781897502\" class=\"accordion-item\">\n\t\t<a id=\"accordion-3781897502-label\" class=\"accordion-title plain\" href=\"#accordion-item-video\" aria-expanded=\"false\" aria-controls=\"accordion-3781897502-content\" >\n\t\t\t<button class=\"toggle\" aria-label=\"Toggle\"><i class=\"icon-angle-down\"><\/i><\/button>\n\t\t\t<span>VIDEO<\/span>\n\t\t<\/a>\n\t\t<div id=\"accordion-3781897502-content\" class=\"accordion-inner\" aria-labelledby=\"accordion-3781897502-label\" >\n\t\t\t\n<div class=\"row row-collapse row-full-width\"  id=\"row-2059109103\">\n\n\t<div id=\"col-1995514043\" class=\"col medium-10 small-12 large-10\"  >\n\t\t\t\t<div class=\"col-inner\"  >\n\t\t\t\n\t\t\t\n\t\t<\/div>\n\t\t\t\t\t<\/div>\n\n\t\n<\/div>\n\t\t<\/div>\n\t<\/div>\n\t\n\t<div id=\"accordion-1156893798\" class=\"accordion-item\">\n\t\t<a id=\"accordion-1156893798-label\" class=\"accordion-title plain\" href=\"#accordion-item-systemkompatibilit\u00e4t\" aria-expanded=\"false\" aria-controls=\"accordion-1156893798-content\" >\n\t\t\t<button class=\"toggle\" aria-label=\"Toggle\"><i class=\"icon-angle-down\"><\/i><\/button>\n\t\t\t<span>Systemkompatibilit\u00e4t<\/span>\n\t\t<\/a>\n\t\t<div id=\"accordion-1156893798-content\" class=\"accordion-inner\" aria-labelledby=\"accordion-1156893798-label\" >\n\t\t\t\n<div class=\"row row-collapse row-full-width\"  id=\"row-400797585\">\n\n\t<div id=\"col-710890038\" class=\"col medium-10 small-12 large-10\"  >\n\t\t\t\t<div class=\"col-inner\"  >\n\t\t\t\n\t\t\t\n<p>Systemkompatibilit\u00e4t &#8211; <a href=\"https:\/\/www.lite-move.com\/download\/\">Download<\/a><\/p>\n\t\t<\/div>\n\t\t\t\t\t<\/div>\n\n\t\n<\/div>\n\t\t<\/div>\n\t<\/div>\n\t\n<\/div>\n\t\t<\/div>\n\n\t\t\n<style>\n#section_1882928920 {\n  padding-top: 0px;\n  padding-bottom: 0px;\n}\n<\/style>\n\t<\/section>\n\t\n","protected":false},"excerpt":{"rendered":"<ul>\n<li>StVZO- &amp; ISO-6742-konform \u2013 zugelassen f\u00fcr den Stra\u00dfenverkehr in Deutschland &amp; der EU<\/li>\n<li>Optimale Sichtbarkeit \u2013 2 helle LEDs mit ca. 13 Lumen<\/li>\n<li>Integrierter Z-R\u00fcckstrahler \u2013 zus\u00e4tzliche Sicherheit ohne Zusatzteile<\/li>\n<li>\u00a0Elegantes Design \u2013 flache Bauform, integriert ins Schutzblech mit 30\u00b0-Montagewinkel<\/li>\n<li>\u00a0E-Bike kompatibel \u2013 Betrieb mit 12 V (5\u201316 V) Gleichstrom (EPAC bis 25 km\/h)<\/li>\n<li>\u00a0Wetterfest &amp; robust \u2013 Schutzklasse IP56 gegen Staub &amp; Spritzwasser<\/li>\n<\/ul>\n","protected":false},"featured_media":7528,"template":"","meta":{"inline_featured_image":false},"product_brand":[],"product_cat":[186,170,187],"product_tag":[],"class_list":{"0":"post-7599","1":"product","2":"type-product","3":"status-publish","4":"has-post-thumbnail","6":"product_cat-e-bike-rucklichter-25km","7":"product_cat-lichter","8":"product_cat-rucklicht-alle","10":"first","11":"instock","12":"shipping-taxable","13":"product-type-simple"},"_links":{"self":[{"href":"https:\/\/www.lite-move.com\/de\/wp-json\/wp\/v2\/product\/7599","targetHints":{"allow":["GET"]}}],"collection":[{"href":"https:\/\/www.lite-move.com\/de\/wp-json\/wp\/v2\/product"}],"about":[{"href":"https:\/\/www.lite-move.com\/de\/wp-json\/wp\/v2\/types\/product"}],"wp:featuredmedia":[{"embeddable":true,"href":"https:\/\/www.lite-move.com\/de\/wp-json\/wp\/v2\/media\/7528"}],"wp:attachment":[{"href":"https:\/\/www.lite-move.com\/de\/wp-json\/wp\/v2\/media?parent=7599"}],"wp:term":[{"taxonomy":"product_brand","embeddable":true,"href":"https:\/\/www.lite-move.com\/de\/wp-json\/wp\/v2\/product_brand?post=7599"},{"taxonomy":"product_cat","embeddable":true,"href":"https:\/\/www.lite-move.com\/de\/wp-json\/wp\/v2\/product_cat?post=7599"},{"taxonomy":"product_tag","embeddable":true,"href":"https:\/\/www.lite-move.com\/de\/wp-json\/wp\/v2\/product_tag?post=7599"}],"curies":[{"name":"wp","href":"https:\/\/api.w.org\/{rel}","templated":true}]}}