{"id":7758,"date":"2025-10-02T17:19:12","date_gmt":"2025-10-02T09:19:12","guid":{"rendered":"https:\/\/www.lite-move.com\/?post_type=product&#038;p=7758"},"modified":"2025-12-10T09:26:31","modified_gmt":"2025-12-10T01:26:31","slug":"tzh","status":"publish","type":"product","link":"https:\/\/www.lite-move.com\/de\/product\/tzh\/","title":{"rendered":"TZH \u2013 Gep\u00e4cktr\u00e4ger-R\u00fccklicht mit integriertem Z-R\u00fcckstrahler (StVZO-zugelassen)"},"content":{"rendered":"\n\t<section class=\"section hide-for-medium\" id=\"section_1738206040\">\n\t\t<div class=\"section-bg fill\" >\n\t\t\t\t\t\t\t\t\t\n\t\t\t\n\n\t\t<\/div>\n\n\t\t\n\n\t\t<div class=\"section-content relative\">\n\t\t\t\n\n\t\t<div class=\"tabbed-content\">\n\t\t\t\n\t\t\t<ul class=\"nav nav-tabs nav-uppercase nav-size-normal nav-center\" role=\"tablist\"><li id=\"tab-beschreibung\" class=\"tab active has-icon\" role=\"presentation\"><a href=\"#tab_beschreibung\" role=\"tab\" aria-selected=\"true\" aria-controls=\"tab_beschreibung\"><span>Beschreibung<\/span><\/a><\/li>\n<li id=\"tab-spezifikation\" class=\"tab has-icon\" role=\"presentation\"><a href=\"#tab_spezifikation\" tabindex=\"-1\" role=\"tab\" aria-selected=\"false\" aria-controls=\"tab_spezifikation\"><span>Spezifikation<\/span><\/a><\/li>\n<li id=\"tab-video\" class=\"tab has-icon\" role=\"presentation\"><a href=\"#tab_video\" tabindex=\"-1\" role=\"tab\" aria-selected=\"false\" aria-controls=\"tab_video\"><span>Video<\/span><\/a><\/li>\n<li id=\"tab-systemkompatibilit\u00e4t\" class=\"tab has-icon\" role=\"presentation\"><a href=\"#tab_systemkompatibilit\u00e4t\" tabindex=\"-1\" role=\"tab\" aria-selected=\"false\" aria-controls=\"tab_systemkompatibilit\u00e4t\"><span>Systemkompatibilit\u00e4t<\/span><\/a><\/li><\/ul><div class=\"tab-panels\"><div id=\"tab_beschreibung\" class=\"panel active entry-content\" role=\"tabpanel\" aria-labelledby=\"tab-beschreibung\">\n<div class=\"row row-collapse\"  id=\"row-950796888\">\n\n\t<div id=\"col-644281099\" class=\"col medium-10 small-12 large-10\"  >\n\t\t\t\t<div class=\"col-inner\"  >\n\t\t\t\n\t\t\t\n<p>Das Litemove TZH ist ein kompaktes, elegantes R\u00fccklicht f\u00fcr die Montage am Gep\u00e4cktr\u00e4ger. Mit integriertem Z-R\u00fcckstrahler und StVZO-Zulassung sorgt es f\u00fcr maximale Sicherheit im Stra\u00dfenverkehr.<\/p>\n<p>Dank 50-mm-Montageabstand ist das R\u00fccklicht kompatibel mit den meisten g\u00e4ngigen Fahrrad- und E-Bike-Gep\u00e4cktr\u00e4gern. Es kombiniert moderne LED-Technologie mit robustem, wetterfestem Geh\u00e4use \u2013 ideal f\u00fcr den t\u00e4glichen Einsatz in Stadt, Freizeit und Pendelalltag.<\/p>\n\t\t<\/div>\n\t\t\t\t\t<\/div>\n\n\t\n<\/div>\n<\/div>\n<div id=\"tab_spezifikation\" class=\"panel entry-content\" role=\"tabpanel\" aria-labelledby=\"tab-spezifikation\">\n<div class=\"row row-collapse\"  id=\"row-1769284176\">\n\n\t<div id=\"col-1493500159\" class=\"col medium-10 small-12 large-10\"  >\n\t\t\t\t<div class=\"col-inner\"  >\n\t\t\t\n\t\t\t\n<p>Technische Daten<\/p>\n<table>\n<thead>\n<tr>\n<td>Merkmal<\/td>\n<td>Details<\/td>\n<\/tr>\n<\/thead>\n<tbody>\n<tr>\n<td>Modell<\/td>\n<td>TZH<\/td>\n<\/tr>\n<tr>\n<td>Seriennummer<\/td>\n<td>0042-1<\/td>\n<\/tr>\n<tr>\n<td>Lichtleistung<\/td>\n<td>10000 mcd \/ ca. 16 lm<\/td>\n<\/tr>\n<tr>\n<td>LED<\/td>\n<td>2 \u00d7 Rot<\/td>\n<\/tr>\n<tr>\n<td>Optische Technologie<\/td>\n<td>TZH<\/td>\n<\/tr>\n<tr>\n<td>Eingangsspannung<\/td>\n<td>DC 12 V (5\u201316 V)<\/td>\n<\/tr>\n<tr>\n<td>Leistungsaufnahme<\/td>\n<td>0,6 W<\/td>\n<\/tr>\n<tr>\n<td>Kabel<\/td>\n<td>\u00d8 3 mm, L\u00e4nge 1400 mm<\/td>\n<\/tr>\n<tr>\n<td>Schutzklasse<\/td>\n<td>IP56<\/td>\n<\/tr>\n<tr>\n<td>Temperaturbereich<\/td>\n<td>\u201320 \u00b0C bis +50 \u00b0C<\/td>\n<\/tr>\n<tr>\n<td>Material<\/td>\n<td>Hochwertiger Kunststoff<\/td>\n<\/tr>\n<tr>\n<td>Abmessungen<\/td>\n<td>70 \u00d7 21 \u00d7 14,7 mm<\/td>\n<\/tr>\n<tr>\n<td>Gewicht<\/td>\n<td>\u2013<\/td>\n<\/tr>\n<tr>\n<td>Montage<\/td>\n<td>Gep\u00e4cktr\u00e4ger \u2013 50 mm Lochabstand<\/td>\n<\/tr>\n<tr>\n<td>Reflektor<\/td>\n<td>Integrierter Z-R\u00fcckstrahler<\/td>\n<\/tr>\n<tr>\n<td>Zertifizierungen<\/td>\n<td>CE \/ RoHS \/ REACH<\/td>\n<\/tr>\n<tr>\n<td>Zulassung<\/td>\n<td>StVZO-K &amp; ISO-6742<\/td>\n<\/tr>\n<\/tbody>\n<\/table>\n<p>Rechtliche Hinweise<\/p>\n<ul>\n<li>\u00a0Entspricht der europ\u00e4ischen CE-Norm sowie den Vorgaben gem\u00e4\u00df RoHS\/REACH<\/li>\n<li>Zugelassen nach StVZO-K &amp; ISO-6742 f\u00fcr den \u00f6ffentlichen Stra\u00dfenverkehr<\/li>\n<li>Nur durch Fachpersonal montieren, um volle Funktionalit\u00e4t und Sicherheit zu gew\u00e4hrleisten<\/li>\n<\/ul>\n\t\t<\/div>\n\t\t\t\t\t<\/div>\n\n\t\n<\/div>\n<\/div>\n<div id=\"tab_video\" class=\"panel entry-content\" role=\"tabpanel\" aria-labelledby=\"tab-video\">\n<div class=\"row row-collapse row-full-width\"  id=\"row-376678240\">\n\n\t<div id=\"col-548334389\" class=\"col medium-8 small-12 large-8\"  >\n\t\t\t\t<div class=\"col-inner\"  >\n\t\t\t\n\t\t\t\n\t\t<\/div>\n\t\t\t\t\t<\/div>\n\n\t\n<\/div>\n<\/div>\n<div id=\"tab_systemkompatibilit\u00e4t\" class=\"panel entry-content\" role=\"tabpanel\" aria-labelledby=\"tab-systemkompatibilit\u00e4t\">\n<div class=\"row row-collapse row-full-width\"  id=\"row-1471288174\">\n\n\t<div id=\"col-1516966100\" class=\"col medium-8 small-12 large-8\"  >\n\t\t\t\t<div class=\"col-inner\"  >\n\t\t\t\n\t\t\t\n<p>Systemkompatibilit\u00e4t &#8211; <a href=\"https:\/\/www.lite-move.com\/download\/\">Download<\/a><\/p>\n\t\t<\/div>\n\t\t\t\t\t<\/div>\n\n\t\n<\/div>\n\t<div class=\"img has-hover x md-x lg-x y md-y lg-y\" id=\"image_1790067\">\n\t\t\t\t\t\t\t\t<div class=\"img-inner dark\" >\n\t\t\t\t\t\t\t\t\t\n\t\t\t\t\t<\/div>\n\t\t\t\t\t\t\t\t\n<style>\n#image_1790067 {\n  width: 100%;\n}\n<\/style>\n\t<\/div>\n\t\n<\/div><\/div><\/div>\n\t\t<\/div>\n\n\t\t\n<style>\n#section_1738206040 {\n  padding-top: 0px;\n  padding-bottom: 0px;\n}\n<\/style>\n\t<\/section>\n\t\n\n\t<section class=\"section show-for-medium\" id=\"section_839868719\">\n\t\t<div class=\"section-bg fill\" >\n\t\t\t\t\t\t\t\t\t\n\t\t\t\n\n\t\t<\/div>\n\n\t\t\n\n\t\t<div class=\"section-content relative\">\n\t\t\t\n<div class=\"accordion\">\n\t<div id=\"accordion-4253686035\" class=\"accordion-item\">\n\t\t<a id=\"accordion-4253686035-label\" class=\"accordion-title plain\" href=\"#accordion-item-beschreibung\" aria-expanded=\"false\" aria-controls=\"accordion-4253686035-content\" >\n\t\t\t<button class=\"toggle\" aria-label=\"Toggle\"><i class=\"icon-angle-down\"><\/i><\/button>\n\t\t\t<span>BESCHREIBUNG<\/span>\n\t\t<\/a>\n\t\t<div id=\"accordion-4253686035-content\" class=\"accordion-inner\" aria-labelledby=\"accordion-4253686035-label\" >\n\t\t\t\n<div class=\"row\"  id=\"row-740298753\">\n\n\t<div id=\"col-146649679\" class=\"col medium-10 small-12 large-10\"  >\n\t\t\t\t<div class=\"col-inner\"  >\n\t\t\t\n\t\t\t\n<p>Das Litemove TZH ist ein kompaktes, elegantes R\u00fccklicht f\u00fcr die Montage am Gep\u00e4cktr\u00e4ger. Mit integriertem Z-R\u00fcckstrahler und StVZO-Zulassung sorgt es f\u00fcr maximale Sicherheit im Stra\u00dfenverkehr.<\/p>\n<p>Dank 50-mm-Montageabstand ist das R\u00fccklicht kompatibel mit den meisten g\u00e4ngigen Fahrrad- und E-Bike-Gep\u00e4cktr\u00e4gern. Es kombiniert moderne LED-Technologie mit robustem, wetterfestem Geh\u00e4use \u2013 ideal f\u00fcr den t\u00e4glichen Einsatz in Stadt, Freizeit und Pendelalltag.<\/p>\n\t\t<\/div>\n\t\t\t\t\t<\/div>\n\n\t\n<\/div>\n\t\t<\/div>\n\t<\/div>\n\t\n\t<div id=\"accordion-741186386\" class=\"accordion-item\">\n\t\t<a id=\"accordion-741186386-label\" class=\"accordion-title plain\" href=\"#accordion-item-spezifikation\" aria-expanded=\"false\" aria-controls=\"accordion-741186386-content\" >\n\t\t\t<button class=\"toggle\" aria-label=\"Toggle\"><i class=\"icon-angle-down\"><\/i><\/button>\n\t\t\t<span>SPEZIFIKATION<\/span>\n\t\t<\/a>\n\t\t<div id=\"accordion-741186386-content\" class=\"accordion-inner\" aria-labelledby=\"accordion-741186386-label\" >\n\t\t\t\n\n\t<div id=\"col-1081594151\" class=\"col medium-8 small-12 large-8\"  >\n\t\t\t\t<div class=\"col-inner\"  >\n\t\t\t\n\t\t\t\n<p>Technische Daten<\/p>\n<table>\n<thead>\n<tr>\n<td>Merkmal<\/td>\n<td>Details<\/td>\n<\/tr>\n<\/thead>\n<tbody>\n<tr>\n<td>Modell<\/td>\n<td>TZH<\/td>\n<\/tr>\n<tr>\n<td>Seriennummer<\/td>\n<td>0042-1<\/td>\n<\/tr>\n<tr>\n<td>Lichtleistung<\/td>\n<td>10000 mcd \/ ca. 16 lm<\/td>\n<\/tr>\n<tr>\n<td>LED<\/td>\n<td>2 \u00d7 Rot<\/td>\n<\/tr>\n<tr>\n<td>Optische Technologie<\/td>\n<td>TZH<\/td>\n<\/tr>\n<tr>\n<td>Eingangsspannung<\/td>\n<td>DC 12 V (5\u201316 V)<\/td>\n<\/tr>\n<tr>\n<td>Leistungsaufnahme<\/td>\n<td>0,6 W<\/td>\n<\/tr>\n<tr>\n<td>Kabel<\/td>\n<td>\u00d8 3 mm, L\u00e4nge 1400 mm<\/td>\n<\/tr>\n<tr>\n<td>Schutzklasse<\/td>\n<td>IP56<\/td>\n<\/tr>\n<tr>\n<td>Temperaturbereich<\/td>\n<td>\u201320 \u00b0C bis +50 \u00b0C<\/td>\n<\/tr>\n<tr>\n<td>Material<\/td>\n<td>Hochwertiger Kunststoff<\/td>\n<\/tr>\n<tr>\n<td>Abmessungen<\/td>\n<td>70 \u00d7 21 \u00d7 14,7 mm<\/td>\n<\/tr>\n<tr>\n<td>Gewicht<\/td>\n<td>\u2013<\/td>\n<\/tr>\n<tr>\n<td>Montage<\/td>\n<td>Gep\u00e4cktr\u00e4ger \u2013 50 mm Lochabstand<\/td>\n<\/tr>\n<tr>\n<td>Reflektor<\/td>\n<td>Integrierter Z-R\u00fcckstrahler<\/td>\n<\/tr>\n<tr>\n<td>Zertifizierungen<\/td>\n<td>CE \/ RoHS \/ REACH<\/td>\n<\/tr>\n<tr>\n<td>Zulassung<\/td>\n<td>StVZO-K &amp; ISO-6742<\/td>\n<\/tr>\n<\/tbody>\n<\/table>\n<p>&nbsp;<\/p>\n<p>Rechtliche Hinweise<\/p>\n<ul>\n<li>\u00a0Entspricht der europ\u00e4ischen CE-Norm sowie den Vorgaben gem\u00e4\u00df RoHS\/REACH<\/li>\n<li>Zugelassen nach StVZO-K &amp; ISO-6742 f\u00fcr den \u00f6ffentlichen Stra\u00dfenverkehr<\/li>\n<li>Nur durch Fachpersonal montieren, um volle Funktionalit\u00e4t und Sicherheit zu gew\u00e4hrleisten<\/li>\n<\/ul>\n\t\t<\/div>\n\t\t\t\t\t<\/div>\n\n\t\n\t\t<\/div>\n\t<\/div>\n\t\n\t<div id=\"accordion-2402265462\" class=\"accordion-item\">\n\t\t<a id=\"accordion-2402265462-label\" class=\"accordion-title plain\" href=\"#accordion-item-video\" aria-expanded=\"false\" aria-controls=\"accordion-2402265462-content\" >\n\t\t\t<button class=\"toggle\" aria-label=\"Toggle\"><i class=\"icon-angle-down\"><\/i><\/button>\n\t\t\t<span>VIDEO<\/span>\n\t\t<\/a>\n\t\t<div id=\"accordion-2402265462-content\" class=\"accordion-inner\" aria-labelledby=\"accordion-2402265462-label\" >\n\t\t\t\n<div class=\"row row-collapse row-full-width\"  id=\"row-1059337707\">\n\n\t<div id=\"col-750240974\" class=\"col medium-10 small-12 large-10\"  >\n\t\t\t\t<div class=\"col-inner\"  >\n\t\t\t\n\t\t\t\n\t\t<\/div>\n\t\t\t\t\t<\/div>\n\n\t\n<\/div>\n\t\t<\/div>\n\t<\/div>\n\t\n\t<div id=\"accordion-2297555281\" class=\"accordion-item\">\n\t\t<a id=\"accordion-2297555281-label\" class=\"accordion-title plain\" href=\"#accordion-item-systemkompatibilit\u00e4t\" aria-expanded=\"false\" aria-controls=\"accordion-2297555281-content\" >\n\t\t\t<button class=\"toggle\" aria-label=\"Toggle\"><i class=\"icon-angle-down\"><\/i><\/button>\n\t\t\t<span>Systemkompatibilit\u00e4t<\/span>\n\t\t<\/a>\n\t\t<div id=\"accordion-2297555281-content\" class=\"accordion-inner\" aria-labelledby=\"accordion-2297555281-label\" >\n\t\t\t\n<div class=\"row row-collapse row-full-width\"  id=\"row-98572281\">\n\n\t<div id=\"col-1066290432\" class=\"col medium-10 small-12 large-10\"  >\n\t\t\t\t<div class=\"col-inner\"  >\n\t\t\t\n\t\t\t\n<p>Systemkompatibilit\u00e4t &#8211; <a href=\"https:\/\/www.lite-move.com\/download\/\">Download<\/a><\/p>\n\t\t<\/div>\n\t\t\t\t\t<\/div>\n\n\t\n<\/div>\n\t\t<\/div>\n\t<\/div>\n\t\n<\/div>\n\t\t<\/div>\n\n\t\t\n<style>\n#section_839868719 {\n  padding-top: 0px;\n  padding-bottom: 0px;\n}\n<\/style>\n\t<\/section>\n\t\n","protected":false},"excerpt":{"rendered":"<ul>\n<li>StVZO- &amp; ISO-6742-konform \u2013 zugelassen f\u00fcr den Stra\u00dfenverkehr in Deutschland und der EU<\/li>\n<li>Hohe Sichtbarkeit \u2013 2 helle LEDs mit bis zu 16 Lumen<\/li>\n<li>Integrierter Z-R\u00fcckstrahler \u2013 zus\u00e4tzliche Sicherheit ohne Extra-Anbauteile<\/li>\n<li>Einfache Montage \u2013 standardisierter 50-mm-Bohrungsabstand f\u00fcr Gep\u00e4cktr\u00e4ger<\/li>\n<li>Wetterfest &amp; robust \u2013 Schutzklasse IP56 gegen Staub und Regen<\/li>\n<li>E-Bike-kompatibel \u2013 Betrieb mit 12 V (5\u201316 V) Gleichstrom<\/li>\n<\/ul>\n","protected":false},"featured_media":7530,"template":"","meta":{"inline_featured_image":false},"product_brand":[],"product_cat":[186,170],"product_tag":[225,226],"class_list":{"0":"post-7758","1":"product","2":"type-product","3":"status-publish","4":"has-post-thumbnail","6":"product_cat-e-bike-rucklichter-25km","7":"product_cat-lichter","8":"product_tag-ebike-de","9":"product_tag-epac-de","11":"first","12":"instock","13":"shipping-taxable","14":"product-type-simple"},"_links":{"self":[{"href":"https:\/\/www.lite-move.com\/de\/wp-json\/wp\/v2\/product\/7758","targetHints":{"allow":["GET"]}}],"collection":[{"href":"https:\/\/www.lite-move.com\/de\/wp-json\/wp\/v2\/product"}],"about":[{"href":"https:\/\/www.lite-move.com\/de\/wp-json\/wp\/v2\/types\/product"}],"wp:featuredmedia":[{"embeddable":true,"href":"https:\/\/www.lite-move.com\/de\/wp-json\/wp\/v2\/media\/7530"}],"wp:attachment":[{"href":"https:\/\/www.lite-move.com\/de\/wp-json\/wp\/v2\/media?parent=7758"}],"wp:term":[{"taxonomy":"product_brand","embeddable":true,"href":"https:\/\/www.lite-move.com\/de\/wp-json\/wp\/v2\/product_brand?post=7758"},{"taxonomy":"product_cat","embeddable":true,"href":"https:\/\/www.lite-move.com\/de\/wp-json\/wp\/v2\/product_cat?post=7758"},{"taxonomy":"product_tag","embeddable":true,"href":"https:\/\/www.lite-move.com\/de\/wp-json\/wp\/v2\/product_tag?post=7758"}],"curies":[{"name":"wp","href":"https:\/\/api.w.org\/{rel}","templated":true}]}}